{"id":11,"date":"2023-02-05T23:16:48","date_gmt":"2023-02-05T20:16:48","guid":{"rendered":"https:\/\/funkytime-live.com\/?page_id=11"},"modified":"2023-08-11T17:01:55","modified_gmt":"2023-08-11T14:01:55","slug":"funky-time-herunterladen","status":"publish","type":"page","link":"https:\/\/funkytime-live.com\/de\/funky-time-herunterladen\/","title":{"rendered":"Herunterladen"},"content":{"rendered":"<h2>Funky Time f\u00fcr PC herunterladen<\/h2>\n<p>Wenn Sie nicht st\u00e4ndig \u00fcber einen Browser auf die Seiten von Gl\u00fccksspielplattformen gehen wollen, dann k\u00f6nnen Sie eine separate Anwendung Funky Time auf Ihrem PC installieren.<\/p>\n<p>Zur Installation m\u00fcssen Sie auf Google gehen und in das Suchfeld &#8222;Herunterladen Funky Time&#8220; schreiben. Meistens finden Sie einen Download-Link auf einer der ersten vorgeschlagenen Seiten. Wenn die Installation erfolgreich war, sollte eine Verkn\u00fcpfung zur Live-Show auf Ihrem Desktop erscheinen. Wenn Sie darauf klicken, k\u00f6nnen Sie Funky Time spielen.<\/p>\n<p>Sollten Sie w\u00e4hrend der Installation Probleme haben, raten wir Ihnen, sich an den technischen Support der von Ihnen gew\u00e4hlten Spieleplattform zu wenden. Ein Team von Fachleuten wird Ihnen innerhalb weniger Minuten antworten und Ihnen helfen, das Problem zu l\u00f6sen.<\/p>\n<h2>Funky Time f\u00fcr Android herunterladen<\/h2>\n<p>Leider gibt es bis heute keine separate mobile App auf Goggle Play. Das hei\u00dft aber nicht, dass Sie Funky Time nicht auf Ihrem Smartphone spielen k\u00f6nnen. Um diesen Spielautomaten zu spielen und nicht st\u00e4ndig zum Browser zu gehen, gen\u00fcgt es, eine mobile Anwendung eines von uns empfohlenen online casinos zu installieren. Um betr\u00fcgerische Betr\u00fcgereien bei der Installation zu vermeiden, ist dies notwendig:<\/p>\n<ol>\n<li>Gehen Sie auf die offizielle Website des von Ihnen gew\u00e4hlten online casinos;<\/li>\n<li>Registrieren Sie sich dort;<\/li>\n<li>T\u00e4tigen Sie eine Einzahlung;<\/li>\n<li>Dann k\u00f6nnen Sie die mobile Anwendung installieren;<\/li>\n<li>Klicken Sie auf den Link &#8220; Herunterladen f\u00fcr Android&#8220;;<\/li>\n<li>Sobald Sie darauf klicken, beginnt die Anwendung auf Ihr Smartphone herunterzuladen.<\/li>\n<\/ol>\n<p>Wenn Sie Android verwenden, m\u00fcssen Sie die Installation von Anwendungen aus unbekannten Quellen zulassen. Dazu gehen Sie zu &#8222;Einstellungen&#8220;, gehen Sie zu &#8222;Sicherheit&#8220; und aktivieren Sie die Funktion &#8222;Anwendungen aus unbekannten Quellen installieren&#8220;.<\/p>\n<h2>Funky Time f\u00fcr iOS herunterladen<\/h2>\n<p>Wie f\u00fcr Android gibt es auch f\u00fcr Funky Time keine eigene App im App Store. Sie k\u00f6nnen jedoch eine mobile App von einer der von uns vorgestellten Spieleplattformen installieren. Um eine Spieleplattform-App auf iOS zu installieren, ben\u00f6tigen Sie:<\/p>\n<ol>\n<li>Rufen Sie die offizielle Website Ihres bevorzugten online casinos auf;<\/li>\n<li>Erstellen Sie ein Profil;<\/li>\n<li>F\u00fcllen Sie Ihr Guthaben auf;<\/li>\n<li>Dann m\u00fcssen Sie die Schaltfl\u00e4che &#8222;iOS-App herunterladen&#8220; finden;<\/li>\n<li>Klicken Sie anschlie\u00dfend im Browsermen\u00fc auf die Schaltfl\u00e4che &#8222;Teilen&#8220;;<\/li>\n<li>In dem sich \u00f6ffnenden Fenster w\u00e4hlen Sie &#8222;Home Screen&#8220;.<\/li>\n<li>Wenn Sie den Namen der Verkn\u00fcpfung \u00e4ndern m\u00f6chten, m\u00fcssen Sie auf die Schaltfl\u00e4che &#8222;Hinzuf\u00fcgen&#8220; in der oberen rechten Ecke klicken.<\/li>\n<\/ol>\n<p>Nachdem Sie alles erledigt haben, pr\u00fcfen Sie, ob die App-Box erschienen ist. Ein gro\u00dfer Vorteil ist, dass die Anwendung keinen Platz auf Ihrem Smartphone beansprucht.<\/p>\n<p>Wenn Sie bei der Installation Fragen haben, raten wir Ihnen, den technischen Support der von Ihnen gew\u00e4hlten Spieleplattform um Hilfe zu bitten. Ein Team von Fachleuten wird Ihnen in wenigen Augenblicken antworten und Ihnen helfen, Ihr Problem zu l\u00f6sen.<\/p>\n","protected":false},"excerpt":{"rendered":"<p>Funky Time f\u00fcr PC herunterladen Wenn Sie nicht st\u00e4ndig \u00fcber einen Browser auf die Seiten von Gl\u00fccksspielplattformen gehen wollen, dann k\u00f6nnen Sie eine separate Anwendung Funky Time auf Ihrem PC installieren. Zur Installation m\u00fcssen Sie auf Google gehen und in das Suchfeld &#8222;Herunterladen Funky Time&#8220; schreiben. Meistens finden Sie einen Download-Link auf einer der ersten [&hellip;]<\/p>\n","protected":false},"author":1,"featured_media":635,"parent":0,"menu_order":5,"comment_status":"closed","ping_status":"closed","template":"page-de.php","meta":{"footnotes":""},"categories":[],"tags":[],"class_list":["post-11","page","type-page","status-publish","has-post-thumbnail","hentry"],"yoast_head":"<!-- This site is optimized with the Yoast SEO plugin v20.10 - https:\/\/yoast.com\/wordpress\/plugins\/seo\/ -->\n<title>Funky Time Spiel oder App herunterladen und online spielen<\/title>\n<meta name=\"description\" content=\"So herunterladen Sie Funky Time auf Android, iPhone, Windows oder Mac. Herunterladen der Funky Time-App zum Spielen um Geld in online casinos\" \/>\n<meta name=\"robots\" content=\"index, follow, max-snippet:-1, max-image-preview:large, max-video-preview:-1\" \/>\n<link rel=\"canonical\" href=\"https:\/\/funkytime-live.com\/de\/funky-time-herunterladen\/\" \/>\n<meta property=\"og:locale\" content=\"de_DE\" \/>\n<meta property=\"og:type\" content=\"article\" \/>\n<meta property=\"og:title\" content=\"Funky Time Spiel oder App herunterladen und online spielen\" \/>\n<meta property=\"og:description\" content=\"So herunterladen Sie Funky Time auf Android, iPhone, Windows oder Mac. Herunterladen der Funky Time-App zum Spielen um Geld in online casinos\" \/>\n<meta property=\"og:url\" content=\"https:\/\/funkytime-live.com\/de\/funky-time-herunterladen\/\" \/>\n<meta property=\"og:site_name\" content=\"Funky Time Spiel\" \/>\n<meta property=\"article:modified_time\" content=\"2023-08-11T14:01:55+00:00\" \/>\n<meta property=\"og:image\" content=\"https:\/\/funkytime-live.com\/de\/wp-content\/uploads\/sites\/5\/2023\/06\/funky-time-download-thumb.jpg\" \/>\n\t<meta property=\"og:image:width\" content=\"1024\" \/>\n\t<meta property=\"og:image:height\" content=\"768\" \/>\n\t<meta property=\"og:image:type\" content=\"image\/jpeg\" \/>\n<meta name=\"twitter:card\" content=\"summary_large_image\" \/>\n<meta name=\"twitter:label1\" content=\"Gesch\u00e4tzte Lesezeit\" \/>\n\t<meta name=\"twitter:data1\" content=\"3\u00a0Minuten\" \/>\n<script type=\"application\/ld+json\" class=\"yoast-schema-graph\">{\"@context\":\"https:\/\/schema.org\",\"@graph\":[{\"@type\":\"WebPage\",\"@id\":\"https:\/\/funkytime-live.com\/de\/funky-time-herunterladen\/\",\"url\":\"https:\/\/funkytime-live.com\/de\/funky-time-herunterladen\/\",\"name\":\"Funky Time Spiel oder App herunterladen und online spielen\",\"isPartOf\":{\"@id\":\"https:\/\/funkytime-live.com\/de\/#website\"},\"datePublished\":\"2023-02-05T20:16:48+00:00\",\"dateModified\":\"2023-08-11T14:01:55+00:00\",\"description\":\"So herunterladen Sie Funky Time auf Android, iPhone, Windows oder Mac. Herunterladen der Funky Time-App zum Spielen um Geld in online casinos\",\"breadcrumb\":{\"@id\":\"https:\/\/funkytime-live.com\/de\/funky-time-herunterladen\/#breadcrumb\"},\"inLanguage\":\"de\",\"potentialAction\":[{\"@type\":\"ReadAction\",\"target\":[\"https:\/\/funkytime-live.com\/de\/funky-time-herunterladen\/\"]}]},{\"@type\":\"BreadcrumbList\",\"@id\":\"https:\/\/funkytime-live.com\/de\/funky-time-herunterladen\/#breadcrumb\",\"itemListElement\":[{\"@type\":\"ListItem\",\"position\":1,\"name\":\"\u0413\u043b\u0430\u0432\u043d\u0430\u044f \u0441\u0442\u0440\u0430\u043d\u0438\u0446\u0430\",\"item\":\"https:\/\/funkytime-live.com\/de\/\"},{\"@type\":\"ListItem\",\"position\":2,\"name\":\"Herunterladen\"}]},{\"@type\":\"WebSite\",\"@id\":\"https:\/\/funkytime-live.com\/de\/#website\",\"url\":\"https:\/\/funkytime-live.com\/de\/\",\"name\":\"Funky Time Spiel\",\"description\":\"\",\"potentialAction\":[{\"@type\":\"SearchAction\",\"target\":{\"@type\":\"EntryPoint\",\"urlTemplate\":\"https:\/\/funkytime-live.com\/de\/?s={search_term_string}\"},\"query-input\":\"required name=search_term_string\"}],\"inLanguage\":\"de\"}]}<\/script>\n<!-- \/ Yoast SEO plugin. -->","yoast_head_json":{"title":"Funky Time Spiel oder App herunterladen und online spielen","description":"So herunterladen Sie Funky Time auf Android, iPhone, Windows oder Mac. Herunterladen der Funky Time-App zum Spielen um Geld in online casinos","robots":{"index":"index","follow":"follow","max-snippet":"max-snippet:-1","max-image-preview":"max-image-preview:large","max-video-preview":"max-video-preview:-1"},"canonical":"https:\/\/funkytime-live.com\/de\/funky-time-herunterladen\/","og_locale":"de_DE","og_type":"article","og_title":"Funky Time Spiel oder App herunterladen und online spielen","og_description":"So herunterladen Sie Funky Time auf Android, iPhone, Windows oder Mac. Herunterladen der Funky Time-App zum Spielen um Geld in online casinos","og_url":"https:\/\/funkytime-live.com\/de\/funky-time-herunterladen\/","og_site_name":"Funky Time Spiel","article_modified_time":"2023-08-11T14:01:55+00:00","og_image":[{"width":1024,"height":768,"url":"https:\/\/funkytime-live.com\/de\/wp-content\/uploads\/sites\/5\/2023\/06\/funky-time-download-thumb.jpg","type":"image\/jpeg"}],"twitter_card":"summary_large_image","twitter_misc":{"Gesch\u00e4tzte Lesezeit":"3\u00a0Minuten"},"schema":{"@context":"https:\/\/schema.org","@graph":[{"@type":"WebPage","@id":"https:\/\/funkytime-live.com\/de\/funky-time-herunterladen\/","url":"https:\/\/funkytime-live.com\/de\/funky-time-herunterladen\/","name":"Funky Time Spiel oder App herunterladen und online spielen","isPartOf":{"@id":"https:\/\/funkytime-live.com\/de\/#website"},"datePublished":"2023-02-05T20:16:48+00:00","dateModified":"2023-08-11T14:01:55+00:00","description":"So herunterladen Sie Funky Time auf Android, iPhone, Windows oder Mac. Herunterladen der Funky Time-App zum Spielen um Geld in online casinos","breadcrumb":{"@id":"https:\/\/funkytime-live.com\/de\/funky-time-herunterladen\/#breadcrumb"},"inLanguage":"de","potentialAction":[{"@type":"ReadAction","target":["https:\/\/funkytime-live.com\/de\/funky-time-herunterladen\/"]}]},{"@type":"BreadcrumbList","@id":"https:\/\/funkytime-live.com\/de\/funky-time-herunterladen\/#breadcrumb","itemListElement":[{"@type":"ListItem","position":1,"name":"\u0413\u043b\u0430\u0432\u043d\u0430\u044f \u0441\u0442\u0440\u0430\u043d\u0438\u0446\u0430","item":"https:\/\/funkytime-live.com\/de\/"},{"@type":"ListItem","position":2,"name":"Herunterladen"}]},{"@type":"WebSite","@id":"https:\/\/funkytime-live.com\/de\/#website","url":"https:\/\/funkytime-live.com\/de\/","name":"Funky Time Spiel","description":"","potentialAction":[{"@type":"SearchAction","target":{"@type":"EntryPoint","urlTemplate":"https:\/\/funkytime-live.com\/de\/?s={search_term_string}"},"query-input":"required name=search_term_string"}],"inLanguage":"de"}]}},"_links":{"self":[{"href":"https:\/\/funkytime-live.com\/de\/wp-json\/wp\/v2\/pages\/11","targetHints":{"allow":["GET"]}}],"collection":[{"href":"https:\/\/funkytime-live.com\/de\/wp-json\/wp\/v2\/pages"}],"about":[{"href":"https:\/\/funkytime-live.com\/de\/wp-json\/wp\/v2\/types\/page"}],"author":[{"embeddable":true,"href":"https:\/\/funkytime-live.com\/de\/wp-json\/wp\/v2\/users\/1"}],"replies":[{"embeddable":true,"href":"https:\/\/funkytime-live.com\/de\/wp-json\/wp\/v2\/comments?post=11"}],"version-history":[{"count":6,"href":"https:\/\/funkytime-live.com\/de\/wp-json\/wp\/v2\/pages\/11\/revisions"}],"predecessor-version":[{"id":846,"href":"https:\/\/funkytime-live.com\/de\/wp-json\/wp\/v2\/pages\/11\/revisions\/846"}],"wp:featuredmedia":[{"embeddable":true,"href":"https:\/\/funkytime-live.com\/de\/wp-json\/wp\/v2\/media\/635"}],"wp:attachment":[{"href":"https:\/\/funkytime-live.com\/de\/wp-json\/wp\/v2\/media?parent=11"}],"wp:term":[{"taxonomy":"category","embeddable":true,"href":"https:\/\/funkytime-live.com\/de\/wp-json\/wp\/v2\/categories?post=11"},{"taxonomy":"post_tag","embeddable":true,"href":"https:\/\/funkytime-live.com\/de\/wp-json\/wp\/v2\/tags?post=11"}],"curies":[{"name":"wp","href":"https:\/\/api.w.org\/{rel}","templated":true}]}}