{"id":13,"date":"2023-02-05T23:17:35","date_gmt":"2023-02-05T20:17:35","guid":{"rendered":"https:\/\/funkytime-live.com\/?page_id=13"},"modified":"2023-08-11T16:49:13","modified_gmt":"2023-08-11T13:49:13","slug":"funky-time-strategien","status":"publish","type":"page","link":"https:\/\/funkytime-live.com\/de\/funky-time-strategien\/","title":{"rendered":"Strategien und Taktiken"},"content":{"rendered":"<h2>Die 9 besten Strategien f\u00fcr Funky Time, um \u00f6fter zu gewinnen<\/h2>\n<p><img loading=\"lazy\" decoding=\"async\" class=\"alignnone wp-image-760 size-full\" title=\"Die 9 besten Strategien f\u00fcr Funky Time, um \u00f6fter zu gewinnen\" src=\"https:\/\/funkytime-live.com\/de\/wp-content\/uploads\/sites\/5\/2023\/07\/funky-time-live-strategies-1.jpg\" alt=\"Die 9 besten Strategien f\u00fcr Funky Time, um \u00f6fter zu gewinnen\" width=\"1095\" height=\"616\" srcset=\"https:\/\/funkytime-live.com\/de\/wp-content\/uploads\/sites\/5\/2023\/07\/funky-time-live-strategies-1.jpg 1095w, https:\/\/funkytime-live.com\/de\/wp-content\/uploads\/sites\/5\/2023\/07\/funky-time-live-strategies-1-300x169.jpg 300w, https:\/\/funkytime-live.com\/de\/wp-content\/uploads\/sites\/5\/2023\/07\/funky-time-live-strategies-1-1024x576.jpg 1024w, https:\/\/funkytime-live.com\/de\/wp-content\/uploads\/sites\/5\/2023\/07\/funky-time-live-strategies-1-768x432.jpg 768w\" sizes=\"auto, (max-width: 1095px) 100vw, 1095px\" \/><\/p>\n<ol>\n<li>\n<h3>Die Strategie &#8222;Nummer 1&#8220; oder &#8222;Martingal&#8220;<\/h3>\n<p>Das Wesentliche dieser Strategie ist, dass der Benutzer st\u00e4ndig auf das am h\u00e4ufigsten gespielte Segment &#8222;1&#8220; setzt. Mit dieser Taktik werden Sie in der H\u00e4lfte der Runden gewinnen. Wenn Sie verlieren, verdoppeln Sie den Einsatz, so dass Sie erfolglose Eins\u00e4tze ausgleichen k\u00f6nnen, wenn Sie gewinnen. Sobald der Benutzer gewinnt, sollte er zur urspr\u00fcnglichen Wettoption zur\u00fcckkehren.<\/li>\n<li>\n<h3>Die Strategie &#8222;Total Funk&#8220;<\/h3>\n<p>Diese Strategie besteht darin, Chips auf alle Buchstaben des Wortes F.U.N.K. in einer Runde zu setzen. Diese Taktik erfordert Erfahrung, daher empfehlen wir Anf\u00e4ngern, bei &#8222;Total Funk&#8220; mit minimalen Eins\u00e4tzen zu beginnen. Auf diese Weise sammeln Sie Erfahrung und k\u00f6nnen dann Ihren Einsatz nach und nach erh\u00f6hen.<\/li>\n<li>\n<h3>Zeitwetten-Strategie<\/h3>\n<p>Der Sinn dieser Strategie ist derselbe wie bei der vorherigen Taktik, aber dieses Mal verwenden Sie die Buchstaben T.I.M.E. f\u00fcr Ihre Eins\u00e4tze. Wir raten Ihnen, mit kleinen Eins\u00e4tzen zu beginnen und diese nach und nach zu erh\u00f6hen, denn wenn der Pfeil \u00fcber dem Rad auf einem dieser Buchstaben stehen bleibt, wird Ihr Einsatz mit dem 25-fachen multipliziert.<\/li>\n<li>\n<h3>Die Strategie &#8222;Regelm\u00e4\u00dfig in die Bar gehen&#8220;<\/h3>\n<p>Das Wesentliche an der Wette ist, dass Sie vor jeder Runde auf das Bonusspiel &#8222;BAR&#8220; setzen. Wenn Sie gewinnen, kehren Sie zum urspr\u00fcnglichen Einsatzbetrag zur\u00fcck, und wenn Sie verlieren, verdoppeln Sie ihn.<\/li>\n<li>\n<h3>Die Strategie &#8222;Classic Disco&#8220;<\/h3>\n<p>Das Wesen der Strategie besteht darin, dass Sie in jeder Runde auf ein Disco-Segment setzen. Ja, die Wahrscheinlichkeit, dass der Fall dieses Sektors ist klein, aber wenn Sie Gl\u00fcck l\u00e4cheln tun, sind Sie sicher, dass Ihre Wette zu Zeiten zu multiplizieren.<\/li>\n<li>\n<h3>Die Strategie &#8222;All-in&#8220; oder &#8222;nur VIP-Disco&#8220;<\/h3>\n<p>Das Wesen der Strategie &#8222;Alles oder nichts&#8220; ist, dass Sie in jeder Runde auf das seltenste Segment &#8222;VIP Disco&#8220; setzen. Diese Strategie erfordert Geduld und eine hohe Einzahlung.<\/li>\n<li>\n<h3>&#8222;Stayin&#8216; Alive&#8220;-Strategie<\/h3>\n<p>Der Sinn dieser Taktik besteht darin, dass der Benutzer in jeder Runde Chips auf das &#8222;Stayin&#8216; Alive&#8220;-Bonusspiel in jeder Runde. Der Fallout dieses Segments ist selten, aber wenn Sie Gl\u00fcck haben, k\u00f6nnen Sie gro\u00dfe Gewinne erzielen. Die Taktik birgt ein gro\u00dfes Risiko, daher raten wir davon ab, gro\u00dfe Betr\u00e4ge zu setzen.<\/li>\n<li>\n<h3>Strategie f\u00fcr Mehrfachwetten<\/h3>\n<p>Der Kern der Strategie besteht darin, dass Sie in jeder Runde Chips auf verschiedene Symbole setzen. Auf diese Weise erhalten Sie eine Vielzahl von Erfahrungen. Es empfiehlt sich, mit kleinen Eins\u00e4tzen zu beginnen, um zu verstehen, wie oft bestimmte Symbole ausfallen. So k\u00f6nnen Sie die Mechanik und die Regeln des Spiels besser verstehen.<\/li>\n<li>\n<h3>Die Strategie &#8222;Mit Worten spielen&#8220;<\/h3>\n<p>Bei dieser Strategie m\u00fcssen Sie in jeder Runde andere Buchstaben aus den W\u00f6rtern PLAY, FUNK, TIME ausw\u00e4hlen. Diese Strategie ist f\u00fcr neue Spieler nicht sehr klar. Wir empfehlen daher, zun\u00e4chst mit kleinen Eins\u00e4tzen zu beginnen und den Einsatz allm\u00e4hlich zu erh\u00f6hen, wenn Sie die Mechanik des Spielautomaten verstehen.<\/li>\n<\/ol>\n<h2>Funky Time-Strategien mit Statistiken<\/h2>\n<p>Die \u00dcberwachung der Statistiken in Funky Time erm\u00f6glicht es dem Benutzer, anhand des Spielverlaufs eine bestimmte Anzahl von taktischen Empfehlungen f\u00fcr die Spielsitzung auszusprechen:<\/p>\n<p><img loading=\"lazy\" decoding=\"async\" class=\"alignnone wp-image-761 size-full\" title=\"Funky-Time-Strategien mit Statistik\" src=\"https:\/\/funkytime-live.com\/de\/wp-content\/uploads\/sites\/5\/2023\/07\/funky-time-game-screenshot-7.jpg\" alt=\"Funky-Time-Strategien mit Statistik\" width=\"1094\" height=\"617\" srcset=\"https:\/\/funkytime-live.com\/de\/wp-content\/uploads\/sites\/5\/2023\/07\/funky-time-game-screenshot-7.jpg 1094w, https:\/\/funkytime-live.com\/de\/wp-content\/uploads\/sites\/5\/2023\/07\/funky-time-game-screenshot-7-300x169.jpg 300w, https:\/\/funkytime-live.com\/de\/wp-content\/uploads\/sites\/5\/2023\/07\/funky-time-game-screenshot-7-1024x578.jpg 1024w, https:\/\/funkytime-live.com\/de\/wp-content\/uploads\/sites\/5\/2023\/07\/funky-time-game-screenshot-7-768x433.jpg 768w\" sizes=\"auto, (max-width: 1094px) 100vw, 1094px\" \/><\/p>\n<ul>\n<li>Das Ergebnis einer neuen Runde h\u00e4ngt nicht von den Ergebnissen der vorherigen Runden ab. Erhebliche Schwankungen der Segmente k\u00f6nnen in den Statistiken sowohl pro Stunde als auch pro Tag ber\u00fccksichtigt werden. Wenn Sie also einen Bonus in der Spielgeschichte sehen, bedeutet das nicht, dass andere Boni in naher Zukunft nicht ausfallen werden;<\/li>\n<li>Wenn Sie sich jedoch die Tagesstatistiken ansehen, werden Sie feststellen, dass die Buchstabensegmente h\u00e4ufiger ausfallen als andere. Das bedeutet, dass es besser ist, auf Buchstaben zu setzen, die schon eine Weile nicht mehr gefallen sind, in der Hoffnung, dass die Walze bald auf dem Segment Ihrer Wahl stehen bleibt;<\/li>\n<li>Betrachtet man einen Monat als Zeitspanne, so entsprechen die Ergebnisse der Runden der Wahrscheinlichkeit, dass die Segmente ausfallen. Ein monatliches Segment ist ein stabilerer Indikator als der Verlauf der vorangegangenen Runden \u00fcber einen k\u00fcrzeren Zeitraum;<\/li>\n<li>Der Prozentsatz eines bestimmten Sektors auf dem Rad ist der zuverl\u00e4ssigste Indikator und sollte bei jeder Strategie ber\u00fccksichtigt werden. Daher ist es besser, gr\u00f6\u00dfere Chips auf Disco und kleinere Chips auf VIP Disco zu setzen.<\/li>\n<\/ul>\n<p>Zusammenfassend l\u00e4sst sich sagen, dass die Statistiken ein sehr n\u00fctzlicher Bonus f\u00fcr die Bildung verschiedener Taktiken sind.<\/p>\n<h2>Unser Urteil \u00fcber Strategien und Taktiken in Funky Time<\/h2>\n<p><img loading=\"lazy\" decoding=\"async\" class=\"alignnone wp-image-762 size-full\" title=\"Unser Urteil \u00fcber Strategien und Taktiken in Funky Time\" src=\"https:\/\/funkytime-live.com\/de\/wp-content\/uploads\/sites\/5\/2023\/07\/funky-time-live-strategies-2.jpg\" alt=\"Unser Urteil \u00fcber Strategien und Taktiken in Funky Time\" width=\"1095\" height=\"620\" srcset=\"https:\/\/funkytime-live.com\/de\/wp-content\/uploads\/sites\/5\/2023\/07\/funky-time-live-strategies-2.jpg 1095w, https:\/\/funkytime-live.com\/de\/wp-content\/uploads\/sites\/5\/2023\/07\/funky-time-live-strategies-2-300x170.jpg 300w, https:\/\/funkytime-live.com\/de\/wp-content\/uploads\/sites\/5\/2023\/07\/funky-time-live-strategies-2-1024x580.jpg 1024w, https:\/\/funkytime-live.com\/de\/wp-content\/uploads\/sites\/5\/2023\/07\/funky-time-live-strategies-2-768x435.jpg 768w\" sizes=\"auto, (max-width: 1095px) 100vw, 1095px\" \/><\/p>\n<p>Wir haben die grundlegenden Strategien und Taktiken f\u00fcr das Spielen von Funky Time beschrieben, um echtes Geld zu gewinnen. Die Wahl eines bestimmten Ansatzes liegt ganz bei Ihnen. Wir w\u00fcnschen Ihnen viel Gl\u00fcck in Ihrem Lieblings-Online-Casino, Funky Time Live. Gewinnen Sie und m\u00f6ge das Gl\u00fcck auf Ihrer Seite sein.<\/p>\n","protected":false},"excerpt":{"rendered":"<p>Die 9 besten Strategien f\u00fcr Funky Time, um \u00f6fter zu gewinnen Die Strategie &#8222;Nummer 1&#8220; oder &#8222;Martingal&#8220; Das Wesentliche dieser Strategie ist, dass der Benutzer st\u00e4ndig auf das am h\u00e4ufigsten gespielte Segment &#8222;1&#8220; setzt. Mit dieser Taktik werden Sie in der H\u00e4lfte der Runden gewinnen. Wenn Sie verlieren, verdoppeln Sie den Einsatz, so dass Sie [&hellip;]<\/p>\n","protected":false},"author":1,"featured_media":631,"parent":0,"menu_order":4,"comment_status":"closed","ping_status":"closed","template":"page-de.php","meta":{"footnotes":""},"categories":[],"tags":[],"class_list":["post-13","page","type-page","status-publish","has-post-thumbnail","hentry"],"yoast_head":"<!-- This site is optimized with the Yoast SEO plugin v20.10 - https:\/\/yoast.com\/wordpress\/plugins\/seo\/ -->\n<title>Funky Time Strategie: wie man Funky Time spielt und gewinnt<\/title>\n<meta name=\"description\" content=\"Strategien und Taktiken f\u00fcr das Spiel Funky Time Live Evolution. Erfahren Sie auf unserer Website, wie Sie in Funky Time online spielen und gewinnen k\u00f6nnen\" \/>\n<meta name=\"robots\" content=\"index, follow, max-snippet:-1, max-image-preview:large, max-video-preview:-1\" \/>\n<link rel=\"canonical\" href=\"https:\/\/funkytime-live.com\/de\/funky-time-strategien\/\" \/>\n<meta property=\"og:locale\" content=\"de_DE\" \/>\n<meta property=\"og:type\" content=\"article\" \/>\n<meta property=\"og:title\" content=\"Funky Time Strategie: wie man Funky Time spielt und gewinnt\" \/>\n<meta property=\"og:description\" content=\"Strategien und Taktiken f\u00fcr das Spiel Funky Time Live Evolution. Erfahren Sie auf unserer Website, wie Sie in Funky Time online spielen und gewinnen k\u00f6nnen\" \/>\n<meta property=\"og:url\" content=\"https:\/\/funkytime-live.com\/de\/funky-time-strategien\/\" \/>\n<meta property=\"og:site_name\" content=\"Funky Time Spiel\" \/>\n<meta property=\"article:modified_time\" content=\"2023-08-11T13:49:13+00:00\" \/>\n<meta property=\"og:image\" content=\"https:\/\/funkytime-live.com\/de\/wp-content\/uploads\/sites\/5\/2023\/06\/funky-time-strategies.jpg\" \/>\n\t<meta property=\"og:image:width\" content=\"1024\" \/>\n\t<meta property=\"og:image:height\" content=\"768\" \/>\n\t<meta property=\"og:image:type\" content=\"image\/jpeg\" \/>\n<meta name=\"twitter:card\" content=\"summary_large_image\" \/>\n<meta name=\"twitter:label1\" content=\"Gesch\u00e4tzte Lesezeit\" \/>\n\t<meta name=\"twitter:data1\" content=\"5\u00a0Minuten\" \/>\n<script type=\"application\/ld+json\" class=\"yoast-schema-graph\">{\"@context\":\"https:\/\/schema.org\",\"@graph\":[{\"@type\":\"WebPage\",\"@id\":\"https:\/\/funkytime-live.com\/de\/funky-time-strategien\/\",\"url\":\"https:\/\/funkytime-live.com\/de\/funky-time-strategien\/\",\"name\":\"Funky Time Strategie: wie man Funky Time spielt und gewinnt\",\"isPartOf\":{\"@id\":\"https:\/\/funkytime-live.com\/de\/#website\"},\"datePublished\":\"2023-02-05T20:17:35+00:00\",\"dateModified\":\"2023-08-11T13:49:13+00:00\",\"description\":\"Strategien und Taktiken f\u00fcr das Spiel Funky Time Live Evolution. Erfahren Sie auf unserer Website, wie Sie in Funky Time online spielen und gewinnen k\u00f6nnen\",\"breadcrumb\":{\"@id\":\"https:\/\/funkytime-live.com\/de\/funky-time-strategien\/#breadcrumb\"},\"inLanguage\":\"de\",\"potentialAction\":[{\"@type\":\"ReadAction\",\"target\":[\"https:\/\/funkytime-live.com\/de\/funky-time-strategien\/\"]}]},{\"@type\":\"BreadcrumbList\",\"@id\":\"https:\/\/funkytime-live.com\/de\/funky-time-strategien\/#breadcrumb\",\"itemListElement\":[{\"@type\":\"ListItem\",\"position\":1,\"name\":\"\u0413\u043b\u0430\u0432\u043d\u0430\u044f \u0441\u0442\u0440\u0430\u043d\u0438\u0446\u0430\",\"item\":\"https:\/\/funkytime-live.com\/de\/\"},{\"@type\":\"ListItem\",\"position\":2,\"name\":\"Strategien und Taktiken\"}]},{\"@type\":\"WebSite\",\"@id\":\"https:\/\/funkytime-live.com\/de\/#website\",\"url\":\"https:\/\/funkytime-live.com\/de\/\",\"name\":\"Funky Time Spiel\",\"description\":\"\",\"potentialAction\":[{\"@type\":\"SearchAction\",\"target\":{\"@type\":\"EntryPoint\",\"urlTemplate\":\"https:\/\/funkytime-live.com\/de\/?s={search_term_string}\"},\"query-input\":\"required name=search_term_string\"}],\"inLanguage\":\"de\"}]}<\/script>\n<!-- \/ Yoast SEO plugin. -->","yoast_head_json":{"title":"Funky Time Strategie: wie man Funky Time spielt und gewinnt","description":"Strategien und Taktiken f\u00fcr das Spiel Funky Time Live Evolution. Erfahren Sie auf unserer Website, wie Sie in Funky Time online spielen und gewinnen k\u00f6nnen","robots":{"index":"index","follow":"follow","max-snippet":"max-snippet:-1","max-image-preview":"max-image-preview:large","max-video-preview":"max-video-preview:-1"},"canonical":"https:\/\/funkytime-live.com\/de\/funky-time-strategien\/","og_locale":"de_DE","og_type":"article","og_title":"Funky Time Strategie: wie man Funky Time spielt und gewinnt","og_description":"Strategien und Taktiken f\u00fcr das Spiel Funky Time Live Evolution. Erfahren Sie auf unserer Website, wie Sie in Funky Time online spielen und gewinnen k\u00f6nnen","og_url":"https:\/\/funkytime-live.com\/de\/funky-time-strategien\/","og_site_name":"Funky Time Spiel","article_modified_time":"2023-08-11T13:49:13+00:00","og_image":[{"width":1024,"height":768,"url":"https:\/\/funkytime-live.com\/de\/wp-content\/uploads\/sites\/5\/2023\/06\/funky-time-strategies.jpg","type":"image\/jpeg"}],"twitter_card":"summary_large_image","twitter_misc":{"Gesch\u00e4tzte Lesezeit":"5\u00a0Minuten"},"schema":{"@context":"https:\/\/schema.org","@graph":[{"@type":"WebPage","@id":"https:\/\/funkytime-live.com\/de\/funky-time-strategien\/","url":"https:\/\/funkytime-live.com\/de\/funky-time-strategien\/","name":"Funky Time Strategie: wie man Funky Time spielt und gewinnt","isPartOf":{"@id":"https:\/\/funkytime-live.com\/de\/#website"},"datePublished":"2023-02-05T20:17:35+00:00","dateModified":"2023-08-11T13:49:13+00:00","description":"Strategien und Taktiken f\u00fcr das Spiel Funky Time Live Evolution. Erfahren Sie auf unserer Website, wie Sie in Funky Time online spielen und gewinnen k\u00f6nnen","breadcrumb":{"@id":"https:\/\/funkytime-live.com\/de\/funky-time-strategien\/#breadcrumb"},"inLanguage":"de","potentialAction":[{"@type":"ReadAction","target":["https:\/\/funkytime-live.com\/de\/funky-time-strategien\/"]}]},{"@type":"BreadcrumbList","@id":"https:\/\/funkytime-live.com\/de\/funky-time-strategien\/#breadcrumb","itemListElement":[{"@type":"ListItem","position":1,"name":"\u0413\u043b\u0430\u0432\u043d\u0430\u044f \u0441\u0442\u0440\u0430\u043d\u0438\u0446\u0430","item":"https:\/\/funkytime-live.com\/de\/"},{"@type":"ListItem","position":2,"name":"Strategien und Taktiken"}]},{"@type":"WebSite","@id":"https:\/\/funkytime-live.com\/de\/#website","url":"https:\/\/funkytime-live.com\/de\/","name":"Funky Time Spiel","description":"","potentialAction":[{"@type":"SearchAction","target":{"@type":"EntryPoint","urlTemplate":"https:\/\/funkytime-live.com\/de\/?s={search_term_string}"},"query-input":"required name=search_term_string"}],"inLanguage":"de"}]}},"_links":{"self":[{"href":"https:\/\/funkytime-live.com\/de\/wp-json\/wp\/v2\/pages\/13","targetHints":{"allow":["GET"]}}],"collection":[{"href":"https:\/\/funkytime-live.com\/de\/wp-json\/wp\/v2\/pages"}],"about":[{"href":"https:\/\/funkytime-live.com\/de\/wp-json\/wp\/v2\/types\/page"}],"author":[{"embeddable":true,"href":"https:\/\/funkytime-live.com\/de\/wp-json\/wp\/v2\/users\/1"}],"replies":[{"embeddable":true,"href":"https:\/\/funkytime-live.com\/de\/wp-json\/wp\/v2\/comments?post=13"}],"version-history":[{"count":4,"href":"https:\/\/funkytime-live.com\/de\/wp-json\/wp\/v2\/pages\/13\/revisions"}],"predecessor-version":[{"id":852,"href":"https:\/\/funkytime-live.com\/de\/wp-json\/wp\/v2\/pages\/13\/revisions\/852"}],"wp:featuredmedia":[{"embeddable":true,"href":"https:\/\/funkytime-live.com\/de\/wp-json\/wp\/v2\/media\/631"}],"wp:attachment":[{"href":"https:\/\/funkytime-live.com\/de\/wp-json\/wp\/v2\/media?parent=13"}],"wp:term":[{"taxonomy":"category","embeddable":true,"href":"https:\/\/funkytime-live.com\/de\/wp-json\/wp\/v2\/categories?post=13"},{"taxonomy":"post_tag","embeddable":true,"href":"https:\/\/funkytime-live.com\/de\/wp-json\/wp\/v2\/tags?post=13"}],"curies":[{"name":"wp","href":"https:\/\/api.w.org\/{rel}","templated":true}]}}