{"id":219,"date":"2023-02-22T15:03:30","date_gmt":"2023-02-22T12:03:30","guid":{"rendered":"https:\/\/funkytime-live.com\/?page_id=219"},"modified":"2023-08-11T16:53:35","modified_gmt":"2023-08-11T13:53:35","slug":"datenschutzrichtlinie","status":"publish","type":"page","link":"https:\/\/funkytime-live.com\/de\/datenschutzrichtlinie\/","title":{"rendered":"Datenschutzrichtlinie"},"content":{"rendered":"<p>Wir respektieren Ihre Privatsph\u00e4re und verpflichten uns, Ihre pers\u00f6nlichen Daten zu sch\u00fctzen. Diese Datenschutzrichtlinie informiert Sie dar\u00fcber, wie wir Ihre personenbezogenen Daten verarbeiten, wenn Sie die funkytime-live.com-Website (die &#8222;Website&#8220;) besuchen (unabh\u00e4ngig davon, von wo aus Sie sie besuchen), und informiert Sie \u00fcber Ihre Datenschutzrechte und wie das Gesetz Sie sch\u00fctzt.<\/p>\n<p>Alle Informationen, die funkytime-live.com \u00fcber Besucher der Website sammelt, werden als &#8222;Benutzerinformationen&#8220; bezeichnet.<\/p>\n<h2>Controller<\/h2>\n<p>funkytime-live.com ist der f\u00fcr die Verarbeitung Verantwortliche und zust\u00e4ndig f\u00fcr den Betrieb der Website.<\/p>\n<p>Wenn Sie Fragen zu dieser Datenschutzerkl\u00e4rung haben, einschlie\u00dflich Anfragen zur Aus\u00fcbung Ihrer gesetzlichen Rechte, senden Sie uns bitte eine Anfrage per E-Mail an admin@funkytime-live.com.<\/p>\n<h3>Die Arten von Nutzerinformationen, die wir sammeln:<\/h3>\n<p>Die Art der von uns gesammelten Informationen h\u00e4ngt in der Regel davon ab, wie Sie mit uns interagieren. Wir k\u00f6nnen die folgenden Datenkategorien sammeln und verarbeiten, wobei diese Liste nicht ausschlie\u00dflich ist:<\/p>\n<h3>Personenbezogene Daten:<\/h3>\n<ul>\n<li>Pers\u00f6nlich identifizierbare Informationen, die Sie uns freiwillig \u00fcber die Website oder die auf unserer Website bereitgestellten E-Mails \u00fcbermitteln. Bitte beachten Sie, dass Sie keine pers\u00f6nlichen Daten und keine sensiblen Daten angeben m\u00fcssen, um die Website zu nutzen.<\/li>\n<\/ul>\n<h3>Nicht-personenbezogene Daten:<\/h3>\n<ul>\n<li>Informationen \u00fcber Ihren Besuch auf der Website, einschlie\u00dflich, aber nicht beschr\u00e4nkt auf Verkehrsdaten, Standortdaten, IP-Adresse, Browsertyp und -version, Bildschirmaufl\u00f6sung, Browsersprache, Zeitzone, Betriebssystem und Ger\u00e4tetyp;<\/li>\n<li>Demografische Informationen, die Ihr Alter, Geschlecht und Land angeben;<\/li>\n<li>Informationen aus Untersuchungen oder Umfragen, die von Website-Besuchern im Rahmen von Umfragen (ausschlie\u00dflich auf freiwilliger Basis) zu verschiedenen Themen, einschlie\u00dflich Veranstaltungen und Erfahrungen, Pr\u00e4ferenzen beim Medienkonsum, wie wir unsere Website verbessern k\u00f6nnen usw., eingereicht werden;<\/li>\n<li>Informationen aus dem Inhalt von Nachrichten, die Sie \u00fcber ausf\u00fcllbare Formulare auf der Website einreichen, wie z. B. Feedback, das Sie schreiben (falls solche auf der Website platziert werden);<\/li>\n<li>Informationen aus \u00f6ffentlichen Postings, d. h. alle Informationen, die uns zur Anzeige auf der Website \u00fcbermittelt werden, einschlie\u00dflich aller Mitteilungen\/Materialien, die Sie zur Ver\u00f6ffentlichung in einem \u00f6ffentlich einsehbaren Bereich der Website bereitstellen oder deren Ver\u00f6ffentlichung Sie zustimmen, wie z. B. ein Kommentar oder eine Bewertung. Bitte nehmen Sie zur Kenntnis und verstehen Sie, dass Sie keinen Anspruch auf Privatsph\u00e4re oder Vertraulichkeit in Bezug auf den Inhalt haben, den Sie \u00fcber die Website als Kommentar oder Bewertung einreichen, unabh\u00e4ngig davon, ob Ihr Beitrag pers\u00f6nliche Daten enth\u00e4lt oder nicht;<\/li>\n<li>Informationen \u00fcber die Pr\u00e4ferenzen der Nutzer (wie bevorzugte Spiele oder Laufseiten).<\/li>\n<li>Die Benutzerinformationen werden nur erfasst, wenn der Benutzer einer solchen Datenerfassung gem\u00e4\u00df Kapitel 2 Abs. 2 lit. b der DSGVO zugestimmt hat. 71 Abs. 2 lit. b des Datenschutzgesetzes 2018 zugestimmt hat.<\/li>\n<\/ul>\n<p>Diese Richtlinie bezieht sich nur darauf, was passiert, wenn Sie die Website besuchen, und gilt nicht f\u00fcr Informationen, die von funkytime-live.com online im \u00f6ffentlichen Bereich oder durch andere Mittel oder Dritte gesammelt werden, einschlie\u00dflich durch Anwendungen oder Inhalte, die mit der Website verlinkt oder von ihr aus zug\u00e4nglich sind.<\/p>\n<p>Wir sammeln automatisch einige Informationen dar\u00fcber, wie Sie mit funkytime-live.com interagieren und navigieren, sowie \u00fcber das Ger\u00e4t und die Software, die Sie daf\u00fcr verwenden:<\/p>\n<ul>\n<li>Ihre Nutzung von funkytime-live.com (z. B. Zeitstempel, Klicks, Scrolling, Browsing-Zeiten, Browsing-Heatmaps, Suchvorg\u00e4nge, Verweis-\/Verlassseiten, ein- und ausgeschaltete Cookies sowie Aktivit\u00e4ten und Interaktionen in unseren Spielclients, einschlie\u00dflich Chatprotokolle);<\/li>\n<li>Ihr Computer oder Ger\u00e4t (z. B. IP-Adressen, Informationen \u00fcber Mobilfunknetze, eindeutige Ger\u00e4te-IDs, Verarbeitungskapazit\u00e4ten, Hersteller und Modell, Sprache und andere regionale Einstellungen, geografischer Standort sowie Bildschirmaufl\u00f6sung, Farbtiefe und \u00e4hnliche Einstellungen);<\/li>\n<li>Ihre Verbindung zu funkytime-live.com, einschlie\u00dflich Details \u00fcber das Netzwerk und die Software, die Sie verwenden (z. B. Browsertyp und -version, Name und Version des Betriebssystems, ISP, interne Aufl\u00f6sung des Browserfensters, Javascript-Aktivierung, Java ein\/aus und Ihre Pr\u00e4ferenzeinstellungen) und wie funkytime-live.com funktioniert, einschlie\u00dflich eventueller Probleme (z. B. Ladefehler und Antwortzeiten);<\/li>\n<li>Wir k\u00f6nnen Technologien wie Cookies, Skripte und unsere eigenen Server verwenden, um diese Informationen zu sammeln und zu speichern, auch in Protokolldateien.<\/li>\n<\/ul>\n<h3>Zweck der Datenverarbeitung:<\/h3>\n<p>Wir verarbeiten die Nutzerinformationen f\u00fcr die folgenden Zwecke:<\/p>\n<ul>\n<li>Zur Beantwortung Ihrer Anfrage\/Anforderung;<\/li>\n<li>Zur Verbesserung des Inhalts der Website und ihres Betriebs;<\/li>\n<li>Um interne Aufzeichnungen zu f\u00fchren;<\/li>\n<li>Um Recherchen und Analysen f\u00fcr die Benutzer durchzuf\u00fchren;<\/li>\n<li>Zur Anpassung der Website an die Interessen der Nutzer;<\/li>\n<li>Zur Erf\u00fcllung gesetzlicher Verpflichtungen (falls zutreffend);<\/li>\n<li>Um f\u00fcr unsere Sonderangebote, neue Produkte und Dienstleistungen zu werben oder um Ihnen andere Informationen zukommen zu lassen, falls Sie dem zugestimmt und uns Ihre E-Mail-Adresse mitgeteilt haben;<br \/>\naus anderen Gr\u00fcnden, soweit dies gesetzlich zul\u00e4ssig ist.<\/li>\n<\/ul>\n<h2>\u00c4nderung des Zwecks<\/h2>\n<p>Wir werden die Benutzerdaten nur f\u00fcr die Zwecke verwenden, f\u00fcr die wir sie gesammelt haben, es sei denn, wir sind der Meinung, dass wir sie f\u00fcr einen anderen Zweck verwenden m\u00fcssen und dieser Grund mit dem urspr\u00fcnglichen Zweck vereinbar ist. Bitte beachten Sie, dass wir Nutzerdaten ohne Ihr Wissen oder Ihre Zustimmung nur in den wenigen F\u00e4llen verarbeiten d\u00fcrfen, in denen dies gesetzlich vorgeschrieben oder zul\u00e4ssig ist.<\/p>\n<h2>Aufbewahrung von Nutzerinformationen<\/h2>\n<p>Die Nutzerinformationen werden gel\u00f6scht:<\/p>\n<ul>\n<li>wenn sie zur Erf\u00fcllung des Zwecks, f\u00fcr den sie erhoben wurden, nicht mehr ben\u00f6tigt werden;<\/li>\n<li>wenn Sie die L\u00f6schung Ihrer personenbezogenen Daten verlangen, sofern funkytime-live.com nicht gesetzlich zur Aufbewahrung dieser Daten verpflichtet ist.<\/li>\n<\/ul>\n<h2>Weitergabe und Offenlegung von Nutzerinformationen<\/h2>\n<p>funkytime-live.com kann Ihre Benutzerinformationen an Dritte weitergeben, die sich im Vereinigten K\u00f6nigreich von Gro\u00dfbritannien befinden, wenn:<\/p>\n<ol>\n<li>dies gesetzlich vorgeschrieben ist;<\/li>\n<li>um den ordnungsgem\u00e4\u00dfen Betrieb der Website zu erm\u00f6glichen (zum Zweck der Wartung der Website, einschlie\u00dflich der Bereitstellung von Kundendienst und Marketingunterst\u00fctzung, der Durchf\u00fchrung von Gesch\u00e4fts- und Verkaufsanalysen, der Unterst\u00fctzung der Funktionalit\u00e4t der Website, von Umfragen und anderen \u00fcber die Website angebotenen Funktionen);<\/li>\n<li>bei Vorliegen eines anderen berechtigten Interesses.<\/li>\n<\/ol>\n<p>Auch wenn es unwahrscheinlich ist, k\u00f6nnen wir in bestimmten F\u00e4llen verpflichtet sein, Benutzerinformationen als Reaktion auf eine gerichtliche Anordnung oder eine staatliche Untersuchung zur Verf\u00fcgung zu stellen. Wir k\u00f6nnen bestimmte Benutzerinformationen offenlegen, wenn wir der Meinung sind, dass eine solche Freigabe vern\u00fcnftigerweise notwendig ist, um unsere Datenschutzrichtlinien durchzusetzen oder anzuwenden, um die Gesetze einzuhalten, wo anwendbar, oder um die Interessen und\/oder die Sicherheit von funkytime-live.com zu sch\u00fctzen. Wir k\u00f6nnen Benutzerinformationen auch im Falle einer Fusion, Umstrukturierung, Reorganisation, Aufl\u00f6sung oder eines sonstigen Verkaufs oder einer \u00dcbertragung eines Teils oder des gesamten Verm\u00f6gens von funkytime-live.com, einer Liquidation oder eines \u00e4hnlichen Verfahrens weitergeben, sofern dies zutrifft.<\/p>\n<p>Die Rechtsgrundlage f\u00fcr diese Verarbeitung sind unsere berechtigten Interessen, n\u00e4mlich der Schutz und die Durchsetzung unserer gesetzlichen Rechte und die ordnungsgem\u00e4\u00dfe Absicherung unseres Unternehmens gegen Risiken.<\/p>\n<p>Falls funkytime-live.com Benutzerinformationen an Dritte weitergibt, sind diese Dritten verpflichtet, sie nur f\u00fcr die Zwecke zu verwenden, f\u00fcr die wir sie ihnen offenlegen, und in \u00dcbereinstimmung mit der Zustimmung, die Sie in Bezug auf Ihre Benutzerinformationen erteilt haben, und diese Dritten sind an die Verpflichtungen in Bezug auf die Verarbeitung von Benutzerinformationen mit dem gleichen Datenschutzniveau gebunden.<\/p>\n<p>Die Weitergabe von Nutzerinformationen an diese Mitarbeiter, Bevollm\u00e4chtigten und Drittanbieter erfolgt nur bei Bedarf und vorbehaltlich einer Vertraulichkeitsverpflichtung.<\/p>\n<p>Wir behalten uns das Recht vor, und Sie erm\u00e4chtigen uns hiermit ausdr\u00fccklich, Nutzerinformationen in den oben genannten F\u00e4llen weiterzugeben.<\/p>\n<p>Wir geben Ihre Kontaktinformationen (z. B. Ihre E-Mail-Adresse) nicht ohne Ihr Wissen an unabh\u00e4ngige Dritte weiter, es sei denn, dies ist in diesem Hinweis beschrieben (z. B. zur Durchsetzung der Allgemeinen Gesch\u00e4ftsbedingungen, zur Sicherung von funkytime-live.com oder wenn wir gesetzlich dazu verpflichtet sind oder auf ein Gerichtsverfahren reagieren m\u00fcssen).<\/p>\n<h2>Kinder<\/h2>\n<p>Der Children&#8217;s Online Privacy Protection Act (&#8222;COPPA&#8220;) sch\u00fctzt die Online-Privatsph\u00e4re von Kindern unter 13 Jahren. Wir erfassen oder speichern nicht wissentlich personenbezogene Daten von Personen unter 13 Jahren, es sei denn, dies ist gesetzlich zul\u00e4ssig. Jede Person, die \u00fcber die Website personenbezogene Daten angibt, erkl\u00e4rt uns gegen\u00fcber, dass sie mindestens 13 Jahre alt ist. Wenn wir erfahren, dass personenbezogene Daten von einem Nutzer unter 13 Jahren auf oder \u00fcber die Website erfasst wurden, werden wir die entsprechenden Schritte unternehmen, um diese Informationen zu l\u00f6schen. Wenn Sie der Elternteil oder der gesetzliche Vormund eines Kindes unter 13 Jahren sind, das Mitglied der Website geworden ist oder anderweitig personenbezogene Daten an die Website \u00fcbermittelt hat, setzen Sie sich bitte mit uns in Verbindung, indem Sie unsere nachstehenden Kontaktinformationen verwenden, damit das Konto des Kindes gek\u00fcndigt und die Daten gel\u00f6scht werden.<\/p>\n<h2>Gesetzliche Rechte der Nutzer der Website<\/h2>\n<p>funkytime-live.com m\u00f6chte sicherstellen, dass Sie \u00fcber alle Ihre Datenschutzrechte informiert sind. Jeder Nutzer der Website, der den Nutzungsbedingungen der Website und dieser Datenschutzrichtlinie zustimmt, hat Anspruch auf die folgenden Rechte:<\/p>\n<h3>EU- und UK-Einwohner<\/h3>\n<p>Wenn Sie sich in der EU oder im Vereinigten K\u00f6nigreich befinden, haben Sie die folgenden Rechte in Bezug auf Ihre pers\u00f6nlichen Daten:<\/p>\n<ul>\n<li>Zugang zu Ihren pers\u00f6nlichen Daten. Sie k\u00f6nnen Zugang zu Ihren pers\u00f6nlichen Daten beantragen, indem Sie uns unter der unten angegebenen Adresse kontaktieren. Falls gesetzlich vorgeschrieben, gew\u00e4hren wir Ihnen auf Anfrage angemessenen Zugang zu den pers\u00f6nlichen Daten, die wir \u00fcber Sie haben. Beachten Sie, dass in Kalifornien ans\u00e4ssige Personen berechtigt sind, von uns eine Mitteilung zu verlangen, in der beschrieben wird, welche Kategorien personenbezogener Daten (falls vorhanden) wir zu Zwecken des Direktmarketings an Dritte oder verbundene Unternehmen weitergeben.<\/li>\n<li>\u00c4nderungen an Ihren pers\u00f6nlichen Daten. Wir verlassen uns darauf, dass Sie Ihre pers\u00f6nlichen Daten aktualisieren und korrigieren. Wenn unsere Website es Ihnen nicht erlaubt, bestimmte Informationen zu aktualisieren oder zu korrigieren, wenden Sie sich bitte an die unten beschriebene Adresse, um eine \u00c4nderung Ihrer Daten zu beantragen. Beachten Sie, dass wir historische Informationen in unseren Sicherungsdateien aufbewahren k\u00f6nnen, soweit dies gesetzlich zul\u00e4ssig ist.<\/li>\n<li>L\u00f6schung Ihrer pers\u00f6nlichen Daten. Wir bewahren Ihre pers\u00f6nlichen Daten so lange auf, wie es notwendig ist, um Ihnen die Website zur Verf\u00fcgung zu stellen, um die in dieser Richtlinie beschriebenen Zwecke zu erf\u00fcllen, oder wie es gesetzlich vorgeschrieben ist. Sie k\u00f6nnen Informationen dar\u00fcber anfordern, wie lange wir eine bestimmte Art von Daten aufbewahren, oder die L\u00f6schung Ihrer pers\u00f6nlichen Daten verlangen, indem Sie uns unter der unten beschriebenen Adresse kontaktieren. Wenn es gesetzlich vorgeschrieben ist, werden wir einem Antrag auf L\u00f6schung von Daten stattgeben, aber Sie sollten beachten, dass wir in vielen Situationen Ihre pers\u00f6nlichen Daten aufbewahren m\u00fcssen, um unseren gesetzlichen Verpflichtungen nachzukommen, Streitigkeiten beizulegen, unsere Vereinbarungen durchzusetzen oder f\u00fcr einen anderen unserer Gesch\u00e4ftszwecke.<\/li>\n<li>Widerruf des Einverst\u00e4ndnisses. Wenn Sie Ihre Zustimmung zur Verarbeitung personenbezogener Daten widerrufen, k\u00f6nnen wir Ihnen m\u00f6glicherweise keine Dienstleistungen mehr anbieten. In einigen F\u00e4llen k\u00f6nnen wir Ihren Antrag auf Widerruf der Zustimmung einschr\u00e4nken oder verweigern, wenn das Gesetz dies erlaubt oder vorschreibt oder wenn wir nicht in der Lage sind, Ihre Identit\u00e4t angemessen zu \u00fcberpr\u00fcfen. Sie k\u00f6nnen Ihre Einwilligung zur Verarbeitung widerrufen (sofern diese Verarbeitung auf einer Einwilligung beruht), indem Sie uns unter der unten angegebenen Adresse kontaktieren.<\/li>\n<\/ul>\n<p>Schriftliche Anfragen und Fragen zu Ihren Rechten richten Sie bitte an admin@funkytime-live.com.<\/p>\n<h2>Verwendung von Cookies auf der Website<\/h2>\n<p>funkytime-live.com verwendet Webanalysedienste, um die Aktivit\u00e4ten auf der Website zu analysieren und zu \u00fcberwachen. F\u00fcr die Webanalyse werden Cookies verwendet, d. h. Dateien, die auf der Festplatte Ihres Computers gespeichert werden und die Art und Weise Ihrer Nutzung der Website verfolgen.<\/p>\n<p>Wir setzen Erstanbieter-Cookies, die Informationen wie Ihre Spracheinstellung und Anmeldeinformationen erfassen, und Drittanbieter-Cookies, die von Webanalysediensten gesetzt werden und f\u00fcr Marketing- und Werbezwecke dienen.<\/p>\n<p>Bestimmte Benutzerinformationen werden durch die Aktivierung von Cookies gesammelt, z. B. Browsertyp, Betriebssystemtyp, Netzwerkstandort (Domain), IP-Adresse (Internetprotokoll) und andere \u00e4hnliche Informationen sowie Referrer-Daten, die die Webseiten identifizieren, die Sie vor und nach dem Besuch der Website besucht haben, sowie Ihre Bewegungen und Aktivit\u00e4ten innerhalb der Website, jedoch keine pers\u00f6nlich identifizierbaren Informationen.<\/p>\n<p>funkytime-live.com verwendet gesammelte Benutzerinformationen, um die Gestaltung, die Nutzung und den Inhalt der Website zu analysieren und zu verbessern.<\/p>\n<p>funkytime-live.com kann andere Technologien wie Web-Beacons und Flash-Cookies verwenden, um die Effizienz und Effektivit\u00e4t unserer Kommunikation und die Nutzung der Website zu verfolgen.<\/p>\n<p>Auf der Website k\u00f6nnen Sie Cookies deaktivieren, indem Sie die Einstellungen in Ihrem Browser \u00e4ndern. Allerdings k\u00f6nnen Sie m\u00f6glicherweise nicht alle interaktiven Funktionen der Website nutzen, wenn Cookies deaktiviert sind.<\/p>\n<p>Einige Browser bieten hilfreiche Cookie-Anleitungen:<\/p>\n<ul>\n<li>Chrome: https:\/\/support.google.com\/chrome\/bin\/answer.py?hl=en&amp;answer=95647&amp;p=cpn_cookies<\/li>\n<li>Firefox: http:\/\/support.mozilla.org\/en-US\/kb\/Cookies<\/li>\n<li>Internet Explorer: http:\/\/support.microsoft.com\/kb\/278835<\/li>\n<li>Opera: http:\/\/help.opera.com\/Linux\/10.50\/en\/cookies.html<\/li>\n<\/ul>\n<p>Dar\u00fcber hinaus bietet Google Analytics eigene Opt-out-Optionen:<\/p>\n<ul>\n<li>http:\/\/tools.google.com\/dlpage\/gaoptout<\/li>\n<\/ul>\n<h2>\u00c4nderungen der Datenschutzrichtlinie<\/h2>\n<p>Wenn wir diese Datenschutzrichtlinie \u00e4ndern, aktualisieren wir das &#8222;Datum der letzten \u00c4nderung&#8220;, und solche \u00c4nderungen werden mit ihrer Ver\u00f6ffentlichung wirksam.<\/p>\n<p>Unabh\u00e4ngig von \u00c4nderungen an unseren Datenschutzrichtlinien werden wir Ihre Nutzerdaten immer in \u00dcbereinstimmung mit der Version der Richtlinien verwenden, die zu dem Zeitpunkt g\u00fcltig war, als Sie Ihre Daten zur Verf\u00fcgung gestellt haben, es sei denn, Sie erteilen uns Ihre ausdr\u00fcckliche Zustimmung zu einem anderen Vorgehen.<\/p>\n<p>Sie sollten diese Datenschutzrichtlinie regelm\u00e4\u00dfig \u00fcberpr\u00fcfen, um sicherzustellen, dass Sie \u00fcber alle \u00c4nderungen informiert sind.<\/p>\n<p>Wenn Sie diese Datenschutzrichtlinie nicht akzeptieren, sollten Sie die Nutzung der Website einstellen.<\/p>\n","protected":false},"excerpt":{"rendered":"<p>Wir respektieren Ihre Privatsph\u00e4re und verpflichten uns, Ihre pers\u00f6nlichen Daten zu sch\u00fctzen. Diese Datenschutzrichtlinie informiert Sie dar\u00fcber, wie wir Ihre personenbezogenen Daten verarbeiten, wenn Sie die funkytime-live.com-Website (die &#8222;Website&#8220;) besuchen (unabh\u00e4ngig davon, von wo aus Sie sie besuchen), und informiert Sie \u00fcber Ihre Datenschutzrechte und wie das Gesetz Sie sch\u00fctzt. Alle Informationen, die funkytime-live.com \u00fcber [&hellip;]<\/p>\n","protected":false},"author":1,"featured_media":0,"parent":0,"menu_order":0,"comment_status":"closed","ping_status":"closed","template":"page-info-de.php","meta":{"footnotes":""},"categories":[],"tags":[],"class_list":["post-219","page","type-page","status-publish","hentry"],"yoast_head":"<!-- This site is optimized with the Yoast SEO plugin v20.10 - https:\/\/yoast.com\/wordpress\/plugins\/seo\/ -->\n<title>Datenschutzrichtlinie - Funky Time Spiel<\/title>\n<meta name=\"description\" content=\"Wir respektieren Ihre Privatsph\u00e4re und verpflichten uns, Ihre pers\u00f6nlichen Daten zu sch\u00fctzen. Diese Datenschutzrichtlinie informiert Sie dar\u00fcber, wie wir\" \/>\n<meta name=\"robots\" content=\"index, follow, max-snippet:-1, max-image-preview:large, max-video-preview:-1\" \/>\n<link rel=\"canonical\" href=\"https:\/\/funkytime-live.com\/de\/datenschutzrichtlinie\/\" \/>\n<meta property=\"og:locale\" content=\"de_DE\" \/>\n<meta property=\"og:type\" content=\"article\" \/>\n<meta property=\"og:title\" content=\"Datenschutzrichtlinie - Funky Time Spiel\" \/>\n<meta property=\"og:description\" content=\"Wir respektieren Ihre Privatsph\u00e4re und verpflichten uns, Ihre pers\u00f6nlichen Daten zu sch\u00fctzen. Diese Datenschutzrichtlinie informiert Sie dar\u00fcber, wie wir\" \/>\n<meta property=\"og:url\" content=\"https:\/\/funkytime-live.com\/de\/datenschutzrichtlinie\/\" \/>\n<meta property=\"og:site_name\" content=\"Funky Time Spiel\" \/>\n<meta property=\"article:modified_time\" content=\"2023-08-11T13:53:35+00:00\" \/>\n<meta name=\"twitter:card\" content=\"summary_large_image\" \/>\n<meta name=\"twitter:label1\" content=\"Gesch\u00e4tzte Lesezeit\" \/>\n\t<meta name=\"twitter:data1\" content=\"12\u00a0Minuten\" \/>\n<script type=\"application\/ld+json\" class=\"yoast-schema-graph\">{\"@context\":\"https:\/\/schema.org\",\"@graph\":[{\"@type\":\"WebPage\",\"@id\":\"https:\/\/funkytime-live.com\/de\/datenschutzrichtlinie\/\",\"url\":\"https:\/\/funkytime-live.com\/de\/datenschutzrichtlinie\/\",\"name\":\"Datenschutzrichtlinie - Funky Time Spiel\",\"isPartOf\":{\"@id\":\"https:\/\/funkytime-live.com\/de\/#website\"},\"datePublished\":\"2023-02-22T12:03:30+00:00\",\"dateModified\":\"2023-08-11T13:53:35+00:00\",\"description\":\"Wir respektieren Ihre Privatsph\u00e4re und verpflichten uns, Ihre pers\u00f6nlichen Daten zu sch\u00fctzen. Diese Datenschutzrichtlinie informiert Sie dar\u00fcber, wie wir\",\"breadcrumb\":{\"@id\":\"https:\/\/funkytime-live.com\/de\/datenschutzrichtlinie\/#breadcrumb\"},\"inLanguage\":\"de\",\"potentialAction\":[{\"@type\":\"ReadAction\",\"target\":[\"https:\/\/funkytime-live.com\/de\/datenschutzrichtlinie\/\"]}]},{\"@type\":\"BreadcrumbList\",\"@id\":\"https:\/\/funkytime-live.com\/de\/datenschutzrichtlinie\/#breadcrumb\",\"itemListElement\":[{\"@type\":\"ListItem\",\"position\":1,\"name\":\"\u0413\u043b\u0430\u0432\u043d\u0430\u044f \u0441\u0442\u0440\u0430\u043d\u0438\u0446\u0430\",\"item\":\"https:\/\/funkytime-live.com\/de\/\"},{\"@type\":\"ListItem\",\"position\":2,\"name\":\"Datenschutzrichtlinie\"}]},{\"@type\":\"WebSite\",\"@id\":\"https:\/\/funkytime-live.com\/de\/#website\",\"url\":\"https:\/\/funkytime-live.com\/de\/\",\"name\":\"Funky Time Spiel\",\"description\":\"\",\"potentialAction\":[{\"@type\":\"SearchAction\",\"target\":{\"@type\":\"EntryPoint\",\"urlTemplate\":\"https:\/\/funkytime-live.com\/de\/?s={search_term_string}\"},\"query-input\":\"required name=search_term_string\"}],\"inLanguage\":\"de\"}]}<\/script>\n<!-- \/ Yoast SEO plugin. -->","yoast_head_json":{"title":"Datenschutzrichtlinie - Funky Time Spiel","description":"Wir respektieren Ihre Privatsph\u00e4re und verpflichten uns, Ihre pers\u00f6nlichen Daten zu sch\u00fctzen. Diese Datenschutzrichtlinie informiert Sie dar\u00fcber, wie wir","robots":{"index":"index","follow":"follow","max-snippet":"max-snippet:-1","max-image-preview":"max-image-preview:large","max-video-preview":"max-video-preview:-1"},"canonical":"https:\/\/funkytime-live.com\/de\/datenschutzrichtlinie\/","og_locale":"de_DE","og_type":"article","og_title":"Datenschutzrichtlinie - Funky Time Spiel","og_description":"Wir respektieren Ihre Privatsph\u00e4re und verpflichten uns, Ihre pers\u00f6nlichen Daten zu sch\u00fctzen. Diese Datenschutzrichtlinie informiert Sie dar\u00fcber, wie wir","og_url":"https:\/\/funkytime-live.com\/de\/datenschutzrichtlinie\/","og_site_name":"Funky Time Spiel","article_modified_time":"2023-08-11T13:53:35+00:00","twitter_card":"summary_large_image","twitter_misc":{"Gesch\u00e4tzte Lesezeit":"12\u00a0Minuten"},"schema":{"@context":"https:\/\/schema.org","@graph":[{"@type":"WebPage","@id":"https:\/\/funkytime-live.com\/de\/datenschutzrichtlinie\/","url":"https:\/\/funkytime-live.com\/de\/datenschutzrichtlinie\/","name":"Datenschutzrichtlinie - Funky Time Spiel","isPartOf":{"@id":"https:\/\/funkytime-live.com\/de\/#website"},"datePublished":"2023-02-22T12:03:30+00:00","dateModified":"2023-08-11T13:53:35+00:00","description":"Wir respektieren Ihre Privatsph\u00e4re und verpflichten uns, Ihre pers\u00f6nlichen Daten zu sch\u00fctzen. Diese Datenschutzrichtlinie informiert Sie dar\u00fcber, wie wir","breadcrumb":{"@id":"https:\/\/funkytime-live.com\/de\/datenschutzrichtlinie\/#breadcrumb"},"inLanguage":"de","potentialAction":[{"@type":"ReadAction","target":["https:\/\/funkytime-live.com\/de\/datenschutzrichtlinie\/"]}]},{"@type":"BreadcrumbList","@id":"https:\/\/funkytime-live.com\/de\/datenschutzrichtlinie\/#breadcrumb","itemListElement":[{"@type":"ListItem","position":1,"name":"\u0413\u043b\u0430\u0432\u043d\u0430\u044f \u0441\u0442\u0440\u0430\u043d\u0438\u0446\u0430","item":"https:\/\/funkytime-live.com\/de\/"},{"@type":"ListItem","position":2,"name":"Datenschutzrichtlinie"}]},{"@type":"WebSite","@id":"https:\/\/funkytime-live.com\/de\/#website","url":"https:\/\/funkytime-live.com\/de\/","name":"Funky Time Spiel","description":"","potentialAction":[{"@type":"SearchAction","target":{"@type":"EntryPoint","urlTemplate":"https:\/\/funkytime-live.com\/de\/?s={search_term_string}"},"query-input":"required name=search_term_string"}],"inLanguage":"de"}]}},"_links":{"self":[{"href":"https:\/\/funkytime-live.com\/de\/wp-json\/wp\/v2\/pages\/219","targetHints":{"allow":["GET"]}}],"collection":[{"href":"https:\/\/funkytime-live.com\/de\/wp-json\/wp\/v2\/pages"}],"about":[{"href":"https:\/\/funkytime-live.com\/de\/wp-json\/wp\/v2\/types\/page"}],"author":[{"embeddable":true,"href":"https:\/\/funkytime-live.com\/de\/wp-json\/wp\/v2\/users\/1"}],"replies":[{"embeddable":true,"href":"https:\/\/funkytime-live.com\/de\/wp-json\/wp\/v2\/comments?post=219"}],"version-history":[{"count":5,"href":"https:\/\/funkytime-live.com\/de\/wp-json\/wp\/v2\/pages\/219\/revisions"}],"predecessor-version":[{"id":863,"href":"https:\/\/funkytime-live.com\/de\/wp-json\/wp\/v2\/pages\/219\/revisions\/863"}],"wp:attachment":[{"href":"https:\/\/funkytime-live.com\/de\/wp-json\/wp\/v2\/media?parent=219"}],"wp:term":[{"taxonomy":"category","embeddable":true,"href":"https:\/\/funkytime-live.com\/de\/wp-json\/wp\/v2\/categories?post=219"},{"taxonomy":"post_tag","embeddable":true,"href":"https:\/\/funkytime-live.com\/de\/wp-json\/wp\/v2\/tags?post=219"}],"curies":[{"name":"wp","href":"https:\/\/api.w.org\/{rel}","templated":true}]}}