{"id":642,"date":"2023-06-29T23:34:55","date_gmt":"2023-06-29T20:34:55","guid":{"rendered":"https:\/\/funkytime-live.com\/?page_id=642"},"modified":"2023-08-11T16:50:52","modified_gmt":"2023-08-11T13:50:52","slug":"uber-uns","status":"publish","type":"page","link":"https:\/\/funkytime-live.com\/de\/uber-uns\/","title":{"rendered":"\u00dcber uns"},"content":{"rendered":"<p>Willkommen bei Funky Time Live Review &#8211; der besten Informationsseite \u00fcber das Spiel Funky Time vom Anbieter Evolution. Hier k\u00f6nnen Sie einen detaillierten Bericht \u00fcber diese beliebte Live-Gl\u00fccksspiel-Show studieren, Informationen \u00fcber Arbeitsstrategien und Taktiken des Spiels erhalten sowie Statistiken und die Geschichte der letzten Spiele analysieren.<\/p>\n<p>Unser Expertenteam ist bestrebt, alle Spieler mit unvoreingenommenen und m\u00f6glichst vollst\u00e4ndigen Informationen \u00fcber dieses Gl\u00fccksspiel zu versorgen, einschlie\u00dflich Boni und Promotionen in Online-Casinos, in denen Funky Time Slot pr\u00e4sentiert wird.<\/p>\n<p>Unser Redaktionsteam ist sich der Bedeutung von verantwortungsvollem Gl\u00fccksspiel bewusst und ist bestrebt, allen Spielern eine sichere Spielumgebung zu bieten. Unser Ziel ist es, den Lesern genaue und aktuelle Informationen \u00fcber Funky Time zur Verf\u00fcgung zu stellen, damit sie fundierte Entscheidungen \u00fcber ihre Gl\u00fccksspielerfahrung treffen k\u00f6nnen.<\/p>\n<p>Das Expertenteam von Funky Time Live Review verf\u00fcgt \u00fcber jahrelange Erfahrung in der Online-Gl\u00fccksspielbranche, insbesondere in der iGaming-Branche. Wir bem\u00fchen uns, den Spielern die Informationen zu geben, die sie brauchen, um ihr Spiel zu verbessern, ihre Gewinnchancen zu erh\u00f6hen und ein besseres Spielerlebnis zu haben.<\/p>\n<p>Wir legen Wert auf Offenheit und Ehrlichkeit, daher bem\u00fchen wir uns, den Lesern eine unvoreingenommene und objektive Bewertung der Online-Casinospiele von Funky Time zu geben, einschlie\u00dflich Informationen \u00fcber die Fairness des Spiels, die Qualit\u00e4t der Benutzeroberfl\u00e4che und die allgemeine Benutzererfahrung.<\/p>\n<p>Bei unserer Arbeit lassen wir uns ausschlie\u00dflich von analytischen Techniken zur Verarbeitung von Informationen aus offenen Quellen leiten. Daher kann man uns vertrauen. Wir analysieren jedes von uns getestete Online-Spiel gr\u00fcndlich, ebenso wie die Online-Casinos, in denen Sie die von uns getesteten Spiele spielen k\u00f6nnen. Unsere Online-Spiel- und Casino-Bewertungen basieren auf den Erfahrungen und Berichten echter Spieler, was uns erm\u00f6glicht, objektiv, ehrlich und unabh\u00e4ngig zu sein.<\/p>\n<p>Vielen Dank, dass Sie die Funky Time Live Review Website als Ihre vertrauensw\u00fcrdige Quelle f\u00fcr Funky Time Spielinformationen und -bewertungen gew\u00e4hlt haben. Wir bem\u00fchen uns, Ihnen die Informationen zur Verf\u00fcgung zu stellen, die Sie ben\u00f6tigen, um das Beste aus Ihrem Spielerlebnis zu machen.<\/p>\n","protected":false},"excerpt":{"rendered":"<p>Willkommen bei Funky Time Live Review &#8211; der besten Informationsseite \u00fcber das Spiel Funky Time vom Anbieter Evolution. Hier k\u00f6nnen Sie einen detaillierten Bericht \u00fcber diese beliebte Live-Gl\u00fccksspiel-Show studieren, Informationen \u00fcber Arbeitsstrategien und Taktiken des Spiels erhalten sowie Statistiken und die Geschichte der letzten Spiele analysieren. Unser Expertenteam ist bestrebt, alle Spieler mit unvoreingenommenen und [&hellip;]<\/p>\n","protected":false},"author":1,"featured_media":0,"parent":0,"menu_order":0,"comment_status":"closed","ping_status":"closed","template":"page-info-de.php","meta":{"footnotes":""},"categories":[],"tags":[],"class_list":["post-642","page","type-page","status-publish","hentry"],"yoast_head":"<!-- This site is optimized with the Yoast SEO plugin v20.10 - https:\/\/yoast.com\/wordpress\/plugins\/seo\/ -->\n<title>\u00dcber uns - Funky Time Spiel<\/title>\n<meta name=\"description\" content=\"Willkommen bei Funky Time Live Review - der besten Informationsseite \u00fcber das Spiel Funky Time vom Anbieter Evolution. Hier k\u00f6nnen Sie einen detaillierten\" \/>\n<meta name=\"robots\" content=\"index, follow, max-snippet:-1, max-image-preview:large, max-video-preview:-1\" \/>\n<link rel=\"canonical\" href=\"https:\/\/funkytime-live.com\/de\/uber-uns\/\" \/>\n<meta property=\"og:locale\" content=\"de_DE\" \/>\n<meta property=\"og:type\" content=\"article\" \/>\n<meta property=\"og:title\" content=\"\u00dcber uns - Funky Time Spiel\" \/>\n<meta property=\"og:description\" content=\"Willkommen bei Funky Time Live Review - der besten Informationsseite \u00fcber das Spiel Funky Time vom Anbieter Evolution. Hier k\u00f6nnen Sie einen detaillierten\" \/>\n<meta property=\"og:url\" content=\"https:\/\/funkytime-live.com\/de\/uber-uns\/\" \/>\n<meta property=\"og:site_name\" content=\"Funky Time Spiel\" \/>\n<meta property=\"article:modified_time\" content=\"2023-08-11T13:50:52+00:00\" \/>\n<meta name=\"twitter:card\" content=\"summary_large_image\" \/>\n<meta name=\"twitter:label1\" content=\"Gesch\u00e4tzte Lesezeit\" \/>\n\t<meta name=\"twitter:data1\" content=\"2\u00a0Minuten\" \/>\n<script type=\"application\/ld+json\" class=\"yoast-schema-graph\">{\"@context\":\"https:\/\/schema.org\",\"@graph\":[{\"@type\":\"WebPage\",\"@id\":\"https:\/\/funkytime-live.com\/de\/uber-uns\/\",\"url\":\"https:\/\/funkytime-live.com\/de\/uber-uns\/\",\"name\":\"\u00dcber uns - Funky Time Spiel\",\"isPartOf\":{\"@id\":\"https:\/\/funkytime-live.com\/de\/#website\"},\"datePublished\":\"2023-06-29T20:34:55+00:00\",\"dateModified\":\"2023-08-11T13:50:52+00:00\",\"description\":\"Willkommen bei Funky Time Live Review - der besten Informationsseite \u00fcber das Spiel Funky Time vom Anbieter Evolution. Hier k\u00f6nnen Sie einen detaillierten\",\"breadcrumb\":{\"@id\":\"https:\/\/funkytime-live.com\/de\/uber-uns\/#breadcrumb\"},\"inLanguage\":\"de\",\"potentialAction\":[{\"@type\":\"ReadAction\",\"target\":[\"https:\/\/funkytime-live.com\/de\/uber-uns\/\"]}]},{\"@type\":\"BreadcrumbList\",\"@id\":\"https:\/\/funkytime-live.com\/de\/uber-uns\/#breadcrumb\",\"itemListElement\":[{\"@type\":\"ListItem\",\"position\":1,\"name\":\"\u0413\u043b\u0430\u0432\u043d\u0430\u044f \u0441\u0442\u0440\u0430\u043d\u0438\u0446\u0430\",\"item\":\"https:\/\/funkytime-live.com\/de\/\"},{\"@type\":\"ListItem\",\"position\":2,\"name\":\"\u00dcber uns\"}]},{\"@type\":\"WebSite\",\"@id\":\"https:\/\/funkytime-live.com\/de\/#website\",\"url\":\"https:\/\/funkytime-live.com\/de\/\",\"name\":\"Funky Time Spiel\",\"description\":\"\",\"potentialAction\":[{\"@type\":\"SearchAction\",\"target\":{\"@type\":\"EntryPoint\",\"urlTemplate\":\"https:\/\/funkytime-live.com\/de\/?s={search_term_string}\"},\"query-input\":\"required name=search_term_string\"}],\"inLanguage\":\"de\"}]}<\/script>\n<!-- \/ Yoast SEO plugin. -->","yoast_head_json":{"title":"\u00dcber uns - Funky Time Spiel","description":"Willkommen bei Funky Time Live Review - der besten Informationsseite \u00fcber das Spiel Funky Time vom Anbieter Evolution. Hier k\u00f6nnen Sie einen detaillierten","robots":{"index":"index","follow":"follow","max-snippet":"max-snippet:-1","max-image-preview":"max-image-preview:large","max-video-preview":"max-video-preview:-1"},"canonical":"https:\/\/funkytime-live.com\/de\/uber-uns\/","og_locale":"de_DE","og_type":"article","og_title":"\u00dcber uns - Funky Time Spiel","og_description":"Willkommen bei Funky Time Live Review - der besten Informationsseite \u00fcber das Spiel Funky Time vom Anbieter Evolution. Hier k\u00f6nnen Sie einen detaillierten","og_url":"https:\/\/funkytime-live.com\/de\/uber-uns\/","og_site_name":"Funky Time Spiel","article_modified_time":"2023-08-11T13:50:52+00:00","twitter_card":"summary_large_image","twitter_misc":{"Gesch\u00e4tzte Lesezeit":"2\u00a0Minuten"},"schema":{"@context":"https:\/\/schema.org","@graph":[{"@type":"WebPage","@id":"https:\/\/funkytime-live.com\/de\/uber-uns\/","url":"https:\/\/funkytime-live.com\/de\/uber-uns\/","name":"\u00dcber uns - Funky Time Spiel","isPartOf":{"@id":"https:\/\/funkytime-live.com\/de\/#website"},"datePublished":"2023-06-29T20:34:55+00:00","dateModified":"2023-08-11T13:50:52+00:00","description":"Willkommen bei Funky Time Live Review - der besten Informationsseite \u00fcber das Spiel Funky Time vom Anbieter Evolution. Hier k\u00f6nnen Sie einen detaillierten","breadcrumb":{"@id":"https:\/\/funkytime-live.com\/de\/uber-uns\/#breadcrumb"},"inLanguage":"de","potentialAction":[{"@type":"ReadAction","target":["https:\/\/funkytime-live.com\/de\/uber-uns\/"]}]},{"@type":"BreadcrumbList","@id":"https:\/\/funkytime-live.com\/de\/uber-uns\/#breadcrumb","itemListElement":[{"@type":"ListItem","position":1,"name":"\u0413\u043b\u0430\u0432\u043d\u0430\u044f \u0441\u0442\u0440\u0430\u043d\u0438\u0446\u0430","item":"https:\/\/funkytime-live.com\/de\/"},{"@type":"ListItem","position":2,"name":"\u00dcber uns"}]},{"@type":"WebSite","@id":"https:\/\/funkytime-live.com\/de\/#website","url":"https:\/\/funkytime-live.com\/de\/","name":"Funky Time Spiel","description":"","potentialAction":[{"@type":"SearchAction","target":{"@type":"EntryPoint","urlTemplate":"https:\/\/funkytime-live.com\/de\/?s={search_term_string}"},"query-input":"required name=search_term_string"}],"inLanguage":"de"}]}},"_links":{"self":[{"href":"https:\/\/funkytime-live.com\/de\/wp-json\/wp\/v2\/pages\/642","targetHints":{"allow":["GET"]}}],"collection":[{"href":"https:\/\/funkytime-live.com\/de\/wp-json\/wp\/v2\/pages"}],"about":[{"href":"https:\/\/funkytime-live.com\/de\/wp-json\/wp\/v2\/types\/page"}],"author":[{"embeddable":true,"href":"https:\/\/funkytime-live.com\/de\/wp-json\/wp\/v2\/users\/1"}],"replies":[{"embeddable":true,"href":"https:\/\/funkytime-live.com\/de\/wp-json\/wp\/v2\/comments?post=642"}],"version-history":[{"count":2,"href":"https:\/\/funkytime-live.com\/de\/wp-json\/wp\/v2\/pages\/642\/revisions"}],"predecessor-version":[{"id":855,"href":"https:\/\/funkytime-live.com\/de\/wp-json\/wp\/v2\/pages\/642\/revisions\/855"}],"wp:attachment":[{"href":"https:\/\/funkytime-live.com\/de\/wp-json\/wp\/v2\/media?parent=642"}],"wp:term":[{"taxonomy":"category","embeddable":true,"href":"https:\/\/funkytime-live.com\/de\/wp-json\/wp\/v2\/categories?post=642"},{"taxonomy":"post_tag","embeddable":true,"href":"https:\/\/funkytime-live.com\/de\/wp-json\/wp\/v2\/tags?post=642"}],"curies":[{"name":"wp","href":"https:\/\/api.w.org\/{rel}","templated":true}]}}