{"id":666,"date":"2023-07-06T00:02:00","date_gmt":"2023-07-05T21:02:00","guid":{"rendered":"https:\/\/funkytime-live.com\/?page_id=666"},"modified":"2023-08-11T16:48:21","modified_gmt":"2023-08-11T13:48:21","slug":"funky-time-statistiken","status":"publish","type":"page","link":"https:\/\/funkytime-live.com\/de\/funky-time-statistiken\/","title":{"rendered":"Funky Time Statistiken"},"content":{"rendered":"<p>Funky Time ist eine Live-Geldspielshow, die in Echtzeit mit Live-Dealern abl\u00e4uft. Dank dieser Mechanik haben Sie Zugang zu den Statistiken der gespielten Wetten und der Geschichte der vorherigen Spiele. Dar\u00fcber hinaus k\u00f6nnen Sie das Spiel beobachten, ohne daran teilzunehmen, was Ihnen umfangreiche Analysem\u00f6glichkeiten bietet, um Regelm\u00e4\u00dfigkeiten zu erkennen und Ihre Gewinnchancen beim Geldspiel zu erh\u00f6hen.<\/p>\n<h2>Wo man Funky Time-Statistiken sehen kann<\/h2>\n<ul>\n<li>\n<h3>Im Spiel<\/h3>\n<p><img loading=\"lazy\" decoding=\"async\" class=\"alignnone wp-image-755 size-full\" title=\"So sehen Sie Funky Time Statistiken im Spiel\" src=\"https:\/\/funkytime-live.com\/de\/wp-content\/uploads\/sites\/5\/2023\/07\/funky-time-stats-live-game.jpg\" alt=\"So sehen Sie Funky Time Statistiken im Spiel\" width=\"1440\" height=\"900\" srcset=\"https:\/\/funkytime-live.com\/de\/wp-content\/uploads\/sites\/5\/2023\/07\/funky-time-stats-live-game.jpg 1440w, https:\/\/funkytime-live.com\/de\/wp-content\/uploads\/sites\/5\/2023\/07\/funky-time-stats-live-game-300x188.jpg 300w, https:\/\/funkytime-live.com\/de\/wp-content\/uploads\/sites\/5\/2023\/07\/funky-time-stats-live-game-1024x640.jpg 1024w, https:\/\/funkytime-live.com\/de\/wp-content\/uploads\/sites\/5\/2023\/07\/funky-time-stats-live-game-768x480.jpg 768w\" sizes=\"auto, (max-width: 1440px) 100vw, 1440px\" \/><br \/>\nDa es sich bei Funky Time um ein Live-Spiel handelt, haben Sie direkt in der Benutzeroberfl\u00e4che &#8211; in der rechten unteren Ecke des Bildschirms &#8211; Zugriff auf die Statistiken der letzten Runden. Die Basisstatistiken geben Ihnen Zugriff auf die letzten 24 Runden des Spiels. Wenn Sie jedoch auf die spezielle Schaltfl\u00e4che unter der Statistik klicken, erhalten Sie Zugang zu Informationen \u00fcber die letzten 48 Runden.<\/p>\n<blockquote><p>Bitte beachten Sie, dass die mobile Version von Funky Time keine Statistiken hat. Wir hoffen, dass dies nur vor\u00fcbergehend ist und die Entwickler eine bequeme L\u00f6sung f\u00fcr Fans des Spiels auf Smartphones finden werden.<\/p><\/blockquote>\n<\/li>\n<li>\n<h3>Auf unserer oder anderen Gl\u00fccksspielseiten<\/h3>\n<p><img loading=\"lazy\" decoding=\"async\" class=\"alignnone wp-image-756 size-full\" title=\"Wie man Funky Time Statistiken auf den Gl\u00fccksspiel-Websites sieht\" src=\"https:\/\/funkytime-live.com\/de\/wp-content\/uploads\/sites\/5\/2023\/07\/funky-time-stats-live.jpg\" alt=\"Wie man Funky Time Statistiken auf den Gl\u00fccksspiel-Websites sieht\" width=\"1024\" height=\"634\" srcset=\"https:\/\/funkytime-live.com\/de\/wp-content\/uploads\/sites\/5\/2023\/07\/funky-time-stats-live.jpg 1024w, https:\/\/funkytime-live.com\/de\/wp-content\/uploads\/sites\/5\/2023\/07\/funky-time-stats-live-300x186.jpg 300w, https:\/\/funkytime-live.com\/de\/wp-content\/uploads\/sites\/5\/2023\/07\/funky-time-stats-live-768x476.jpg 768w\" sizes=\"auto, (max-width: 1024px) 100vw, 1024px\" \/><br \/>\nStatistiken zu den letzten Runden, Werten und Gewinnen finden Sie frei zug\u00e4nglich im Internet, auf vielen Seiten zum Thema Gl\u00fccksspiel. Sie k\u00f6nnen zum Beispiel die aktuellen Informationen auf dieser Seite erkunden oder den Suchbegriff &#8222;Funky Time Statistiken&#8220; in Google eingeben und andere Profilseiten lesen.<\/li>\n<li>\n<h3>Auf den offiziellen Seiten der online casinos<\/h3>\n<p><img loading=\"lazy\" decoding=\"async\" class=\"alignnone wp-image-757 size-full\" title=\"Funky Time Statistiken auf den offiziellen seiten der online casinos\" src=\"https:\/\/funkytime-live.com\/de\/wp-content\/uploads\/sites\/5\/2023\/07\/funky-time-stats-live-casinos.jpg\" alt=\"Funky Time Statistiken auf den offiziellen seiten der online casinos\" width=\"1112\" height=\"666\" srcset=\"https:\/\/funkytime-live.com\/de\/wp-content\/uploads\/sites\/5\/2023\/07\/funky-time-stats-live-casinos.jpg 1112w, https:\/\/funkytime-live.com\/de\/wp-content\/uploads\/sites\/5\/2023\/07\/funky-time-stats-live-casinos-300x180.jpg 300w, https:\/\/funkytime-live.com\/de\/wp-content\/uploads\/sites\/5\/2023\/07\/funky-time-stats-live-casinos-1024x613.jpg 1024w, https:\/\/funkytime-live.com\/de\/wp-content\/uploads\/sites\/5\/2023\/07\/funky-time-stats-live-casinos-768x460.jpg 768w\" sizes=\"auto, (max-width: 1112px) 100vw, 1112px\" \/><br \/>\nDa Funky Time ein weiteres beliebtes Echtgeldspiel von Evolution ist, ist es in allen bekannten lizenzierten Online-Casinos verf\u00fcgbar. Jede Plattform ist an einem fairen Spielablauf interessiert, daher k\u00f6nnen Sie alle notwendigen Statistiken zu den Runden und dem Spielverlauf auf der offiziellen Website jedes Gl\u00fccksspielclubs finden, zum Beispiel: <a href=\"https:\/\/funkytime-live.com\/de\/funky-time-1win\/\" target=\"_blank\" rel=\"noopener\">1win<\/a>, <a href=\"https:\/\/funkytime-live.com\/de\/funky-time-bc-game\/\" target=\"_blank\" rel=\"noopener\">BC.Game<\/a> oder <a href=\"https:\/\/funkytime-live.com\/de\/funky-time-vavada\/\">Vavada<\/a>.<\/li>\n<\/ul>\n<h2>Funky Time Gewinnchancen und RTP<\/h2>\n<table class=\"table\">\n<thead>\n<tr>\n<th>Sektor<\/th>\n<th>Betrag auf dem Rad<\/th>\n<th>Gewinnchancen<\/th>\n<th>RTP<\/th>\n<\/tr>\n<\/thead>\n<tbody>\n<tr>\n<td>1<\/td>\n<td>28<\/td>\n<td>43,75%<\/td>\n<td>95,99%<\/td>\n<\/tr>\n<tr>\n<td>Jeder Buchstabe<\/td>\n<td>24 (je 2 St\u00fcck)<\/td>\n<td>37,50% (3,13% f\u00fcr jeden)<\/td>\n<td>95,49%<\/td>\n<\/tr>\n<tr>\n<td>Bar Bonus<\/td>\n<td>6<\/td>\n<td>9,38%<\/td>\n<td>95,98%<\/td>\n<\/tr>\n<tr>\n<td>Stayin\u2019 Alive Bonus<\/td>\n<td>2<\/td>\n<td>3,13%<\/td>\n<td>95,49%<\/td>\n<\/tr>\n<tr>\n<td>Disco Bonus<\/td>\n<td>3<\/td>\n<td>4,68%<\/td>\n<td>95,51%<\/td>\n<\/tr>\n<tr>\n<td>VIP Disco Bonus<\/td>\n<td>1<\/td>\n<td>1,56%<\/td>\n<td>95,38%<\/td>\n<\/tr>\n<\/tbody>\n<\/table>\n<h2>Analyse der Statistiken in Funky Time<\/h2>\n<p>Statistiken werden normalerweise verwendet, um Strategien und Taktiken zu entwickeln, die die Gewinnchancen erh\u00f6hen. Wir haben versucht zu sehen, ob wir in Funky Time irgendwelche Muster erkennen und auf der Grundlage dieser Statistiken etwas vorhersagen k\u00f6nnen.<\/p>\n<p>Wir haben 3 Stunden lang gespielt und das ist das Ergebnis:<\/p>\n<p>Gesamtzahl der Runden: 148.<\/p>\n<table class=\"table\">\n<tbody>\n<tr>\n<th>Sektor<\/th>\n<th>Wie oft gewinnen<\/th>\n<th>In Prozent<\/th>\n<\/tr>\n<tr>\n<td>1<\/td>\n<td>76<\/td>\n<td>51,35%<\/td>\n<\/tr>\n<tr>\n<td>Jeder Buchstabe<\/td>\n<td>44<\/td>\n<td>29,72%<\/td>\n<\/tr>\n<tr>\n<td>Bar Bonus<\/td>\n<td>12<\/td>\n<td>8,10%<\/td>\n<\/tr>\n<tr>\n<td>Stayin\u2019 Alive Bonus<\/td>\n<td>5<\/td>\n<td>3,37%<\/td>\n<\/tr>\n<tr>\n<td>Disco Bonus<\/td>\n<td>5<\/td>\n<td>3,37%<\/td>\n<\/tr>\n<tr>\n<td>VIP Disco Bonus<\/td>\n<td>6<\/td>\n<td>4,05%<\/td>\n<\/tr>\n<\/tbody>\n<\/table>\n<p>Nachdem wir die Daten f\u00fcr 3 Stunden erhalten haben, k\u00f6nnen wir uns \u00fcber die starke Dominanz des Sektors mit der Nummer 1 sicher sein, der fast 2 Mal h\u00e4ufiger ausf\u00e4llt als jeder andere Buchstabe. Es ist auch m\u00f6glich, den Unterschied in den Wahrscheinlichkeiten der ausfallenden Sektoren zu beobachten, von der durch den Entwickler erkl\u00e4rt.<\/p>\n<h2>Urteil \u00fcber die Statistiken im Funky Time-Spiel<\/h2>\n<p>Wie jedes Gl\u00fccksspiel basiert auch Funky Time auf einem Zufallsgenerator. Das bedeutet, dass Sie, egal wie sehr Sie sich bem\u00fchen, jede Zahl und jede Runde zu analysieren, immer Gefahr laufen, alles zu verlieren. Betrachten Sie jedes Gl\u00fccksspiel als Unterhaltung, nicht als M\u00f6glichkeit, Geld zu verdienen.<\/p>\n<p><img loading=\"lazy\" decoding=\"async\" class=\"alignnone wp-image-758 size-full\" title=\"Urteil \u00fcber die Statistiken im Funky Time-Spiel\" src=\"https:\/\/funkytime-live.com\/de\/wp-content\/uploads\/sites\/5\/2023\/07\/funky-time-game-screenshot-6-1.jpg\" alt=\"Urteil \u00fcber die Statistiken im Funky Time-Spiel\" width=\"1093\" height=\"618\" srcset=\"https:\/\/funkytime-live.com\/de\/wp-content\/uploads\/sites\/5\/2023\/07\/funky-time-game-screenshot-6-1.jpg 1093w, https:\/\/funkytime-live.com\/de\/wp-content\/uploads\/sites\/5\/2023\/07\/funky-time-game-screenshot-6-1-300x170.jpg 300w, https:\/\/funkytime-live.com\/de\/wp-content\/uploads\/sites\/5\/2023\/07\/funky-time-game-screenshot-6-1-1024x579.jpg 1024w, https:\/\/funkytime-live.com\/de\/wp-content\/uploads\/sites\/5\/2023\/07\/funky-time-game-screenshot-6-1-768x434.jpg 768w\" sizes=\"auto, (max-width: 1093px) 100vw, 1093px\" \/><\/p>\n<p>Eines Tages, vielleicht sogar schon heute, wird das Gl\u00fcck auf Ihrer Seite sein und Sie werden den gr\u00f6\u00dften Sieg Ihres Lebens erringen. Viel Gl\u00fcck!<\/p>\n","protected":false},"excerpt":{"rendered":"<p>Funky Time ist eine Live-Geldspielshow, die in Echtzeit mit Live-Dealern abl\u00e4uft. Dank dieser Mechanik haben Sie Zugang zu den Statistiken der gespielten Wetten und der Geschichte der vorherigen Spiele. Dar\u00fcber hinaus k\u00f6nnen Sie das Spiel beobachten, ohne daran teilzunehmen, was Ihnen umfangreiche Analysem\u00f6glichkeiten bietet, um Regelm\u00e4\u00dfigkeiten zu erkennen und Ihre Gewinnchancen beim Geldspiel zu erh\u00f6hen. [&hellip;]<\/p>\n","protected":false},"author":1,"featured_media":669,"parent":0,"menu_order":0,"comment_status":"closed","ping_status":"closed","template":"page-de.php","meta":{"footnotes":""},"categories":[],"tags":[],"class_list":["post-666","page","type-page","status-publish","has-post-thumbnail","hentry"],"yoast_head":"<!-- This site is optimized with the Yoast SEO plugin v20.10 - https:\/\/yoast.com\/wordpress\/plugins\/seo\/ -->\n<title>Funky Time Live-Statistiken und Spielverlauf<\/title>\n<meta name=\"description\" content=\"Alles \u00fcber Funky Time-Statistiken: wie man die Statistiken f\u00fcr das Spiel verwendet, Gewinnchancen verschiedener Symbole, Geschichte der Spiele und Gewinne in Funky Time\" \/>\n<meta name=\"robots\" content=\"index, follow, max-snippet:-1, max-image-preview:large, max-video-preview:-1\" \/>\n<link rel=\"canonical\" href=\"https:\/\/funkytime-live.com\/de\/funky-time-statistiken\/\" \/>\n<meta property=\"og:locale\" content=\"de_DE\" \/>\n<meta property=\"og:type\" content=\"article\" \/>\n<meta property=\"og:title\" content=\"Funky Time Live-Statistiken und Spielverlauf\" \/>\n<meta property=\"og:description\" content=\"Alles \u00fcber Funky Time-Statistiken: wie man die Statistiken f\u00fcr das Spiel verwendet, Gewinnchancen verschiedener Symbole, Geschichte der Spiele und Gewinne in Funky Time\" \/>\n<meta property=\"og:url\" content=\"https:\/\/funkytime-live.com\/de\/funky-time-statistiken\/\" \/>\n<meta property=\"og:site_name\" content=\"Funky Time Spiel\" \/>\n<meta property=\"article:modified_time\" content=\"2023-08-11T13:48:21+00:00\" \/>\n<meta property=\"og:image\" content=\"https:\/\/funkytime-live.com\/de\/wp-content\/uploads\/sites\/5\/2023\/07\/funky-time-stats-thumb.jpg\" \/>\n\t<meta property=\"og:image:width\" content=\"1024\" \/>\n\t<meta property=\"og:image:height\" content=\"768\" \/>\n\t<meta property=\"og:image:type\" content=\"image\/jpeg\" \/>\n<meta name=\"twitter:card\" content=\"summary_large_image\" \/>\n<meta name=\"twitter:label1\" content=\"Gesch\u00e4tzte Lesezeit\" \/>\n\t<meta name=\"twitter:data1\" content=\"4\u00a0Minuten\" \/>\n<script type=\"application\/ld+json\" class=\"yoast-schema-graph\">{\"@context\":\"https:\/\/schema.org\",\"@graph\":[{\"@type\":\"WebPage\",\"@id\":\"https:\/\/funkytime-live.com\/de\/funky-time-statistiken\/\",\"url\":\"https:\/\/funkytime-live.com\/de\/funky-time-statistiken\/\",\"name\":\"Funky Time Live-Statistiken und Spielverlauf\",\"isPartOf\":{\"@id\":\"https:\/\/funkytime-live.com\/de\/#website\"},\"datePublished\":\"2023-07-05T21:02:00+00:00\",\"dateModified\":\"2023-08-11T13:48:21+00:00\",\"description\":\"Alles \u00fcber Funky Time-Statistiken: wie man die Statistiken f\u00fcr das Spiel verwendet, Gewinnchancen verschiedener Symbole, Geschichte der Spiele und Gewinne in Funky Time\",\"breadcrumb\":{\"@id\":\"https:\/\/funkytime-live.com\/de\/funky-time-statistiken\/#breadcrumb\"},\"inLanguage\":\"de\",\"potentialAction\":[{\"@type\":\"ReadAction\",\"target\":[\"https:\/\/funkytime-live.com\/de\/funky-time-statistiken\/\"]}]},{\"@type\":\"BreadcrumbList\",\"@id\":\"https:\/\/funkytime-live.com\/de\/funky-time-statistiken\/#breadcrumb\",\"itemListElement\":[{\"@type\":\"ListItem\",\"position\":1,\"name\":\"\u0413\u043b\u0430\u0432\u043d\u0430\u044f \u0441\u0442\u0440\u0430\u043d\u0438\u0446\u0430\",\"item\":\"https:\/\/funkytime-live.com\/de\/\"},{\"@type\":\"ListItem\",\"position\":2,\"name\":\"Funky Time Statistiken\"}]},{\"@type\":\"WebSite\",\"@id\":\"https:\/\/funkytime-live.com\/de\/#website\",\"url\":\"https:\/\/funkytime-live.com\/de\/\",\"name\":\"Funky Time Spiel\",\"description\":\"\",\"potentialAction\":[{\"@type\":\"SearchAction\",\"target\":{\"@type\":\"EntryPoint\",\"urlTemplate\":\"https:\/\/funkytime-live.com\/de\/?s={search_term_string}\"},\"query-input\":\"required name=search_term_string\"}],\"inLanguage\":\"de\"}]}<\/script>\n<!-- \/ Yoast SEO plugin. -->","yoast_head_json":{"title":"Funky Time Live-Statistiken und Spielverlauf","description":"Alles \u00fcber Funky Time-Statistiken: wie man die Statistiken f\u00fcr das Spiel verwendet, Gewinnchancen verschiedener Symbole, Geschichte der Spiele und Gewinne in Funky Time","robots":{"index":"index","follow":"follow","max-snippet":"max-snippet:-1","max-image-preview":"max-image-preview:large","max-video-preview":"max-video-preview:-1"},"canonical":"https:\/\/funkytime-live.com\/de\/funky-time-statistiken\/","og_locale":"de_DE","og_type":"article","og_title":"Funky Time Live-Statistiken und Spielverlauf","og_description":"Alles \u00fcber Funky Time-Statistiken: wie man die Statistiken f\u00fcr das Spiel verwendet, Gewinnchancen verschiedener Symbole, Geschichte der Spiele und Gewinne in Funky Time","og_url":"https:\/\/funkytime-live.com\/de\/funky-time-statistiken\/","og_site_name":"Funky Time Spiel","article_modified_time":"2023-08-11T13:48:21+00:00","og_image":[{"width":1024,"height":768,"url":"https:\/\/funkytime-live.com\/de\/wp-content\/uploads\/sites\/5\/2023\/07\/funky-time-stats-thumb.jpg","type":"image\/jpeg"}],"twitter_card":"summary_large_image","twitter_misc":{"Gesch\u00e4tzte Lesezeit":"4\u00a0Minuten"},"schema":{"@context":"https:\/\/schema.org","@graph":[{"@type":"WebPage","@id":"https:\/\/funkytime-live.com\/de\/funky-time-statistiken\/","url":"https:\/\/funkytime-live.com\/de\/funky-time-statistiken\/","name":"Funky Time Live-Statistiken und Spielverlauf","isPartOf":{"@id":"https:\/\/funkytime-live.com\/de\/#website"},"datePublished":"2023-07-05T21:02:00+00:00","dateModified":"2023-08-11T13:48:21+00:00","description":"Alles \u00fcber Funky Time-Statistiken: wie man die Statistiken f\u00fcr das Spiel verwendet, Gewinnchancen verschiedener Symbole, Geschichte der Spiele und Gewinne in Funky Time","breadcrumb":{"@id":"https:\/\/funkytime-live.com\/de\/funky-time-statistiken\/#breadcrumb"},"inLanguage":"de","potentialAction":[{"@type":"ReadAction","target":["https:\/\/funkytime-live.com\/de\/funky-time-statistiken\/"]}]},{"@type":"BreadcrumbList","@id":"https:\/\/funkytime-live.com\/de\/funky-time-statistiken\/#breadcrumb","itemListElement":[{"@type":"ListItem","position":1,"name":"\u0413\u043b\u0430\u0432\u043d\u0430\u044f \u0441\u0442\u0440\u0430\u043d\u0438\u0446\u0430","item":"https:\/\/funkytime-live.com\/de\/"},{"@type":"ListItem","position":2,"name":"Funky Time Statistiken"}]},{"@type":"WebSite","@id":"https:\/\/funkytime-live.com\/de\/#website","url":"https:\/\/funkytime-live.com\/de\/","name":"Funky Time Spiel","description":"","potentialAction":[{"@type":"SearchAction","target":{"@type":"EntryPoint","urlTemplate":"https:\/\/funkytime-live.com\/de\/?s={search_term_string}"},"query-input":"required name=search_term_string"}],"inLanguage":"de"}]}},"_links":{"self":[{"href":"https:\/\/funkytime-live.com\/de\/wp-json\/wp\/v2\/pages\/666","targetHints":{"allow":["GET"]}}],"collection":[{"href":"https:\/\/funkytime-live.com\/de\/wp-json\/wp\/v2\/pages"}],"about":[{"href":"https:\/\/funkytime-live.com\/de\/wp-json\/wp\/v2\/types\/page"}],"author":[{"embeddable":true,"href":"https:\/\/funkytime-live.com\/de\/wp-json\/wp\/v2\/users\/1"}],"replies":[{"embeddable":true,"href":"https:\/\/funkytime-live.com\/de\/wp-json\/wp\/v2\/comments?post=666"}],"version-history":[{"count":4,"href":"https:\/\/funkytime-live.com\/de\/wp-json\/wp\/v2\/pages\/666\/revisions"}],"predecessor-version":[{"id":849,"href":"https:\/\/funkytime-live.com\/de\/wp-json\/wp\/v2\/pages\/666\/revisions\/849"}],"wp:featuredmedia":[{"embeddable":true,"href":"https:\/\/funkytime-live.com\/de\/wp-json\/wp\/v2\/media\/669"}],"wp:attachment":[{"href":"https:\/\/funkytime-live.com\/de\/wp-json\/wp\/v2\/media?parent=666"}],"wp:term":[{"taxonomy":"category","embeddable":true,"href":"https:\/\/funkytime-live.com\/de\/wp-json\/wp\/v2\/categories?post=666"},{"taxonomy":"post_tag","embeddable":true,"href":"https:\/\/funkytime-live.com\/de\/wp-json\/wp\/v2\/tags?post=666"}],"curies":[{"name":"wp","href":"https:\/\/api.w.org\/{rel}","templated":true}]}}