{"id":691,"date":"2023-07-06T23:55:47","date_gmt":"2023-07-06T20:55:47","guid":{"rendered":"https:\/\/funkytime-live.com\/?page_id=691"},"modified":"2023-08-11T16:51:47","modified_gmt":"2023-08-11T13:51:47","slug":"bedingungen-konditionen","status":"publish","type":"page","link":"https:\/\/funkytime-live.com\/de\/bedingungen-konditionen\/","title":{"rendered":"Bedingungen und Konditionen"},"content":{"rendered":"<p>Diese Nutzungsvereinbarung (im Folgenden Vereinbarung) regelt das Verh\u00e4ltnis zwischen dem Eigent\u00fcmer (im Folgenden Verwaltung) einerseits und dem Nutzer der Website andererseits.<\/p>\n<p>Die Website ist kein Massenmedium. Durch die Nutzung dieser Website erkl\u00e4ren Sie sich mit den Bedingungen dieser Vereinbarung einverstanden. Wenn Sie mit den Bedingungen dieser Vereinbarung nicht einverstanden sind, d\u00fcrfen Sie die Website nicht nutzen!<\/p>\n<h2>Rechte und Pflichten der Parteien<\/h2>\n<p>Der Nutzer hat das Recht:<\/p>\n<ul>\n<li>auf der Website nach Informationen zu suchen;<\/li>\n<li>Informationen \u00fcber die Website zu erhalten;<\/li>\n<li>Kommentare zu den auf der Website ver\u00f6ffentlichten Inhalten abzugeben;<\/li>\n<li>die Informationen der Website f\u00fcr pers\u00f6nliche, nichtkommerzielle Zwecke zu nutzen.<\/li>\n<\/ul>\n<p>Die Verwaltung hat das Recht dazu:<\/p>\n<ul>\n<li>nach eigenem Ermessen und bei Bedarf Regeln zu erstellen, zu \u00e4ndern oder aufzuheben;<\/li>\n<li>den Zugang zu Informationen auf der Website zu beschr\u00e4nken;<\/li>\n<li>Informationen zu erstellen, zu \u00e4ndern, zu l\u00f6schen.<\/li>\n<\/ul>\n<p>Der Nutzer verpflichtet sich:<\/p>\n<ul>\n<li>die Leistung der Website nicht zu st\u00f6ren;<\/li>\n<li>keine Skripte (Programme) f\u00fcr die automatisierte Informationssammlung und \/ oder Interaktion mit der Website und ihren Diensten zu verwenden.<\/li>\n<\/ul>\n<p>Die Verwaltung verpflichtet sich:<\/p>\n<ul>\n<li>die Leistungsf\u00e4higkeit der Website aufrechtzuerhalten, es sei denn, dies ist aus Gr\u00fcnden, die au\u00dferhalb der Kontrolle der Verwaltung liegen, nicht m\u00f6glich.<\/li>\n<\/ul>\n<h2>Haftung der Vertragsparteien<\/h2>\n<ul>\n<li>die Verwaltung ist nicht verantwortlich f\u00fcr die Diskrepanz zwischen den vom Nutzer erwarteten und den tats\u00e4chlich erhaltenen Dienstleistungen;<\/li>\n<li>die Verwaltung tr\u00e4gt keine Verantwortung f\u00fcr die von Dritten erbrachten Dienstleistungen;<\/li>\n<li>Im Falle von h\u00f6herer Gewalt (Krieg, Ausnahmezustand, Naturkatastrophen usw.) garantiert die Verwaltung nicht die Sicherheit der vom Nutzer eingestellten Informationen sowie die ununterbrochene Arbeit der Informationsquelle.<\/li>\n<\/ul>\n<h2>Bedingungen des Abkommens<\/h2>\n<p>Diese Vereinbarung tritt bei jeder Nutzung der Website in Kraft. Die Vereinbarung tritt au\u00dfer Kraft, wenn eine neue Version der Vereinbarung erscheint. Die Verwaltung beh\u00e4lt sich das Recht vor, diese Vereinbarung nach eigenem Ermessen einseitig zu \u00e4ndern. Die<\/p>\n<p>Verwaltung benachrichtigt die Nutzer nicht \u00fcber die \u00c4nderungen der Vereinbarung.<\/p>\n","protected":false},"excerpt":{"rendered":"<p>Diese Nutzungsvereinbarung (im Folgenden Vereinbarung) regelt das Verh\u00e4ltnis zwischen dem Eigent\u00fcmer (im Folgenden Verwaltung) einerseits und dem Nutzer der Website andererseits. Die Website ist kein Massenmedium. Durch die Nutzung dieser Website erkl\u00e4ren Sie sich mit den Bedingungen dieser Vereinbarung einverstanden. Wenn Sie mit den Bedingungen dieser Vereinbarung nicht einverstanden sind, d\u00fcrfen Sie die Website nicht [&hellip;]<\/p>\n","protected":false},"author":1,"featured_media":0,"parent":0,"menu_order":0,"comment_status":"closed","ping_status":"closed","template":"page-info-de.php","meta":{"footnotes":""},"categories":[],"tags":[],"class_list":["post-691","page","type-page","status-publish","hentry"],"yoast_head":"<!-- This site is optimized with the Yoast SEO plugin v20.10 - https:\/\/yoast.com\/wordpress\/plugins\/seo\/ -->\n<title>Bedingungen und Konditionen - Funky Time Spiel<\/title>\n<meta name=\"description\" content=\"Diese Nutzungsvereinbarung (im Folgenden Vereinbarung) regelt das Verh\u00e4ltnis zwischen dem Eigent\u00fcmer (im Folgenden Verwaltung) einerseits und dem Nutzer\" \/>\n<meta name=\"robots\" content=\"index, follow, max-snippet:-1, max-image-preview:large, max-video-preview:-1\" \/>\n<link rel=\"canonical\" href=\"https:\/\/funkytime-live.com\/de\/bedingungen-konditionen\/\" \/>\n<meta property=\"og:locale\" content=\"de_DE\" \/>\n<meta property=\"og:type\" content=\"article\" \/>\n<meta property=\"og:title\" content=\"Bedingungen und Konditionen - Funky Time Spiel\" \/>\n<meta property=\"og:description\" content=\"Diese Nutzungsvereinbarung (im Folgenden Vereinbarung) regelt das Verh\u00e4ltnis zwischen dem Eigent\u00fcmer (im Folgenden Verwaltung) einerseits und dem Nutzer\" \/>\n<meta property=\"og:url\" content=\"https:\/\/funkytime-live.com\/de\/bedingungen-konditionen\/\" \/>\n<meta property=\"og:site_name\" content=\"Funky Time Spiel\" \/>\n<meta property=\"article:modified_time\" content=\"2023-08-11T13:51:47+00:00\" \/>\n<meta name=\"twitter:card\" content=\"summary_large_image\" \/>\n<meta name=\"twitter:label1\" content=\"Gesch\u00e4tzte Lesezeit\" \/>\n\t<meta name=\"twitter:data1\" content=\"2\u00a0Minuten\" \/>\n<script type=\"application\/ld+json\" class=\"yoast-schema-graph\">{\"@context\":\"https:\/\/schema.org\",\"@graph\":[{\"@type\":\"WebPage\",\"@id\":\"https:\/\/funkytime-live.com\/de\/bedingungen-konditionen\/\",\"url\":\"https:\/\/funkytime-live.com\/de\/bedingungen-konditionen\/\",\"name\":\"Bedingungen und Konditionen - Funky Time Spiel\",\"isPartOf\":{\"@id\":\"https:\/\/funkytime-live.com\/de\/#website\"},\"datePublished\":\"2023-07-06T20:55:47+00:00\",\"dateModified\":\"2023-08-11T13:51:47+00:00\",\"description\":\"Diese Nutzungsvereinbarung (im Folgenden Vereinbarung) regelt das Verh\u00e4ltnis zwischen dem Eigent\u00fcmer (im Folgenden Verwaltung) einerseits und dem Nutzer\",\"breadcrumb\":{\"@id\":\"https:\/\/funkytime-live.com\/de\/bedingungen-konditionen\/#breadcrumb\"},\"inLanguage\":\"de\",\"potentialAction\":[{\"@type\":\"ReadAction\",\"target\":[\"https:\/\/funkytime-live.com\/de\/bedingungen-konditionen\/\"]}]},{\"@type\":\"BreadcrumbList\",\"@id\":\"https:\/\/funkytime-live.com\/de\/bedingungen-konditionen\/#breadcrumb\",\"itemListElement\":[{\"@type\":\"ListItem\",\"position\":1,\"name\":\"\u0413\u043b\u0430\u0432\u043d\u0430\u044f \u0441\u0442\u0440\u0430\u043d\u0438\u0446\u0430\",\"item\":\"https:\/\/funkytime-live.com\/de\/\"},{\"@type\":\"ListItem\",\"position\":2,\"name\":\"Bedingungen und Konditionen\"}]},{\"@type\":\"WebSite\",\"@id\":\"https:\/\/funkytime-live.com\/de\/#website\",\"url\":\"https:\/\/funkytime-live.com\/de\/\",\"name\":\"Funky Time Spiel\",\"description\":\"\",\"potentialAction\":[{\"@type\":\"SearchAction\",\"target\":{\"@type\":\"EntryPoint\",\"urlTemplate\":\"https:\/\/funkytime-live.com\/de\/?s={search_term_string}\"},\"query-input\":\"required name=search_term_string\"}],\"inLanguage\":\"de\"}]}<\/script>\n<!-- \/ Yoast SEO plugin. -->","yoast_head_json":{"title":"Bedingungen und Konditionen - Funky Time Spiel","description":"Diese Nutzungsvereinbarung (im Folgenden Vereinbarung) regelt das Verh\u00e4ltnis zwischen dem Eigent\u00fcmer (im Folgenden Verwaltung) einerseits und dem Nutzer","robots":{"index":"index","follow":"follow","max-snippet":"max-snippet:-1","max-image-preview":"max-image-preview:large","max-video-preview":"max-video-preview:-1"},"canonical":"https:\/\/funkytime-live.com\/de\/bedingungen-konditionen\/","og_locale":"de_DE","og_type":"article","og_title":"Bedingungen und Konditionen - Funky Time Spiel","og_description":"Diese Nutzungsvereinbarung (im Folgenden Vereinbarung) regelt das Verh\u00e4ltnis zwischen dem Eigent\u00fcmer (im Folgenden Verwaltung) einerseits und dem Nutzer","og_url":"https:\/\/funkytime-live.com\/de\/bedingungen-konditionen\/","og_site_name":"Funky Time Spiel","article_modified_time":"2023-08-11T13:51:47+00:00","twitter_card":"summary_large_image","twitter_misc":{"Gesch\u00e4tzte Lesezeit":"2\u00a0Minuten"},"schema":{"@context":"https:\/\/schema.org","@graph":[{"@type":"WebPage","@id":"https:\/\/funkytime-live.com\/de\/bedingungen-konditionen\/","url":"https:\/\/funkytime-live.com\/de\/bedingungen-konditionen\/","name":"Bedingungen und Konditionen - Funky Time Spiel","isPartOf":{"@id":"https:\/\/funkytime-live.com\/de\/#website"},"datePublished":"2023-07-06T20:55:47+00:00","dateModified":"2023-08-11T13:51:47+00:00","description":"Diese Nutzungsvereinbarung (im Folgenden Vereinbarung) regelt das Verh\u00e4ltnis zwischen dem Eigent\u00fcmer (im Folgenden Verwaltung) einerseits und dem Nutzer","breadcrumb":{"@id":"https:\/\/funkytime-live.com\/de\/bedingungen-konditionen\/#breadcrumb"},"inLanguage":"de","potentialAction":[{"@type":"ReadAction","target":["https:\/\/funkytime-live.com\/de\/bedingungen-konditionen\/"]}]},{"@type":"BreadcrumbList","@id":"https:\/\/funkytime-live.com\/de\/bedingungen-konditionen\/#breadcrumb","itemListElement":[{"@type":"ListItem","position":1,"name":"\u0413\u043b\u0430\u0432\u043d\u0430\u044f \u0441\u0442\u0440\u0430\u043d\u0438\u0446\u0430","item":"https:\/\/funkytime-live.com\/de\/"},{"@type":"ListItem","position":2,"name":"Bedingungen und Konditionen"}]},{"@type":"WebSite","@id":"https:\/\/funkytime-live.com\/de\/#website","url":"https:\/\/funkytime-live.com\/de\/","name":"Funky Time Spiel","description":"","potentialAction":[{"@type":"SearchAction","target":{"@type":"EntryPoint","urlTemplate":"https:\/\/funkytime-live.com\/de\/?s={search_term_string}"},"query-input":"required name=search_term_string"}],"inLanguage":"de"}]}},"_links":{"self":[{"href":"https:\/\/funkytime-live.com\/de\/wp-json\/wp\/v2\/pages\/691","targetHints":{"allow":["GET"]}}],"collection":[{"href":"https:\/\/funkytime-live.com\/de\/wp-json\/wp\/v2\/pages"}],"about":[{"href":"https:\/\/funkytime-live.com\/de\/wp-json\/wp\/v2\/types\/page"}],"author":[{"embeddable":true,"href":"https:\/\/funkytime-live.com\/de\/wp-json\/wp\/v2\/users\/1"}],"replies":[{"embeddable":true,"href":"https:\/\/funkytime-live.com\/de\/wp-json\/wp\/v2\/comments?post=691"}],"version-history":[{"count":4,"href":"https:\/\/funkytime-live.com\/de\/wp-json\/wp\/v2\/pages\/691\/revisions"}],"predecessor-version":[{"id":862,"href":"https:\/\/funkytime-live.com\/de\/wp-json\/wp\/v2\/pages\/691\/revisions\/862"}],"wp:attachment":[{"href":"https:\/\/funkytime-live.com\/de\/wp-json\/wp\/v2\/media?parent=691"}],"wp:term":[{"taxonomy":"category","embeddable":true,"href":"https:\/\/funkytime-live.com\/de\/wp-json\/wp\/v2\/categories?post=691"},{"taxonomy":"post_tag","embeddable":true,"href":"https:\/\/funkytime-live.com\/de\/wp-json\/wp\/v2\/tags?post=691"}],"curies":[{"name":"wp","href":"https:\/\/api.w.org\/{rel}","templated":true}]}}