{"id":694,"date":"2023-07-07T18:13:14","date_gmt":"2023-07-07T15:13:14","guid":{"rendered":"https:\/\/funkytime-live.com\/?page_id=694"},"modified":"2023-08-11T16:46:55","modified_gmt":"2023-08-11T13:46:55","slug":"funky-time-pin-up","status":"publish","type":"page","link":"https:\/\/funkytime-live.com\/de\/funky-time-pin-up\/","title":{"rendered":"Funky Time Pin-Up"},"content":{"rendered":"<h2>Spielen Sie Funky Time Pin-Up<\/h2>\n<p>Pin-Up ist eines der beliebtesten online casinos f\u00fcr Spieler. Auf der offiziellen Website von Pin-Up finden Sie eine gro\u00dfe Anzahl von verschiedenen Slots, unter denen es eine spannende Live-Show Funky Time gibt. Um eine Spielsession zu beginnen, m\u00fcssen Sie auf die offizielle Website Pin-Up gehen, sich registrieren, Ihre erste Einzahlung machen, nach der Sie gro\u00dfz\u00fcgige Boni, Freispiele und Zugang zu allen Spielautomaten erhalten!<\/p>\n<h2>Wie man sich im Pin-Up Online Casino registriert<\/h2>\n<p>Wenn Sie ein Spielkonto erstellen, erhalten Sie Zugang zu allen Spielautomaten. Der Registrierungsprozess ist sehr einfach und wird nicht viel Zeit in Anspruch nehmen. Um ein Profil zu erstellen, ben\u00f6tigen Sie:<\/p>\n<ol>\n<li>Gehen Sie auf die offizielle Website von Pin Up und klicken Sie in der oberen rechten Ecke auf &#8222;Registrierung&#8220;;<\/li>\n<li>In dem sich \u00f6ffnenden Fenster w\u00e4hlen Sie aus, wie Sie ein Konto einrichten m\u00f6chten: per E-Mail oder per Handynummer;<\/li>\n<li>Je nach gew\u00e4hlter Variante f\u00fcllen Sie das Feld mit einer E-Mail Adresse oder einer Handynummer aus. Dies wird Ihr Login sein;<\/li>\n<li>Als n\u00e4chstes denken Sie sich ein sicheres Passwort aus und geben es in das freie Feld ein;<\/li>\n<li>Dann w\u00e4hlen Sie die Spielw\u00e4hrung, die f\u00fcr das Spiel verwendet werden soll. Das k\u00f6nnen Rubel, Dollar, Euro, Griwna und andere sein;<\/li>\n<li>Danach klicken Sie auf die Schaltfl\u00e4che &#8222;Registrieren&#8220;;<\/li>\n<li>Um die Aktivierung des Kontos zu best\u00e4tigen, m\u00fcssen Sie entweder dem Link in der Nachricht folgen, die Sie per E-Mail erhalten, oder den Code eingeben, der Ihnen per SMS auf Ihr Telefon geschickt wurde.<\/li>\n<\/ol>\n<p>Nach ein paar Minuten k\u00f6nnen Sie die Funky Time Live Show starten.<\/p>\n<h2>Einzahlung und Abhebung<\/h2>\n<h3>Einzahlung<\/h3>\n<p>Um bei Pin-Up Funky Time um Geld spielen zu k\u00f6nnen, m\u00fcssen Sie eine Einzahlung vornehmen. Um dies zu tun, m\u00fcssen Sie:<\/p>\n<ol>\n<li>Klicken Sie auf die Schaltfl\u00e4che &#8222;Kassierer&#8220;;<\/li>\n<li>W\u00e4hlen Sie eine bequeme Option, um Ihr Spielguthaben einzuzahlen. Dies kann sein: Bankkarten, Online-Geldb\u00f6rsen, sowie Kryptow\u00e4hrung;<\/li>\n<li>W\u00e4hlen Sie den Einzahlungsbetrag und best\u00e4tigen Sie den Vorgang.<\/li>\n<\/ol>\n<p>Sobald Sie alle Aktionen abgeschlossen haben, wird das Geld innerhalb von ein paar Minuten auf Ihr Spielkonto \u00fcberwiesen. Ein gro\u00dfes Plus der Plattform ist, dass sie eine Einzahlungsgeb\u00fchr von Ihnen nimmt.<\/p>\n<h2>Abhebung<\/h2>\n<p>Der Prozess der Abhebung ist so einfach wie die Einzahlung, und auch nicht nehmen Sie eine Menge Zeit.<\/p>\n<p>Um Ihre Gewinne abheben zu k\u00f6nnen, ben\u00f6tigen Sie:<\/p>\n<ol>\n<li>Gehen Sie zu Ihrem Profil und suchen Sie den Abschnitt &#8222;Abhebung&#8220;;<\/li>\n<li>Dort \u00f6ffnen Sie ein Fenster mit den Abhebungsm\u00f6glichkeiten. Sie unterscheiden sich nicht von den Optionen, die Sie bei einer Einzahlung haben. Wir empfehlen Ihnen, die gleiche Methode wie bei der Einzahlung zu verwenden. Dann kommt das Geld schneller auf Ihr Konto;<\/li>\n<li>W\u00e4hlen Sie einen Abhebungsbetrag;<\/li>\n<li>Best\u00e4tigen Sie den Vorgang, indem Sie auf die Schaltfl\u00e4che &#8222;Abheben&#8220; klicken.<\/li>\n<\/ol>\n<p>Genau wie bei der Einzahlung nimmt die Spielplattform keine Provision von Ihnen.<\/p>\n<h2>Pin-Up Bonusprogramm<\/h2>\n<ul>\n<li>\n<h3>Willkommensbonus<\/h3>\n<p>Sobald Sie den Registrierungsprozess abgeschlossen und zum ersten Mal ein Spielguthaben eingezahlt haben, bietet Ihnen das Online-Casino einen Willkommensbonus auf Ihr Guthaben. Sp\u00e4ter m\u00fcssen Sie diesen Bonus einsetzen.<\/li>\n<li>\n<h3>250 gratis spins<\/h3>\n<p>Gratis-Spins werden dem Benutzer auch in Form eines Willkommensbonus gegeben. Sp\u00e4ter werden Sie nicht in der Lage sein, zus\u00e4tzliche Spins separat zu erhalten.<\/li>\n<li>\n<h3>Promo-Codes<\/h3>\n<p>Pin-Up hat Promo-Codes, wenn sie verwendet werden, erh\u00e4lt der Benutzer entweder zus\u00e4tzliches Geld auf Einzahlung oder gratis Spins.<\/li>\n<li>\n<h3>Geburtstagsbonus<\/h3>\n<p>Jedes Geburtstagskind Pin-Up gibt ein Geschenk von extra Geld auf das Spiel Gleichgewicht. Dieser Bonus braucht nicht zu wetten.<\/li>\n<\/ul>\n<h2>Unterst\u00fctzung der Spieler<\/h2>\n<p>Wenn Sie eine Frage haben, k\u00f6nnen Sie den technischen Support um Hilfe bitten. Ein Team von Fachleuten wird Ihnen innerhalb von ein paar Minuten antworten und Ihnen helfen, Ihr Problem zu l\u00f6sen. Der Support arbeitet 24\/7.<\/p>\n<h2>Pin-Up Mobile App<\/h2>\n<h3>Android app<\/h3>\n<p>Auf Mobiltelefonen, die Android unterst\u00fctzen, k\u00f6nnen Sie die mobile Anwendung Pin-Up installieren, mit der Sie Ihre Lieblingsspiele spielen k\u00f6nnen. Das Wichtigste zum Starten einer Gaming-Sitzung ist eine stabile und gute Internetverbindung.<\/p>\n<h3>Pin-Up f\u00fcr iPhone (iOS)<\/h3>\n<p>Leider k\u00f6nnen Sie ab heute keine separate Anwendung zur Installation auf iOS-Ger\u00e4ten finden. Dies ist jedoch kein Grund zur Aufregung, da die Entwickler an die Benutzer gedacht haben, die lieber auf Mobiltelefonen spielen, und daher eine adaptive Version der Website erstellt haben, die sich automatisch an jeden Ger\u00e4tetyp anpasst.<\/p>\n<h2>Unser Urteil<\/h2>\n<p>Zusammenfassend kann man mit Sicherheit sagen, dass das Pin-Up Online Casino einer der besten Orte ist, um Funky Time zu spielen. Willst du spielen? Dann gehen Sie auf die offizielle Pin-Up-Website, registrieren Sie sich, t\u00e4tigen Sie eine Einzahlung, fangen Sie an zu spielen, und vielleicht sind Sie es, der Max Win bringt!<\/p>\n","protected":false},"excerpt":{"rendered":"<p>Spielen Sie Funky Time Pin-Up Pin-Up ist eines der beliebtesten online casinos f\u00fcr Spieler. Auf der offiziellen Website von Pin-Up finden Sie eine gro\u00dfe Anzahl von verschiedenen Slots, unter denen es eine spannende Live-Show Funky Time gibt. Um eine Spielsession zu beginnen, m\u00fcssen Sie auf die offizielle Website Pin-Up gehen, sich registrieren, Ihre erste Einzahlung [&hellip;]<\/p>\n","protected":false},"author":1,"featured_media":696,"parent":0,"menu_order":0,"comment_status":"closed","ping_status":"closed","template":"page-casino-de.php","meta":{"footnotes":""},"categories":[],"tags":[2],"class_list":["post-694","page","type-page","status-publish","has-post-thumbnail","hentry","tag-casino"],"yoast_head":"<!-- This site is optimized with the Yoast SEO plugin v20.10 - https:\/\/yoast.com\/wordpress\/plugins\/seo\/ -->\n<title>Spielen Sie Funky Time bei Pin-Up: Online Casino Registrierung<\/title>\n<meta name=\"description\" content=\"W\u00e4hlen Sie das Pin-Up online casino, um Funky Time zu spielen. Holen Sie sich alle Funktionen der offiziellen Version des Casinospiels. Pin-Up-Registrierung, Zugang zum Online-Spiel Funky Time\" \/>\n<meta name=\"robots\" content=\"index, follow, max-snippet:-1, max-image-preview:large, max-video-preview:-1\" \/>\n<link rel=\"canonical\" href=\"https:\/\/funkytime-live.com\/de\/funky-time-pin-up\/\" \/>\n<meta property=\"og:locale\" content=\"de_DE\" \/>\n<meta property=\"og:type\" content=\"article\" \/>\n<meta property=\"og:title\" content=\"Spielen Sie Funky Time bei Pin-Up: Online Casino Registrierung\" \/>\n<meta property=\"og:description\" content=\"W\u00e4hlen Sie das Pin-Up online casino, um Funky Time zu spielen. Holen Sie sich alle Funktionen der offiziellen Version des Casinospiels. Pin-Up-Registrierung, Zugang zum Online-Spiel Funky Time\" \/>\n<meta property=\"og:url\" content=\"https:\/\/funkytime-live.com\/de\/funky-time-pin-up\/\" \/>\n<meta property=\"og:site_name\" content=\"Funky Time Spiel\" \/>\n<meta property=\"article:modified_time\" content=\"2023-08-11T13:46:55+00:00\" \/>\n<meta property=\"og:image\" content=\"https:\/\/funkytime-live.com\/de\/wp-content\/uploads\/sites\/5\/2023\/07\/funky-time-pinup-thumb.jpg\" \/>\n\t<meta property=\"og:image:width\" content=\"1024\" \/>\n\t<meta property=\"og:image:height\" content=\"768\" \/>\n\t<meta property=\"og:image:type\" content=\"image\/jpeg\" \/>\n<meta name=\"twitter:card\" content=\"summary_large_image\" \/>\n<meta name=\"twitter:label1\" content=\"Gesch\u00e4tzte Lesezeit\" \/>\n\t<meta name=\"twitter:data1\" content=\"5\u00a0Minuten\" \/>\n<script type=\"application\/ld+json\" class=\"yoast-schema-graph\">{\"@context\":\"https:\/\/schema.org\",\"@graph\":[{\"@type\":\"WebPage\",\"@id\":\"https:\/\/funkytime-live.com\/de\/funky-time-pin-up\/\",\"url\":\"https:\/\/funkytime-live.com\/de\/funky-time-pin-up\/\",\"name\":\"Spielen Sie Funky Time bei Pin-Up: Online Casino Registrierung\",\"isPartOf\":{\"@id\":\"https:\/\/funkytime-live.com\/de\/#website\"},\"datePublished\":\"2023-07-07T15:13:14+00:00\",\"dateModified\":\"2023-08-11T13:46:55+00:00\",\"description\":\"W\u00e4hlen Sie das Pin-Up online casino, um Funky Time zu spielen. Holen Sie sich alle Funktionen der offiziellen Version des Casinospiels. Pin-Up-Registrierung, Zugang zum Online-Spiel Funky Time\",\"breadcrumb\":{\"@id\":\"https:\/\/funkytime-live.com\/de\/funky-time-pin-up\/#breadcrumb\"},\"inLanguage\":\"de\",\"potentialAction\":[{\"@type\":\"ReadAction\",\"target\":[\"https:\/\/funkytime-live.com\/de\/funky-time-pin-up\/\"]}]},{\"@type\":\"BreadcrumbList\",\"@id\":\"https:\/\/funkytime-live.com\/de\/funky-time-pin-up\/#breadcrumb\",\"itemListElement\":[{\"@type\":\"ListItem\",\"position\":1,\"name\":\"\u0413\u043b\u0430\u0432\u043d\u0430\u044f \u0441\u0442\u0440\u0430\u043d\u0438\u0446\u0430\",\"item\":\"https:\/\/funkytime-live.com\/de\/\"},{\"@type\":\"ListItem\",\"position\":2,\"name\":\"Funky Time Pin-Up\"}]},{\"@type\":\"WebSite\",\"@id\":\"https:\/\/funkytime-live.com\/de\/#website\",\"url\":\"https:\/\/funkytime-live.com\/de\/\",\"name\":\"Funky Time Spiel\",\"description\":\"\",\"potentialAction\":[{\"@type\":\"SearchAction\",\"target\":{\"@type\":\"EntryPoint\",\"urlTemplate\":\"https:\/\/funkytime-live.com\/de\/?s={search_term_string}\"},\"query-input\":\"required name=search_term_string\"}],\"inLanguage\":\"de\"}]}<\/script>\n<!-- \/ Yoast SEO plugin. -->","yoast_head_json":{"title":"Spielen Sie Funky Time bei Pin-Up: Online Casino Registrierung","description":"W\u00e4hlen Sie das Pin-Up online casino, um Funky Time zu spielen. Holen Sie sich alle Funktionen der offiziellen Version des Casinospiels. Pin-Up-Registrierung, Zugang zum Online-Spiel Funky Time","robots":{"index":"index","follow":"follow","max-snippet":"max-snippet:-1","max-image-preview":"max-image-preview:large","max-video-preview":"max-video-preview:-1"},"canonical":"https:\/\/funkytime-live.com\/de\/funky-time-pin-up\/","og_locale":"de_DE","og_type":"article","og_title":"Spielen Sie Funky Time bei Pin-Up: Online Casino Registrierung","og_description":"W\u00e4hlen Sie das Pin-Up online casino, um Funky Time zu spielen. Holen Sie sich alle Funktionen der offiziellen Version des Casinospiels. Pin-Up-Registrierung, Zugang zum Online-Spiel Funky Time","og_url":"https:\/\/funkytime-live.com\/de\/funky-time-pin-up\/","og_site_name":"Funky Time Spiel","article_modified_time":"2023-08-11T13:46:55+00:00","og_image":[{"width":1024,"height":768,"url":"https:\/\/funkytime-live.com\/de\/wp-content\/uploads\/sites\/5\/2023\/07\/funky-time-pinup-thumb.jpg","type":"image\/jpeg"}],"twitter_card":"summary_large_image","twitter_misc":{"Gesch\u00e4tzte Lesezeit":"5\u00a0Minuten"},"schema":{"@context":"https:\/\/schema.org","@graph":[{"@type":"WebPage","@id":"https:\/\/funkytime-live.com\/de\/funky-time-pin-up\/","url":"https:\/\/funkytime-live.com\/de\/funky-time-pin-up\/","name":"Spielen Sie Funky Time bei Pin-Up: Online Casino Registrierung","isPartOf":{"@id":"https:\/\/funkytime-live.com\/de\/#website"},"datePublished":"2023-07-07T15:13:14+00:00","dateModified":"2023-08-11T13:46:55+00:00","description":"W\u00e4hlen Sie das Pin-Up online casino, um Funky Time zu spielen. Holen Sie sich alle Funktionen der offiziellen Version des Casinospiels. Pin-Up-Registrierung, Zugang zum Online-Spiel Funky Time","breadcrumb":{"@id":"https:\/\/funkytime-live.com\/de\/funky-time-pin-up\/#breadcrumb"},"inLanguage":"de","potentialAction":[{"@type":"ReadAction","target":["https:\/\/funkytime-live.com\/de\/funky-time-pin-up\/"]}]},{"@type":"BreadcrumbList","@id":"https:\/\/funkytime-live.com\/de\/funky-time-pin-up\/#breadcrumb","itemListElement":[{"@type":"ListItem","position":1,"name":"\u0413\u043b\u0430\u0432\u043d\u0430\u044f \u0441\u0442\u0440\u0430\u043d\u0438\u0446\u0430","item":"https:\/\/funkytime-live.com\/de\/"},{"@type":"ListItem","position":2,"name":"Funky Time Pin-Up"}]},{"@type":"WebSite","@id":"https:\/\/funkytime-live.com\/de\/#website","url":"https:\/\/funkytime-live.com\/de\/","name":"Funky Time Spiel","description":"","potentialAction":[{"@type":"SearchAction","target":{"@type":"EntryPoint","urlTemplate":"https:\/\/funkytime-live.com\/de\/?s={search_term_string}"},"query-input":"required name=search_term_string"}],"inLanguage":"de"}]}},"_links":{"self":[{"href":"https:\/\/funkytime-live.com\/de\/wp-json\/wp\/v2\/pages\/694","targetHints":{"allow":["GET"]}}],"collection":[{"href":"https:\/\/funkytime-live.com\/de\/wp-json\/wp\/v2\/pages"}],"about":[{"href":"https:\/\/funkytime-live.com\/de\/wp-json\/wp\/v2\/types\/page"}],"author":[{"embeddable":true,"href":"https:\/\/funkytime-live.com\/de\/wp-json\/wp\/v2\/users\/1"}],"replies":[{"embeddable":true,"href":"https:\/\/funkytime-live.com\/de\/wp-json\/wp\/v2\/comments?post=694"}],"version-history":[{"count":5,"href":"https:\/\/funkytime-live.com\/de\/wp-json\/wp\/v2\/pages\/694\/revisions"}],"predecessor-version":[{"id":838,"href":"https:\/\/funkytime-live.com\/de\/wp-json\/wp\/v2\/pages\/694\/revisions\/838"}],"wp:featuredmedia":[{"embeddable":true,"href":"https:\/\/funkytime-live.com\/de\/wp-json\/wp\/v2\/media\/696"}],"wp:attachment":[{"href":"https:\/\/funkytime-live.com\/de\/wp-json\/wp\/v2\/media?parent=694"}],"wp:term":[{"taxonomy":"category","embeddable":true,"href":"https:\/\/funkytime-live.com\/de\/wp-json\/wp\/v2\/categories?post=694"},{"taxonomy":"post_tag","embeddable":true,"href":"https:\/\/funkytime-live.com\/de\/wp-json\/wp\/v2\/tags?post=694"}],"curies":[{"name":"wp","href":"https:\/\/api.w.org\/{rel}","templated":true}]}}