{"id":703,"date":"2023-07-07T23:52:24","date_gmt":"2023-07-07T20:52:24","guid":{"rendered":"https:\/\/funkytime-live.com\/?page_id=703"},"modified":"2023-08-11T16:47:36","modified_gmt":"2023-08-11T13:47:36","slug":"funky-time-vavada","status":"publish","type":"page","link":"https:\/\/funkytime-live.com\/de\/funky-time-vavada\/","title":{"rendered":"Funky Time Vavada"},"content":{"rendered":"<h2>Spielen Sie Funky Time Vavada<\/h2>\n<p>Vavada ist eine beliebte und einfache Spieleplattform. Wenn Sie die offizielle Website besuchen, finden Sie in der Kategorie &#8222;Live-Spiele&#8220; das Live-Geldspiel Funky Time. Der Spielautomat zieht jeden Tag mehr und mehr Nutzer an, weil es hier gro\u00dfe Gewinne und interessante Bonusrunden gibt.<\/p>\n<p>Glauben Sie, dass Sie der Gl\u00fcckliche sind, der den maximalen Gewinn mitnehmen wird? Dann gehen Sie schnell auf die offizielle Website von Vavada, registrieren Sie sich, f\u00fcgen Sie Ihrem Spielguthaben Geld hinzu und starten Sie eine Spielsitzung in Funky Time.<\/p>\n<h2>Wie man sich bei Vavada Casino registriert<\/h2>\n<p>Die Erstellung eines Spielkontos ist ein schneller und einfacher Prozess, den jeder nachvollziehen kann. Sobald Sie sich registriert haben, k\u00f6nnen Sie alle Spielautomaten spielen. Das online casino bietet seinen Nutzern 2 Optionen f\u00fcr die Registrierung:<\/p>\n<h3>Registrierung per E-Mail<\/h3>\n<ol>\n<li>Wenn Sie die offizielle Website von Vavada besuchen, sehen Sie in der oberen rechten Ecke eine gro\u00dfe rote Schaltfl\u00e4che &#8222;Registrierung&#8220;;<\/li>\n<li>Wenn Sie darauf klicken, \u00f6ffnet sich ein neues Fenster, in dem Sie folgende Felder ausf\u00fcllen: E-Mail und Passwort. Au\u00dferdem w\u00e4hlen Sie die W\u00e4hrung aus und stimmen den Allgemeinen Gesch\u00e4ftsbedingungen der Plattform zu;<\/li>\n<li>Sie erhalten eine E-Mail mit einem Link zu Ihrer E-Mail Adresse. Wenn Sie darauf klicken, aktivieren Sie Ihr Spielkonto;<\/li>\n<li>In Zukunft empfehlen wir Ihnen, die Angaben zu Ihren pers\u00f6nlichen Daten in Ihrem Profil zu vervollst\u00e4ndigen. Dazu m\u00fcssen Sie folgende Felder ausf\u00fcllen: Vorname, Nachname, Geschlecht, Geburtsdatum, Wohnsitzland und Telefonnummer.<\/li>\n<\/ol>\n<h3>Registrierung per Telefonnummer<\/h3>\n<ul>\n<li>Gehen Sie auf die offizielle Seite von Vavada und klicken Sie in der oberen rechten Ecke auf den gro\u00dfen roten Button &#8222;Registrierung&#8220;;<\/li>\n<li>Wenn Sie darauf klicken, \u00f6ffnet sich ein Fenster, in dem Sie folgende Felder ausf\u00fcllen m\u00fcssen: Telefonnummer, Passwort, W\u00e4hrung, sowie die Best\u00e4tigung, dass Sie die Regeln und Bedingungen des online casinos gelesen haben;<\/li>\n<li>Sie erhalten eine SMS-Nachricht an Ihre Telefonnummer mit einem Code zur Best\u00e4tigung Ihres Profils. In dem sich \u00f6ffnenden Fenster m\u00fcssen Sie diesen eingeben;<\/li>\n<li>F\u00fcllen Sie das Spielprofil aus, indem Sie Informationen \u00fcber pers\u00f6nliche Daten hinzuf\u00fcgen. Der Benutzer f\u00fcllt die folgenden Felder aus: Vorname, Nachname, Geschlecht, Geburtsdatum, Wohnsitzland und E-Mail Adresse.<\/li>\n<\/ul>\n<p>Nachdem Sie ein Spielprofil erstellt und eine Einzahlung get\u00e4tigt haben, k\u00f6nnen Sie mit dem Spielen Ihrer Lieblings-Spielautomaten beginnen.<\/p>\n<h2>Einzahlung und Abhebung von Geldern<\/h2>\n<p>In diesem Abschnitt werden wir ausf\u00fchrlich \u00fcber schnelle und vor allem sichere Ein- und Auszahlungsm\u00f6glichkeiten berichten.<\/p>\n<h3>Wiederherstellung der Spielbalance<\/h3>\n<p>Vavada bietet mehrere Einzahlungsm\u00f6glichkeiten an, von denen Sie die f\u00fcr Sie passende finden werden. Wir haben eine Liste der beliebtesten Optionen f\u00fcr die Aufladung erstellt:<\/p>\n<h4>Bankkarten<\/h4>\n<ul>\n<li>Visa;<\/li>\n<li>Mastercard;<\/li>\n<li>und andere.<\/li>\n<\/ul>\n<p>Die Einzahlung mit Bankkarten ist die beliebteste Option unter den Nutzern. Um diese Einzahlungsmethode zu nutzen, m\u00fcssen Sie die Felder mit den Bankkartendaten und dem Einzahlungsbetrag ausf\u00fcllen. Danach m\u00fcssen Sie die Transaktion nur noch best\u00e4tigen. Die Transaktion ist sehr schnell, so dass das Geld innerhalb weniger Sekunden auf Ihrem Spielkonto ankommt.<\/p>\n<h4>Elektronische Geldb\u00f6rsen<\/h4>\n<ul>\n<li>WebMoney;<\/li>\n<li>Skrill;<\/li>\n<li>Neteller<\/li>\n<li>und andere.<\/li>\n<\/ul>\n<p>Internet-Geldb\u00f6rsen sind aufgrund ihrer Schnelligkeit und Sicherheit bei den Spielern ebenfalls sehr gefragt. Um eine Einzahlung vorzunehmen, m\u00fcssen Sie ein E-Wallet ausw\u00e4hlen und eine Einzahlung mit den Autorisierungsdaten vornehmen.<\/p>\n<h4>Kryptow\u00e4hrung<\/h4>\n<ul>\n<li>Bitcoin;<\/li>\n<li>Etherium;<\/li>\n<li>und andere.<\/li>\n<\/ul>\n<p>Vavada bietet auch die Verwendung von Kryptow\u00e4hrungen f\u00fcr die Einzahlung. Diese Methode hat ein hohes Ma\u00df an Anonymit\u00e4t, Geschwindigkeit und Zuverl\u00e4ssigkeit der Transaktion.<\/p>\n<h3>Abheben von Geldern<\/h3>\n<p>Der Abhebungsprozess ist genauso schnell und intuitiv wie der Einzahlungsprozess. Beliebte Optionen f\u00fcr die Abhebung von Gewinnen:<\/p>\n<h4>Bankkarten<\/h4>\n<ul>\n<li>Visa;<\/li>\n<li>Mastercard;<\/li>\n<li>und andere.<\/li>\n<\/ul>\n<p>Abhebungen per Bankkarte sind bei den Nutzern am beliebtesten. Der Prozess kann zwischen 5 Minuten und 30 Tagen variieren, abh\u00e4ngig von der H\u00f6he des gewonnenen Geldes und den Bedingungen der Plattform.<\/p>\n<h4>Elektronische Geldb\u00f6rsen<\/h4>\n<ul>\n<li>WebMoney;<\/li>\n<li>Skrill;<\/li>\n<li>Neteller<\/li>\n<li>und andere.<\/li>\n<\/ul>\n<p>Bei der Verwendung von Internet-Geldb\u00f6rsen erfolgen Auszahlungen sehr schnell und mit nur wenigen Verz\u00f6gerungen. Die Anfrage wird innerhalb von Sekunden bearbeitet und das gewonnene Geld kommt innerhalb weniger Stunden oder Tage an, je nach der von Ihnen gew\u00e4hlten Online-Geldb\u00f6rse, der H\u00f6he des Gewinns und den Bedingungen des online casinos.<\/p>\n<h4>Kryptow\u00e4hrung<\/h4>\n<ul>\n<li>Bitcoin;<\/li>\n<li>Etherium;<\/li>\n<li>und andere.<\/li>\n<\/ul>\n<p>Das online casino bietet die Verwendung von Kryptow\u00e4hrungen zur Auszahlung von Geldern an. Diese Methode bietet vollst\u00e4ndige Anonymit\u00e4t und Sicherheit der Transaktion. Die Bearbeitungszeit der Anfrage variiert, aber meistens kommt das Geld schnell.<\/p>\n<h2>Vavada Bonusprogramm<\/h2>\n<ul>\n<li>\n<h3>100% Bonus f\u00fcr die erste Einzahlung<\/h3>\n<p>Jeder neue Spieler erh\u00e4lt einen 100 % Bonus f\u00fcr die erste Einzahlung vom Vavada Online Casino. Mit diesem Bonus verdoppelt der Benutzer seine Einzahlung, was ihm eine lange Spielsitzung beschert. Damit ist der Bonus einer der gro\u00dfz\u00fcgigsten auf dem gesamten Gl\u00fccksspielmarkt. Um den Bonus zu erhalten, m\u00fcssen Sie sich lediglich registrieren, Ihr Spielguthaben aufladen und sich \u00fcber das zus\u00e4tzliche Guthaben freuen.<\/li>\n<li>\n<h3>100 gratis spins f\u00fcr Registrierung und Einzahlung<\/h3>\n<p>Zus\u00e4tzlich zur Verdopplung Ihrer Einzahlung k\u00f6nnen Sie 100 Freispiele erhalten, direkt nach der Registrierung und der ersten Einzahlung. Dieser Bonus erm\u00f6glicht es dem Spieler, verschiedene Spielautomaten auszuprobieren und denjenigen zu w\u00e4hlen, der ihm am besten gef\u00e4llt, ohne sein Spielguthaben zu riskieren. Bitte beachten Sie, dass Sie Freispiele nicht f\u00fcr alle Spielautomaten verwenden k\u00f6nnen, sondern nur f\u00fcr die, die vom online casino angeboten werden.<\/li>\n<li>\n<h3>10 % Cashback f\u00fcr alle Benutzer<\/h3>\n<p>Jeder Spieler erh\u00e4lt 10% Cashback vom Online-Casino. Dank dieses Bonus k\u00f6nnen Sie einen Teil des verlorenen Geldes zur\u00fcckerhalten, was das Ende einer schlechten Spielsitzung aufhellt. Cashback wird automatisch gutgeschrieben, aber der Prozentsatz der R\u00fcckgabe h\u00e4ngt vom Status im Treueprogramm ab. Je h\u00f6her die Stufe, desto h\u00f6her ist der Prozentsatz des Cashbacks.<\/li>\n<li>\n<h3>Promo-Codes<\/h3>\n<p>Manchmal bietet Vavada seinen Nutzern verschiedene Promo-Codes an, mit denen der Spieler zus\u00e4tzliches Geld auf sein Spielguthaben, Freispiele oder andere Boni erh\u00e4lt. Um keine Promo-Codes zu verpassen, nehmen Sie an Promotionen teil und abonnieren Sie den Newsletter von Benachrichtigungen von online casino. So bleiben Sie immer auf dem Laufenden \u00fcber alle Neuigkeiten auf der Spielplattform.<\/li>\n<\/ul>\n<h2>Unterst\u00fctzung der Spieler<\/h2>\n<p>Wenn Sie Fragen haben, k\u00f6nnen Sie sich gerne an den technischen Support von Vavada online casino wenden. Ein Team von Fachleuten wird Ihnen innerhalb von Minuten antworten und Ihnen helfen, Ihr Problem zu l\u00f6sen. Sie k\u00f6nnen t\u00e4glich zu jeder Tages- und Nachtzeit um Hilfe bitten. Um sich mit dem technischen Support in Verbindung zu setzen, m\u00fcssen Sie auf die goldene Schaltfl\u00e4che &#8222;Hilfe&#8220; in der oberen rechten Ecke klicken. Nach dem Anklicken \u00f6ffnet sich ein Online-Chat, in dem Sie eine Frage stellen oder um Hilfe bei Ihrem Problem bitten k\u00f6nnen.<\/p>\n<h2>Vavada Mobile App<\/h2>\n<p>Leider gibt es derzeit weder f\u00fcr Android noch f\u00fcr iOS eine separate mobile App f\u00fcr das Vavada Online Casino. Die Entwickler der Spielplattform haben sich jedoch bem\u00fcht und eine adaptive Version des Online-Casinos erstellt, die sich automatisch an jedes Ger\u00e4t anpasst.<\/p>\n<h2>Unser Urteil<\/h2>\n<p>Zusammenfassend k\u00f6nnen wir sagen, dass das Vavada online casino eine der besten Gl\u00fccksspielplattformen ist, um Funky Time zu spielen. M\u00f6chten Sie Funky Time spielen? Dann besuchen Sie die offizielle Website \u00fcber den Link auf unserer Website, registrieren Sie sich, machen Sie eine Einzahlung und beginnen Sie mit der spannenden Funky Time Live-Show!<\/p>\n","protected":false},"excerpt":{"rendered":"<p>Spielen Sie Funky Time Vavada Vavada ist eine beliebte und einfache Spieleplattform. Wenn Sie die offizielle Website besuchen, finden Sie in der Kategorie &#8222;Live-Spiele&#8220; das Live-Geldspiel Funky Time. Der Spielautomat zieht jeden Tag mehr und mehr Nutzer an, weil es hier gro\u00dfe Gewinne und interessante Bonusrunden gibt. Glauben Sie, dass Sie der Gl\u00fcckliche sind, der [&hellip;]<\/p>\n","protected":false},"author":1,"featured_media":712,"parent":0,"menu_order":0,"comment_status":"closed","ping_status":"closed","template":"page-casino-de.php","meta":{"footnotes":""},"categories":[],"tags":[2],"class_list":["post-703","page","type-page","status-publish","has-post-thumbnail","hentry","tag-casino"],"yoast_head":"<!-- This site is optimized with the Yoast SEO plugin v20.10 - https:\/\/yoast.com\/wordpress\/plugins\/seo\/ -->\n<title>Spielen Sie Funky Time bei Vavada: Online Casino Registrierung<\/title>\n<meta name=\"description\" content=\"W\u00e4hlen Sie das Vavada online casino, um Funky Time zu spielen. Holen Sie sich alle Funktionen der offiziellen Version des Casinospiels. Vavada-Registrierung, Zugang zum Online-Spiel Funky Time\" \/>\n<meta name=\"robots\" content=\"index, follow, max-snippet:-1, max-image-preview:large, max-video-preview:-1\" \/>\n<link rel=\"canonical\" href=\"https:\/\/funkytime-live.com\/de\/funky-time-vavada\/\" \/>\n<meta property=\"og:locale\" content=\"de_DE\" \/>\n<meta property=\"og:type\" content=\"article\" \/>\n<meta property=\"og:title\" content=\"Spielen Sie Funky Time bei Vavada: Online Casino Registrierung\" \/>\n<meta property=\"og:description\" content=\"W\u00e4hlen Sie das Vavada online casino, um Funky Time zu spielen. Holen Sie sich alle Funktionen der offiziellen Version des Casinospiels. Vavada-Registrierung, Zugang zum Online-Spiel Funky Time\" \/>\n<meta property=\"og:url\" content=\"https:\/\/funkytime-live.com\/de\/funky-time-vavada\/\" \/>\n<meta property=\"og:site_name\" content=\"Funky Time Spiel\" \/>\n<meta property=\"article:modified_time\" content=\"2023-08-11T13:47:36+00:00\" \/>\n<meta property=\"og:image\" content=\"https:\/\/funkytime-live.com\/de\/wp-content\/uploads\/sites\/5\/2023\/07\/funky-time-vavada-thumb.jpg\" \/>\n\t<meta property=\"og:image:width\" content=\"1024\" \/>\n\t<meta property=\"og:image:height\" content=\"768\" \/>\n\t<meta property=\"og:image:type\" content=\"image\/jpeg\" \/>\n<meta name=\"twitter:card\" content=\"summary_large_image\" \/>\n<meta name=\"twitter:label1\" content=\"Gesch\u00e4tzte Lesezeit\" \/>\n\t<meta name=\"twitter:data1\" content=\"7\u00a0Minuten\" \/>\n<script type=\"application\/ld+json\" class=\"yoast-schema-graph\">{\"@context\":\"https:\/\/schema.org\",\"@graph\":[{\"@type\":\"WebPage\",\"@id\":\"https:\/\/funkytime-live.com\/de\/funky-time-vavada\/\",\"url\":\"https:\/\/funkytime-live.com\/de\/funky-time-vavada\/\",\"name\":\"Spielen Sie Funky Time bei Vavada: Online Casino Registrierung\",\"isPartOf\":{\"@id\":\"https:\/\/funkytime-live.com\/de\/#website\"},\"datePublished\":\"2023-07-07T20:52:24+00:00\",\"dateModified\":\"2023-08-11T13:47:36+00:00\",\"description\":\"W\u00e4hlen Sie das Vavada online casino, um Funky Time zu spielen. Holen Sie sich alle Funktionen der offiziellen Version des Casinospiels. Vavada-Registrierung, Zugang zum Online-Spiel Funky Time\",\"breadcrumb\":{\"@id\":\"https:\/\/funkytime-live.com\/de\/funky-time-vavada\/#breadcrumb\"},\"inLanguage\":\"de\",\"potentialAction\":[{\"@type\":\"ReadAction\",\"target\":[\"https:\/\/funkytime-live.com\/de\/funky-time-vavada\/\"]}]},{\"@type\":\"BreadcrumbList\",\"@id\":\"https:\/\/funkytime-live.com\/de\/funky-time-vavada\/#breadcrumb\",\"itemListElement\":[{\"@type\":\"ListItem\",\"position\":1,\"name\":\"\u0413\u043b\u0430\u0432\u043d\u0430\u044f \u0441\u0442\u0440\u0430\u043d\u0438\u0446\u0430\",\"item\":\"https:\/\/funkytime-live.com\/de\/\"},{\"@type\":\"ListItem\",\"position\":2,\"name\":\"Funky Time Vavada\"}]},{\"@type\":\"WebSite\",\"@id\":\"https:\/\/funkytime-live.com\/de\/#website\",\"url\":\"https:\/\/funkytime-live.com\/de\/\",\"name\":\"Funky Time Spiel\",\"description\":\"\",\"potentialAction\":[{\"@type\":\"SearchAction\",\"target\":{\"@type\":\"EntryPoint\",\"urlTemplate\":\"https:\/\/funkytime-live.com\/de\/?s={search_term_string}\"},\"query-input\":\"required name=search_term_string\"}],\"inLanguage\":\"de\"}]}<\/script>\n<!-- \/ Yoast SEO plugin. -->","yoast_head_json":{"title":"Spielen Sie Funky Time bei Vavada: Online Casino Registrierung","description":"W\u00e4hlen Sie das Vavada online casino, um Funky Time zu spielen. Holen Sie sich alle Funktionen der offiziellen Version des Casinospiels. Vavada-Registrierung, Zugang zum Online-Spiel Funky Time","robots":{"index":"index","follow":"follow","max-snippet":"max-snippet:-1","max-image-preview":"max-image-preview:large","max-video-preview":"max-video-preview:-1"},"canonical":"https:\/\/funkytime-live.com\/de\/funky-time-vavada\/","og_locale":"de_DE","og_type":"article","og_title":"Spielen Sie Funky Time bei Vavada: Online Casino Registrierung","og_description":"W\u00e4hlen Sie das Vavada online casino, um Funky Time zu spielen. Holen Sie sich alle Funktionen der offiziellen Version des Casinospiels. Vavada-Registrierung, Zugang zum Online-Spiel Funky Time","og_url":"https:\/\/funkytime-live.com\/de\/funky-time-vavada\/","og_site_name":"Funky Time Spiel","article_modified_time":"2023-08-11T13:47:36+00:00","og_image":[{"width":1024,"height":768,"url":"https:\/\/funkytime-live.com\/de\/wp-content\/uploads\/sites\/5\/2023\/07\/funky-time-vavada-thumb.jpg","type":"image\/jpeg"}],"twitter_card":"summary_large_image","twitter_misc":{"Gesch\u00e4tzte Lesezeit":"7\u00a0Minuten"},"schema":{"@context":"https:\/\/schema.org","@graph":[{"@type":"WebPage","@id":"https:\/\/funkytime-live.com\/de\/funky-time-vavada\/","url":"https:\/\/funkytime-live.com\/de\/funky-time-vavada\/","name":"Spielen Sie Funky Time bei Vavada: Online Casino Registrierung","isPartOf":{"@id":"https:\/\/funkytime-live.com\/de\/#website"},"datePublished":"2023-07-07T20:52:24+00:00","dateModified":"2023-08-11T13:47:36+00:00","description":"W\u00e4hlen Sie das Vavada online casino, um Funky Time zu spielen. Holen Sie sich alle Funktionen der offiziellen Version des Casinospiels. Vavada-Registrierung, Zugang zum Online-Spiel Funky Time","breadcrumb":{"@id":"https:\/\/funkytime-live.com\/de\/funky-time-vavada\/#breadcrumb"},"inLanguage":"de","potentialAction":[{"@type":"ReadAction","target":["https:\/\/funkytime-live.com\/de\/funky-time-vavada\/"]}]},{"@type":"BreadcrumbList","@id":"https:\/\/funkytime-live.com\/de\/funky-time-vavada\/#breadcrumb","itemListElement":[{"@type":"ListItem","position":1,"name":"\u0413\u043b\u0430\u0432\u043d\u0430\u044f \u0441\u0442\u0440\u0430\u043d\u0438\u0446\u0430","item":"https:\/\/funkytime-live.com\/de\/"},{"@type":"ListItem","position":2,"name":"Funky Time Vavada"}]},{"@type":"WebSite","@id":"https:\/\/funkytime-live.com\/de\/#website","url":"https:\/\/funkytime-live.com\/de\/","name":"Funky Time Spiel","description":"","potentialAction":[{"@type":"SearchAction","target":{"@type":"EntryPoint","urlTemplate":"https:\/\/funkytime-live.com\/de\/?s={search_term_string}"},"query-input":"required name=search_term_string"}],"inLanguage":"de"}]}},"_links":{"self":[{"href":"https:\/\/funkytime-live.com\/de\/wp-json\/wp\/v2\/pages\/703","targetHints":{"allow":["GET"]}}],"collection":[{"href":"https:\/\/funkytime-live.com\/de\/wp-json\/wp\/v2\/pages"}],"about":[{"href":"https:\/\/funkytime-live.com\/de\/wp-json\/wp\/v2\/types\/page"}],"author":[{"embeddable":true,"href":"https:\/\/funkytime-live.com\/de\/wp-json\/wp\/v2\/users\/1"}],"replies":[{"embeddable":true,"href":"https:\/\/funkytime-live.com\/de\/wp-json\/wp\/v2\/comments?post=703"}],"version-history":[{"count":4,"href":"https:\/\/funkytime-live.com\/de\/wp-json\/wp\/v2\/pages\/703\/revisions"}],"predecessor-version":[{"id":841,"href":"https:\/\/funkytime-live.com\/de\/wp-json\/wp\/v2\/pages\/703\/revisions\/841"}],"wp:featuredmedia":[{"embeddable":true,"href":"https:\/\/funkytime-live.com\/de\/wp-json\/wp\/v2\/media\/712"}],"wp:attachment":[{"href":"https:\/\/funkytime-live.com\/de\/wp-json\/wp\/v2\/media?parent=703"}],"wp:term":[{"taxonomy":"category","embeddable":true,"href":"https:\/\/funkytime-live.com\/de\/wp-json\/wp\/v2\/categories?post=703"},{"taxonomy":"post_tag","embeddable":true,"href":"https:\/\/funkytime-live.com\/de\/wp-json\/wp\/v2\/tags?post=703"}],"curies":[{"name":"wp","href":"https:\/\/api.w.org\/{rel}","templated":true}]}}