{"id":719,"date":"2023-07-08T00:25:20","date_gmt":"2023-07-07T21:25:20","guid":{"rendered":"https:\/\/funkytime-live.com\/?page_id=719"},"modified":"2023-08-11T16:46:21","modified_gmt":"2023-08-11T13:46:21","slug":"funky-time-1win","status":"publish","type":"page","link":"https:\/\/funkytime-live.com\/de\/funky-time-1win\/","title":{"rendered":"Funky Time 1win"},"content":{"rendered":"<h2>Spielen Sie Funky Time 1win<\/h2>\n<p>1win ist ein Buchmacher und Online Casino, mit einer gro\u00dfen Anzahl von Spielern auf der ganzen Welt. Die offizielle Website der Plattform ist in dunklen Farben gehalten und erfreut die Augen mit ihrem modernen und stilvollen Design.<\/p>\n<p>Um Funky Time zu spielen, gehen Sie einfach in den Live-Casino-Bereich und Sie werden sehen, dass das Spiel an zweiter Stelle steht, hinter dem ber\u00fchmten Crazy Time vom gleichen Entwickler Evolution. Sind Sie der Meinung, dass Sie derjenige sind, der es wert ist, den maximalen Gewinn abzuholen? Dann besuchen Sie die offizielle 1win Website \u00fcber unseren Link, registrieren Sie sich in weniger als 1 Minute, kassieren Sie ab und beginnen Sie mit dem Spiel um echtes Geld.<\/p>\n<h2>Registrierung im 1win online casino<\/h2>\n<p>Der Registrierungsprozess im Online Casino 1win ist einfach und schnell. Nach Abschluss der Registrierung werden Ihnen alle Spielautomaten zur Verf\u00fcgung stehen, um um Geld zu spielen. Sobald Sie beginnen, Ihr Konto zu erstellen, haben Sie die Wahl zwischen zwei M\u00f6glichkeiten, sich zu registrieren:<\/p>\n<h3>Schnelle Registrierung<\/h3>\n<ol>\n<li>Wenn Sie zur offiziellen Website 1vin gehen, sehen Sie in der oberen rechten Ecke einen gro\u00dfen gr\u00fcnen Button &#8222;Registrierung&#8220;;<\/li>\n<li>Wenn Sie darauf klicken, \u00f6ffnet sich ein Fenster, in dem Sie die Felder E-Mail-Adresse, Handynummer und Passwort ausf\u00fcllen und die W\u00e4hrung ausw\u00e4hlen m\u00fcssen. Die Plattform bietet 59 m\u00f6gliche W\u00e4hrungsoptionen. Sie k\u00f6nnen keine Kryptow\u00e4hrung verwenden.<\/li>\n<li>Danach best\u00e4tigen Sie, dass Sie die Allgemeinen Gesch\u00e4ftsbedingungen des Online-Casinos gelesen haben und geben im kostenlosen Feld einen Promo-Code ein;<\/li>\n<li>Anschlie\u00dfend erhalten Sie eine E-Mail mit einem Link, der Ihr Spielprofil aktiviert.<\/li>\n<\/ol>\n<h3>Registrierung bei sozialen Netzwerken<\/h3>\n<ol>\n<li>Gehen Sie auf die offizielle Website des Online-Casinos 1win. In der oberen rechten Ecke sehen Sie eine gro\u00dfe gr\u00fcne Schaltfl\u00e4che &#8222;Registrierung&#8220;;<\/li>\n<li>Wenn Sie darauf klicken, \u00f6ffnet sich ein neues Fenster, in dem Sie ausw\u00e4hlen k\u00f6nnen, wie Sie sich \u00fcber soziale Netzwerke registrieren m\u00f6chten;<\/li>\n<li>Als n\u00e4chstes w\u00e4hlen Sie das soziale Netzwerk aus, das mit Ihrem Spielprofil verkn\u00fcpft werden soll. Dies kann sein: Telegram oder Google;<\/li>\n<li>Dann w\u00e4hlen Sie die Spielw\u00e4hrung aus, geben einen Promo-Code ein, falls Sie einen haben, und best\u00e4tigen, dass Sie mit den Regeln f\u00fcr die Nutzung von Online-Casinos vertraut sind;<\/li>\n<li>Sp\u00e4ter erhalten Sie \u00fcber das von Ihnen gew\u00e4hlte soziale Netzwerk einen Brief oder eine SMS, um die Anmeldung zu best\u00e4tigen. Sie geben den Code ein oder folgen dem Link, und dann k\u00f6nnen Sie anfangen, Ihre Lieblings-Spielautomaten zu spielen.<\/li>\n<\/ol>\n<h2>Einzahlung und Abhebung<\/h2>\n<h3>Einzahlung<\/h3>\n<p>Die Auff\u00fcllung des Spielkontos steht nur denjenigen Benutzern zur Verf\u00fcgung, die im System des Online-Casinos autorisiert sind. Um eine Einzahlung zu t\u00e4tigen, ben\u00f6tigen Sie:<\/p>\n<ol>\n<li>In der oberen rechten Ecke, wo sich die Schaltfl\u00e4che &#8222;Registrierung&#8220; befand, gibt es eine Schaltfl\u00e4che &#8222;Einzahlung mit einem Klick&#8220;;<\/li>\n<li>Wenn Sie darauf klicken, k\u00f6nnen Sie in einem neuen Fenster ausw\u00e4hlen, wie Sie einzahlen m\u00f6chten. Es kann eine Bankkarte, eine Telefonnummer, eine Online-Geldb\u00f6rse und eine Kryptow\u00e4hrung sein;<\/li>\n<li>Dann f\u00fcllen Sie das Feld mit einem Promo-Code aus, wenn Sie einen haben;<\/li>\n<li>Dann w\u00e4hlen Sie den Aufladebetrag. Beachten Sie, dass es je nach Einzahlungsoption, die Sie w\u00e4hlen, ihre eigenen Mindest- und H\u00f6chstbetr\u00e4ge geben wird;<\/li>\n<li>Best\u00e4tigen Sie den Vorgang, woraufhin das Geld auf Ihr Spielkonto \u00fcberwiesen wird.<\/li>\n<\/ol>\n<h3>Geld abheben<\/h3>\n<p>Der Auszahlungsprozess ist genauso schnell und einfach wie die Einzahlung. F\u00fcr die Auszahlung ben\u00f6tigen Sie:<\/p>\n<ol>\n<li>Gehen Sie zu Ihrem pers\u00f6nlichen Kabinett;<\/li>\n<li>Klicken Sie auf die Schaltfl\u00e4che &#8222;Abheben&#8220;;<\/li>\n<li>W\u00e4hlen Sie die Abhebungsoption, mit der Sie sich wohl f\u00fchlen. Es kann sein: Bankkarte, E-Wallet und Kryptow\u00e4hrung;<\/li>\n<li>Dann w\u00e4hlen Sie den Abhebungsbetrag und best\u00e4tigen den Vorgang.<\/li>\n<\/ol>\n<p>Buchst\u00e4blich in ein paar Minuten wird das gewonnene Geld auf die gew\u00e4hlte Auszahlungsmethode \u00fcberwiesen. Wir empfehlen, f\u00fcr die Auszahlung dieselbe Option zu verwenden, die Sie f\u00fcr die Einzahlung genutzt haben. Auf diese Weise wird der Prozess der Einzahlung und Auszahlung schneller sein.<\/p>\n<h2>1win Bonusprogramm<\/h2>\n<ul>\n<li>\n<h3>Willkommensbonus<\/h3>\n<p>Bei der ersten Einzahlung erh\u00e4lt der Nutzer einen Willkommensbonus. Dieser kann bis zu 500% auf die Einzahlung f\u00fcr Wetten in Spielautomaten und Sportveranstaltungen oder 70 Freespins in bestimmten Spielautomaten betragen.<\/li>\n<li>\n<h3>Turniere<\/h3>\n<p>Im 1win Online Casino finden regelm\u00e4\u00dfig Turniere statt. Wenn Sie sie gewinnen, erhalten Sie alle Arten von Chips wie: zus\u00e4tzliches Geld in der Spielbilanz und Freispiele.<\/li>\n<li>\n<h3>Installieren der mobilen App<\/h3>\n<p>Jeder Benutzer erh\u00e4lt eine Geldpr\u00e4mie, wenn Sie die mobile 1win-App installieren. Um den Bonus zu erhalten, m\u00fcssen Sie sich registrieren oder bei der mobilen App anmelden. Anschlie\u00dfend wird das Geld automatisch Ihrem Spielguthaben gutgeschrieben.<\/li>\n<li>\n<h3>Abonnieren Sie Benachrichtigungen<\/h3>\n<p>Jeder Kunde der Gl\u00fccksspielplattform erh\u00e4lt einen zus\u00e4tzlichen Bonus, wenn er sich f\u00fcr die Benachrichtigungen anmeldet. Um diesen Bonus zu erhalten, loggen Sie sich einfach in Ihr Konto ein und es erscheint ein Fenster auf dem Bildschirm, in dem Sie Ihr Abonnement f\u00fcr Benachrichtigungen best\u00e4tigen k\u00f6nnen.<\/li>\n<\/ul>\n<h2>Unterst\u00fctzung der Spieler<\/h2>\n<p>Wenn Sie Fragen haben, k\u00f6nnen Sie das technische Support-Team von 1win um Hilfe bitten. Ein Team von Fachleuten wird innerhalb weniger Minuten antworten und Ihnen bei der L\u00f6sung jedes Problems helfen. Sie sind rund um die Uhr verf\u00fcgbar. Sie k\u00f6nnen den technischen Support per Online-Chat im online casino oder per E-Mail kontaktieren.<\/p>\n<h2>1win Mobile App<\/h2>\n<p>Im Laufe der Zeit wurde dem online casino 1win klar, dass immer mehr Benutzer Spielautomaten \u00fcber ihre Mobilger\u00e4te spielten. Daher hat die Plattform ihre mobile App sowohl f\u00fcr iOS als auch f\u00fcr Android verf\u00fcgbar gemacht. Um Ihre Lieblings-Video-Slots spielen zu k\u00f6nnen, ben\u00f6tigen Sie eine stabile und gute Internetverbindung.<\/p>\n<h2>Unser Urteil<\/h2>\n<p>Um unsere Bewertung zusammenzufassen, kann man mit Sicherheit sagen, dass das 1win Online Casino eine gro\u00dfartige Spieleplattform ist, um Funky Time Live-Shows zu spielen. Willst du Funky Time spielen? Dann gehen Sie \u00fcber den Link auf unserer Website zur offiziellen 1win-Website, registrieren Sie sich, t\u00e4tigen Sie eine Einzahlung und beginnen Sie zu spielen!<\/p>\n","protected":false},"excerpt":{"rendered":"<p>Spielen Sie Funky Time 1win 1win ist ein Buchmacher und Online Casino, mit einer gro\u00dfen Anzahl von Spielern auf der ganzen Welt. Die offizielle Website der Plattform ist in dunklen Farben gehalten und erfreut die Augen mit ihrem modernen und stilvollen Design. Um Funky Time zu spielen, gehen Sie einfach in den Live-Casino-Bereich und Sie [&hellip;]<\/p>\n","protected":false},"author":1,"featured_media":720,"parent":0,"menu_order":0,"comment_status":"closed","ping_status":"closed","template":"page-casino-de.php","meta":{"footnotes":""},"categories":[],"tags":[2],"class_list":["post-719","page","type-page","status-publish","has-post-thumbnail","hentry","tag-casino"],"yoast_head":"<!-- This site is optimized with the Yoast SEO plugin v20.10 - https:\/\/yoast.com\/wordpress\/plugins\/seo\/ -->\n<title>Spielen Sie Funky Time bei 1win: Online Casino Registrierung<\/title>\n<meta name=\"description\" content=\"W\u00e4hlen Sie das 1win online casino, um Funky Time zu spielen. Holen Sie sich alle Funktionen der offiziellen Version des Casinospiels. 1win-Registrierung, Zugang zum Online-Spiel Funky Time\" \/>\n<meta name=\"robots\" content=\"index, follow, max-snippet:-1, max-image-preview:large, max-video-preview:-1\" \/>\n<link rel=\"canonical\" href=\"https:\/\/funkytime-live.com\/de\/funky-time-1win\/\" \/>\n<meta property=\"og:locale\" content=\"de_DE\" \/>\n<meta property=\"og:type\" content=\"article\" \/>\n<meta property=\"og:title\" content=\"Spielen Sie Funky Time bei 1win: Online Casino Registrierung\" \/>\n<meta property=\"og:description\" content=\"W\u00e4hlen Sie das 1win online casino, um Funky Time zu spielen. Holen Sie sich alle Funktionen der offiziellen Version des Casinospiels. 1win-Registrierung, Zugang zum Online-Spiel Funky Time\" \/>\n<meta property=\"og:url\" content=\"https:\/\/funkytime-live.com\/de\/funky-time-1win\/\" \/>\n<meta property=\"og:site_name\" content=\"Funky Time Spiel\" \/>\n<meta property=\"article:modified_time\" content=\"2023-08-11T13:46:21+00:00\" \/>\n<meta property=\"og:image\" content=\"https:\/\/funkytime-live.com\/de\/wp-content\/uploads\/sites\/5\/2023\/07\/funky-time-1win-thumb.jpg\" \/>\n\t<meta property=\"og:image:width\" content=\"1024\" \/>\n\t<meta property=\"og:image:height\" content=\"768\" \/>\n\t<meta property=\"og:image:type\" content=\"image\/jpeg\" \/>\n<meta name=\"twitter:card\" content=\"summary_large_image\" \/>\n<meta name=\"twitter:label1\" content=\"Gesch\u00e4tzte Lesezeit\" \/>\n\t<meta name=\"twitter:data1\" content=\"6\u00a0Minuten\" \/>\n<script type=\"application\/ld+json\" class=\"yoast-schema-graph\">{\"@context\":\"https:\/\/schema.org\",\"@graph\":[{\"@type\":\"WebPage\",\"@id\":\"https:\/\/funkytime-live.com\/de\/funky-time-1win\/\",\"url\":\"https:\/\/funkytime-live.com\/de\/funky-time-1win\/\",\"name\":\"Spielen Sie Funky Time bei 1win: Online Casino Registrierung\",\"isPartOf\":{\"@id\":\"https:\/\/funkytime-live.com\/de\/#website\"},\"datePublished\":\"2023-07-07T21:25:20+00:00\",\"dateModified\":\"2023-08-11T13:46:21+00:00\",\"description\":\"W\u00e4hlen Sie das 1win online casino, um Funky Time zu spielen. Holen Sie sich alle Funktionen der offiziellen Version des Casinospiels. 1win-Registrierung, Zugang zum Online-Spiel Funky Time\",\"breadcrumb\":{\"@id\":\"https:\/\/funkytime-live.com\/de\/funky-time-1win\/#breadcrumb\"},\"inLanguage\":\"de\",\"potentialAction\":[{\"@type\":\"ReadAction\",\"target\":[\"https:\/\/funkytime-live.com\/de\/funky-time-1win\/\"]}]},{\"@type\":\"BreadcrumbList\",\"@id\":\"https:\/\/funkytime-live.com\/de\/funky-time-1win\/#breadcrumb\",\"itemListElement\":[{\"@type\":\"ListItem\",\"position\":1,\"name\":\"\u0413\u043b\u0430\u0432\u043d\u0430\u044f \u0441\u0442\u0440\u0430\u043d\u0438\u0446\u0430\",\"item\":\"https:\/\/funkytime-live.com\/de\/\"},{\"@type\":\"ListItem\",\"position\":2,\"name\":\"Funky Time 1win\"}]},{\"@type\":\"WebSite\",\"@id\":\"https:\/\/funkytime-live.com\/de\/#website\",\"url\":\"https:\/\/funkytime-live.com\/de\/\",\"name\":\"Funky Time Spiel\",\"description\":\"\",\"potentialAction\":[{\"@type\":\"SearchAction\",\"target\":{\"@type\":\"EntryPoint\",\"urlTemplate\":\"https:\/\/funkytime-live.com\/de\/?s={search_term_string}\"},\"query-input\":\"required name=search_term_string\"}],\"inLanguage\":\"de\"}]}<\/script>\n<!-- \/ Yoast SEO plugin. -->","yoast_head_json":{"title":"Spielen Sie Funky Time bei 1win: Online Casino Registrierung","description":"W\u00e4hlen Sie das 1win online casino, um Funky Time zu spielen. Holen Sie sich alle Funktionen der offiziellen Version des Casinospiels. 1win-Registrierung, Zugang zum Online-Spiel Funky Time","robots":{"index":"index","follow":"follow","max-snippet":"max-snippet:-1","max-image-preview":"max-image-preview:large","max-video-preview":"max-video-preview:-1"},"canonical":"https:\/\/funkytime-live.com\/de\/funky-time-1win\/","og_locale":"de_DE","og_type":"article","og_title":"Spielen Sie Funky Time bei 1win: Online Casino Registrierung","og_description":"W\u00e4hlen Sie das 1win online casino, um Funky Time zu spielen. Holen Sie sich alle Funktionen der offiziellen Version des Casinospiels. 1win-Registrierung, Zugang zum Online-Spiel Funky Time","og_url":"https:\/\/funkytime-live.com\/de\/funky-time-1win\/","og_site_name":"Funky Time Spiel","article_modified_time":"2023-08-11T13:46:21+00:00","og_image":[{"width":1024,"height":768,"url":"https:\/\/funkytime-live.com\/de\/wp-content\/uploads\/sites\/5\/2023\/07\/funky-time-1win-thumb.jpg","type":"image\/jpeg"}],"twitter_card":"summary_large_image","twitter_misc":{"Gesch\u00e4tzte Lesezeit":"6\u00a0Minuten"},"schema":{"@context":"https:\/\/schema.org","@graph":[{"@type":"WebPage","@id":"https:\/\/funkytime-live.com\/de\/funky-time-1win\/","url":"https:\/\/funkytime-live.com\/de\/funky-time-1win\/","name":"Spielen Sie Funky Time bei 1win: Online Casino Registrierung","isPartOf":{"@id":"https:\/\/funkytime-live.com\/de\/#website"},"datePublished":"2023-07-07T21:25:20+00:00","dateModified":"2023-08-11T13:46:21+00:00","description":"W\u00e4hlen Sie das 1win online casino, um Funky Time zu spielen. Holen Sie sich alle Funktionen der offiziellen Version des Casinospiels. 1win-Registrierung, Zugang zum Online-Spiel Funky Time","breadcrumb":{"@id":"https:\/\/funkytime-live.com\/de\/funky-time-1win\/#breadcrumb"},"inLanguage":"de","potentialAction":[{"@type":"ReadAction","target":["https:\/\/funkytime-live.com\/de\/funky-time-1win\/"]}]},{"@type":"BreadcrumbList","@id":"https:\/\/funkytime-live.com\/de\/funky-time-1win\/#breadcrumb","itemListElement":[{"@type":"ListItem","position":1,"name":"\u0413\u043b\u0430\u0432\u043d\u0430\u044f \u0441\u0442\u0440\u0430\u043d\u0438\u0446\u0430","item":"https:\/\/funkytime-live.com\/de\/"},{"@type":"ListItem","position":2,"name":"Funky Time 1win"}]},{"@type":"WebSite","@id":"https:\/\/funkytime-live.com\/de\/#website","url":"https:\/\/funkytime-live.com\/de\/","name":"Funky Time Spiel","description":"","potentialAction":[{"@type":"SearchAction","target":{"@type":"EntryPoint","urlTemplate":"https:\/\/funkytime-live.com\/de\/?s={search_term_string}"},"query-input":"required name=search_term_string"}],"inLanguage":"de"}]}},"_links":{"self":[{"href":"https:\/\/funkytime-live.com\/de\/wp-json\/wp\/v2\/pages\/719","targetHints":{"allow":["GET"]}}],"collection":[{"href":"https:\/\/funkytime-live.com\/de\/wp-json\/wp\/v2\/pages"}],"about":[{"href":"https:\/\/funkytime-live.com\/de\/wp-json\/wp\/v2\/types\/page"}],"author":[{"embeddable":true,"href":"https:\/\/funkytime-live.com\/de\/wp-json\/wp\/v2\/users\/1"}],"replies":[{"embeddable":true,"href":"https:\/\/funkytime-live.com\/de\/wp-json\/wp\/v2\/comments?post=719"}],"version-history":[{"count":6,"href":"https:\/\/funkytime-live.com\/de\/wp-json\/wp\/v2\/pages\/719\/revisions"}],"predecessor-version":[{"id":834,"href":"https:\/\/funkytime-live.com\/de\/wp-json\/wp\/v2\/pages\/719\/revisions\/834"}],"wp:featuredmedia":[{"embeddable":true,"href":"https:\/\/funkytime-live.com\/de\/wp-json\/wp\/v2\/media\/720"}],"wp:attachment":[{"href":"https:\/\/funkytime-live.com\/de\/wp-json\/wp\/v2\/media?parent=719"}],"wp:term":[{"taxonomy":"category","embeddable":true,"href":"https:\/\/funkytime-live.com\/de\/wp-json\/wp\/v2\/categories?post=719"},{"taxonomy":"post_tag","embeddable":true,"href":"https:\/\/funkytime-live.com\/de\/wp-json\/wp\/v2\/tags?post=719"}],"curies":[{"name":"wp","href":"https:\/\/api.w.org\/{rel}","templated":true}]}}