{"id":728,"date":"2023-07-08T00:45:37","date_gmt":"2023-07-07T21:45:37","guid":{"rendered":"https:\/\/funkytime-live.com\/?page_id=728"},"modified":"2023-08-11T16:45:35","modified_gmt":"2023-08-11T13:45:35","slug":"funky-time-bc-game","status":"publish","type":"page","link":"https:\/\/funkytime-live.com\/de\/funky-time-bc-game\/","title":{"rendered":"Funky Time BC Game"},"content":{"rendered":"<h2>Funky Time BC Game spielen<\/h2>\n<p>BC.GAME ist ein brandneues Krypto Online Casino. Wenn Sie auf die offizielle Website der Spielplattform gehen, werden Sie auf der linken Seite eine Liste von Abschnitten mit Slots sehen, unter denen sich der Abschnitt &#8222;Live Casino&#8220; befindet. Dort sehen Sie eine vollst\u00e4ndige Liste von Live-Dealer-Spielen von verschiedenen Anbietern. Um Zeit zu sparen, verwenden Sie die Suchleiste \u00fcber der Liste der Spiele. Wenn Sie Funky Time eingeben, gelangen Sie zu einer fantastischen Live-Show im Stil der 70er Jahre.<\/p>\n<p>Glauben Sie, dass Sie der Gl\u00fcckliche sind, der das gro\u00dfe Geld gewinnen wird? Dann besuchen Sie die offizielle Website BC.GAME \u00fcber den Link auf unserer Website, erstellen Sie ein Spielprofil, t\u00e4tigen Sie eine Einzahlung und bringen Sie die Tanzfl\u00e4che zum Beben.<\/p>\n<h2>Registrierung im BC.Game online casino<\/h2>\n<p>Das Erstellen eines Kontos im online casino BC.GAME ist ein sehr schneller und einfacher Prozess, den jeder Anf\u00e4nger verstehen wird. Die Spielplattform bietet 2 M\u00f6glichkeiten der Registrierung:<\/p>\n<h3>Registrierung per E-Mail<\/h3>\n<ol>\n<li>Gehen Sie auf die offizielle Seite von BC.GAME. In der oberen rechten Ecke sehen Sie eine gr\u00fcne Schaltfl\u00e4che &#8222;Registrierung&#8220;;<\/li>\n<li>Wenn du darauf klickst, \u00f6ffnet sich ein neues Fenster, in dem du die folgenden Felder ausf\u00fcllen musst: E-Mail, Passwort und Promo-Code, wenn du einen hast. Ihre E-Mail-Adresse wird nach der Registrierung zu Ihrem Login;<\/li>\n<li>Dann best\u00e4tigen Sie, dass Sie die Regeln und Bedingungen der Plattform gelesen haben;<\/li>\n<li>Danach wird Ihr Profil aktiv und Sie k\u00f6nnen mit dem Spielen Ihrer Lieblings-Spielautomaten beginnen.<\/li>\n<\/ol>\n<h3>Verwendung einer Mobiltelefonnummer<\/h3>\n<ol>\n<li>Gehen Sie auf die offizielle Website des Online Casino BC.GAME, werden Sie in der oberen rechten Ecke der gr\u00fcnen Taste &#8222;Registrierung&#8220; zu sehen;<\/li>\n<li>Wenn Sie darauf klicken, m\u00fcssen Sie die Option der Registrierung mit Ihrer Handynummer w\u00e4hlen;<\/li>\n<li>Geben Sie dann Ihre Telefonnummer ein, f\u00fcllen Sie das Feld mit dem Passwort und dem Promo-Code aus, wenn Sie einen haben;<\/li>\n<li>Danach k\u00f6nnen Sie beginnen, Ihre Lieblings-Slots zu spielen.<\/li>\n<\/ol>\n<h2>Einzahlung und Abhebung<\/h2>\n<h3>Einzahlung<\/h3>\n<p>Nach der Registrierung wird Ihr Profil aktiv, und um mit dem Spielen zu beginnen, m\u00fcssen Sie eine Einzahlung vornehmen. Um dies zu tun:<\/p>\n<ol>\n<li>In der oberen rechten Ecke, wo sich fr\u00fcher die Schaltfl\u00e4che &#8222;Registrierung&#8220; befand, erscheint eine Schaltfl\u00e4che &#8222;Einzahlung&#8220;;<\/li>\n<li>Wenn Sie darauf klicken, \u00f6ffnet sich ein neues Fenster, in dem Sie eine der Einzahlungsoptionen ausw\u00e4hlen k\u00f6nnen: Kryptow\u00e4hrung, W\u00e4hrung und Kauf von Krypto;<\/li>\n<li>Nach der Auswahl der Einzahlungsoption w\u00e4hlen Sie den Betrag der Einzahlung;<\/li>\n<li>Dann best\u00e4tigen Sie den Vorgang.<\/li>\n<\/ol>\n<p>In wenigen Minuten wird das Geld auf Ihrem Spielkonto gutgeschrieben, und Sie k\u00f6nnen mit dem Spielen beginnen.<\/p>\n<h3>Geld abheben<\/h3>\n<p>Der Abhebungsprozess ist genauso einfach und schnell wie die Einzahlung. Um Ihre Gewinne abheben zu k\u00f6nnen, ben\u00f6tigen Sie:<\/p>\n<ol>\n<li>Gehen Sie zu meinem pers\u00f6nlichen Kabinett und klicken Sie auf die Schaltfl\u00e4che &#8222;Wallet&#8220;;<\/li>\n<li>Dann gehen Sie auf &#8222;Abheben&#8220;;<\/li>\n<li>Dann w\u00e4hlen Sie die Abhebungsoption, die f\u00fcr Sie bequem ist. Es kann entweder Kryptow\u00e4hrung, oder Bankkarten sein;<\/li>\n<li>W\u00e4hlen Sie den Betrag der Abhebung;<\/li>\n<li>Best\u00e4tigen Sie den Vorgang.<\/li>\n<\/ol>\n<p>In wenigen Minuten wird das Geld auf die von Ihnen gew\u00e4hlte Abhebungsmethode \u00fcberwiesen.<\/p>\n<h2>BC Game Bonusprogramm<\/h2>\n<ul>\n<li>\n<h3>Das Gl\u00fccksrad<\/h3>\n<p>Nachdem Sie sich registriert haben, sehen Sie das Gl\u00fccksrad, bei dem Sie aus verschiedenen W\u00e4hrungen fallen k\u00f6nnen.<\/li>\n<li>\n<h3>Willkommen-Bonus<\/h3>\n<p>Nachdem Sie Ihr Spielprofil erstellt haben, k\u00f6nnen Sie einen Bonus auf Ihre erste Einzahlung erhalten. Wenn Sie es schaffen, Ihr Guthaben in den ersten 5 Minuten aufzuf\u00fcllen, betr\u00e4gt der Bonus 300% auf die Einzahlung. Um diesen Bonus nutzen zu k\u00f6nnen, muss die Mindesteinzahlung $10 betragen.<\/p>\n<p>Wenn Sie keine Zeit haben, in den ersten 5 Minuten nach der Registrierung einzuzahlen, ist das in Ordnung, denn sp\u00e4ter erhalten Sie einen Bonus von 180% auf Ihre erste Einzahlung.<\/li>\n<li>\n<h3>VIP<\/h3>\n<p>Dieser Bonus wird Ihrem Bonuskonto automatisch gutgeschrieben, nachdem Sie Ihr Level erh\u00f6ht haben. Zu Beginn erh\u00e4lt jeder Nutzer die erste Stufe. Wenn Sie Ihr Level weiter erh\u00f6hen, werden Sie zu: Bronze, Silber, Gold, Platin 1, Platin 2, Diamant 1, Diamant 2 und Diamant 3. Mit Erreichen der Stufe 38 wird au\u00dferdem ein exklusiver VIP-Assistent freigeschaltet.<\/li>\n<li>\n<h3>Der Regen<\/h3>\n<p>Dieser Bonus wird gew\u00e4hrt, wenn der Nutzer im Online-Chatraum sehr aktiv ist.<\/li>\n<li>\n<h3>Fallende M\u00fcnzen<\/h3>\n<p>Sie k\u00f6nnen diesen Bonus mit Ihren Freunden im Chatroom teilen.<\/li>\n<\/ul>\n<h2>BC Game Spieler unterst\u00fctzen<\/h2>\n<p>BC.GAME hat eine Support-Abteilung, die dir bei allen Fragen helfen wird. Um Hilfe anzufordern, musst du auf die gr\u00fcne Schaltfl\u00e4che mit den Kopfh\u00f6rern in der unteren rechten Ecke klicken. Ein Team von Fachleuten wird dir innerhalb von ein paar Minuten antworten und dir helfen, dein Problem zu l\u00f6sen. Der technische Support ist 24 Stunden am Tag verf\u00fcgbar.<\/p>\n<h2>Mobile Version und App von BC Game casino<\/h2>\n<p>Das Online Casino hat eine mobile App sowohl f\u00fcr Android als auch f\u00fcr iOS entwickelt. Sobald ein Benutzer die mobile App herunterl\u00e4dt, muss er sich entweder registrieren oder bei seinem Konto anmelden. Die meisten Spieler entscheiden sich f\u00fcr die mobile App, da man sich keine Sorgen um Datenverluste machen muss.<\/p>\n<h2>Unser Urteil<\/h2>\n<p>Zusammenfassend kann man sagen, dass das BC.GAME Online Casino eine gro\u00dfartige Spielplattform ist, um Funky Time zu spielen. M\u00f6chten Sie spielen? Dann gehen Sie schnell auf die offizielle Website BC.Game, verwenden Sie den Link auf unserer Seite, registrieren Sie sich, machen Sie eine Einzahlung und starten Sie das spannende Spiel!<\/p>\n","protected":false},"excerpt":{"rendered":"<p>Funky Time BC Game spielen BC.GAME ist ein brandneues Krypto Online Casino. Wenn Sie auf die offizielle Website der Spielplattform gehen, werden Sie auf der linken Seite eine Liste von Abschnitten mit Slots sehen, unter denen sich der Abschnitt &#8222;Live Casino&#8220; befindet. Dort sehen Sie eine vollst\u00e4ndige Liste von Live-Dealer-Spielen von verschiedenen Anbietern. Um Zeit [&hellip;]<\/p>\n","protected":false},"author":1,"featured_media":729,"parent":0,"menu_order":0,"comment_status":"closed","ping_status":"closed","template":"page-casino-de.php","meta":{"footnotes":""},"categories":[],"tags":[2],"class_list":["post-728","page","type-page","status-publish","has-post-thumbnail","hentry","tag-casino"],"yoast_head":"<!-- This site is optimized with the Yoast SEO plugin v20.10 - https:\/\/yoast.com\/wordpress\/plugins\/seo\/ -->\n<title>Spielen Sie Funky Time bei BC.Game: Online Casino Registrierung<\/title>\n<meta name=\"description\" content=\"W\u00e4hlen Sie das BC.Game online casino, um Funky Time zu spielen. Holen Sie sich alle Funktionen der offiziellen Version des Casinospiels. BC.Game-Registrierung, Zugang zum Online-Spiel Funky Time\" \/>\n<meta name=\"robots\" content=\"index, follow, max-snippet:-1, max-image-preview:large, max-video-preview:-1\" \/>\n<link rel=\"canonical\" href=\"https:\/\/funkytime-live.com\/de\/funky-time-bc-game\/\" \/>\n<meta property=\"og:locale\" content=\"de_DE\" \/>\n<meta property=\"og:type\" content=\"article\" \/>\n<meta property=\"og:title\" content=\"Spielen Sie Funky Time bei BC.Game: Online Casino Registrierung\" \/>\n<meta property=\"og:description\" content=\"W\u00e4hlen Sie das BC.Game online casino, um Funky Time zu spielen. Holen Sie sich alle Funktionen der offiziellen Version des Casinospiels. BC.Game-Registrierung, Zugang zum Online-Spiel Funky Time\" \/>\n<meta property=\"og:url\" content=\"https:\/\/funkytime-live.com\/de\/funky-time-bc-game\/\" \/>\n<meta property=\"og:site_name\" content=\"Funky Time Spiel\" \/>\n<meta property=\"article:modified_time\" content=\"2023-08-11T13:45:35+00:00\" \/>\n<meta property=\"og:image\" content=\"https:\/\/funkytime-live.com\/de\/wp-content\/uploads\/sites\/5\/2023\/07\/funky-time-bcgame-thumb.jpg\" \/>\n\t<meta property=\"og:image:width\" content=\"1024\" \/>\n\t<meta property=\"og:image:height\" content=\"768\" \/>\n\t<meta property=\"og:image:type\" content=\"image\/jpeg\" \/>\n<meta name=\"twitter:card\" content=\"summary_large_image\" \/>\n<meta name=\"twitter:label1\" content=\"Gesch\u00e4tzte Lesezeit\" \/>\n\t<meta name=\"twitter:data1\" content=\"5\u00a0Minuten\" \/>\n<script type=\"application\/ld+json\" class=\"yoast-schema-graph\">{\"@context\":\"https:\/\/schema.org\",\"@graph\":[{\"@type\":\"WebPage\",\"@id\":\"https:\/\/funkytime-live.com\/de\/funky-time-bc-game\/\",\"url\":\"https:\/\/funkytime-live.com\/de\/funky-time-bc-game\/\",\"name\":\"Spielen Sie Funky Time bei BC.Game: Online Casino Registrierung\",\"isPartOf\":{\"@id\":\"https:\/\/funkytime-live.com\/de\/#website\"},\"datePublished\":\"2023-07-07T21:45:37+00:00\",\"dateModified\":\"2023-08-11T13:45:35+00:00\",\"description\":\"W\u00e4hlen Sie das BC.Game online casino, um Funky Time zu spielen. Holen Sie sich alle Funktionen der offiziellen Version des Casinospiels. BC.Game-Registrierung, Zugang zum Online-Spiel Funky Time\",\"breadcrumb\":{\"@id\":\"https:\/\/funkytime-live.com\/de\/funky-time-bc-game\/#breadcrumb\"},\"inLanguage\":\"de\",\"potentialAction\":[{\"@type\":\"ReadAction\",\"target\":[\"https:\/\/funkytime-live.com\/de\/funky-time-bc-game\/\"]}]},{\"@type\":\"BreadcrumbList\",\"@id\":\"https:\/\/funkytime-live.com\/de\/funky-time-bc-game\/#breadcrumb\",\"itemListElement\":[{\"@type\":\"ListItem\",\"position\":1,\"name\":\"\u0413\u043b\u0430\u0432\u043d\u0430\u044f \u0441\u0442\u0440\u0430\u043d\u0438\u0446\u0430\",\"item\":\"https:\/\/funkytime-live.com\/de\/\"},{\"@type\":\"ListItem\",\"position\":2,\"name\":\"Funky Time BC Game\"}]},{\"@type\":\"WebSite\",\"@id\":\"https:\/\/funkytime-live.com\/de\/#website\",\"url\":\"https:\/\/funkytime-live.com\/de\/\",\"name\":\"Funky Time Spiel\",\"description\":\"\",\"potentialAction\":[{\"@type\":\"SearchAction\",\"target\":{\"@type\":\"EntryPoint\",\"urlTemplate\":\"https:\/\/funkytime-live.com\/de\/?s={search_term_string}\"},\"query-input\":\"required name=search_term_string\"}],\"inLanguage\":\"de\"}]}<\/script>\n<!-- \/ Yoast SEO plugin. -->","yoast_head_json":{"title":"Spielen Sie Funky Time bei BC.Game: Online Casino Registrierung","description":"W\u00e4hlen Sie das BC.Game online casino, um Funky Time zu spielen. Holen Sie sich alle Funktionen der offiziellen Version des Casinospiels. BC.Game-Registrierung, Zugang zum Online-Spiel Funky Time","robots":{"index":"index","follow":"follow","max-snippet":"max-snippet:-1","max-image-preview":"max-image-preview:large","max-video-preview":"max-video-preview:-1"},"canonical":"https:\/\/funkytime-live.com\/de\/funky-time-bc-game\/","og_locale":"de_DE","og_type":"article","og_title":"Spielen Sie Funky Time bei BC.Game: Online Casino Registrierung","og_description":"W\u00e4hlen Sie das BC.Game online casino, um Funky Time zu spielen. Holen Sie sich alle Funktionen der offiziellen Version des Casinospiels. BC.Game-Registrierung, Zugang zum Online-Spiel Funky Time","og_url":"https:\/\/funkytime-live.com\/de\/funky-time-bc-game\/","og_site_name":"Funky Time Spiel","article_modified_time":"2023-08-11T13:45:35+00:00","og_image":[{"width":1024,"height":768,"url":"https:\/\/funkytime-live.com\/de\/wp-content\/uploads\/sites\/5\/2023\/07\/funky-time-bcgame-thumb.jpg","type":"image\/jpeg"}],"twitter_card":"summary_large_image","twitter_misc":{"Gesch\u00e4tzte Lesezeit":"5\u00a0Minuten"},"schema":{"@context":"https:\/\/schema.org","@graph":[{"@type":"WebPage","@id":"https:\/\/funkytime-live.com\/de\/funky-time-bc-game\/","url":"https:\/\/funkytime-live.com\/de\/funky-time-bc-game\/","name":"Spielen Sie Funky Time bei BC.Game: Online Casino Registrierung","isPartOf":{"@id":"https:\/\/funkytime-live.com\/de\/#website"},"datePublished":"2023-07-07T21:45:37+00:00","dateModified":"2023-08-11T13:45:35+00:00","description":"W\u00e4hlen Sie das BC.Game online casino, um Funky Time zu spielen. Holen Sie sich alle Funktionen der offiziellen Version des Casinospiels. BC.Game-Registrierung, Zugang zum Online-Spiel Funky Time","breadcrumb":{"@id":"https:\/\/funkytime-live.com\/de\/funky-time-bc-game\/#breadcrumb"},"inLanguage":"de","potentialAction":[{"@type":"ReadAction","target":["https:\/\/funkytime-live.com\/de\/funky-time-bc-game\/"]}]},{"@type":"BreadcrumbList","@id":"https:\/\/funkytime-live.com\/de\/funky-time-bc-game\/#breadcrumb","itemListElement":[{"@type":"ListItem","position":1,"name":"\u0413\u043b\u0430\u0432\u043d\u0430\u044f \u0441\u0442\u0440\u0430\u043d\u0438\u0446\u0430","item":"https:\/\/funkytime-live.com\/de\/"},{"@type":"ListItem","position":2,"name":"Funky Time BC Game"}]},{"@type":"WebSite","@id":"https:\/\/funkytime-live.com\/de\/#website","url":"https:\/\/funkytime-live.com\/de\/","name":"Funky Time Spiel","description":"","potentialAction":[{"@type":"SearchAction","target":{"@type":"EntryPoint","urlTemplate":"https:\/\/funkytime-live.com\/de\/?s={search_term_string}"},"query-input":"required name=search_term_string"}],"inLanguage":"de"}]}},"_links":{"self":[{"href":"https:\/\/funkytime-live.com\/de\/wp-json\/wp\/v2\/pages\/728","targetHints":{"allow":["GET"]}}],"collection":[{"href":"https:\/\/funkytime-live.com\/de\/wp-json\/wp\/v2\/pages"}],"about":[{"href":"https:\/\/funkytime-live.com\/de\/wp-json\/wp\/v2\/types\/page"}],"author":[{"embeddable":true,"href":"https:\/\/funkytime-live.com\/de\/wp-json\/wp\/v2\/users\/1"}],"replies":[{"embeddable":true,"href":"https:\/\/funkytime-live.com\/de\/wp-json\/wp\/v2\/comments?post=728"}],"version-history":[{"count":7,"href":"https:\/\/funkytime-live.com\/de\/wp-json\/wp\/v2\/pages\/728\/revisions"}],"predecessor-version":[{"id":831,"href":"https:\/\/funkytime-live.com\/de\/wp-json\/wp\/v2\/pages\/728\/revisions\/831"}],"wp:featuredmedia":[{"embeddable":true,"href":"https:\/\/funkytime-live.com\/de\/wp-json\/wp\/v2\/media\/729"}],"wp:attachment":[{"href":"https:\/\/funkytime-live.com\/de\/wp-json\/wp\/v2\/media?parent=728"}],"wp:term":[{"taxonomy":"category","embeddable":true,"href":"https:\/\/funkytime-live.com\/de\/wp-json\/wp\/v2\/categories?post=728"},{"taxonomy":"post_tag","embeddable":true,"href":"https:\/\/funkytime-live.com\/de\/wp-json\/wp\/v2\/tags?post=728"}],"curies":[{"name":"wp","href":"https:\/\/api.w.org\/{rel}","templated":true}]}}