{"id":766,"date":"2023-02-05T22:15:05","date_gmt":"2023-02-05T19:15:05","guid":{"rendered":"https:\/\/funkytime-live.com\/?page_id=2"},"modified":"2023-10-04T16:15:40","modified_gmt":"2023-10-04T13:15:40","slug":"funky-time-spiel","status":"publish","type":"page","link":"https:\/\/funkytime-live.com\/de\/","title":{"rendered":"Funky Time Live Spiel Evolution"},"content":{"rendered":"<h2>Die Essenz von Funky Time<\/h2>\n<p>Funky Time ist die neueste Version der Spielshow von Evolution Gaming. Das Spiel wurde im Mai 2023 ver\u00f6ffentlicht. Die Live-Show basiert auf der DigiWheel-Technologie, die der Anbieter im Jahr 2021 gekauft hat.<\/p>\n<p><img loading=\"lazy\" decoding=\"async\" class=\"alignnone wp-image-750 size-full\" title=\"Die Essenz von Funky Time\" src=\"https:\/\/funkytime-live.com\/de\/wp-content\/uploads\/sites\/5\/2023\/07\/funky-time-game-screenshot-3.jpg\" alt=\"Die Essenz von Funky Time\" width=\"1096\" height=\"617\" srcset=\"https:\/\/funkytime-live.com\/de\/wp-content\/uploads\/sites\/5\/2023\/07\/funky-time-game-screenshot-3.jpg 1096w, https:\/\/funkytime-live.com\/de\/wp-content\/uploads\/sites\/5\/2023\/07\/funky-time-game-screenshot-3-300x169.jpg 300w, https:\/\/funkytime-live.com\/de\/wp-content\/uploads\/sites\/5\/2023\/07\/funky-time-game-screenshot-3-1024x576.jpg 1024w, https:\/\/funkytime-live.com\/de\/wp-content\/uploads\/sites\/5\/2023\/07\/funky-time-game-screenshot-3-768x432.jpg 768w\" sizes=\"auto, (max-width: 1096px) 100vw, 1096px\" \/><\/p>\n<p>Wenn Sie das Spiel starten, werden Sie in ein Studio der 70er Jahre versetzt, in dem ein Live-H\u00e4ndler neben dem Rad steht. Die Walze enth\u00e4lt 64 Sektoren, darunter:<\/p>\n<ul>\n<li>28 Segmente mit der Nummer 1;<\/li>\n<li>24 Segmente mit den Buchstaben PLAY, FUNK und TIME (jedes Wort wird auf dem Rad zweimal wiederholt);<\/li>\n<li>6 &#8222;BAR&#8220;-Segmente;<\/li>\n<li>2 &#8222;Stayin&#8216; Alive&#8220;-Segmente;<\/li>\n<li>3 &#8222;Disco&#8220;-Segmente;<\/li>\n<li>1 &#8222;Vip Disco&#8220;-Segment.<\/li>\n<\/ul>\n<p>Im Vergleich zu Crazy Time erhalten die Benutzer ein noch spannenderes Spiel mit einer erweiterten Liste von Eins\u00e4tzen und der M\u00f6glichkeit, sehr hohe Summen zu gewinnen. Um Funky Time zu spielen, m\u00fcssen Sie der Live-Show beitreten, einen Einsatz t\u00e4tigen und dann an einer unglaublich interessanten Spielsitzung teilnehmen.<\/p>\n<h2>Funky Time Grundlegende Informationen<\/h2>\n<table class=\"table\">\n<tbody>\n<tr>\n<td>\ud83c\udfb0 Spiel Name<\/td>\n<td>Funky Time<\/td>\n<\/tr>\n<tr>\n<td>\ud83d\udda5\ufe0f Spieleproduzent<\/td>\n<td>Evolution Gaming<\/td>\n<\/tr>\n<tr>\n<td>\ud83d\udcc5 Datum der Freigabe<\/td>\n<td>2023-05-10<\/td>\n<\/tr>\n<tr>\n<td>\ud83d\udcca RTP<\/td>\n<td>95.99%<\/td>\n<\/tr>\n<tr>\n<td>\ud83d\udcc9 Minimaleinsatz<\/td>\n<td>0.10<\/td>\n<\/tr>\n<tr>\n<td>\ud83d\udcc8 Maximaleinsatz<\/td>\n<td>1000<\/td>\n<\/tr>\n<tr>\n<td>\ud83d\udcb0 Maximaler Gewinn<\/td>\n<td>x10000.00<\/td>\n<\/tr>\n<tr>\n<td>\ud83c\udf1f Eigenschaften<\/td>\n<td>DigiWheel, zus\u00e4tzlicher Multiplikator zu Beginn der Spielrunde, 4 Bonusrunden, Sondereins\u00e4tze<\/td>\n<\/tr>\n<tr>\n<td>\ud83c\udf81 Bonus Spiele<\/td>\n<td>BAR, Stayin&#8216; Alive, Disco, VIP Disco<\/td>\n<\/tr>\n<tr>\n<td>\ud83d\udd25 RTP-Bonusspiele<\/td>\n<td>BAR &#8211; 95.98%, Stayin&#8216; Alive &#8211; 95.49%, Disco &#8211; 95.51%, VIP Disco &#8211; 95.38%<\/td>\n<\/tr>\n<tr>\n<td>\ud83c\udfc6 Spezielle Wettmechanismen<\/td>\n<td>Sie k\u00f6nnen auf Segmente mit Nummern, Buchstaben und Bonusrunden setzen. Das Rad enth\u00e4lt 64 Segmente: 28 davon sind mit der Nummer 1 gekennzeichnet, 24 mit Buchstaben (F, U, N, K, P, L, A, Y, T, I, M, E) und 12 sind Bonusrunden.<\/td>\n<\/tr>\n<\/tbody>\n<\/table>\n<h2>Auszahlungen in Funky Time<\/h2>\n<p>Wenn der Benutzer ein Segment mit der Nummer &#8222;1&#8220; erh\u00e4lt, bekommt er eine Auszahlung von 1:1. Aber wenn Sie zum Beispiel die Buchstaben &#8222;F&#8220;, &#8222;U&#8220;, &#8222;N&#8220;, &#8222;K&#8220; erhalten, bekommen Sie eine Auszahlung, die das 25-fache Ihres Einsatzes betr\u00e4gt. Die Bonussektoren k\u00f6nnen den Einsatz des Spielers mit dem 2-10000-fachen multiplizieren.<\/p>\n<h2>Die Gewinnchancen f\u00fcr verschiedene Wetten<\/h2>\n<p>Damit die Spieler wohl\u00fcberlegte Eins\u00e4tze t\u00e4tigen k\u00f6nnen, m\u00fcssen sie die Gewinnchancen bei Funky Time kennen. Die Quoten k\u00f6nnen je nach ausgew\u00e4hltem Sektor des Rades variieren. Hier finden Sie eine Tabelle mit den entsprechenden Quoten f\u00fcr jeden Sektor.<\/p>\n<table class=\"table\">\n<tbody>\n<tr>\n<th>Wetten Variation<\/th>\n<th>Gewinnchancen<\/th>\n<\/tr>\n<tr>\n<td>Nummer 1<\/td>\n<td>43.75%<\/td>\n<\/tr>\n<tr>\n<td>Jeder Buchstabe<\/td>\n<td>37.50%<\/td>\n<\/tr>\n<tr>\n<td>BAR<\/td>\n<td>9.38%<\/td>\n<\/tr>\n<tr>\n<td>Disco<\/td>\n<td>4.68%<\/td>\n<\/tr>\n<tr>\n<td>Stayin&#8216; Alive<\/td>\n<td>3.13%<\/td>\n<\/tr>\n<tr>\n<td>VIP Disco<\/td>\n<td>1.56%<\/td>\n<\/tr>\n<\/tbody>\n<\/table>\n<h2>RTP Informationen<\/h2>\n<p>Der RTP erreicht 95,99%, aber wenn die Bonus-Modi RTP \u00e4ndert.<\/p>\n<table class=\"table\">\n<tbody>\n<tr>\n<th>Die Symbole<\/th>\n<th>RTP<\/th>\n<\/tr>\n<\/tbody>\n<tbody>\n<tr>\n<td>Nummer 1<\/td>\n<td>95,99%<\/td>\n<\/tr>\n<tr>\n<td>Buchstaben P,L,A,Y,F,U,N,K,T,I,M,E<\/td>\n<td>95,49%<\/td>\n<\/tr>\n<tr>\n<td>BAR<\/td>\n<td>95,98%<\/td>\n<\/tr>\n<tr>\n<td>Stayin\u2019 Alive<\/td>\n<td>95,49%<\/td>\n<\/tr>\n<tr>\n<td>Disco<\/td>\n<td>95,51%<\/td>\n<\/tr>\n<tr>\n<td>VIP Disco<\/td>\n<td>95,38%<\/td>\n<\/tr>\n<\/tbody>\n<\/table>\n<h2>Evolution Gaming &#8211; Entwickler des Spiels Funky Time<\/h2>\n<p>Evolution Gaming ist der beliebteste Anbieter von Spielautomaten im Live-Modus. Das Unternehmen wurde im Jahr 2006 in Schweden gegr\u00fcndet. Heute befindet sich das Studiob\u00fcro in L\u00e4ndern wie Schweden, Litauen, USA und Malta. Mit mehr als 300 Spielautomaten und 3.000 H\u00e4ndlern auf ihren B\u00fcchern, glauben wir, dass ihr Portfolio weiter wachsen wird, so dass immer mehr Slots gefallen werden.<\/p>\n<h2>Funky Time Evolution Regeln<\/h2>\n<p>Funky Time ist eine Gl\u00fccksspielshow in Echtzeit, bei der auch ein Anf\u00e4nger spielen und gewinnen kann. Die H\u00f6he des Einsatzes liegt zwischen 0,1 und 1000 Euro.<\/p>\n<p><img loading=\"lazy\" decoding=\"async\" class=\"alignnone wp-image-752 size-full\" title=\"Funky Time Evolution Regeln\" src=\"https:\/\/funkytime-live.com\/de\/wp-content\/uploads\/sites\/5\/2023\/07\/funky-time-game-screenshot-6.jpg\" alt=\"Funky Time Evolution Regeln\" width=\"1093\" height=\"618\" srcset=\"https:\/\/funkytime-live.com\/de\/wp-content\/uploads\/sites\/5\/2023\/07\/funky-time-game-screenshot-6.jpg 1093w, https:\/\/funkytime-live.com\/de\/wp-content\/uploads\/sites\/5\/2023\/07\/funky-time-game-screenshot-6-300x170.jpg 300w, https:\/\/funkytime-live.com\/de\/wp-content\/uploads\/sites\/5\/2023\/07\/funky-time-game-screenshot-6-1024x579.jpg 1024w, https:\/\/funkytime-live.com\/de\/wp-content\/uploads\/sites\/5\/2023\/07\/funky-time-game-screenshot-6-768x434.jpg 768w\" sizes=\"auto, (max-width: 1093px) 100vw, 1093px\" \/><\/p>\n<blockquote><p>Beachten Sie, dass in verschiedenen Online Casinos das maximale Wettlimit unterschiedlich sein kann.<\/p><\/blockquote>\n<p>Zu Beginn der Runde w\u00e4hlen Sie die Einsatzh\u00f6he, die in Form von Spielchips mit Werten von 0,1 bis 1000 Euro angezeigt wird. Sie befinden sich am unteren Rand des Bildschirms unter dem Spieltisch. Als N\u00e4chstes m\u00fcssen Sie die Zellensegmente des Gl\u00fccksrads ausw\u00e4hlen. Es gibt nur 17 von ihnen und sie befinden sich in der Mitte, am unteren Rand des Bildschirms.<\/p>\n<h2>Live Show Schnittstelle<\/h2>\n<p>Wenn Sie mit dem Spiel Funky Time beginnen, f\u00e4llt Ihnen als erstes ein riesiges Rad auf, neben dem ein Moderator steht. W\u00e4hrend des Setzens befinden sich am unteren Rand des Rades 17 Felder, von denen jedes f\u00fcr ein bestimmtes Segment zust\u00e4ndig ist. Darunter befinden sich zwei Schaltfl\u00e4chen, mit denen Sie Chips auf einmal, alle Buchstaben oder alle Bonusfunktionen setzen k\u00f6nnen. Ganz unten auf dem Bildschirm sehen Sie Chips, die einen eigenen Index haben, der dem eingesetzten Betrag entspricht. Der minimale Index ist 10, der maximale ist 1000.<\/p>\n<p><img loading=\"lazy\" decoding=\"async\" class=\"alignnone wp-image-751 size-full\" title=\"Funky Time Spiel Interface\" src=\"https:\/\/funkytime-live.com\/de\/wp-content\/uploads\/sites\/5\/2023\/07\/funky-time-game-screenshot-12.jpg\" alt=\"Funky Time Spiel Interface\" width=\"1095\" height=\"618\" srcset=\"https:\/\/funkytime-live.com\/de\/wp-content\/uploads\/sites\/5\/2023\/07\/funky-time-game-screenshot-12.jpg 1095w, https:\/\/funkytime-live.com\/de\/wp-content\/uploads\/sites\/5\/2023\/07\/funky-time-game-screenshot-12-300x169.jpg 300w, https:\/\/funkytime-live.com\/de\/wp-content\/uploads\/sites\/5\/2023\/07\/funky-time-game-screenshot-12-1024x578.jpg 1024w, https:\/\/funkytime-live.com\/de\/wp-content\/uploads\/sites\/5\/2023\/07\/funky-time-game-screenshot-12-768x433.jpg 768w\" sizes=\"auto, (max-width: 1095px) 100vw, 1095px\" \/><\/p>\n<p>Auf der rechten Seite des Bildschirms befinden sich zus\u00e4tzliche Schaltfl\u00e4chen mit Informationen. Unten finden Sie Schaltfl\u00e4chen mit: einem neuen Tisch, Statistiken, einer erweiterten Liste der letzten Drehs und dem Ausgang zur Lobby.<\/p>\n<p>Oben rechts befinden sich Schaltfl\u00e4chen mit: Online-Chat, technischer Unterst\u00fctzung, Tonoptionen, Einstellungen, Wiederholung des letzten Drehs, ausf\u00fchrlichen Informationen zum Spiel und Vollbild-Erweiterung.<\/p>\n<p>Unten links sehen Sie Ihren Spielstand und wie viel Sie in der letzten Runde gewonnen haben. Wenn die Runde zu Ende ist, werden \u00fcber Ihrer Einzahlung Informationen zu den Nutzern angezeigt, die gewonnen haben, und wie viel sie gewonnen haben.<\/p>\n<h2>Wie man Funky Time Live spielt<\/h2>\n<p>Wie wir bereits gesagt haben, ist dieser Spielautomat einfach und f\u00fcr jeden verst\u00e4ndlich. Um zu spielen, m\u00fcssen Sie:<\/p>\n<ol>\n<li>Registrieren Sie sich auf der Website der Spielplattform, auf der Funky Time verf\u00fcgbar ist;<\/li>\n<li>Rufen Sie dann den Videospielautomaten auf und w\u00e4hlen Sie Ihre Einsatzh\u00f6he. Das Spiel beginnt sofort, nachdem Sie eine der Optionen am unteren Rand des Bildschirms ausgew\u00e4hlt haben. Dies k\u00f6nnen Zahlen, Buchstaben oder Bonussymbole sein. Bei diesem Spielautomaten haben Sie 17 Einsatzm\u00f6glichkeiten. Jede von ihnen kann Ihnen einen riesigen Jackpot einbringen;<\/li>\n<li>Nachdem alle Spieler ihren Einsatz get\u00e4tigt haben, dreht der Dealer das Rad, und wenn es auf dem von Ihnen gew\u00e4hlten Segment stehen bleibt, haben Sie gewonnen!<\/li>\n<\/ol>\n<p>Wenn Ihre gew\u00e4hlten Sektoren am Ende der Drehung nicht durch einen Pfeil gekennzeichnet sind, gewinnen Sie nichts. Wenn jedoch ein Bonusspiel ausf\u00e4llt, werden Sie zum Zuschauer, nicht zum Teilnehmer, und beobachten einfach, wie das Bonusspiel verl\u00e4uft.<\/p>\n<h2>Bonusspiele in Funky Time<\/h2>\n<p>Wenn Sie an einem Bonusspiel teilnehmen m\u00f6chten, m\u00fcssen Sie eine bestimmte Zelle ausw\u00e4hlen, die dem Bonus entspricht, und Ihren Einsatz t\u00e4tigen. Funky Time hat vier unglaubliche Bonusmodi:<\/p>\n<ol>\n<li>Bar;<\/li>\n<li>Stayin&#8216; Alive;<\/li>\n<li>Disco Bonus;<\/li>\n<li>VIP Disco Bonus.<\/li>\n<\/ol>\n<p>Jeder Bonus enth\u00e4lt seine eigenen einzigartigen Funktionen und Belohnungen, die nicht nur den Benutzer unterhalten, sondern auch unglaubliche Gewinne dank gro\u00dfer Multiplikatoren bringen. Achten Sie beim Drehen des Rades auf die Bonussegmente, und vielleicht sind Sie die Person, die den Max Win gewinnt. Und jetzt erz\u00e4hlen wir Ihnen mehr \u00fcber jede Bonusrunde.<\/p>\n<h3>BAR<\/h3>\n<p><img loading=\"lazy\" decoding=\"async\" class=\"alignnone wp-image-753 size-full\" title=\"Funky Time BAR bonus\" src=\"https:\/\/funkytime-live.com\/de\/wp-content\/uploads\/sites\/5\/2023\/07\/funky-time-game-screenshot-8-1.jpg\" alt=\"Funky Time BAR bonus\" width=\"1096\" height=\"617\" srcset=\"https:\/\/funkytime-live.com\/de\/wp-content\/uploads\/sites\/5\/2023\/07\/funky-time-game-screenshot-8-1.jpg 1096w, https:\/\/funkytime-live.com\/de\/wp-content\/uploads\/sites\/5\/2023\/07\/funky-time-game-screenshot-8-1-300x169.jpg 300w, https:\/\/funkytime-live.com\/de\/wp-content\/uploads\/sites\/5\/2023\/07\/funky-time-game-screenshot-8-1-1024x576.jpg 1024w, https:\/\/funkytime-live.com\/de\/wp-content\/uploads\/sites\/5\/2023\/07\/funky-time-game-screenshot-8-1-768x432.jpg 768w\" sizes=\"auto, (max-width: 1096px) 100vw, 1096px\" \/><\/p>\n<p>Bleibt das Rad auf dem Sektor &#8222;BAR&#8220; stehen, wird der Spieler sofort in die Bar gebracht, wo der Roboter-Barkeeper das Sagen hat. Sie w\u00e4hlen die Farbe des Cocktails und warten darauf, dass der Roboter ihn f\u00fcr Sie zubereitet. Insgesamt f\u00fcllt der Barkeeper drei Gl\u00e4ser, von denen jedes seinen eigenen zus\u00e4tzlichen Multiplikator f\u00fcr die Auszahlung hat. Sie k\u00f6nnen zum Beispiel einen 10-, 8- oder 2-fachen Multiplikator w\u00e4hlen. Auch der Roboter kann den Multiplikator spontan erh\u00f6hen.<\/p>\n<h3>Stayin&#8216; Alive<\/h3>\n<p>Der Benutzer, zusammen mit anderen Spielern, wird in einen anderen Raum transportiert, in dem Sie am l\u00e4ngsten durchhalten m\u00fcssen. Sie m\u00fcssen eine der Kugelfarben w\u00e4hlen: gr\u00fcn, rosa oder orange. Der Multiplikator erh\u00f6ht sich mit jedem Tropfen aus dem Lotto der von Ihnen gew\u00e4hlten Kugelfarbe. So kann der Benutzer von einem minimalen Multiplikator von 5x bis zu einem maximalen Multiplikator von 1000x gehen. Auch w\u00e4hrend dieser Bonusfunktion haben Sie 4 Leben, die reduziert werden, wenn Sie schwarze Kugeln erhalten. W\u00e4hrend des gesamten Spiels werden Sie von dem Lied &#8222;Stayin&#8216; Alive&#8220; von den Bee Gees begleitet.<\/p>\n<h3>Disco<\/h3>\n<p>In diesem Bonusmodus begeben Sie sich in die Disco. Sie finden sich auf der Tanzfl\u00e4che, die chaotisch verstreuten Multiplikatoren werden. Um den Multiplikator zu bekommen, m\u00fcssen Sie zu ihm gelangen. Wie Sie sich bewegen, bestimmt das Rad am oberen Rand des Bildschirms. Die Runde endet, wenn der Benutzer die Disco verl\u00e4sst.<\/p>\n<h3>VIP Disco<\/h3>\n<p>In dieser Bonusrunde kommen Sie ebenfalls in die Disco, wie im Disco-Bonus. Allerdings ist diese Tanzfl\u00e4che um ein Vielfaches gr\u00f6\u00dfer und besser wegen der Multiplikatorwerte, die um ein Vielfaches h\u00f6her sind als die Standardwerte. Wenn z. B. w\u00e4hrend einer Drehung auf dem Drops-Bonus-Feature kein zus\u00e4tzlicher Multiplikator vorhanden ist, betr\u00e4gt der H\u00f6chstsatz im klassischen Disco 100x und im VIP Disco 1000x.<\/p>\n<p>Die Mechanik des VIP Disco-Bonusspiels unterscheidet sich nicht von der des normalen Disco-Bonusspiels. Es gibt auch ein Rad am oberen Rand des Bildschirms, das Ihre Bewegungen auf einer gr\u00f6\u00dferen Tanzfl\u00e4che bestimmt.<\/p>\n<h2>Funky Time unterscheidet sich von anderen Evolution Gaming Live-Spielen<\/h2>\n<p>Der Vorg\u00e4nger von Funky Time ist eines der bekanntesten Live-Spiele &#8211; Crazy Time. Wir schlagen vor, diese beiden Slots zu vergleichen und zu verstehen, was in dem einen steckt und was in dem anderen nicht.<\/p>\n<table>\n<thead>\n<tr>\n<th>Parameter<\/th>\n<th>Funky Time<\/th>\n<th>Crazy Time<\/th>\n<\/tr>\n<\/thead>\n<tbody>\n<tr>\n<td>Anzahl der Segmente auf dem Rad<\/td>\n<td>64<\/td>\n<td>54<\/td>\n<\/tr>\n<tr>\n<td>Nummern<\/td>\n<td>Nur \u201c1\u201d<\/td>\n<td>\u201c1\u201d, \u201c2\u201d, \u201c5\u201d, \u201c10\u201d<\/td>\n<\/tr>\n<tr>\n<td>Buchstaben<\/td>\n<td>Ja<\/td>\n<td>Nein<\/td>\n<\/tr>\n<tr>\n<td>Grund RTP<\/td>\n<td>95,99%<\/td>\n<td>95,5%<\/td>\n<\/tr>\n<tr>\n<td>Zus\u00e4tzliche Multiplikatoren verf\u00fcgbar<\/td>\n<td>Ja<\/td>\n<td>Nein<\/td>\n<\/tr>\n<\/tbody>\n<\/table>\n<h2>Funky Time Demo<\/h2>\n<p>Wie bei den meisten Live-Shows von Evolution Gaming gibt es auch bei Funky Time keine Demoversion. Da es sich um ein Live-Spiel mit Live-Dealern handelt, ist es unm\u00f6glich, eine Testversion zu erstellen. Sie k\u00f6nnen jedoch das Geschehen verfolgen, ohne zu wetten. Dank der Live-\u00dcbertragung k\u00f6nnen Sie beobachten, wie andere Benutzer spielen, eine Strategie w\u00e4hlen und die Regeln und Funktionen des Spiels verstehen.<\/p>\n<h2>Funky Time auf Mobile<\/h2>\n<p>Das Spiel ist perfekt f\u00fcr Android- und iOS-Smartphones optimiert, so dass Sie einfach und bequem spielen und gewinnen k\u00f6nnen, wo immer Sie wollen.<\/p>\n<p>Um den Slot auf Ihrem mobilen Ger\u00e4t laufen zu lassen, m\u00fcssen Sie auf die offizielle Website eines jeden Online-Casinos gehen, als eine separate Anwendung f\u00fcr das Spiel auf Ihrem Telefon bei Funky Time.<\/p>\n<h2>Unser Res\u00fcmee<\/h2>\n<p>Zusammenfassend k\u00f6nnen wir sagen, dass Funky Time vom Anbieter Evolution Gaming ein spannender Spielautomat im Live-Modus ist. Unabh\u00e4ngig davon, ob Sie Erfahrung im Spielen haben oder nicht, bietet Ihnen der Videospielautomat unglaubliche Emotionen aus dem Spiel und die Freude an gro\u00dfen Gewinnen.<\/p>\n<p>Schnappen Sie sich also Ihre Tanzklamotten und begeben Sie sich auf die Tanzfl\u00e4che der 70er Jahre. Mr. Funky wird Ihnen beim Tanzen Gesellschaft leisten und Ihnen gro\u00dfe Gewinne bescheren.<\/p>\n","protected":false},"excerpt":{"rendered":"<p>Die Essenz von Funky Time Funky Time ist die neueste Version der Spielshow von Evolution Gaming. Das Spiel wurde im Mai 2023 ver\u00f6ffentlicht. Die Live-Show basiert auf der DigiWheel-Technologie, die der Anbieter im Jahr 2021 gekauft hat. Wenn Sie das Spiel starten, werden Sie in ein Studio der 70er Jahre versetzt, in dem ein Live-H\u00e4ndler [&hellip;]<\/p>\n","protected":false},"author":1,"featured_media":597,"parent":0,"menu_order":8,"comment_status":"closed","ping_status":"closed","template":"page-game-de.php","meta":{"footnotes":""},"categories":[],"tags":[],"class_list":["post-766","page","type-page","status-publish","has-post-thumbnail","hentry"],"yoast_head":"<!-- This site is optimized with the Yoast SEO plugin v20.10 - https:\/\/yoast.com\/wordpress\/plugins\/seo\/ -->\n<title>Funky Time Live - Spiel um Geld im Casino | Offizielle Seite<\/title>\n<meta name=\"description\" content=\"Spielen Sie Funky Time Evolution um echtes Geld im Online Casino. Bewertungen \u00fcber das Spiel Funky Time, Strategien, Antworten auf Fragen, Herunterladen App\" \/>\n<meta name=\"robots\" content=\"index, follow, max-snippet:-1, max-image-preview:large, max-video-preview:-1\" \/>\n<link rel=\"canonical\" href=\"https:\/\/funkytime-live.com\/de\/\" \/>\n<meta property=\"og:locale\" content=\"de_DE\" \/>\n<meta property=\"og:type\" content=\"article\" \/>\n<meta property=\"og:title\" content=\"Funky Time Live - Spiel um Geld im Casino | Offizielle Seite\" \/>\n<meta property=\"og:description\" content=\"Spielen Sie Funky Time Evolution um echtes Geld im Online Casino. Bewertungen \u00fcber das Spiel Funky Time, Strategien, Antworten auf Fragen, Herunterladen App\" \/>\n<meta property=\"og:url\" content=\"https:\/\/funkytime-live.com\/de\/\" \/>\n<meta property=\"og:site_name\" content=\"Funky Time Spiel\" \/>\n<meta property=\"article:modified_time\" content=\"2023-10-04T13:15:40+00:00\" \/>\n<meta property=\"og:image\" content=\"https:\/\/funkytime-live.com\/de\/wp-content\/uploads\/sites\/5\/2023\/06\/funky-time-thumb.jpg\" \/>\n\t<meta property=\"og:image:width\" content=\"1024\" \/>\n\t<meta property=\"og:image:height\" content=\"768\" \/>\n\t<meta property=\"og:image:type\" content=\"image\/jpeg\" \/>\n<meta name=\"twitter:card\" content=\"summary_large_image\" \/>\n<meta name=\"twitter:label1\" content=\"Gesch\u00e4tzte Lesezeit\" \/>\n\t<meta name=\"twitter:data1\" content=\"10\u00a0Minuten\" \/>\n<script type=\"application\/ld+json\" class=\"yoast-schema-graph\">{\"@context\":\"https:\/\/schema.org\",\"@graph\":[{\"@type\":\"WebPage\",\"@id\":\"https:\/\/funkytime-live.com\/de\/\",\"url\":\"https:\/\/funkytime-live.com\/de\/\",\"name\":\"Funky Time Live - Spiel um Geld im Casino | Offizielle Seite\",\"isPartOf\":{\"@id\":\"https:\/\/funkytime-live.com\/de\/#website\"},\"datePublished\":\"2023-02-05T19:15:05+00:00\",\"dateModified\":\"2023-10-04T13:15:40+00:00\",\"description\":\"Spielen Sie Funky Time Evolution um echtes Geld im Online Casino. Bewertungen \u00fcber das Spiel Funky Time, Strategien, Antworten auf Fragen, Herunterladen App\",\"breadcrumb\":{\"@id\":\"https:\/\/funkytime-live.com\/de\/#breadcrumb\"},\"inLanguage\":\"de\",\"potentialAction\":[{\"@type\":\"ReadAction\",\"target\":[\"https:\/\/funkytime-live.com\/de\/\"]}]},{\"@type\":\"BreadcrumbList\",\"@id\":\"https:\/\/funkytime-live.com\/de\/#breadcrumb\",\"itemListElement\":[{\"@type\":\"ListItem\",\"position\":1,\"name\":\"\u0413\u043b\u0430\u0432\u043d\u0430\u044f \u0441\u0442\u0440\u0430\u043d\u0438\u0446\u0430\",\"item\":\"https:\/\/funkytime-live.com\/de\/\"},{\"@type\":\"ListItem\",\"position\":2,\"name\":\"Funky Time Live Spiel Evolution\"}]},{\"@type\":\"WebSite\",\"@id\":\"https:\/\/funkytime-live.com\/de\/#website\",\"url\":\"https:\/\/funkytime-live.com\/de\/\",\"name\":\"Funky Time Spiel\",\"description\":\"\",\"potentialAction\":[{\"@type\":\"SearchAction\",\"target\":{\"@type\":\"EntryPoint\",\"urlTemplate\":\"https:\/\/funkytime-live.com\/de\/?s={search_term_string}\"},\"query-input\":\"required name=search_term_string\"}],\"inLanguage\":\"de\"}]}<\/script>\n<!-- \/ Yoast SEO plugin. -->","yoast_head_json":{"title":"Funky Time Live - Spiel um Geld im Casino | Offizielle Seite","description":"Spielen Sie Funky Time Evolution um echtes Geld im Online Casino. Bewertungen \u00fcber das Spiel Funky Time, Strategien, Antworten auf Fragen, Herunterladen App","robots":{"index":"index","follow":"follow","max-snippet":"max-snippet:-1","max-image-preview":"max-image-preview:large","max-video-preview":"max-video-preview:-1"},"canonical":"https:\/\/funkytime-live.com\/de\/","og_locale":"de_DE","og_type":"article","og_title":"Funky Time Live - Spiel um Geld im Casino | Offizielle Seite","og_description":"Spielen Sie Funky Time Evolution um echtes Geld im Online Casino. Bewertungen \u00fcber das Spiel Funky Time, Strategien, Antworten auf Fragen, Herunterladen App","og_url":"https:\/\/funkytime-live.com\/de\/","og_site_name":"Funky Time Spiel","article_modified_time":"2023-10-04T13:15:40+00:00","og_image":[{"width":1024,"height":768,"url":"https:\/\/funkytime-live.com\/de\/wp-content\/uploads\/sites\/5\/2023\/06\/funky-time-thumb.jpg","type":"image\/jpeg"}],"twitter_card":"summary_large_image","twitter_misc":{"Gesch\u00e4tzte Lesezeit":"10\u00a0Minuten"},"schema":{"@context":"https:\/\/schema.org","@graph":[{"@type":"WebPage","@id":"https:\/\/funkytime-live.com\/de\/","url":"https:\/\/funkytime-live.com\/de\/","name":"Funky Time Live - Spiel um Geld im Casino | Offizielle Seite","isPartOf":{"@id":"https:\/\/funkytime-live.com\/de\/#website"},"datePublished":"2023-02-05T19:15:05+00:00","dateModified":"2023-10-04T13:15:40+00:00","description":"Spielen Sie Funky Time Evolution um echtes Geld im Online Casino. Bewertungen \u00fcber das Spiel Funky Time, Strategien, Antworten auf Fragen, Herunterladen App","breadcrumb":{"@id":"https:\/\/funkytime-live.com\/de\/#breadcrumb"},"inLanguage":"de","potentialAction":[{"@type":"ReadAction","target":["https:\/\/funkytime-live.com\/de\/"]}]},{"@type":"BreadcrumbList","@id":"https:\/\/funkytime-live.com\/de\/#breadcrumb","itemListElement":[{"@type":"ListItem","position":1,"name":"\u0413\u043b\u0430\u0432\u043d\u0430\u044f \u0441\u0442\u0440\u0430\u043d\u0438\u0446\u0430","item":"https:\/\/funkytime-live.com\/de\/"},{"@type":"ListItem","position":2,"name":"Funky Time Live Spiel Evolution"}]},{"@type":"WebSite","@id":"https:\/\/funkytime-live.com\/de\/#website","url":"https:\/\/funkytime-live.com\/de\/","name":"Funky Time Spiel","description":"","potentialAction":[{"@type":"SearchAction","target":{"@type":"EntryPoint","urlTemplate":"https:\/\/funkytime-live.com\/de\/?s={search_term_string}"},"query-input":"required name=search_term_string"}],"inLanguage":"de"}]}},"_links":{"self":[{"href":"https:\/\/funkytime-live.com\/de\/wp-json\/wp\/v2\/pages\/766","targetHints":{"allow":["GET"]}}],"collection":[{"href":"https:\/\/funkytime-live.com\/de\/wp-json\/wp\/v2\/pages"}],"about":[{"href":"https:\/\/funkytime-live.com\/de\/wp-json\/wp\/v2\/types\/page"}],"author":[{"embeddable":true,"href":"https:\/\/funkytime-live.com\/de\/wp-json\/wp\/v2\/users\/1"}],"replies":[{"embeddable":true,"href":"https:\/\/funkytime-live.com\/de\/wp-json\/wp\/v2\/comments?post=766"}],"version-history":[{"count":12,"href":"https:\/\/funkytime-live.com\/de\/wp-json\/wp\/v2\/pages\/766\/revisions"}],"predecessor-version":[{"id":866,"href":"https:\/\/funkytime-live.com\/de\/wp-json\/wp\/v2\/pages\/766\/revisions\/866"}],"wp:featuredmedia":[{"embeddable":true,"href":"https:\/\/funkytime-live.com\/de\/wp-json\/wp\/v2\/media\/597"}],"wp:attachment":[{"href":"https:\/\/funkytime-live.com\/de\/wp-json\/wp\/v2\/media?parent=766"}],"wp:term":[{"taxonomy":"category","embeddable":true,"href":"https:\/\/funkytime-live.com\/de\/wp-json\/wp\/v2\/categories?post=766"},{"taxonomy":"post_tag","embeddable":true,"href":"https:\/\/funkytime-live.com\/de\/wp-json\/wp\/v2\/tags?post=766"}],"curies":[{"name":"wp","href":"https:\/\/api.w.org\/{rel}","templated":true}]}}