{"id":11,"date":"2023-02-05T23:16:48","date_gmt":"2023-02-05T20:16:48","guid":{"rendered":"https:\/\/funkytime-live.com\/?page_id=11"},"modified":"2023-07-27T00:49:15","modified_gmt":"2023-07-26T21:49:15","slug":"funky-time-descargar","status":"publish","type":"page","link":"https:\/\/funkytime-live.com\/es\/funky-time-descargar\/","title":{"rendered":"Descargar"},"content":{"rendered":"<h2>C\u00f3mo descargar Funky Time en PC<\/h2>\n<p>Si usted no quiere ir constantemente a trav\u00e9s de un navegador a los sitios de plataformas de juegos de azar, entonces usted puede instalar una aplicaci\u00f3n independiente Funky Time en su PC.<\/p>\n<p>Para instalarla, tienes que ir a Google y en el cuadro de b\u00fasqueda escribir \u00abDescargar Funky Time\u00bb. La mayor\u00eda de las veces, encontrar\u00e1 un enlace de descarga en uno de los primeros sitios sugeridos. Si la instalaci\u00f3n se realiza correctamente, deber\u00eda aparecer un acceso directo al programa en directo en tu escritorio. Si haces clic en \u00e9l, podr\u00e1s jugar a Funky Time.<\/p>\n<p>Si tienes alg\u00fan problema durante la instalaci\u00f3n, te aconsejamos que te pongas en contacto con el equipo de soporte t\u00e9cnico de la plataforma de juego que hayas elegido. Un equipo de profesionales te responder\u00e1 en un par de minutos y te ayudar\u00e1 a solucionar el problema.<\/p>\n<h2>C\u00f3mo descargar Funky Time en Android<\/h2>\n<p>Por desgracia, a d\u00eda de hoy no encontrar\u00e1s una aplicaci\u00f3n m\u00f3vil independiente en Goggle Play. Sin embargo, esto no significa que no puedas jugar a Funky Time en tu smartphone. Para jugar a esta tragamonedas y no ir constantemente al navegador, basta con instalar una aplicaci\u00f3n m\u00f3vil de uno de nuestros casinos online recomendados. Para evitar estafas fraudulentas al instalarla es necesario:<\/p>\n<ol>\n<li>Vaya al sitio oficial del casino en l\u00ednea que haya elegido;<\/li>\n<li>Reg\u00edstrese en \u00e9l;<\/li>\n<li>Haga un dep\u00f3sito;<\/li>\n<li>A continuaci\u00f3n, podr\u00e1 instalar la aplicaci\u00f3n m\u00f3vil;<\/li>\n<li>Haga clic en el enlace \u00abDescargar para Android\u00bb;<\/li>\n<li>Una vez que haga clic, la aplicaci\u00f3n comenzar\u00e1 a descargarse en su smartphone.<\/li>\n<\/ol>\n<p>Si utiliza Android, debe permitir la instalaci\u00f3n de aplicaciones de or\u00edgenes desconocidos. Para ello, vaya a \u00abConfiguraci\u00f3n\u00bb, vaya a \u00abSeguridad\u00bb, y luego activar la funci\u00f3n \u00abInstalar aplicaciones de or\u00edgenes desconocidos\u00bb.<\/p>\n<h2>C\u00f3mo descargar Funky Time en iOS<\/h2>\n<p>Al igual que en Android, no encontrar\u00e1s una aplicaci\u00f3n Funky Time independiente en la App Store. Sin embargo, puedes instalar una app m\u00f3vil de una de las plataformas de juego que te hemos presentado. Para instalar una app de una plataforma de juegos en iOS, necesitas:<\/p>\n<ol>\n<li>Vaya al sitio web oficial de su casino en l\u00ednea favorito;<\/li>\n<li>Cree un perfil;<\/li>\n<li>Reponga su saldo;<\/li>\n<li>A continuaci\u00f3n, busque el bot\u00f3n \u00abDescargar aplicaci\u00f3n iOS\u00bb;<\/li>\n<li>Despu\u00e9s en el men\u00fa del navegador, haga clic en el bot\u00f3n \u00abCompartir\u00bb;<\/li>\n<li>En la ventana que se abre, seleccione \u00abPantalla de inicio\u00bb.<\/li>\n<li>Si desea cambiar el nombre del acceso directo, es necesario hacer clic en el bot\u00f3n \u00abA\u00f1adir\u00bb en la esquina superior derecha.<\/li>\n<\/ol>\n<p>Cuando lo hayas hecho todo, comprueba si ha aparecido el cuadro de la aplicaci\u00f3n. Una gran ventaja es que la aplicaci\u00f3n no ocupa espacio en tu smartphone.<\/p>\n<p>Si tienes alguna duda a la hora de instalar, te aconsejamos que pidas ayuda al servicio t\u00e9cnico de la plataforma de juegos que hayas elegido. Un equipo de profesionales te responder\u00e1 en unos instantes y te ayudar\u00e1 a resolver tu problema.<\/p>\n","protected":false},"excerpt":{"rendered":"<p>C\u00f3mo descargar Funky Time en PC Si usted no quiere ir constantemente a trav\u00e9s de un navegador a los sitios de plataformas de juegos de azar, entonces usted puede instalar una aplicaci\u00f3n independiente Funky Time en su PC. Para instalarla, tienes que ir a Google y en el cuadro de b\u00fasqueda escribir \u00abDescargar Funky Time\u00bb. [&hellip;]<\/p>\n","protected":false},"author":1,"featured_media":635,"parent":0,"menu_order":5,"comment_status":"closed","ping_status":"closed","template":"page-es.php","meta":{"footnotes":""},"categories":[],"tags":[],"class_list":["post-11","page","type-page","status-publish","has-post-thumbnail","hentry"],"yoast_head":"<!-- This site is optimized with the Yoast SEO plugin v20.10 - https:\/\/yoast.com\/wordpress\/plugins\/seo\/ -->\n<title>Descarga el juego Funky Time o la App para jugar online<\/title>\n<meta name=\"description\" content=\"C\u00f3mo descargar Funky Time en Android, iPhone, Windows o Mac. Descarga la app Funky Time para jugar con dinero en casinos online\" \/>\n<meta name=\"robots\" content=\"index, follow, max-snippet:-1, max-image-preview:large, max-video-preview:-1\" \/>\n<link rel=\"canonical\" href=\"https:\/\/funkytime-live.com\/es\/funky-time-descargar\/\" \/>\n<meta property=\"og:locale\" content=\"es_ES\" \/>\n<meta property=\"og:type\" content=\"article\" \/>\n<meta property=\"og:title\" content=\"Descarga el juego Funky Time o la App para jugar online\" \/>\n<meta property=\"og:description\" content=\"C\u00f3mo descargar Funky Time en Android, iPhone, Windows o Mac. Descarga la app Funky Time para jugar con dinero en casinos online\" \/>\n<meta property=\"og:url\" content=\"https:\/\/funkytime-live.com\/es\/funky-time-descargar\/\" \/>\n<meta property=\"og:site_name\" content=\"Juego Funky Time\" \/>\n<meta property=\"article:modified_time\" content=\"2023-07-26T21:49:15+00:00\" \/>\n<meta property=\"og:image\" content=\"https:\/\/funkytime-live.com\/es\/wp-content\/uploads\/sites\/4\/2023\/06\/funky-time-download-thumb.jpg\" \/>\n\t<meta property=\"og:image:width\" content=\"1024\" \/>\n\t<meta property=\"og:image:height\" content=\"768\" \/>\n\t<meta property=\"og:image:type\" content=\"image\/jpeg\" \/>\n<meta name=\"twitter:card\" content=\"summary_large_image\" \/>\n<script type=\"application\/ld+json\" class=\"yoast-schema-graph\">{\"@context\":\"https:\/\/schema.org\",\"@graph\":[{\"@type\":\"WebPage\",\"@id\":\"https:\/\/funkytime-live.com\/es\/funky-time-descargar\/\",\"url\":\"https:\/\/funkytime-live.com\/es\/funky-time-descargar\/\",\"name\":\"Descarga el juego Funky Time o la App para jugar online\",\"isPartOf\":{\"@id\":\"https:\/\/funkytime-live.com\/es\/#website\"},\"datePublished\":\"2023-02-05T20:16:48+00:00\",\"dateModified\":\"2023-07-26T21:49:15+00:00\",\"description\":\"C\u00f3mo descargar Funky Time en Android, iPhone, Windows o Mac. Descarga la app Funky Time para jugar con dinero en casinos online\",\"breadcrumb\":{\"@id\":\"https:\/\/funkytime-live.com\/es\/funky-time-descargar\/#breadcrumb\"},\"inLanguage\":\"es\",\"potentialAction\":[{\"@type\":\"ReadAction\",\"target\":[\"https:\/\/funkytime-live.com\/es\/funky-time-descargar\/\"]}]},{\"@type\":\"BreadcrumbList\",\"@id\":\"https:\/\/funkytime-live.com\/es\/funky-time-descargar\/#breadcrumb\",\"itemListElement\":[{\"@type\":\"ListItem\",\"position\":1,\"name\":\"\u0413\u043b\u0430\u0432\u043d\u0430\u044f \u0441\u0442\u0440\u0430\u043d\u0438\u0446\u0430\",\"item\":\"https:\/\/funkytime-live.com\/es\/\"},{\"@type\":\"ListItem\",\"position\":2,\"name\":\"Descargar\"}]},{\"@type\":\"WebSite\",\"@id\":\"https:\/\/funkytime-live.com\/es\/#website\",\"url\":\"https:\/\/funkytime-live.com\/es\/\",\"name\":\"Juego Funky Time\",\"description\":\"\",\"potentialAction\":[{\"@type\":\"SearchAction\",\"target\":{\"@type\":\"EntryPoint\",\"urlTemplate\":\"https:\/\/funkytime-live.com\/es\/?s={search_term_string}\"},\"query-input\":\"required name=search_term_string\"}],\"inLanguage\":\"es\"}]}<\/script>\n<!-- \/ Yoast SEO plugin. -->","yoast_head_json":{"title":"Descarga el juego Funky Time o la App para jugar online","description":"C\u00f3mo descargar Funky Time en Android, iPhone, Windows o Mac. Descarga la app Funky Time para jugar con dinero en casinos online","robots":{"index":"index","follow":"follow","max-snippet":"max-snippet:-1","max-image-preview":"max-image-preview:large","max-video-preview":"max-video-preview:-1"},"canonical":"https:\/\/funkytime-live.com\/es\/funky-time-descargar\/","og_locale":"es_ES","og_type":"article","og_title":"Descarga el juego Funky Time o la App para jugar online","og_description":"C\u00f3mo descargar Funky Time en Android, iPhone, Windows o Mac. Descarga la app Funky Time para jugar con dinero en casinos online","og_url":"https:\/\/funkytime-live.com\/es\/funky-time-descargar\/","og_site_name":"Juego Funky Time","article_modified_time":"2023-07-26T21:49:15+00:00","og_image":[{"width":1024,"height":768,"url":"https:\/\/funkytime-live.com\/es\/wp-content\/uploads\/sites\/4\/2023\/06\/funky-time-download-thumb.jpg","type":"image\/jpeg"}],"twitter_card":"summary_large_image","schema":{"@context":"https:\/\/schema.org","@graph":[{"@type":"WebPage","@id":"https:\/\/funkytime-live.com\/es\/funky-time-descargar\/","url":"https:\/\/funkytime-live.com\/es\/funky-time-descargar\/","name":"Descarga el juego Funky Time o la App para jugar online","isPartOf":{"@id":"https:\/\/funkytime-live.com\/es\/#website"},"datePublished":"2023-02-05T20:16:48+00:00","dateModified":"2023-07-26T21:49:15+00:00","description":"C\u00f3mo descargar Funky Time en Android, iPhone, Windows o Mac. Descarga la app Funky Time para jugar con dinero en casinos online","breadcrumb":{"@id":"https:\/\/funkytime-live.com\/es\/funky-time-descargar\/#breadcrumb"},"inLanguage":"es","potentialAction":[{"@type":"ReadAction","target":["https:\/\/funkytime-live.com\/es\/funky-time-descargar\/"]}]},{"@type":"BreadcrumbList","@id":"https:\/\/funkytime-live.com\/es\/funky-time-descargar\/#breadcrumb","itemListElement":[{"@type":"ListItem","position":1,"name":"\u0413\u043b\u0430\u0432\u043d\u0430\u044f \u0441\u0442\u0440\u0430\u043d\u0438\u0446\u0430","item":"https:\/\/funkytime-live.com\/es\/"},{"@type":"ListItem","position":2,"name":"Descargar"}]},{"@type":"WebSite","@id":"https:\/\/funkytime-live.com\/es\/#website","url":"https:\/\/funkytime-live.com\/es\/","name":"Juego Funky Time","description":"","potentialAction":[{"@type":"SearchAction","target":{"@type":"EntryPoint","urlTemplate":"https:\/\/funkytime-live.com\/es\/?s={search_term_string}"},"query-input":"required name=search_term_string"}],"inLanguage":"es"}]}},"_links":{"self":[{"href":"https:\/\/funkytime-live.com\/es\/wp-json\/wp\/v2\/pages\/11","targetHints":{"allow":["GET"]}}],"collection":[{"href":"https:\/\/funkytime-live.com\/es\/wp-json\/wp\/v2\/pages"}],"about":[{"href":"https:\/\/funkytime-live.com\/es\/wp-json\/wp\/v2\/types\/page"}],"author":[{"embeddable":true,"href":"https:\/\/funkytime-live.com\/es\/wp-json\/wp\/v2\/users\/1"}],"replies":[{"embeddable":true,"href":"https:\/\/funkytime-live.com\/es\/wp-json\/wp\/v2\/comments?post=11"}],"version-history":[{"count":4,"href":"https:\/\/funkytime-live.com\/es\/wp-json\/wp\/v2\/pages\/11\/revisions"}],"predecessor-version":[{"id":844,"href":"https:\/\/funkytime-live.com\/es\/wp-json\/wp\/v2\/pages\/11\/revisions\/844"}],"wp:featuredmedia":[{"embeddable":true,"href":"https:\/\/funkytime-live.com\/es\/wp-json\/wp\/v2\/media\/635"}],"wp:attachment":[{"href":"https:\/\/funkytime-live.com\/es\/wp-json\/wp\/v2\/media?parent=11"}],"wp:term":[{"taxonomy":"category","embeddable":true,"href":"https:\/\/funkytime-live.com\/es\/wp-json\/wp\/v2\/categories?post=11"},{"taxonomy":"post_tag","embeddable":true,"href":"https:\/\/funkytime-live.com\/es\/wp-json\/wp\/v2\/tags?post=11"}],"curies":[{"name":"wp","href":"https:\/\/api.w.org\/{rel}","templated":true}]}}