{"id":13,"date":"2023-02-05T23:17:35","date_gmt":"2023-02-05T20:17:35","guid":{"rendered":"https:\/\/funkytime-live.com\/?page_id=13"},"modified":"2023-07-27T00:50:50","modified_gmt":"2023-07-26T21:50:50","slug":"estrategias-tacticas","status":"publish","type":"page","link":"https:\/\/funkytime-live.com\/es\/estrategias-tacticas\/","title":{"rendered":"Estrategias y t\u00e1cticas"},"content":{"rendered":"<h2>Las 9 mejores estrategias de Funky Time para ganar m\u00e1s a menudo<\/h2>\n<p><img loading=\"lazy\" decoding=\"async\" class=\"alignnone wp-image-760 size-full\" title=\"Las 9 mejores estrategias de Funky Time para ganar m\u00e1s a menudo\" src=\"https:\/\/funkytime-live.com\/es\/wp-content\/uploads\/sites\/4\/2023\/07\/funky-time-live-strategies-1.jpg\" alt=\"Las 9 mejores estrategias de Funky Time para ganar m\u00e1s a menudo\" width=\"1095\" height=\"616\" \/><\/p>\n<ol>\n<li>\n<h3>Estrategia \u00abN\u00famero 1\u00bb o \u00abMartingala\u00bb<\/h3>\n<p>La esencia de esta estrategia es que el usuario apuesta constantemente por el segmento \u00ab1\u00bb jugado con m\u00e1s frecuencia. Utilizando esta t\u00e1ctica, ganar\u00e1 en la mitad de las rondas. Despu\u00e9s de perder, doblar\u00e1 la cantidad apostada, lo que le permitir\u00e1 compensar las apuestas fallidas cuando gane. En cuanto el usuario gane, deber\u00e1 volver a la opci\u00f3n de apuesta inicial.<\/li>\n<li>\n<h3>Estrategia \u00abFunk total\u00bb<\/h3>\n<p>Esta estrategia consiste en apostar fichas a todas las letras de la palabra F.U.N.K. en una ronda. Esta t\u00e1ctica requiere experiencia, por lo que recomendamos a los principiantes que empiecen con apuestas m\u00ednimas cuando utilicen \u00abFunk Total\u00bb. De esta forma ganar\u00e1 experiencia, tras lo cual podr\u00e1 empezar a aumentar su apuesta poco a poco.<\/li>\n<li>\n<h3>Estrategia de apuestas de tiempo<\/h3>\n<p>El sentido de esta estrategia es el mismo que el de la t\u00e1ctica anterior, pero esta vez utilizas las letras T.I.M.E para apostar. Te aconsejamos que empieces con apuestas peque\u00f1as y las vayas aumentando poco a poco, ya que si la flecha sobre la ruleta se detiene sobre una de estas letras, tu apuesta se multiplicar\u00e1 por 25.<\/li>\n<li>\n<h3>La estrategia \u00abIr regularmente al bar\u00bb<\/h3>\n<p>La esencia de la apuesta es que antes de cada ronda usted apuesta en el juego de bonificaci\u00f3n \u00abBAR\u00bb. Si ganas, vuelve a la cantidad inicial de la apuesta, y si pierdes, dupl\u00edcala.<\/li>\n<li>\n<h3>La estrategia \u00abClassic Disco\u00bb<\/h3>\n<p>La esencia de la estrategia es que usted apuesta en un segmento Disco cada ronda. S\u00ed, la probabilidad de que la ca\u00edda de este sector es peque\u00f1o, pero si lo hace sonre\u00edr suerte, que est\u00e1 seguro de multiplicar su apuesta a veces.<\/li>\n<li>\n<h3>La estrategia \u00abTodo incluido\u00bb o \u00abS\u00f3lo discoteca VIP\u00bb<\/h3>\n<p>La esencia de la estrategia \u00abTodo o nada\u00bb, es que en cada ronda se apuesta al segmento m\u00e1s raro \u00abDisco VIP\u00bb. Esta estrategia requiere paciencia y un gran dep\u00f3sito.<\/li>\n<li>\n<h3>Estrategia \u00abStayin&#8217; Alive\u00bb<\/h3>\n<p>El objetivo de esta t\u00e1ctica es que el usuario ponga fichas en el juego de bonificaci\u00f3n \u00abStayin&#8217; Alive\u00bb juego de bonificaci\u00f3n en cada ronda. La ca\u00edda de este segmento es rara, pero si tiene suerte, obtendr\u00e1 grandes ganancias. La t\u00e1ctica tiene mucho riesgo, por lo que no aconsejamos apostar grandes cantidades.<\/li>\n<li>\n<h3>Estrategia de apuestas m\u00faltiples<\/h3>\n<p>La esencia de la estrategia es que pongas fichas en s\u00edmbolos diferentes en cada ronda. Gracias a esto se obtiene una experiencia variada. Se recomienda empezar con apuestas peque\u00f1as para entender con qu\u00e9 frecuencia caen determinados s\u00edmbolos. As\u00ed entender\u00e1s mejor la mec\u00e1nica y las reglas del juego.<\/li>\n<li>\n<h3>Estrategia \u00abJuego de palabras\u00bb<\/h3>\n<p>Con esta estrategia tienes que elegir diferentes letras de las palabras PLAY, FUNK, TIME en cada ronda. Esta estrategia no ser\u00e1 muy clara para los nuevos jugadores, por lo que recomendamos utilizar apuestas peque\u00f1as al principio, y a medida que entienda la mec\u00e1nica de la m\u00e1quina tragamonedas la apuesta debe aumentarse gradualmente.<\/li>\n<\/ol>\n<h2>Estrategias de Funky Time con estad\u00edsticas<\/h2>\n<p>El seguimiento de las estad\u00edsticas en Funky Time permite al usuario formarse un cierto n\u00famero de recomendaciones t\u00e1cticas para la sesi\u00f3n de juego, utilizando el historial de partidas:<\/p>\n<p><img loading=\"lazy\" decoding=\"async\" class=\"alignnone wp-image-761 size-full\" title=\"Estrategias de Funky Time con estad\u00edsticas\" src=\"https:\/\/funkytime-live.com\/es\/wp-content\/uploads\/sites\/4\/2023\/07\/funky-time-game-screenshot-7.jpg\" alt=\"Estrategias de Funky Time con estad\u00edsticas\" width=\"1094\" height=\"617\" \/><\/p>\n<ul>\n<li>El resultado de una nueva ronda no depende de los resultados de rondas anteriores. La variaci\u00f3n significativa de los segmentos se puede considerar en las estad\u00edsticas tanto por hora como por d\u00eda. As\u00ed, si ve una bonificaci\u00f3n en el historial del juego, no significa que no vayan a caer otras bonificaciones en un futuro pr\u00f3ximo;<\/li>\n<li>Sin embargo, si observa las estad\u00edsticas del d\u00eda, se dar\u00e1 cuenta de que los segmentos de letras caen con m\u00e1s frecuencia que otros. Esto significa que al usuario le conviene apostar por letras que no se han ca\u00eddo en un tiempo, con la esperanza de que el carrete se detenga pronto en el segmento de su elecci\u00f3n;<\/li>\n<li>Si consideramos un mes como un lapso, los resultados de las rondas corresponden a la probabilidad de que caigan segmentos. Un segmento mensual es un indicador m\u00e1s estable que el historial de rondas anteriores en un periodo de tiempo m\u00e1s corto;<\/li>\n<li>El porcentaje de un determinado sector en la rueda es el indicador m\u00e1s fiable, y debe tenerse en cuenta para cualquier estrategia. Por lo tanto, al usuario le conviene apostar fichas m\u00e1s grandes en Disco y fichas m\u00e1s peque\u00f1as en Disco VIP.<\/li>\n<\/ul>\n<p>En resumen, las estad\u00edsticas son un bonus muy \u00fatil para la formaci\u00f3n de diversas t\u00e1cticas.<\/p>\n<h2>Conclusi\u00f3n sobre estrategias y t\u00e1cticas en Funky Time<\/h2>\n<p><img loading=\"lazy\" decoding=\"async\" class=\"alignnone wp-image-762 size-full\" title=\"Conclusi\u00f3n sobre estrategias y t\u00e1cticas en Funky Time\" src=\"https:\/\/funkytime-live.com\/es\/wp-content\/uploads\/sites\/4\/2023\/07\/funky-time-game-screenshot-6-1.jpg\" alt=\"Conclusi\u00f3n sobre estrategias y t\u00e1cticas en Funky Time\" width=\"1093\" height=\"618\" srcset=\"https:\/\/funkytime-live.com\/es\/wp-content\/uploads\/sites\/4\/2023\/07\/funky-time-game-screenshot-6-1.jpg 1093w, https:\/\/funkytime-live.com\/es\/wp-content\/uploads\/sites\/4\/2023\/07\/funky-time-game-screenshot-6-1-300x170.jpg 300w, https:\/\/funkytime-live.com\/es\/wp-content\/uploads\/sites\/4\/2023\/07\/funky-time-game-screenshot-6-1-1024x579.jpg 1024w, https:\/\/funkytime-live.com\/es\/wp-content\/uploads\/sites\/4\/2023\/07\/funky-time-game-screenshot-6-1-768x434.jpg 768w, https:\/\/funkytime-live.com\/es\/wp-content\/uploads\/sites\/4\/2023\/07\/funky-time-game-screenshot-6-1-250x141.jpg 250w\" sizes=\"auto, (max-width: 1093px) 100vw, 1093px\" \/><\/p>\n<p>Hemos descrito las estrategias y t\u00e1cticas b\u00e1sicas para apostar a Funky Time y ganar dinero real. La elecci\u00f3n de un enfoque particular depende totalmente de usted. Le deseamos la mejor de las suertes en su casino en l\u00ednea favorito, Funky Time Live. Gane y que la fortuna est\u00e9 de su lado.<\/p>\n","protected":false},"excerpt":{"rendered":"<p>Las 9 mejores estrategias de Funky Time para ganar m\u00e1s a menudo Estrategia \u00abN\u00famero 1\u00bb o \u00abMartingala\u00bb La esencia de esta estrategia es que el usuario apuesta constantemente por el segmento \u00ab1\u00bb jugado con m\u00e1s frecuencia. Utilizando esta t\u00e1ctica, ganar\u00e1 en la mitad de las rondas. Despu\u00e9s de perder, doblar\u00e1 la cantidad apostada, lo que [&hellip;]<\/p>\n","protected":false},"author":1,"featured_media":631,"parent":0,"menu_order":4,"comment_status":"closed","ping_status":"closed","template":"page-es.php","meta":{"footnotes":""},"categories":[],"tags":[],"class_list":["post-13","page","type-page","status-publish","has-post-thumbnail","hentry"],"yoast_head":"<!-- This site is optimized with the Yoast SEO plugin v20.10 - https:\/\/yoast.com\/wordpress\/plugins\/seo\/ -->\n<title>Estrategia de Funky Time: c\u00f3mo jugar a Funky Time y ganar<\/title>\n<meta name=\"description\" content=\"Estrategias y t\u00e1cticas para jugar a Funky Time Live Evolution. Aprende a jugar y ganar en Funky Time en nuestra web online\" \/>\n<meta name=\"robots\" content=\"index, follow, max-snippet:-1, max-image-preview:large, max-video-preview:-1\" \/>\n<link rel=\"canonical\" href=\"https:\/\/funkytime-live.com\/es\/estrategias-tacticas\/\" \/>\n<meta property=\"og:locale\" content=\"es_ES\" \/>\n<meta property=\"og:type\" content=\"article\" \/>\n<meta property=\"og:title\" content=\"Estrategia de Funky Time: c\u00f3mo jugar a Funky Time y ganar\" \/>\n<meta property=\"og:description\" content=\"Estrategias y t\u00e1cticas para jugar a Funky Time Live Evolution. Aprende a jugar y ganar en Funky Time en nuestra web online\" \/>\n<meta property=\"og:url\" content=\"https:\/\/funkytime-live.com\/es\/estrategias-tacticas\/\" \/>\n<meta property=\"og:site_name\" content=\"Juego Funky Time\" \/>\n<meta property=\"article:modified_time\" content=\"2023-07-26T21:50:50+00:00\" \/>\n<meta property=\"og:image\" content=\"https:\/\/funkytime-live.com\/es\/wp-content\/uploads\/sites\/4\/2023\/06\/funky-time-strategies.jpg\" \/>\n\t<meta property=\"og:image:width\" content=\"1024\" \/>\n\t<meta property=\"og:image:height\" content=\"768\" \/>\n\t<meta property=\"og:image:type\" content=\"image\/jpeg\" \/>\n<meta name=\"twitter:card\" content=\"summary_large_image\" \/>\n<script type=\"application\/ld+json\" class=\"yoast-schema-graph\">{\"@context\":\"https:\/\/schema.org\",\"@graph\":[{\"@type\":\"WebPage\",\"@id\":\"https:\/\/funkytime-live.com\/es\/estrategias-tacticas\/\",\"url\":\"https:\/\/funkytime-live.com\/es\/estrategias-tacticas\/\",\"name\":\"Estrategia de Funky Time: c\u00f3mo jugar a Funky Time y ganar\",\"isPartOf\":{\"@id\":\"https:\/\/funkytime-live.com\/es\/#website\"},\"datePublished\":\"2023-02-05T20:17:35+00:00\",\"dateModified\":\"2023-07-26T21:50:50+00:00\",\"description\":\"Estrategias y t\u00e1cticas para jugar a Funky Time Live Evolution. Aprende a jugar y ganar en Funky Time en nuestra web online\",\"breadcrumb\":{\"@id\":\"https:\/\/funkytime-live.com\/es\/estrategias-tacticas\/#breadcrumb\"},\"inLanguage\":\"es\",\"potentialAction\":[{\"@type\":\"ReadAction\",\"target\":[\"https:\/\/funkytime-live.com\/es\/estrategias-tacticas\/\"]}]},{\"@type\":\"BreadcrumbList\",\"@id\":\"https:\/\/funkytime-live.com\/es\/estrategias-tacticas\/#breadcrumb\",\"itemListElement\":[{\"@type\":\"ListItem\",\"position\":1,\"name\":\"\u0413\u043b\u0430\u0432\u043d\u0430\u044f \u0441\u0442\u0440\u0430\u043d\u0438\u0446\u0430\",\"item\":\"https:\/\/funkytime-live.com\/es\/\"},{\"@type\":\"ListItem\",\"position\":2,\"name\":\"Estrategias y t\u00e1cticas\"}]},{\"@type\":\"WebSite\",\"@id\":\"https:\/\/funkytime-live.com\/es\/#website\",\"url\":\"https:\/\/funkytime-live.com\/es\/\",\"name\":\"Juego Funky Time\",\"description\":\"\",\"potentialAction\":[{\"@type\":\"SearchAction\",\"target\":{\"@type\":\"EntryPoint\",\"urlTemplate\":\"https:\/\/funkytime-live.com\/es\/?s={search_term_string}\"},\"query-input\":\"required name=search_term_string\"}],\"inLanguage\":\"es\"}]}<\/script>\n<!-- \/ Yoast SEO plugin. -->","yoast_head_json":{"title":"Estrategia de Funky Time: c\u00f3mo jugar a Funky Time y ganar","description":"Estrategias y t\u00e1cticas para jugar a Funky Time Live Evolution. Aprende a jugar y ganar en Funky Time en nuestra web online","robots":{"index":"index","follow":"follow","max-snippet":"max-snippet:-1","max-image-preview":"max-image-preview:large","max-video-preview":"max-video-preview:-1"},"canonical":"https:\/\/funkytime-live.com\/es\/estrategias-tacticas\/","og_locale":"es_ES","og_type":"article","og_title":"Estrategia de Funky Time: c\u00f3mo jugar a Funky Time y ganar","og_description":"Estrategias y t\u00e1cticas para jugar a Funky Time Live Evolution. Aprende a jugar y ganar en Funky Time en nuestra web online","og_url":"https:\/\/funkytime-live.com\/es\/estrategias-tacticas\/","og_site_name":"Juego Funky Time","article_modified_time":"2023-07-26T21:50:50+00:00","og_image":[{"width":1024,"height":768,"url":"https:\/\/funkytime-live.com\/es\/wp-content\/uploads\/sites\/4\/2023\/06\/funky-time-strategies.jpg","type":"image\/jpeg"}],"twitter_card":"summary_large_image","schema":{"@context":"https:\/\/schema.org","@graph":[{"@type":"WebPage","@id":"https:\/\/funkytime-live.com\/es\/estrategias-tacticas\/","url":"https:\/\/funkytime-live.com\/es\/estrategias-tacticas\/","name":"Estrategia de Funky Time: c\u00f3mo jugar a Funky Time y ganar","isPartOf":{"@id":"https:\/\/funkytime-live.com\/es\/#website"},"datePublished":"2023-02-05T20:17:35+00:00","dateModified":"2023-07-26T21:50:50+00:00","description":"Estrategias y t\u00e1cticas para jugar a Funky Time Live Evolution. Aprende a jugar y ganar en Funky Time en nuestra web online","breadcrumb":{"@id":"https:\/\/funkytime-live.com\/es\/estrategias-tacticas\/#breadcrumb"},"inLanguage":"es","potentialAction":[{"@type":"ReadAction","target":["https:\/\/funkytime-live.com\/es\/estrategias-tacticas\/"]}]},{"@type":"BreadcrumbList","@id":"https:\/\/funkytime-live.com\/es\/estrategias-tacticas\/#breadcrumb","itemListElement":[{"@type":"ListItem","position":1,"name":"\u0413\u043b\u0430\u0432\u043d\u0430\u044f \u0441\u0442\u0440\u0430\u043d\u0438\u0446\u0430","item":"https:\/\/funkytime-live.com\/es\/"},{"@type":"ListItem","position":2,"name":"Estrategias y t\u00e1cticas"}]},{"@type":"WebSite","@id":"https:\/\/funkytime-live.com\/es\/#website","url":"https:\/\/funkytime-live.com\/es\/","name":"Juego Funky Time","description":"","potentialAction":[{"@type":"SearchAction","target":{"@type":"EntryPoint","urlTemplate":"https:\/\/funkytime-live.com\/es\/?s={search_term_string}"},"query-input":"required name=search_term_string"}],"inLanguage":"es"}]}},"_links":{"self":[{"href":"https:\/\/funkytime-live.com\/es\/wp-json\/wp\/v2\/pages\/13","targetHints":{"allow":["GET"]}}],"collection":[{"href":"https:\/\/funkytime-live.com\/es\/wp-json\/wp\/v2\/pages"}],"about":[{"href":"https:\/\/funkytime-live.com\/es\/wp-json\/wp\/v2\/types\/page"}],"author":[{"embeddable":true,"href":"https:\/\/funkytime-live.com\/es\/wp-json\/wp\/v2\/users\/1"}],"replies":[{"embeddable":true,"href":"https:\/\/funkytime-live.com\/es\/wp-json\/wp\/v2\/comments?post=13"}],"version-history":[{"count":4,"href":"https:\/\/funkytime-live.com\/es\/wp-json\/wp\/v2\/pages\/13\/revisions"}],"predecessor-version":[{"id":841,"href":"https:\/\/funkytime-live.com\/es\/wp-json\/wp\/v2\/pages\/13\/revisions\/841"}],"wp:featuredmedia":[{"embeddable":true,"href":"https:\/\/funkytime-live.com\/es\/wp-json\/wp\/v2\/media\/631"}],"wp:attachment":[{"href":"https:\/\/funkytime-live.com\/es\/wp-json\/wp\/v2\/media?parent=13"}],"wp:term":[{"taxonomy":"category","embeddable":true,"href":"https:\/\/funkytime-live.com\/es\/wp-json\/wp\/v2\/categories?post=13"},{"taxonomy":"post_tag","embeddable":true,"href":"https:\/\/funkytime-live.com\/es\/wp-json\/wp\/v2\/tags?post=13"}],"curies":[{"name":"wp","href":"https:\/\/api.w.org\/{rel}","templated":true}]}}