{"id":642,"date":"2023-06-29T23:34:55","date_gmt":"2023-06-29T20:34:55","guid":{"rendered":"https:\/\/funkytime-live.com\/?page_id=642"},"modified":"2023-11-01T17:00:44","modified_gmt":"2023-11-01T14:00:44","slug":"acerca-de-nosotros","status":"publish","type":"page","link":"https:\/\/funkytime-live.com\/es\/acerca-de-nosotros\/","title":{"rendered":"Acerca de nosotros"},"content":{"rendered":"<p>Bienvenido a Funky Time Live Review &#8211; el mejor sitio de informaci\u00f3n sobre el juego Funky Time del proveedor Evolution. Aqu\u00ed puede estudiar una rese\u00f1a detallada de este popular juego de azar en vivo, obtener informaci\u00f3n sobre las estrategias y t\u00e1cticas de trabajo del juego, as\u00ed como analizar las estad\u00edsticas y la historia de los \u00faltimos juegos.<\/p>\n<p>Nuestro equipo de expertos se esfuerza por proporcionar a todos los jugadores informaci\u00f3n imparcial y lo m\u00e1s completa posible sobre este juego de azar, incluyendo bonos y promociones en los casinos online donde se presenta la tragaperras Funky Time.<\/p>\n<p>Nuestro equipo editorial reconoce la importancia del juego responsable y se esfuerza por proporcionar un entorno de juego seguro para todos los jugadores. Nuestro objetivo es proporcionar a los lectores informaci\u00f3n precisa y actualizada sobre Funky Time para que puedan tomar decisiones informadas sobre su experiencia de juego.<\/p>\n<p>El equipo de expertos de Funky Time Live Review tiene a\u00f1os de experiencia en la industria del juego online, especialmente en la industria del iGaming. Nos esforzamos por dar a los jugadores la informaci\u00f3n que necesitan para mejorar su juego, aumentar sus posibilidades de ganar y tener una mejor experiencia de juego.<\/p>\n<p>Valoramos la franqueza y la honestidad, por lo que nos esforzamos por proporcionar a los lectores una revisi\u00f3n imparcial y objetiva de los juegos de casino en l\u00ednea de Funky Time, incluyendo informaci\u00f3n sobre la imparcialidad del juego, la calidad de la interfaz de usuario y la experiencia general del usuario.<\/p>\n<p>En nuestro trabajo, nos guiamos \u00fanicamente por t\u00e9cnicas anal\u00edticas de procesamiento de informaci\u00f3n procedente de fuentes abiertas. Por lo tanto, se puede confiar en nosotros. Analizamos a fondo cada juego online que rese\u00f1amos, as\u00ed como los casinos online en los que se puede jugar a los juegos que rese\u00f1amos. Nuestras rese\u00f1as de juegos y casinos online se basan en las experiencias y testimonios de jugadores reales, lo que nos permite ser objetivos, honestos e independientes.<\/p>\n<p>Gracias por elegir el sitio web de Funky Time Live Review como su fuente de confianza para obtener informaci\u00f3n y rese\u00f1as sobre los juegos de Funky Time. Nos esforzamos por ofrecerte la informaci\u00f3n que necesitas para sacar el m\u00e1ximo partido a tu experiencia de juego.<\/p>\n","protected":false},"excerpt":{"rendered":"<p>Bienvenido a Funky Time Live Review &#8211; el mejor sitio de informaci\u00f3n sobre el juego Funky Time del proveedor Evolution. Aqu\u00ed puede estudiar una rese\u00f1a detallada de este popular juego de azar en vivo, obtener informaci\u00f3n sobre las estrategias y t\u00e1cticas de trabajo del juego, as\u00ed como analizar las estad\u00edsticas y la historia de los [&hellip;]<\/p>\n","protected":false},"author":1,"featured_media":0,"parent":0,"menu_order":0,"comment_status":"closed","ping_status":"closed","template":"page-info-es.php","meta":{"footnotes":""},"categories":[],"tags":[],"class_list":["post-642","page","type-page","status-publish","hentry"],"yoast_head":"<!-- This site is optimized with the Yoast SEO plugin v20.10 - https:\/\/yoast.com\/wordpress\/plugins\/seo\/ -->\n<title>Acerca de nosotros - Juego Funky Time<\/title>\n<meta name=\"description\" content=\"Bienvenido a Funky Time Live Review - el mejor sitio de informaci\u00f3n sobre el juego Funky Time del proveedor Evolution. Aqu\u00ed puede estudiar una rese\u00f1a\" \/>\n<meta name=\"robots\" content=\"index, follow, max-snippet:-1, max-image-preview:large, max-video-preview:-1\" \/>\n<link rel=\"canonical\" href=\"https:\/\/funkytime-live.com\/es\/acerca-de-nosotros\/\" \/>\n<meta property=\"og:locale\" content=\"es_ES\" \/>\n<meta property=\"og:type\" content=\"article\" \/>\n<meta property=\"og:title\" content=\"Acerca de nosotros - Juego Funky Time\" \/>\n<meta property=\"og:description\" content=\"Bienvenido a Funky Time Live Review - el mejor sitio de informaci\u00f3n sobre el juego Funky Time del proveedor Evolution. Aqu\u00ed puede estudiar una rese\u00f1a\" \/>\n<meta property=\"og:url\" content=\"https:\/\/funkytime-live.com\/es\/acerca-de-nosotros\/\" \/>\n<meta property=\"og:site_name\" content=\"Juego Funky Time\" \/>\n<meta property=\"article:modified_time\" content=\"2023-11-01T14:00:44+00:00\" \/>\n<meta name=\"twitter:card\" content=\"summary_large_image\" \/>\n<script type=\"application\/ld+json\" class=\"yoast-schema-graph\">{\"@context\":\"https:\/\/schema.org\",\"@graph\":[{\"@type\":\"WebPage\",\"@id\":\"https:\/\/funkytime-live.com\/es\/acerca-de-nosotros\/\",\"url\":\"https:\/\/funkytime-live.com\/es\/acerca-de-nosotros\/\",\"name\":\"Acerca de nosotros - Juego Funky Time\",\"isPartOf\":{\"@id\":\"https:\/\/funkytime-live.com\/es\/#website\"},\"datePublished\":\"2023-06-29T20:34:55+00:00\",\"dateModified\":\"2023-11-01T14:00:44+00:00\",\"description\":\"Bienvenido a Funky Time Live Review - el mejor sitio de informaci\u00f3n sobre el juego Funky Time del proveedor Evolution. Aqu\u00ed puede estudiar una rese\u00f1a\",\"breadcrumb\":{\"@id\":\"https:\/\/funkytime-live.com\/es\/acerca-de-nosotros\/#breadcrumb\"},\"inLanguage\":\"es\",\"potentialAction\":[{\"@type\":\"ReadAction\",\"target\":[\"https:\/\/funkytime-live.com\/es\/acerca-de-nosotros\/\"]}]},{\"@type\":\"BreadcrumbList\",\"@id\":\"https:\/\/funkytime-live.com\/es\/acerca-de-nosotros\/#breadcrumb\",\"itemListElement\":[{\"@type\":\"ListItem\",\"position\":1,\"name\":\"\u0413\u043b\u0430\u0432\u043d\u0430\u044f \u0441\u0442\u0440\u0430\u043d\u0438\u0446\u0430\",\"item\":\"https:\/\/funkytime-live.com\/es\/\"},{\"@type\":\"ListItem\",\"position\":2,\"name\":\"Acerca de nosotros\"}]},{\"@type\":\"WebSite\",\"@id\":\"https:\/\/funkytime-live.com\/es\/#website\",\"url\":\"https:\/\/funkytime-live.com\/es\/\",\"name\":\"Juego Funky Time\",\"description\":\"\",\"potentialAction\":[{\"@type\":\"SearchAction\",\"target\":{\"@type\":\"EntryPoint\",\"urlTemplate\":\"https:\/\/funkytime-live.com\/es\/?s={search_term_string}\"},\"query-input\":\"required name=search_term_string\"}],\"inLanguage\":\"es\"}]}<\/script>\n<!-- \/ Yoast SEO plugin. -->","yoast_head_json":{"title":"Acerca de nosotros - Juego Funky Time","description":"Bienvenido a Funky Time Live Review - el mejor sitio de informaci\u00f3n sobre el juego Funky Time del proveedor Evolution. Aqu\u00ed puede estudiar una rese\u00f1a","robots":{"index":"index","follow":"follow","max-snippet":"max-snippet:-1","max-image-preview":"max-image-preview:large","max-video-preview":"max-video-preview:-1"},"canonical":"https:\/\/funkytime-live.com\/es\/acerca-de-nosotros\/","og_locale":"es_ES","og_type":"article","og_title":"Acerca de nosotros - Juego Funky Time","og_description":"Bienvenido a Funky Time Live Review - el mejor sitio de informaci\u00f3n sobre el juego Funky Time del proveedor Evolution. Aqu\u00ed puede estudiar una rese\u00f1a","og_url":"https:\/\/funkytime-live.com\/es\/acerca-de-nosotros\/","og_site_name":"Juego Funky Time","article_modified_time":"2023-11-01T14:00:44+00:00","twitter_card":"summary_large_image","schema":{"@context":"https:\/\/schema.org","@graph":[{"@type":"WebPage","@id":"https:\/\/funkytime-live.com\/es\/acerca-de-nosotros\/","url":"https:\/\/funkytime-live.com\/es\/acerca-de-nosotros\/","name":"Acerca de nosotros - Juego Funky Time","isPartOf":{"@id":"https:\/\/funkytime-live.com\/es\/#website"},"datePublished":"2023-06-29T20:34:55+00:00","dateModified":"2023-11-01T14:00:44+00:00","description":"Bienvenido a Funky Time Live Review - el mejor sitio de informaci\u00f3n sobre el juego Funky Time del proveedor Evolution. Aqu\u00ed puede estudiar una rese\u00f1a","breadcrumb":{"@id":"https:\/\/funkytime-live.com\/es\/acerca-de-nosotros\/#breadcrumb"},"inLanguage":"es","potentialAction":[{"@type":"ReadAction","target":["https:\/\/funkytime-live.com\/es\/acerca-de-nosotros\/"]}]},{"@type":"BreadcrumbList","@id":"https:\/\/funkytime-live.com\/es\/acerca-de-nosotros\/#breadcrumb","itemListElement":[{"@type":"ListItem","position":1,"name":"\u0413\u043b\u0430\u0432\u043d\u0430\u044f \u0441\u0442\u0440\u0430\u043d\u0438\u0446\u0430","item":"https:\/\/funkytime-live.com\/es\/"},{"@type":"ListItem","position":2,"name":"Acerca de nosotros"}]},{"@type":"WebSite","@id":"https:\/\/funkytime-live.com\/es\/#website","url":"https:\/\/funkytime-live.com\/es\/","name":"Juego Funky Time","description":"","potentialAction":[{"@type":"SearchAction","target":{"@type":"EntryPoint","urlTemplate":"https:\/\/funkytime-live.com\/es\/?s={search_term_string}"},"query-input":"required name=search_term_string"}],"inLanguage":"es"}]}},"_links":{"self":[{"href":"https:\/\/funkytime-live.com\/es\/wp-json\/wp\/v2\/pages\/642","targetHints":{"allow":["GET"]}}],"collection":[{"href":"https:\/\/funkytime-live.com\/es\/wp-json\/wp\/v2\/pages"}],"about":[{"href":"https:\/\/funkytime-live.com\/es\/wp-json\/wp\/v2\/types\/page"}],"author":[{"embeddable":true,"href":"https:\/\/funkytime-live.com\/es\/wp-json\/wp\/v2\/users\/1"}],"replies":[{"embeddable":true,"href":"https:\/\/funkytime-live.com\/es\/wp-json\/wp\/v2\/comments?post=642"}],"version-history":[{"count":3,"href":"https:\/\/funkytime-live.com\/es\/wp-json\/wp\/v2\/pages\/642\/revisions"}],"predecessor-version":[{"id":853,"href":"https:\/\/funkytime-live.com\/es\/wp-json\/wp\/v2\/pages\/642\/revisions\/853"}],"wp:attachment":[{"href":"https:\/\/funkytime-live.com\/es\/wp-json\/wp\/v2\/media?parent=642"}],"wp:term":[{"taxonomy":"category","embeddable":true,"href":"https:\/\/funkytime-live.com\/es\/wp-json\/wp\/v2\/categories?post=642"},{"taxonomy":"post_tag","embeddable":true,"href":"https:\/\/funkytime-live.com\/es\/wp-json\/wp\/v2\/tags?post=642"}],"curies":[{"name":"wp","href":"https:\/\/api.w.org\/{rel}","templated":true}]}}