{"id":666,"date":"2023-07-06T00:02:00","date_gmt":"2023-07-05T21:02:00","guid":{"rendered":"https:\/\/funkytime-live.com\/?page_id=666"},"modified":"2023-07-27T00:50:11","modified_gmt":"2023-07-26T21:50:11","slug":"estadisticas-funky-time","status":"publish","type":"page","link":"https:\/\/funkytime-live.com\/es\/estadisticas-funky-time\/","title":{"rendered":"Estad\u00edsticas de Funky Time"},"content":{"rendered":"<p>Funky Time es un programa de juego con dinero en directo que se desarrolla en tiempo real con crupieres en vivo. Gracias a esta mec\u00e1nica, tienes acceso a las estad\u00edsticas de las apuestas jugadas y al historial de partidas anteriores. Adem\u00e1s, puedes ver el juego sin participar en \u00e9l, lo que te ofrece amplias posibilidades de an\u00e1lisis, para encontrar cualquier regularidad y aumentar tus posibilidades de ganar en el juego por dinero.<\/p>\n<h2>\u00bfD\u00f3nde ver las estad\u00edsticas de Funky Time?<\/h2>\n<ul>\n<li>\n<h3>En el juego<\/h3>\n<p><img loading=\"lazy\" decoding=\"async\" class=\"alignnone wp-image-755 size-full\" title=\"C\u00f3mo ver las estad\u00edsticas de Funky Time en el juego\" src=\"https:\/\/funkytime-live.com\/es\/wp-content\/uploads\/sites\/4\/2023\/07\/funky-time-stats-live-game.jpg\" alt=\"C\u00f3mo ver las estad\u00edsticas de Funky Time en el juego\" width=\"1440\" height=\"900\" srcset=\"https:\/\/funkytime-live.com\/es\/wp-content\/uploads\/sites\/4\/2023\/07\/funky-time-stats-live-game.jpg 1440w, https:\/\/funkytime-live.com\/es\/wp-content\/uploads\/sites\/4\/2023\/07\/funky-time-stats-live-game-300x188.jpg 300w, https:\/\/funkytime-live.com\/es\/wp-content\/uploads\/sites\/4\/2023\/07\/funky-time-stats-live-game-1024x640.jpg 1024w, https:\/\/funkytime-live.com\/es\/wp-content\/uploads\/sites\/4\/2023\/07\/funky-time-stats-live-game-768x480.jpg 768w, https:\/\/funkytime-live.com\/es\/wp-content\/uploads\/sites\/4\/2023\/07\/funky-time-stats-live-game-240x150.jpg 240w\" sizes=\"auto, (max-width: 1440px) 100vw, 1440px\" \/><br \/>\nDebido al hecho de que Funky Time es un juego en vivo, tendr\u00e1s acceso a las estad\u00edsticas de las \u00faltimas rondas directamente en la interfaz &#8211; en la esquina inferior derecha de la pantalla. Las estad\u00edsticas b\u00e1sicas te dan acceso a las \u00faltimas 24 rondas del juego. Sin embargo, haciendo clic en el bot\u00f3n especial bajo las estad\u00edsticas, tendr\u00e1s acceso a la informaci\u00f3n de las \u00faltimas 48 rondas.<\/p>\n<blockquote><p>Tenga en cuenta que la versi\u00f3n m\u00f3vil de Funky Time no tiene estad\u00edsticas. Esperamos que esto sea temporal y que los desarrolladores encuentren una soluci\u00f3n conveniente para los aficionados a jugar en m\u00f3viles.<\/p><\/blockquote>\n<\/li>\n<li>\n<h3>En nuestro sitio o en otros sitios de juego<\/h3>\n<p><img loading=\"lazy\" decoding=\"async\" class=\"alignnone wp-image-756 size-full\" title=\"En nuestro sitio o en otros sitios de juego\" src=\"https:\/\/funkytime-live.com\/es\/wp-content\/uploads\/sites\/4\/2023\/07\/funky-time-stats-live.jpg\" alt=\"En nuestro sitio o en otros sitios de juego\" width=\"1024\" height=\"634\" srcset=\"https:\/\/funkytime-live.com\/es\/wp-content\/uploads\/sites\/4\/2023\/07\/funky-time-stats-live.jpg 1024w, https:\/\/funkytime-live.com\/es\/wp-content\/uploads\/sites\/4\/2023\/07\/funky-time-stats-live-300x186.jpg 300w, https:\/\/funkytime-live.com\/es\/wp-content\/uploads\/sites\/4\/2023\/07\/funky-time-stats-live-768x476.jpg 768w, https:\/\/funkytime-live.com\/es\/wp-content\/uploads\/sites\/4\/2023\/07\/funky-time-stats-live-242x150.jpg 242w\" sizes=\"auto, (max-width: 1024px) 100vw, 1024px\" \/><br \/>\nLas estad\u00edsticas sobre las \u00faltimas rondas, valores y ganancias se pueden encontrar libremente en Internet, en muchos sitios sobre juegos de azar. Por ejemplo, puede explorar la informaci\u00f3n actual en esta p\u00e1gina, o introducir la frase de b\u00fasqueda \u00abEstad\u00edsticas de Funky Time\u00bb en Google y leer otros sitios de perfiles.<\/li>\n<li>\n<h3>En los sitios oficiales de los casinos en l\u00ednea<\/h3>\n<p><img loading=\"lazy\" decoding=\"async\" class=\"alignnone wp-image-757 size-full\" title=\"Funky Time Estad\u00edsticas en los sitios oficiales de los casinos en l\u00ednea\" src=\"https:\/\/funkytime-live.com\/es\/wp-content\/uploads\/sites\/4\/2023\/07\/funky-time-stats-live-casinos.jpg\" alt=\"Funky Time Estad\u00edsticas en los sitios oficiales de los casinos en l\u00ednea\" width=\"1112\" height=\"666\" srcset=\"https:\/\/funkytime-live.com\/es\/wp-content\/uploads\/sites\/4\/2023\/07\/funky-time-stats-live-casinos.jpg 1112w, https:\/\/funkytime-live.com\/es\/wp-content\/uploads\/sites\/4\/2023\/07\/funky-time-stats-live-casinos-300x180.jpg 300w, https:\/\/funkytime-live.com\/es\/wp-content\/uploads\/sites\/4\/2023\/07\/funky-time-stats-live-casinos-1024x613.jpg 1024w, https:\/\/funkytime-live.com\/es\/wp-content\/uploads\/sites\/4\/2023\/07\/funky-time-stats-live-casinos-768x460.jpg 768w, https:\/\/funkytime-live.com\/es\/wp-content\/uploads\/sites\/4\/2023\/07\/funky-time-stats-live-casinos-250x150.jpg 250w\" sizes=\"auto, (max-width: 1112px) 100vw, 1112px\" \/><br \/>\nDado que Funky Time es otro popular juego de dinero en vivo de Evolution, est\u00e1 disponible en todos los casinos en l\u00ednea conocidos con licencia. Cada plataforma est\u00e1 interesada en un proceso de juego justo, por lo que puedes encontrar f\u00e1cilmente todas las estad\u00edsticas necesarias sobre rondas e historial de juego en la p\u00e1gina web oficial de cualquier club de apuestas, por ejemplo: 1win, BC Game o Vavada.<\/li>\n<\/ul>\n<h2>Funky Time Oportunidades de ca\u00edda y RTP<\/h2>\n<table class=\"table\">\n<thead>\n<tr>\n<th>Sector<\/th>\n<th>Importe en la rueda<\/th>\n<th>Oportunidades de ca\u00edda<\/th>\n<th>RTP<\/th>\n<\/tr>\n<\/thead>\n<tbody>\n<tr>\n<td>1<\/td>\n<td>28<\/td>\n<td>43,75%<\/td>\n<td>95,99%<\/td>\n<\/tr>\n<tr>\n<td>Cualquier letra<\/td>\n<td>24 (2 de cada)<\/td>\n<td>37,50% (3,13% por cada)<\/td>\n<td>95,49%<\/td>\n<\/tr>\n<tr>\n<td>BAR<\/td>\n<td>6<\/td>\n<td>9,38%<\/td>\n<td>95,98%<\/td>\n<\/tr>\n<tr>\n<td>Stayin\u2019 Alive<\/td>\n<td>2<\/td>\n<td>3,13%<\/td>\n<td>95,49%<\/td>\n<\/tr>\n<tr>\n<td>Disco<\/td>\n<td>3<\/td>\n<td>4,68%<\/td>\n<td>95,51%<\/td>\n<\/tr>\n<tr>\n<td>VIP Disco<\/td>\n<td>1<\/td>\n<td>1,56%<\/td>\n<td>95,38%<\/td>\n<\/tr>\n<\/tbody>\n<\/table>\n<h2>An\u00e1lisis de estad\u00edsticas en Funky Time<\/h2>\n<p>Las estad\u00edsticas suelen utilizarse para elaborar estrategias y t\u00e1cticas que aumenten las posibilidades de ganar. Intentamos ver si pod\u00edamos detectar alg\u00fan patr\u00f3n en Funky Time y predecir algo bas\u00e1ndonos en estas estad\u00edsticas.<\/p>\n<p>Jugamos durante 3 horas y esto es lo que obtuvimos:<\/p>\n<p>N\u00famero total de rondas: 148.<\/p>\n<table class=\"table\">\n<tbody>\n<tr>\n<th>Sector<\/th>\n<th>Cu\u00e1ntas veces abandon\u00f3<\/th>\n<th>En porcentaje<\/th>\n<\/tr>\n<tr>\n<td>1<\/td>\n<td>76<\/td>\n<td>51,35%<\/td>\n<\/tr>\n<tr>\n<td>Cualquier letra<\/td>\n<td>44<\/td>\n<td>29,72%<\/td>\n<\/tr>\n<tr>\n<td>Bonus<\/td>\n<td>12<\/td>\n<td>8,10%<\/td>\n<\/tr>\n<tr>\n<td>Stayin\u2019 Alive<\/td>\n<td>5<\/td>\n<td>3,37%<\/td>\n<\/tr>\n<tr>\n<td>Disco<\/td>\n<td>5<\/td>\n<td>3,37%<\/td>\n<\/tr>\n<tr>\n<td>VIP Disco<\/td>\n<td>6<\/td>\n<td>4,05%<\/td>\n<\/tr>\n<\/tbody>\n<\/table>\n<p>Despu\u00e9s de obtener los datos durante 3 horas, podemos estar seguros del fuerte dominio del sector con el n\u00famero 1, que se cae casi 2 veces m\u00e1s a menudo que cualquier letra. Tambi\u00e9n se puede observar la diferencia en las probabilidades de ca\u00edda de los sectores, respecto a lo declarado por el creador.<\/p>\n<h2>Veredicto sobre las estad\u00edsticas del juego Funky Time<\/h2>\n<p>Como cualquier juego de azar, Funky Time se basa en un generador de valores aleatorios. Esto significa que, por mucho que intente analizar cada n\u00famero y cada ronda, siempre correr\u00e1 el riesgo de perderlo todo. Piense en cualquier juego como un entretenimiento, no como una forma de ganar dinero.<\/p>\n<p><img loading=\"lazy\" decoding=\"async\" class=\"alignnone wp-image-758 size-full\" title=\"Veredicto sobre las estad\u00edsticas del juego Funky Time\" src=\"https:\/\/funkytime-live.com\/es\/wp-content\/uploads\/sites\/4\/2023\/07\/funky-time-game-screenshot-6-1.jpg\" alt=\"Veredicto sobre las estad\u00edsticas del juego Funky Time\" width=\"1093\" height=\"618\" \/><\/p>\n<p>Alg\u00fan d\u00eda, puede que incluso hoy, la fortuna estar\u00e1 de tu lado y conseguir\u00e1s la mayor victoria de tu vida. Buena suerte.<\/p>\n","protected":false},"excerpt":{"rendered":"<p>Funky Time es un programa de juego con dinero en directo que se desarrolla en tiempo real con crupieres en vivo. Gracias a esta mec\u00e1nica, tienes acceso a las estad\u00edsticas de las apuestas jugadas y al historial de partidas anteriores. Adem\u00e1s, puedes ver el juego sin participar en \u00e9l, lo que te ofrece amplias posibilidades [&hellip;]<\/p>\n","protected":false},"author":1,"featured_media":669,"parent":0,"menu_order":0,"comment_status":"closed","ping_status":"closed","template":"page-es.php","meta":{"footnotes":""},"categories":[],"tags":[],"class_list":["post-666","page","type-page","status-publish","has-post-thumbnail","hentry"],"yoast_head":"<!-- This site is optimized with the Yoast SEO plugin v20.10 - https:\/\/yoast.com\/wordpress\/plugins\/seo\/ -->\n<title>Funky Time Live estad\u00edsticas y la historia del juego<\/title>\n<meta name=\"description\" content=\"Todo sobre las estad\u00edsticas de Funky Time: c\u00f3mo utilizar las estad\u00edsticas del juego, posibilidades de ganar de los distintos s\u00edmbolos, historial de partidas y ganancias en Funky Time\" \/>\n<meta name=\"robots\" content=\"index, follow, max-snippet:-1, max-image-preview:large, max-video-preview:-1\" \/>\n<link rel=\"canonical\" href=\"https:\/\/funkytime-live.com\/es\/estadisticas-funky-time\/\" \/>\n<meta property=\"og:locale\" content=\"es_ES\" \/>\n<meta property=\"og:type\" content=\"article\" \/>\n<meta property=\"og:title\" content=\"Funky Time Live estad\u00edsticas y la historia del juego\" \/>\n<meta property=\"og:description\" content=\"Todo sobre las estad\u00edsticas de Funky Time: c\u00f3mo utilizar las estad\u00edsticas del juego, posibilidades de ganar de los distintos s\u00edmbolos, historial de partidas y ganancias en Funky Time\" \/>\n<meta property=\"og:url\" content=\"https:\/\/funkytime-live.com\/es\/estadisticas-funky-time\/\" \/>\n<meta property=\"og:site_name\" content=\"Juego Funky Time\" \/>\n<meta property=\"article:modified_time\" content=\"2023-07-26T21:50:11+00:00\" \/>\n<meta property=\"og:image\" content=\"https:\/\/funkytime-live.com\/es\/wp-content\/uploads\/sites\/4\/2023\/07\/funky-time-stats-thumb.jpg\" \/>\n\t<meta property=\"og:image:width\" content=\"1024\" \/>\n\t<meta property=\"og:image:height\" content=\"768\" \/>\n\t<meta property=\"og:image:type\" content=\"image\/jpeg\" \/>\n<meta name=\"twitter:card\" content=\"summary_large_image\" \/>\n<script type=\"application\/ld+json\" class=\"yoast-schema-graph\">{\"@context\":\"https:\/\/schema.org\",\"@graph\":[{\"@type\":\"WebPage\",\"@id\":\"https:\/\/funkytime-live.com\/es\/estadisticas-funky-time\/\",\"url\":\"https:\/\/funkytime-live.com\/es\/estadisticas-funky-time\/\",\"name\":\"Funky Time Live estad\u00edsticas y la historia del juego\",\"isPartOf\":{\"@id\":\"https:\/\/funkytime-live.com\/es\/#website\"},\"datePublished\":\"2023-07-05T21:02:00+00:00\",\"dateModified\":\"2023-07-26T21:50:11+00:00\",\"description\":\"Todo sobre las estad\u00edsticas de Funky Time: c\u00f3mo utilizar las estad\u00edsticas del juego, posibilidades de ganar de los distintos s\u00edmbolos, historial de partidas y ganancias en Funky Time\",\"breadcrumb\":{\"@id\":\"https:\/\/funkytime-live.com\/es\/estadisticas-funky-time\/#breadcrumb\"},\"inLanguage\":\"es\",\"potentialAction\":[{\"@type\":\"ReadAction\",\"target\":[\"https:\/\/funkytime-live.com\/es\/estadisticas-funky-time\/\"]}]},{\"@type\":\"BreadcrumbList\",\"@id\":\"https:\/\/funkytime-live.com\/es\/estadisticas-funky-time\/#breadcrumb\",\"itemListElement\":[{\"@type\":\"ListItem\",\"position\":1,\"name\":\"\u0413\u043b\u0430\u0432\u043d\u0430\u044f \u0441\u0442\u0440\u0430\u043d\u0438\u0446\u0430\",\"item\":\"https:\/\/funkytime-live.com\/es\/\"},{\"@type\":\"ListItem\",\"position\":2,\"name\":\"Estad\u00edsticas de Funky Time\"}]},{\"@type\":\"WebSite\",\"@id\":\"https:\/\/funkytime-live.com\/es\/#website\",\"url\":\"https:\/\/funkytime-live.com\/es\/\",\"name\":\"Juego Funky Time\",\"description\":\"\",\"potentialAction\":[{\"@type\":\"SearchAction\",\"target\":{\"@type\":\"EntryPoint\",\"urlTemplate\":\"https:\/\/funkytime-live.com\/es\/?s={search_term_string}\"},\"query-input\":\"required name=search_term_string\"}],\"inLanguage\":\"es\"}]}<\/script>\n<!-- \/ Yoast SEO plugin. -->","yoast_head_json":{"title":"Funky Time Live estad\u00edsticas y la historia del juego","description":"Todo sobre las estad\u00edsticas de Funky Time: c\u00f3mo utilizar las estad\u00edsticas del juego, posibilidades de ganar de los distintos s\u00edmbolos, historial de partidas y ganancias en Funky Time","robots":{"index":"index","follow":"follow","max-snippet":"max-snippet:-1","max-image-preview":"max-image-preview:large","max-video-preview":"max-video-preview:-1"},"canonical":"https:\/\/funkytime-live.com\/es\/estadisticas-funky-time\/","og_locale":"es_ES","og_type":"article","og_title":"Funky Time Live estad\u00edsticas y la historia del juego","og_description":"Todo sobre las estad\u00edsticas de Funky Time: c\u00f3mo utilizar las estad\u00edsticas del juego, posibilidades de ganar de los distintos s\u00edmbolos, historial de partidas y ganancias en Funky Time","og_url":"https:\/\/funkytime-live.com\/es\/estadisticas-funky-time\/","og_site_name":"Juego Funky Time","article_modified_time":"2023-07-26T21:50:11+00:00","og_image":[{"width":1024,"height":768,"url":"https:\/\/funkytime-live.com\/es\/wp-content\/uploads\/sites\/4\/2023\/07\/funky-time-stats-thumb.jpg","type":"image\/jpeg"}],"twitter_card":"summary_large_image","schema":{"@context":"https:\/\/schema.org","@graph":[{"@type":"WebPage","@id":"https:\/\/funkytime-live.com\/es\/estadisticas-funky-time\/","url":"https:\/\/funkytime-live.com\/es\/estadisticas-funky-time\/","name":"Funky Time Live estad\u00edsticas y la historia del juego","isPartOf":{"@id":"https:\/\/funkytime-live.com\/es\/#website"},"datePublished":"2023-07-05T21:02:00+00:00","dateModified":"2023-07-26T21:50:11+00:00","description":"Todo sobre las estad\u00edsticas de Funky Time: c\u00f3mo utilizar las estad\u00edsticas del juego, posibilidades de ganar de los distintos s\u00edmbolos, historial de partidas y ganancias en Funky Time","breadcrumb":{"@id":"https:\/\/funkytime-live.com\/es\/estadisticas-funky-time\/#breadcrumb"},"inLanguage":"es","potentialAction":[{"@type":"ReadAction","target":["https:\/\/funkytime-live.com\/es\/estadisticas-funky-time\/"]}]},{"@type":"BreadcrumbList","@id":"https:\/\/funkytime-live.com\/es\/estadisticas-funky-time\/#breadcrumb","itemListElement":[{"@type":"ListItem","position":1,"name":"\u0413\u043b\u0430\u0432\u043d\u0430\u044f \u0441\u0442\u0440\u0430\u043d\u0438\u0446\u0430","item":"https:\/\/funkytime-live.com\/es\/"},{"@type":"ListItem","position":2,"name":"Estad\u00edsticas de Funky Time"}]},{"@type":"WebSite","@id":"https:\/\/funkytime-live.com\/es\/#website","url":"https:\/\/funkytime-live.com\/es\/","name":"Juego Funky Time","description":"","potentialAction":[{"@type":"SearchAction","target":{"@type":"EntryPoint","urlTemplate":"https:\/\/funkytime-live.com\/es\/?s={search_term_string}"},"query-input":"required name=search_term_string"}],"inLanguage":"es"}]}},"_links":{"self":[{"href":"https:\/\/funkytime-live.com\/es\/wp-json\/wp\/v2\/pages\/666","targetHints":{"allow":["GET"]}}],"collection":[{"href":"https:\/\/funkytime-live.com\/es\/wp-json\/wp\/v2\/pages"}],"about":[{"href":"https:\/\/funkytime-live.com\/es\/wp-json\/wp\/v2\/types\/page"}],"author":[{"embeddable":true,"href":"https:\/\/funkytime-live.com\/es\/wp-json\/wp\/v2\/users\/1"}],"replies":[{"embeddable":true,"href":"https:\/\/funkytime-live.com\/es\/wp-json\/wp\/v2\/comments?post=666"}],"version-history":[{"count":5,"href":"https:\/\/funkytime-live.com\/es\/wp-json\/wp\/v2\/pages\/666\/revisions"}],"predecessor-version":[{"id":838,"href":"https:\/\/funkytime-live.com\/es\/wp-json\/wp\/v2\/pages\/666\/revisions\/838"}],"wp:featuredmedia":[{"embeddable":true,"href":"https:\/\/funkytime-live.com\/es\/wp-json\/wp\/v2\/media\/669"}],"wp:attachment":[{"href":"https:\/\/funkytime-live.com\/es\/wp-json\/wp\/v2\/media?parent=666"}],"wp:term":[{"taxonomy":"category","embeddable":true,"href":"https:\/\/funkytime-live.com\/es\/wp-json\/wp\/v2\/categories?post=666"},{"taxonomy":"post_tag","embeddable":true,"href":"https:\/\/funkytime-live.com\/es\/wp-json\/wp\/v2\/tags?post=666"}],"curies":[{"name":"wp","href":"https:\/\/api.w.org\/{rel}","templated":true}]}}