{"id":691,"date":"2023-07-06T23:55:47","date_gmt":"2023-07-06T20:55:47","guid":{"rendered":"https:\/\/funkytime-live.com\/?page_id=691"},"modified":"2023-07-27T00:47:42","modified_gmt":"2023-07-26T21:47:42","slug":"terminos-condiciones","status":"publish","type":"page","link":"https:\/\/funkytime-live.com\/es\/terminos-condiciones\/","title":{"rendered":"T\u00e9rminos y condiciones"},"content":{"rendered":"<p>El presente Acuerdo de Usuario (en adelante, Acuerdo) regula las relaciones entre el propietario (en adelante, Administraci\u00f3n), por un lado, y el usuario del sitio, por otro.<\/p>\n<p>El sitio no es un medio de comunicaci\u00f3n de masas. Al utilizar este sitio, usted acepta los t\u00e9rminos de este acuerdo. Si no est\u00e1 de acuerdo con los t\u00e9rminos de este acuerdo, \u00a1no utilice el sitio!<\/p>\n<h2>Derechos y obligaciones de las partes<\/h2>\n<p>El usuario tiene derecho:<\/p>\n<ul>\n<li>buscar informaci\u00f3n en el sitio<\/li>\n<li>recibir informaci\u00f3n en el sitio<\/li>\n<li>comentar el contenido publicado en el sitio;<\/li>\n<li>utilizar la informaci\u00f3n del sitio con fines personales y no comerciales.<\/li>\n<\/ul>\n<p>La Administraci\u00f3n tiene derecho:<\/p>\n<ul>\n<li>a su sola discreci\u00f3n y necesidad de crear, modificar, cancelar normas;<\/li>\n<li>restringir el acceso a cualquier informaci\u00f3n del sitio;<\/li>\n<li>crear, modificar, eliminar informaci\u00f3n.<\/li>\n<\/ul>\n<p>El usuario se compromete:<\/p>\n<ul>\n<li>No perturbar el funcionamiento del sitio;<\/li>\n<li>No utilizar scripts (programas) para la recopilaci\u00f3n automatizada de informaci\u00f3n y \/ o interacci\u00f3n con el Sitio y sus Servicios.<\/li>\n<\/ul>\n<p>La Administraci\u00f3n se compromete:<\/p>\n<ul>\n<li>Mantener el funcionamiento del sitio, salvo cuando resulte imposible por causas ajenas a la Administraci\u00f3n.<\/li>\n<\/ul>\n<h2>Responsabilidad de las partes<\/h2>\n<ul>\n<li>la administraci\u00f3n no se responsabiliza de la discordancia entre los servicios esperados por el Usuario y los efectivamente recibidos;<\/li>\n<li>la administraci\u00f3n no se hace responsable de los servicios prestados por terceros;<\/li>\n<li>En caso de fuerza mayor (guerra, estado de emergencia, cat\u00e1strofes naturales, etc.), la Administraci\u00f3n no garantiza la seguridad de la informaci\u00f3n publicada por el Usuario ni el funcionamiento ininterrumpido del recurso de informaci\u00f3n.<\/li>\n<\/ul>\n<h2>Condiciones del acuerdo<\/h2>\n<p>El presente Acuerdo entra en vigor en el momento de cualquier utilizaci\u00f3n del sitio. El Acuerdo dejar\u00e1 de ser efectivo cuando aparezca una nueva versi\u00f3n del mismo. La Administraci\u00f3n se reserva el derecho de modificar unilateralmente el presente Acuerdo a su entera discreci\u00f3n.<\/p>\n<p>La Administraci\u00f3n no notifica a los usuarios los cambios en el Acuerdo.<\/p>\n","protected":false},"excerpt":{"rendered":"<p>El presente Acuerdo de Usuario (en adelante, Acuerdo) regula las relaciones entre el propietario (en adelante, Administraci\u00f3n), por un lado, y el usuario del sitio, por otro. El sitio no es un medio de comunicaci\u00f3n de masas. Al utilizar este sitio, usted acepta los t\u00e9rminos de este acuerdo. Si no est\u00e1 de acuerdo con los [&hellip;]<\/p>\n","protected":false},"author":1,"featured_media":0,"parent":0,"menu_order":0,"comment_status":"closed","ping_status":"closed","template":"page-info-es.php","meta":{"footnotes":""},"categories":[],"tags":[],"class_list":["post-691","page","type-page","status-publish","hentry"],"yoast_head":"<!-- This site is optimized with the Yoast SEO plugin v20.10 - https:\/\/yoast.com\/wordpress\/plugins\/seo\/ -->\n<title>T\u00e9rminos y condiciones - Juego Funky Time<\/title>\n<meta name=\"description\" content=\"El presente Acuerdo de Usuario (en adelante, Acuerdo) regula las relaciones entre el propietario (en adelante, Administraci\u00f3n), por un lado, y el usuario\" \/>\n<meta name=\"robots\" content=\"index, follow, max-snippet:-1, max-image-preview:large, max-video-preview:-1\" \/>\n<link rel=\"canonical\" href=\"https:\/\/funkytime-live.com\/es\/terminos-condiciones\/\" \/>\n<meta property=\"og:locale\" content=\"es_ES\" \/>\n<meta property=\"og:type\" content=\"article\" \/>\n<meta property=\"og:title\" content=\"T\u00e9rminos y condiciones - Juego Funky Time\" \/>\n<meta property=\"og:description\" content=\"El presente Acuerdo de Usuario (en adelante, Acuerdo) regula las relaciones entre el propietario (en adelante, Administraci\u00f3n), por un lado, y el usuario\" \/>\n<meta property=\"og:url\" content=\"https:\/\/funkytime-live.com\/es\/terminos-condiciones\/\" \/>\n<meta property=\"og:site_name\" content=\"Juego Funky Time\" \/>\n<meta property=\"article:modified_time\" content=\"2023-07-26T21:47:42+00:00\" \/>\n<meta name=\"twitter:card\" content=\"summary_large_image\" \/>\n<script type=\"application\/ld+json\" class=\"yoast-schema-graph\">{\"@context\":\"https:\/\/schema.org\",\"@graph\":[{\"@type\":\"WebPage\",\"@id\":\"https:\/\/funkytime-live.com\/es\/terminos-condiciones\/\",\"url\":\"https:\/\/funkytime-live.com\/es\/terminos-condiciones\/\",\"name\":\"T\u00e9rminos y condiciones - Juego Funky Time\",\"isPartOf\":{\"@id\":\"https:\/\/funkytime-live.com\/es\/#website\"},\"datePublished\":\"2023-07-06T20:55:47+00:00\",\"dateModified\":\"2023-07-26T21:47:42+00:00\",\"description\":\"El presente Acuerdo de Usuario (en adelante, Acuerdo) regula las relaciones entre el propietario (en adelante, Administraci\u00f3n), por un lado, y el usuario\",\"breadcrumb\":{\"@id\":\"https:\/\/funkytime-live.com\/es\/terminos-condiciones\/#breadcrumb\"},\"inLanguage\":\"es\",\"potentialAction\":[{\"@type\":\"ReadAction\",\"target\":[\"https:\/\/funkytime-live.com\/es\/terminos-condiciones\/\"]}]},{\"@type\":\"BreadcrumbList\",\"@id\":\"https:\/\/funkytime-live.com\/es\/terminos-condiciones\/#breadcrumb\",\"itemListElement\":[{\"@type\":\"ListItem\",\"position\":1,\"name\":\"\u0413\u043b\u0430\u0432\u043d\u0430\u044f \u0441\u0442\u0440\u0430\u043d\u0438\u0446\u0430\",\"item\":\"https:\/\/funkytime-live.com\/es\/\"},{\"@type\":\"ListItem\",\"position\":2,\"name\":\"T\u00e9rminos y condiciones\"}]},{\"@type\":\"WebSite\",\"@id\":\"https:\/\/funkytime-live.com\/es\/#website\",\"url\":\"https:\/\/funkytime-live.com\/es\/\",\"name\":\"Juego Funky Time\",\"description\":\"\",\"potentialAction\":[{\"@type\":\"SearchAction\",\"target\":{\"@type\":\"EntryPoint\",\"urlTemplate\":\"https:\/\/funkytime-live.com\/es\/?s={search_term_string}\"},\"query-input\":\"required name=search_term_string\"}],\"inLanguage\":\"es\"}]}<\/script>\n<!-- \/ Yoast SEO plugin. -->","yoast_head_json":{"title":"T\u00e9rminos y condiciones - Juego Funky Time","description":"El presente Acuerdo de Usuario (en adelante, Acuerdo) regula las relaciones entre el propietario (en adelante, Administraci\u00f3n), por un lado, y el usuario","robots":{"index":"index","follow":"follow","max-snippet":"max-snippet:-1","max-image-preview":"max-image-preview:large","max-video-preview":"max-video-preview:-1"},"canonical":"https:\/\/funkytime-live.com\/es\/terminos-condiciones\/","og_locale":"es_ES","og_type":"article","og_title":"T\u00e9rminos y condiciones - Juego Funky Time","og_description":"El presente Acuerdo de Usuario (en adelante, Acuerdo) regula las relaciones entre el propietario (en adelante, Administraci\u00f3n), por un lado, y el usuario","og_url":"https:\/\/funkytime-live.com\/es\/terminos-condiciones\/","og_site_name":"Juego Funky Time","article_modified_time":"2023-07-26T21:47:42+00:00","twitter_card":"summary_large_image","schema":{"@context":"https:\/\/schema.org","@graph":[{"@type":"WebPage","@id":"https:\/\/funkytime-live.com\/es\/terminos-condiciones\/","url":"https:\/\/funkytime-live.com\/es\/terminos-condiciones\/","name":"T\u00e9rminos y condiciones - Juego Funky Time","isPartOf":{"@id":"https:\/\/funkytime-live.com\/es\/#website"},"datePublished":"2023-07-06T20:55:47+00:00","dateModified":"2023-07-26T21:47:42+00:00","description":"El presente Acuerdo de Usuario (en adelante, Acuerdo) regula las relaciones entre el propietario (en adelante, Administraci\u00f3n), por un lado, y el usuario","breadcrumb":{"@id":"https:\/\/funkytime-live.com\/es\/terminos-condiciones\/#breadcrumb"},"inLanguage":"es","potentialAction":[{"@type":"ReadAction","target":["https:\/\/funkytime-live.com\/es\/terminos-condiciones\/"]}]},{"@type":"BreadcrumbList","@id":"https:\/\/funkytime-live.com\/es\/terminos-condiciones\/#breadcrumb","itemListElement":[{"@type":"ListItem","position":1,"name":"\u0413\u043b\u0430\u0432\u043d\u0430\u044f \u0441\u0442\u0440\u0430\u043d\u0438\u0446\u0430","item":"https:\/\/funkytime-live.com\/es\/"},{"@type":"ListItem","position":2,"name":"T\u00e9rminos y condiciones"}]},{"@type":"WebSite","@id":"https:\/\/funkytime-live.com\/es\/#website","url":"https:\/\/funkytime-live.com\/es\/","name":"Juego Funky Time","description":"","potentialAction":[{"@type":"SearchAction","target":{"@type":"EntryPoint","urlTemplate":"https:\/\/funkytime-live.com\/es\/?s={search_term_string}"},"query-input":"required name=search_term_string"}],"inLanguage":"es"}]}},"_links":{"self":[{"href":"https:\/\/funkytime-live.com\/es\/wp-json\/wp\/v2\/pages\/691","targetHints":{"allow":["GET"]}}],"collection":[{"href":"https:\/\/funkytime-live.com\/es\/wp-json\/wp\/v2\/pages"}],"about":[{"href":"https:\/\/funkytime-live.com\/es\/wp-json\/wp\/v2\/types\/page"}],"author":[{"embeddable":true,"href":"https:\/\/funkytime-live.com\/es\/wp-json\/wp\/v2\/users\/1"}],"replies":[{"embeddable":true,"href":"https:\/\/funkytime-live.com\/es\/wp-json\/wp\/v2\/comments?post=691"}],"version-history":[{"count":4,"href":"https:\/\/funkytime-live.com\/es\/wp-json\/wp\/v2\/pages\/691\/revisions"}],"predecessor-version":[{"id":848,"href":"https:\/\/funkytime-live.com\/es\/wp-json\/wp\/v2\/pages\/691\/revisions\/848"}],"wp:attachment":[{"href":"https:\/\/funkytime-live.com\/es\/wp-json\/wp\/v2\/media?parent=691"}],"wp:term":[{"taxonomy":"category","embeddable":true,"href":"https:\/\/funkytime-live.com\/es\/wp-json\/wp\/v2\/categories?post=691"},{"taxonomy":"post_tag","embeddable":true,"href":"https:\/\/funkytime-live.com\/es\/wp-json\/wp\/v2\/tags?post=691"}],"curies":[{"name":"wp","href":"https:\/\/api.w.org\/{rel}","templated":true}]}}