{"id":694,"date":"2023-07-07T18:13:14","date_gmt":"2023-07-07T15:13:14","guid":{"rendered":"https:\/\/funkytime-live.com\/?page_id=694"},"modified":"2023-07-27T00:51:24","modified_gmt":"2023-07-26T21:51:24","slug":"funky-time-pin-up","status":"publish","type":"page","link":"https:\/\/funkytime-live.com\/es\/funky-time-pin-up\/","title":{"rendered":"Funky Time Pin-Up"},"content":{"rendered":"<h2>Juega a Funky Time Pin Up<\/h2>\n<p>Pin-Up es uno de los casinos online m\u00e1s populares entre los jugadores. En el sitio oficial de Pin-Up encontrar\u00e1 un gran n\u00famero de tragamonedas diferentes, entre las que hay un emocionante espect\u00e1culo en vivo Funky Time. Para empezar una sesi\u00f3n de juego tienes que ir al sitio oficial de Pin-Up, registrarte, hacer tu primer dep\u00f3sito, tras lo cual recibir\u00e1s generosos bonos, tiradas gratis y \u00a1acceso a todas las tragamonedas!<\/p>\n<h2>C\u00f3mo registrarse en el casino en l\u00ednea Pin-Up<\/h2>\n<p>Crear una cuenta de juego te da acceso a todas las tragamonedas. El proceso de registro es muy sencillo y no le llevar\u00e1 mucho tiempo. Para crear un perfil necesitas:<\/p>\n<ol>\n<li>Ve al sitio oficial de Pin Up y en la esquina superior derecha haz clic en \u00abRegistro\u00bb;<\/li>\n<li>En la ventana que se abre, elige c\u00f3mo crear una cuenta: por correo electr\u00f3nico o por n\u00famero de tel\u00e9fono;<\/li>\n<li>Dependiendo de la variante elegida, rellenas el campo con una direcci\u00f3n de correo electr\u00f3nico o un n\u00famero de tel\u00e9fono m\u00f3vil. Este ser\u00e1 tu Login;<\/li>\n<li>A continuaci\u00f3n, se le ocurre una contrase\u00f1a segura y la introduce en el campo libre;<\/li>\n<li>A continuaci\u00f3n, elija la moneda del juego, que se utilizar\u00e1 para el juego. Puede ser rublo, d\u00f3lar, euro, hryvnia y otros;<\/li>\n<li>Despu\u00e9s de todo esto, haga clic en el bot\u00f3n \u00abRegistrarse\u00bb;<\/li>\n<li>Para confirmar la activaci\u00f3n de la cuenta tienes que seguir el enlace del mensaje que te llegar\u00e1 a tu correo electr\u00f3nico o introducir en tu tel\u00e9fono el c\u00f3digo que te han enviado por SMS.<\/li>\n<\/ol>\n<p>Despu\u00e9s de unos minutos podr\u00e1s empezar a jugar al Funky Time Live Show.<\/p>\n<h2>Dep\u00f3sito y retirada<\/h2>\n<h3>Dep\u00f3sito<\/h3>\n<p>Para empezar a jugar Funky Time por dinero en el casino online Pin-Up necesitas hacer un dep\u00f3sito. Para ello, deber\u00e1:<\/p>\n<ol>\n<li>Haga clic en el bot\u00f3n \u00abCajero\u00bb;<\/li>\n<li>Elija una opci\u00f3n conveniente para depositar su saldo de juego. Puede ser: tarjetas bancarias, monederos online, as\u00ed como criptodivisas;<\/li>\n<li>Elija el importe del ingreso y confirme la operaci\u00f3n.<\/li>\n<\/ol>\n<p>Una vez completadas todas las acciones, en un par de minutos el dinero llegar\u00e1 a tu saldo de juego. Una gran ventaja de la plataforma es que te cobrar\u00e1n una comisi\u00f3n de dep\u00f3sito.<\/p>\n<h3>Retirada de fondos<\/h3>\n<p>El proceso de retirada es tan sencillo como el de dep\u00f3sito, y tampoco te llevar\u00e1 mucho tiempo.<\/p>\n<p>Para retirar sus ganancias necesita:<\/p>\n<ol>\n<li>Vaya a su perfil y busque la secci\u00f3n \u00abRetirada\u00bb;<\/li>\n<li>Accediendo a ella, se abrir\u00e1 una ventana con las formas de retirada. No difieren de las opciones al hacer un dep\u00f3sito. Te recomendamos que utilices el mismo m\u00e9todo que utilizaste para depositar. As\u00ed el dinero llegar\u00e1 m\u00e1s r\u00e1pido a su cuenta;<\/li>\n<li>Seleccione el importe a retirar;<\/li>\n<li>Confirme la operaci\u00f3n pulsando el bot\u00f3n \u00abRetirar\u00bb.<\/li>\n<\/ol>\n<p>Al igual que al depositar, la plataforma de juego no te cobrar\u00e1 comisi\u00f3n.<\/p>\n<h2>Programa de bonificaci\u00f3n Pin-Up<\/h2>\n<ul>\n<li>\n<h3>Bonificaci\u00f3n de bienvenida<\/h3>\n<p>Una vez que haya completado el proceso de registro y depositado un saldo de juego por primera vez, el casino online le ofrecer\u00e1 un bono de bienvenida a su saldo. M\u00e1s tarde tendr\u00e1 que apostar este bono.<\/li>\n<li>\n<h3>250 giros gratis<\/h3>\n<p>Las tiradas gratuitas tambi\u00e9n se entregan al usuario en forma de bono de bienvenida. Posteriormente no podr\u00e1 obtener tiradas adicionales por separado.<\/li>\n<li>\n<h3>C\u00f3digos promocionales<\/h3>\n<p>El casino en l\u00ednea Pin-Up tiene c\u00f3digos promocionales, cuando se utilizan, el usuario obtiene dinero extra en el dep\u00f3sito o tiradas gratis.<\/li>\n<li>\n<h3>Bonificaci\u00f3n de cumplea\u00f1os<\/h3>\n<p>Cada persona de cumplea\u00f1os Pin-Up da un regalo de dinero extra en el saldo de juego. Este bono no tiene que apostar.<\/li>\n<\/ul>\n<h2>Soporte para jugadores<\/h2>\n<p>Si tiene alguna duda, puede solicitar ayuda al servicio de asistencia t\u00e9cnica. Un equipo de profesionales le responder\u00e1 en un par de minutos y le ayudar\u00e1 a resolver su problema. El soporte funciona 24\/7.<\/p>\n<h2>Versi\u00f3n m\u00f3vil y aplicaci\u00f3n del casino en l\u00ednea Pin-Up<\/h2>\n<h3>Aplicaci\u00f3n para Android<\/h3>\n<p>En los m\u00f3viles compatibles con Android puedes instalar la aplicaci\u00f3n m\u00f3vil Pin-Up, donde podr\u00e1s jugar a tus juegos favoritos. Lo principal para iniciar una sesi\u00f3n de juego es tener una conexi\u00f3n a internet estable y buena.<\/p>\n<h3>Pin-Up en iPhone (iOS)<\/h3>\n<p>Lamentablemente, a d\u00eda de hoy, no podr\u00e1s encontrar una aplicaci\u00f3n independiente para instalar en dispositivos iOS. Sin embargo, esto no es motivo para enfadarse, ya que los desarrolladores han pensado en los usuarios que prefieren jugar en m\u00f3viles, por lo que han creado una versi\u00f3n adaptativa del sitio, que se adapta autom\u00e1ticamente a cualquier tipo de dispositivo.<\/p>\n<h2>Veredicto de Pin-Up Casino<\/h2>\n<p>En resumen, se puede decir que Pin-Up Casino Online es uno de los mejores sitios para jugar a Funky Time. \u00bfQuieres jugar? Entonces ve a la p\u00e1gina oficial de Pin-Up, reg\u00edstrate, haz un dep\u00f3sito, empieza a jugar, \u00a1y quiz\u00e1s seas t\u00fa quien se lleve el Max Win!<\/p>\n","protected":false},"excerpt":{"rendered":"<p>Juega a Funky Time Pin Up Pin-Up es uno de los casinos online m\u00e1s populares entre los jugadores. En el sitio oficial de Pin-Up encontrar\u00e1 un gran n\u00famero de tragamonedas diferentes, entre las que hay un emocionante espect\u00e1culo en vivo Funky Time. Para empezar una sesi\u00f3n de juego tienes que ir al sitio oficial de [&hellip;]<\/p>\n","protected":false},"author":1,"featured_media":696,"parent":0,"menu_order":0,"comment_status":"closed","ping_status":"closed","template":"page-casino-es.php","meta":{"footnotes":""},"categories":[],"tags":[2],"class_list":["post-694","page","type-page","status-publish","has-post-thumbnail","hentry","tag-casino"],"yoast_head":"<!-- This site is optimized with the Yoast SEO plugin v20.10 - https:\/\/yoast.com\/wordpress\/plugins\/seo\/ -->\n<title>Juega Funky Time en Pin Up: registro de casino en l\u00ednea<\/title>\n<meta name=\"description\" content=\"Pin-Up casino online para jugar a Funky Time. Consigue todas las caracter\u00edsticas de la versi\u00f3n oficial del juego de casino. Registro Pin-Up, acceso al juego en l\u00ednea Funky Time.\" \/>\n<meta name=\"robots\" content=\"index, follow, max-snippet:-1, max-image-preview:large, max-video-preview:-1\" \/>\n<link rel=\"canonical\" href=\"https:\/\/funkytime-live.com\/es\/funky-time-pin-up\/\" \/>\n<meta property=\"og:locale\" content=\"es_ES\" \/>\n<meta property=\"og:type\" content=\"article\" \/>\n<meta property=\"og:title\" content=\"Juega Funky Time en Pin Up: registro de casino en l\u00ednea\" \/>\n<meta property=\"og:description\" content=\"Pin-Up casino online para jugar a Funky Time. Consigue todas las caracter\u00edsticas de la versi\u00f3n oficial del juego de casino. Registro Pin-Up, acceso al juego en l\u00ednea Funky Time.\" \/>\n<meta property=\"og:url\" content=\"https:\/\/funkytime-live.com\/es\/funky-time-pin-up\/\" \/>\n<meta property=\"og:site_name\" content=\"Juego Funky Time\" \/>\n<meta property=\"article:modified_time\" content=\"2023-07-26T21:51:24+00:00\" \/>\n<meta property=\"og:image\" content=\"https:\/\/funkytime-live.com\/es\/wp-content\/uploads\/sites\/4\/2023\/07\/funky-time-pinup-thumb.jpg\" \/>\n\t<meta property=\"og:image:width\" content=\"1024\" \/>\n\t<meta property=\"og:image:height\" content=\"768\" \/>\n\t<meta property=\"og:image:type\" content=\"image\/jpeg\" \/>\n<meta name=\"twitter:card\" content=\"summary_large_image\" \/>\n<script type=\"application\/ld+json\" class=\"yoast-schema-graph\">{\"@context\":\"https:\/\/schema.org\",\"@graph\":[{\"@type\":\"WebPage\",\"@id\":\"https:\/\/funkytime-live.com\/es\/funky-time-pin-up\/\",\"url\":\"https:\/\/funkytime-live.com\/es\/funky-time-pin-up\/\",\"name\":\"Juega Funky Time en Pin Up: registro de casino en l\u00ednea\",\"isPartOf\":{\"@id\":\"https:\/\/funkytime-live.com\/es\/#website\"},\"datePublished\":\"2023-07-07T15:13:14+00:00\",\"dateModified\":\"2023-07-26T21:51:24+00:00\",\"description\":\"Pin-Up casino online para jugar a Funky Time. Consigue todas las caracter\u00edsticas de la versi\u00f3n oficial del juego de casino. Registro Pin-Up, acceso al juego en l\u00ednea Funky Time.\",\"breadcrumb\":{\"@id\":\"https:\/\/funkytime-live.com\/es\/funky-time-pin-up\/#breadcrumb\"},\"inLanguage\":\"es\",\"potentialAction\":[{\"@type\":\"ReadAction\",\"target\":[\"https:\/\/funkytime-live.com\/es\/funky-time-pin-up\/\"]}]},{\"@type\":\"BreadcrumbList\",\"@id\":\"https:\/\/funkytime-live.com\/es\/funky-time-pin-up\/#breadcrumb\",\"itemListElement\":[{\"@type\":\"ListItem\",\"position\":1,\"name\":\"\u0413\u043b\u0430\u0432\u043d\u0430\u044f \u0441\u0442\u0440\u0430\u043d\u0438\u0446\u0430\",\"item\":\"https:\/\/funkytime-live.com\/es\/\"},{\"@type\":\"ListItem\",\"position\":2,\"name\":\"Funky Time Pin-Up\"}]},{\"@type\":\"WebSite\",\"@id\":\"https:\/\/funkytime-live.com\/es\/#website\",\"url\":\"https:\/\/funkytime-live.com\/es\/\",\"name\":\"Juego Funky Time\",\"description\":\"\",\"potentialAction\":[{\"@type\":\"SearchAction\",\"target\":{\"@type\":\"EntryPoint\",\"urlTemplate\":\"https:\/\/funkytime-live.com\/es\/?s={search_term_string}\"},\"query-input\":\"required name=search_term_string\"}],\"inLanguage\":\"es\"}]}<\/script>\n<!-- \/ Yoast SEO plugin. -->","yoast_head_json":{"title":"Juega Funky Time en Pin Up: registro de casino en l\u00ednea","description":"Pin-Up casino online para jugar a Funky Time. Consigue todas las caracter\u00edsticas de la versi\u00f3n oficial del juego de casino. Registro Pin-Up, acceso al juego en l\u00ednea Funky Time.","robots":{"index":"index","follow":"follow","max-snippet":"max-snippet:-1","max-image-preview":"max-image-preview:large","max-video-preview":"max-video-preview:-1"},"canonical":"https:\/\/funkytime-live.com\/es\/funky-time-pin-up\/","og_locale":"es_ES","og_type":"article","og_title":"Juega Funky Time en Pin Up: registro de casino en l\u00ednea","og_description":"Pin-Up casino online para jugar a Funky Time. Consigue todas las caracter\u00edsticas de la versi\u00f3n oficial del juego de casino. Registro Pin-Up, acceso al juego en l\u00ednea Funky Time.","og_url":"https:\/\/funkytime-live.com\/es\/funky-time-pin-up\/","og_site_name":"Juego Funky Time","article_modified_time":"2023-07-26T21:51:24+00:00","og_image":[{"width":1024,"height":768,"url":"https:\/\/funkytime-live.com\/es\/wp-content\/uploads\/sites\/4\/2023\/07\/funky-time-pinup-thumb.jpg","type":"image\/jpeg"}],"twitter_card":"summary_large_image","schema":{"@context":"https:\/\/schema.org","@graph":[{"@type":"WebPage","@id":"https:\/\/funkytime-live.com\/es\/funky-time-pin-up\/","url":"https:\/\/funkytime-live.com\/es\/funky-time-pin-up\/","name":"Juega Funky Time en Pin Up: registro de casino en l\u00ednea","isPartOf":{"@id":"https:\/\/funkytime-live.com\/es\/#website"},"datePublished":"2023-07-07T15:13:14+00:00","dateModified":"2023-07-26T21:51:24+00:00","description":"Pin-Up casino online para jugar a Funky Time. Consigue todas las caracter\u00edsticas de la versi\u00f3n oficial del juego de casino. Registro Pin-Up, acceso al juego en l\u00ednea Funky Time.","breadcrumb":{"@id":"https:\/\/funkytime-live.com\/es\/funky-time-pin-up\/#breadcrumb"},"inLanguage":"es","potentialAction":[{"@type":"ReadAction","target":["https:\/\/funkytime-live.com\/es\/funky-time-pin-up\/"]}]},{"@type":"BreadcrumbList","@id":"https:\/\/funkytime-live.com\/es\/funky-time-pin-up\/#breadcrumb","itemListElement":[{"@type":"ListItem","position":1,"name":"\u0413\u043b\u0430\u0432\u043d\u0430\u044f \u0441\u0442\u0440\u0430\u043d\u0438\u0446\u0430","item":"https:\/\/funkytime-live.com\/es\/"},{"@type":"ListItem","position":2,"name":"Funky Time Pin-Up"}]},{"@type":"WebSite","@id":"https:\/\/funkytime-live.com\/es\/#website","url":"https:\/\/funkytime-live.com\/es\/","name":"Juego Funky Time","description":"","potentialAction":[{"@type":"SearchAction","target":{"@type":"EntryPoint","urlTemplate":"https:\/\/funkytime-live.com\/es\/?s={search_term_string}"},"query-input":"required name=search_term_string"}],"inLanguage":"es"}]}},"_links":{"self":[{"href":"https:\/\/funkytime-live.com\/es\/wp-json\/wp\/v2\/pages\/694","targetHints":{"allow":["GET"]}}],"collection":[{"href":"https:\/\/funkytime-live.com\/es\/wp-json\/wp\/v2\/pages"}],"about":[{"href":"https:\/\/funkytime-live.com\/es\/wp-json\/wp\/v2\/types\/page"}],"author":[{"embeddable":true,"href":"https:\/\/funkytime-live.com\/es\/wp-json\/wp\/v2\/users\/1"}],"replies":[{"embeddable":true,"href":"https:\/\/funkytime-live.com\/es\/wp-json\/wp\/v2\/comments?post=694"}],"version-history":[{"count":8,"href":"https:\/\/funkytime-live.com\/es\/wp-json\/wp\/v2\/pages\/694\/revisions"}],"predecessor-version":[{"id":834,"href":"https:\/\/funkytime-live.com\/es\/wp-json\/wp\/v2\/pages\/694\/revisions\/834"}],"wp:featuredmedia":[{"embeddable":true,"href":"https:\/\/funkytime-live.com\/es\/wp-json\/wp\/v2\/media\/696"}],"wp:attachment":[{"href":"https:\/\/funkytime-live.com\/es\/wp-json\/wp\/v2\/media?parent=694"}],"wp:term":[{"taxonomy":"category","embeddable":true,"href":"https:\/\/funkytime-live.com\/es\/wp-json\/wp\/v2\/categories?post=694"},{"taxonomy":"post_tag","embeddable":true,"href":"https:\/\/funkytime-live.com\/es\/wp-json\/wp\/v2\/tags?post=694"}],"curies":[{"name":"wp","href":"https:\/\/api.w.org\/{rel}","templated":true}]}}