{"id":703,"date":"2023-07-07T23:52:24","date_gmt":"2023-07-07T20:52:24","guid":{"rendered":"https:\/\/funkytime-live.com\/?page_id=703"},"modified":"2023-07-27T00:52:06","modified_gmt":"2023-07-26T21:52:06","slug":"funky-time-vavada","status":"publish","type":"page","link":"https:\/\/funkytime-live.com\/es\/funky-time-vavada\/","title":{"rendered":"Funky Time Vavada"},"content":{"rendered":"<h2>Juega Funky Time Vavada<\/h2>\n<p>Vavada es una plataforma de juegos popular y sencilla. En el sitio web oficial, en la categor\u00eda \u00abJuegos en vivo\u00bb, encontrar\u00e1s el juego de dinero en vivo Funky Time Live. Esta tragamonedas atrae cada d\u00eda a m\u00e1s usuarios por sus grandes ganancias y sus interesantes rondas de bonificaci\u00f3n.<\/p>\n<p>\u00bfCrees que eres el afortunado, el que se llevar\u00e1 las m\u00e1ximas ganancias? Entonces dir\u00edgete r\u00e1pidamente a la p\u00e1gina oficial de Vavada, reg\u00edstrate, a\u00f1ade dinero a tu saldo de juego e inicia una sesi\u00f3n de juego en Funky Time.<\/p>\n<h2>C\u00f3mo registrarse en Vavada Casino<\/h2>\n<p>Crear una cuenta de juego es un proceso r\u00e1pido y primitivo que cualquiera puede resolver. En cuanto se registre, podr\u00e1 jugar a todas las tragamonedas. El casino en l\u00ednea ofrece a los usuarios 2 opciones para registrarse:<\/p>\n<h3>Registro por E-mail<\/h3>\n<ol>\n<li>Entrando en la p\u00e1gina oficial de Vavada, en la esquina superior derecha ver\u00e1s un gran bot\u00f3n rojo \u00abRegistro\u00bb;<\/li>\n<li>Al pulsarlo se abre una nueva ventana en la que rellenas los campos con: e-mail y contrase\u00f1a. Tambi\u00e9n eliges la moneda y aceptas los t\u00e9rminos y condiciones de la plataforma;<\/li>\n<li>Recibir\u00e1s un correo electr\u00f3nico con un enlace a tu direcci\u00f3n de correo electr\u00f3nico. Al hacer clic en \u00e9l, activas tu cuenta de juego;<\/li>\n<li>En el futuro, te recomendamos que completes la informaci\u00f3n sobre datos personales en tu perfil. As\u00ed, tendr\u00e1s que rellenar los campos: nombre, apellidos, sexo, fecha de nacimiento, pa\u00eds de residencia y n\u00famero de tel\u00e9fono m\u00f3vil.<\/li>\n<\/ol>\n<h3>Registro por n\u00famero de tel\u00e9fono<\/h3>\n<ol>\n<li>Ir al sitio oficial de Vavada en la esquina superior derecha haga clic en el bot\u00f3n rojo grande \u00abRegistro\u00bb;<\/li>\n<li>Al hacer clic se abre una ventana en la que debe rellenar los campos con: n\u00famero de tel\u00e9fono, contrase\u00f1a, moneda, as\u00ed como para confirmar que ha le\u00eddo las reglas y condiciones del casino en l\u00ednea;<\/li>\n<li>Recibir\u00e1s un mensaje SMS a tu n\u00famero de tel\u00e9fono con un c\u00f3digo para confirmar el perfil. En la ventana que se abrir\u00e1 deber\u00e1 introducirlo;<\/li>\n<li>Rellenar el perfil de juego, a\u00f1adiendo informaci\u00f3n sobre datos personales. El usuario rellena los campos: nombre, apellidos, sexo, fecha de nacimiento, pa\u00eds de residencia y direcci\u00f3n de correo electr\u00f3nico.<\/li>\n<\/ol>\n<p>Una vez creado un perfil de juego y realizado un dep\u00f3sito, puede empezar a jugar a sus tragamonedas favoritas.<\/p>\n<h2>Dep\u00f3sito y retirada de fondos<\/h2>\n<p>En esta secci\u00f3n le informaremos en detalle sobre las formas r\u00e1pidas y, lo m\u00e1s importante, seguras de dep\u00f3sito y retirada de fondos.<\/p>\n<h3>Reposici\u00f3n del equilibrio del juego<\/h3>\n<p>Vavada ofrece varias opciones para hacer un dep\u00f3sito, entre las que encontrar\u00e1 la que m\u00e1s le convenga. Hemos hecho una lista de las opciones m\u00e1s populares para recargar:<\/p>\n<h4>Tarjetas bancarias<\/h4>\n<ul>\n<li>Visa;<\/li>\n<li>Mastercard;<\/li>\n<li>y otras.<\/li>\n<\/ul>\n<p>Depositar con tarjeta bancaria es la opci\u00f3n m\u00e1s popular entre los usuarios. Para utilizar este m\u00e9todo de dep\u00f3sito, hay que rellenar los campos con los datos de la tarjeta bancaria y el importe del dep\u00f3sito. Despu\u00e9s, todo lo que tienes que hacer es confirmar la transacci\u00f3n. La transacci\u00f3n es muy r\u00e1pida, por lo que el dinero llegar\u00e1 a tu saldo de juego en pocos segundos.<\/p>\n<h4>Carteras electr\u00f3nicas<\/h4>\n<ul>\n<li>WebMoney;<\/li>\n<li>Skrill;<\/li>\n<li>Neteller<\/li>\n<li>y otros.<\/li>\n<\/ul>\n<p>Los monederos electr\u00f3nicos tambi\u00e9n tienen una gran demanda entre los jugadores debido a su rapidez y seguridad. Tienes que elegir un monedero electr\u00f3nico y hacer un dep\u00f3sito utilizando la informaci\u00f3n de autorizaci\u00f3n.<\/p>\n<h4>Criptomonedas<\/h4>\n<ul>\n<li>Bitcoin;<\/li>\n<li>Etherium;<\/li>\n<li>y otros.<\/li>\n<\/ul>\n<p>Vavada tambi\u00e9n ofrece el uso de criptomonedas para el dep\u00f3sito. Este m\u00e9todo tiene un alto nivel de anonimato, velocidad y fiabilidad de la transacci\u00f3n.<\/p>\n<h3>Retirar dinero<\/h3>\n<p>El proceso de retirada es tan r\u00e1pido e intuitivo como el dep\u00f3sito. Opciones populares para retirar ganancias:<\/p>\n<h4>Tarjetas bancarias<\/h4>\n<ul>\n<li>Visa;<\/li>\n<li>Mastercard;<\/li>\n<li>y otras.<\/li>\n<\/ul>\n<p>Las retiradas a trav\u00e9s de tarjetas bancarias son las m\u00e1s populares entre los usuarios. El proceso puede variar entre 5 minutos y 30 d\u00edas, dependiendo de la cantidad de dinero ganada y de las condiciones de la plataforma.<\/p>\n<h4>Monederos electr\u00f3nicos<\/h4>\n<ul>\n<li>WebMoney;<\/li>\n<li>Skrill;<\/li>\n<li>Neteller<\/li>\n<li>y otros.<\/li>\n<\/ul>\n<p>Al utilizar los monederos electr\u00f3nicos, las retiradas de dinero son muy r\u00e1pidas y raramente se producen retrasos. La solicitud se procesa en segundos, y el dinero ganado llegar\u00e1 en unas pocas horas o d\u00edas, dependiendo del monedero en l\u00ednea que haya elegido, el importe de las ganancias y las condiciones del casino en l\u00ednea.<\/p>\n<h4>Criptomonedas<\/h4>\n<ul>\n<li>Bitcoin;<\/li>\n<li>Etherium;<\/li>\n<li>y otros.<\/li>\n<\/ul>\n<p>El casino en l\u00ednea ofrece el uso de criptomonedas para retirar fondos. Este m\u00e9todo proporciona total anonimato y seguridad de la transacci\u00f3n. El tiempo de procesamiento de la solicitud var\u00eda, sin embargo, la mayor\u00eda de las veces el dinero llega r\u00e1pidamente.<\/p>\n<h2>Programa de bonificaci\u00f3n Vavada<\/h2>\n<ul>\n<li>\n<h3>Bonificaci\u00f3n del 100% del primer dep\u00f3sito<\/h3>\n<p>Cada nuevo jugador recibe una bonificaci\u00f3n del 100% en el primer dep\u00f3sito del casino en l\u00ednea Vavada. Con este bono, el usuario duplica su dep\u00f3sito, lo que le proporciona una larga sesi\u00f3n de juego. Esto hace que el bono sea uno de los m\u00e1s generosos de todo el mercado del juego. Para conseguir la bonificaci\u00f3n, todo lo que tiene que hacer es registrarse, recargar su saldo de juego y disfrutar de los fondos extra.<\/li>\n<li>\n<h3>100 giros gratis al registrarse y depositar<\/h3>\n<p>Adem\u00e1s de obtener el doble de su dep\u00f3sito, puede conseguir 100 tiradas gratuitas, justo despu\u00e9s de registrarse y realizar su primer dep\u00f3sito. Este bono permite al jugador probar diferentes tragamonedas y elegir la que m\u00e1s le guste, sin arriesgar su saldo de juego. Tenga en cuenta que no puede utilizar las tiradas gratuitas en todas las tragamonedas, sino s\u00f3lo en las que ofrece el casino en l\u00ednea.<\/li>\n<li>\n<h3>10% de devoluci\u00f3n en efectivo para todos los usuarios<\/h3>\n<p>Cada jugador recibe un 10% de devoluci\u00f3n de dinero del casino en l\u00ednea. Gracias a esta bonificaci\u00f3n, puede recuperar parte del dinero perdido, lo que alegra el final de una mala sesi\u00f3n de juego. La devoluci\u00f3n de dinero se acredita autom\u00e1ticamente, pero el porcentaje de devoluci\u00f3n depende del estatus en el programa de fidelidad. Cuanto mayor sea el nivel, mayor ser\u00e1 el porcentaje de devoluci\u00f3n.<\/li>\n<li>\n<h3>C\u00f3digos promocionales<\/h3>\n<p>A veces Vavada ofrece a los usuarios diferentes c\u00f3digos promocionales, con los que el jugador obtiene dinero extra en el saldo de juego, tiradas gratis o algunas otras bonificaciones. Para no perderse los c\u00f3digos promocionales, participe en las promociones y suscr\u00edbase al bolet\u00edn de notificaciones del casino en l\u00ednea. Todo esto le mantendr\u00e1 al d\u00eda de todas las novedades de la plataforma de juego.<\/li>\n<\/ul>\n<h2>Soporte a jugadores<\/h2>\n<p>Si tiene alguna pregunta, no dude en ponerse en contacto con el equipo de asistencia t\u00e9cnica del casino en l\u00ednea Vavada. Un equipo de profesionales le responder\u00e1 en cuesti\u00f3n de minutos y le ayudar\u00e1 a resolver su problema. Puede solicitar ayuda diariamente a cualquier hora del d\u00eda o de la noche. Para ponerte en contacto con el soporte t\u00e9cnico tienes que hacer clic en el bot\u00f3n dorado de \u00abAyuda\u00bb situado en la esquina superior derecha. Despu\u00e9s de hacer clic se abrir\u00e1 un chat en l\u00ednea, donde podr\u00e1 hacer una pregunta o pedir ayuda con su problema.<\/p>\n<h2>Aplicaci\u00f3n m\u00f3vil de Vavada<\/h2>\n<p>Lamentablemente, por el momento no encontrar\u00e1s una aplicaci\u00f3n m\u00f3vil independiente para el casino online Vavada ni en Android ni en iOS. Sin embargo, los desarrolladores de la plataforma de juego lo han intentado y han creado una versi\u00f3n adaptativa del casino online, que se adapta autom\u00e1ticamente a cualquier dispositivo.<\/p>\n<h2>Veredicto<\/h2>\n<p>Para resumir nuestra rese\u00f1a, podemos decir sin temor a equivocarnos que el casino online Vavada es una de las mejores plataformas de juego para jugar a Funky Time. \u00bfQuieres jugar a Funky Time? Entonces ve al sitio web oficial a trav\u00e9s del enlace proporcionado en nuestro sitio web, reg\u00edstrate, haz un dep\u00f3sito y \u00a1empieza a jugar al emocionante espect\u00e1culo Funky Time Live!<\/p>\n","protected":false},"excerpt":{"rendered":"<p>Juega Funky Time Vavada Vavada es una plataforma de juegos popular y sencilla. En el sitio web oficial, en la categor\u00eda \u00abJuegos en vivo\u00bb, encontrar\u00e1s el juego de dinero en vivo Funky Time Live. Esta tragamonedas atrae cada d\u00eda a m\u00e1s usuarios por sus grandes ganancias y sus interesantes rondas de bonificaci\u00f3n. \u00bfCrees que eres [&hellip;]<\/p>\n","protected":false},"author":1,"featured_media":712,"parent":0,"menu_order":0,"comment_status":"closed","ping_status":"closed","template":"page-casino-es.php","meta":{"footnotes":""},"categories":[],"tags":[2],"class_list":["post-703","page","type-page","status-publish","has-post-thumbnail","hentry","tag-casino"],"yoast_head":"<!-- This site is optimized with the Yoast SEO plugin v20.10 - https:\/\/yoast.com\/wordpress\/plugins\/seo\/ -->\n<title>Juega Funky Time en Vavada: registro de casino en l\u00ednea<\/title>\n<meta name=\"description\" content=\"Vavada casino online para jugar a Funky Time. Consigue todas las caracter\u00edsticas de la versi\u00f3n oficial del juego de casino. Registro Vavada, acceso al juego en l\u00ednea Funky Time.\" \/>\n<meta name=\"robots\" content=\"index, follow, max-snippet:-1, max-image-preview:large, max-video-preview:-1\" \/>\n<link rel=\"canonical\" href=\"https:\/\/funkytime-live.com\/es\/funky-time-vavada\/\" \/>\n<meta property=\"og:locale\" content=\"es_ES\" \/>\n<meta property=\"og:type\" content=\"article\" \/>\n<meta property=\"og:title\" content=\"Juega Funky Time en Vavada: registro de casino en l\u00ednea\" \/>\n<meta property=\"og:description\" content=\"Vavada casino online para jugar a Funky Time. Consigue todas las caracter\u00edsticas de la versi\u00f3n oficial del juego de casino. Registro Vavada, acceso al juego en l\u00ednea Funky Time.\" \/>\n<meta property=\"og:url\" content=\"https:\/\/funkytime-live.com\/es\/funky-time-vavada\/\" \/>\n<meta property=\"og:site_name\" content=\"Juego Funky Time\" \/>\n<meta property=\"article:modified_time\" content=\"2023-07-26T21:52:06+00:00\" \/>\n<meta property=\"og:image\" content=\"https:\/\/funkytime-live.com\/es\/wp-content\/uploads\/sites\/4\/2023\/07\/funky-time-vavada-thumb.jpg\" \/>\n\t<meta property=\"og:image:width\" content=\"1024\" \/>\n\t<meta property=\"og:image:height\" content=\"768\" \/>\n\t<meta property=\"og:image:type\" content=\"image\/jpeg\" \/>\n<meta name=\"twitter:card\" content=\"summary_large_image\" \/>\n<script type=\"application\/ld+json\" class=\"yoast-schema-graph\">{\"@context\":\"https:\/\/schema.org\",\"@graph\":[{\"@type\":\"WebPage\",\"@id\":\"https:\/\/funkytime-live.com\/es\/funky-time-vavada\/\",\"url\":\"https:\/\/funkytime-live.com\/es\/funky-time-vavada\/\",\"name\":\"Juega Funky Time en Vavada: registro de casino en l\u00ednea\",\"isPartOf\":{\"@id\":\"https:\/\/funkytime-live.com\/es\/#website\"},\"datePublished\":\"2023-07-07T20:52:24+00:00\",\"dateModified\":\"2023-07-26T21:52:06+00:00\",\"description\":\"Vavada casino online para jugar a Funky Time. Consigue todas las caracter\u00edsticas de la versi\u00f3n oficial del juego de casino. Registro Vavada, acceso al juego en l\u00ednea Funky Time.\",\"breadcrumb\":{\"@id\":\"https:\/\/funkytime-live.com\/es\/funky-time-vavada\/#breadcrumb\"},\"inLanguage\":\"es\",\"potentialAction\":[{\"@type\":\"ReadAction\",\"target\":[\"https:\/\/funkytime-live.com\/es\/funky-time-vavada\/\"]}]},{\"@type\":\"BreadcrumbList\",\"@id\":\"https:\/\/funkytime-live.com\/es\/funky-time-vavada\/#breadcrumb\",\"itemListElement\":[{\"@type\":\"ListItem\",\"position\":1,\"name\":\"\u0413\u043b\u0430\u0432\u043d\u0430\u044f \u0441\u0442\u0440\u0430\u043d\u0438\u0446\u0430\",\"item\":\"https:\/\/funkytime-live.com\/es\/\"},{\"@type\":\"ListItem\",\"position\":2,\"name\":\"Funky Time Vavada\"}]},{\"@type\":\"WebSite\",\"@id\":\"https:\/\/funkytime-live.com\/es\/#website\",\"url\":\"https:\/\/funkytime-live.com\/es\/\",\"name\":\"Juego Funky Time\",\"description\":\"\",\"potentialAction\":[{\"@type\":\"SearchAction\",\"target\":{\"@type\":\"EntryPoint\",\"urlTemplate\":\"https:\/\/funkytime-live.com\/es\/?s={search_term_string}\"},\"query-input\":\"required name=search_term_string\"}],\"inLanguage\":\"es\"}]}<\/script>\n<!-- \/ Yoast SEO plugin. -->","yoast_head_json":{"title":"Juega Funky Time en Vavada: registro de casino en l\u00ednea","description":"Vavada casino online para jugar a Funky Time. Consigue todas las caracter\u00edsticas de la versi\u00f3n oficial del juego de casino. Registro Vavada, acceso al juego en l\u00ednea Funky Time.","robots":{"index":"index","follow":"follow","max-snippet":"max-snippet:-1","max-image-preview":"max-image-preview:large","max-video-preview":"max-video-preview:-1"},"canonical":"https:\/\/funkytime-live.com\/es\/funky-time-vavada\/","og_locale":"es_ES","og_type":"article","og_title":"Juega Funky Time en Vavada: registro de casino en l\u00ednea","og_description":"Vavada casino online para jugar a Funky Time. Consigue todas las caracter\u00edsticas de la versi\u00f3n oficial del juego de casino. Registro Vavada, acceso al juego en l\u00ednea Funky Time.","og_url":"https:\/\/funkytime-live.com\/es\/funky-time-vavada\/","og_site_name":"Juego Funky Time","article_modified_time":"2023-07-26T21:52:06+00:00","og_image":[{"width":1024,"height":768,"url":"https:\/\/funkytime-live.com\/es\/wp-content\/uploads\/sites\/4\/2023\/07\/funky-time-vavada-thumb.jpg","type":"image\/jpeg"}],"twitter_card":"summary_large_image","schema":{"@context":"https:\/\/schema.org","@graph":[{"@type":"WebPage","@id":"https:\/\/funkytime-live.com\/es\/funky-time-vavada\/","url":"https:\/\/funkytime-live.com\/es\/funky-time-vavada\/","name":"Juega Funky Time en Vavada: registro de casino en l\u00ednea","isPartOf":{"@id":"https:\/\/funkytime-live.com\/es\/#website"},"datePublished":"2023-07-07T20:52:24+00:00","dateModified":"2023-07-26T21:52:06+00:00","description":"Vavada casino online para jugar a Funky Time. Consigue todas las caracter\u00edsticas de la versi\u00f3n oficial del juego de casino. Registro Vavada, acceso al juego en l\u00ednea Funky Time.","breadcrumb":{"@id":"https:\/\/funkytime-live.com\/es\/funky-time-vavada\/#breadcrumb"},"inLanguage":"es","potentialAction":[{"@type":"ReadAction","target":["https:\/\/funkytime-live.com\/es\/funky-time-vavada\/"]}]},{"@type":"BreadcrumbList","@id":"https:\/\/funkytime-live.com\/es\/funky-time-vavada\/#breadcrumb","itemListElement":[{"@type":"ListItem","position":1,"name":"\u0413\u043b\u0430\u0432\u043d\u0430\u044f \u0441\u0442\u0440\u0430\u043d\u0438\u0446\u0430","item":"https:\/\/funkytime-live.com\/es\/"},{"@type":"ListItem","position":2,"name":"Funky Time Vavada"}]},{"@type":"WebSite","@id":"https:\/\/funkytime-live.com\/es\/#website","url":"https:\/\/funkytime-live.com\/es\/","name":"Juego Funky Time","description":"","potentialAction":[{"@type":"SearchAction","target":{"@type":"EntryPoint","urlTemplate":"https:\/\/funkytime-live.com\/es\/?s={search_term_string}"},"query-input":"required name=search_term_string"}],"inLanguage":"es"}]}},"_links":{"self":[{"href":"https:\/\/funkytime-live.com\/es\/wp-json\/wp\/v2\/pages\/703","targetHints":{"allow":["GET"]}}],"collection":[{"href":"https:\/\/funkytime-live.com\/es\/wp-json\/wp\/v2\/pages"}],"about":[{"href":"https:\/\/funkytime-live.com\/es\/wp-json\/wp\/v2\/types\/page"}],"author":[{"embeddable":true,"href":"https:\/\/funkytime-live.com\/es\/wp-json\/wp\/v2\/users\/1"}],"replies":[{"embeddable":true,"href":"https:\/\/funkytime-live.com\/es\/wp-json\/wp\/v2\/comments?post=703"}],"version-history":[{"count":4,"href":"https:\/\/funkytime-live.com\/es\/wp-json\/wp\/v2\/pages\/703\/revisions"}],"predecessor-version":[{"id":833,"href":"https:\/\/funkytime-live.com\/es\/wp-json\/wp\/v2\/pages\/703\/revisions\/833"}],"wp:featuredmedia":[{"embeddable":true,"href":"https:\/\/funkytime-live.com\/es\/wp-json\/wp\/v2\/media\/712"}],"wp:attachment":[{"href":"https:\/\/funkytime-live.com\/es\/wp-json\/wp\/v2\/media?parent=703"}],"wp:term":[{"taxonomy":"category","embeddable":true,"href":"https:\/\/funkytime-live.com\/es\/wp-json\/wp\/v2\/categories?post=703"},{"taxonomy":"post_tag","embeddable":true,"href":"https:\/\/funkytime-live.com\/es\/wp-json\/wp\/v2\/tags?post=703"}],"curies":[{"name":"wp","href":"https:\/\/api.w.org\/{rel}","templated":true}]}}