{"id":719,"date":"2023-07-08T00:25:20","date_gmt":"2023-07-07T21:25:20","guid":{"rendered":"https:\/\/funkytime-live.com\/?page_id=719"},"modified":"2023-07-27T00:52:45","modified_gmt":"2023-07-26T21:52:45","slug":"funky-time-1win","status":"publish","type":"page","link":"https:\/\/funkytime-live.com\/es\/funky-time-1win\/","title":{"rendered":"Funky Time 1win"},"content":{"rendered":"<h2>Juega Funky Time 1win<\/h2>\n<p>1win es una casa de apuestas y casino en l\u00ednea, con un gran n\u00famero de jugadores en todo el mundo. El sitio web oficial de la plataforma es de colores oscuros y deleita la vista con su dise\u00f1o moderno y elegante.<\/p>\n<p>Para jugar a Funky Time, s\u00f3lo tienes que ir a la secci\u00f3n Live Casino y ver\u00e1s que el juego ocupa el segundo lugar, detr\u00e1s del famoso Crazy Time del mismo desarrollador Evolution. \u00bfCrees que eres digno de llevarte las m\u00e1ximas ganancias? Entonces visita la p\u00e1gina oficial de 1win a trav\u00e9s de nuestro enlace, reg\u00edstrate en menos de 1 minuto, cobra y empieza a jugar con dinero real.<\/p>\n<h2>Registro en el casino en l\u00ednea 1win<\/h2>\n<p>The registration process at online casino 1win is simple and fast. After completing the registration will be available to you any slot machines to play for money. Once you start to create your account you have a choice between two ways to register:<\/p>\n<h3>Registro r\u00e1pido<\/h3>\n<ol>\n<li>Accediendo a la p\u00e1gina oficial de 1vin, en la esquina superior derecha ver\u00e1s un gran bot\u00f3n verde \u00abRegistro\u00bb;<\/li>\n<li>Al hacer clic en \u00e9l, se abrir\u00e1 una ventana en la que tendr\u00e1 que rellenar los campos: direcci\u00f3n de correo electr\u00f3nico, n\u00famero de tel\u00e9fono m\u00f3vil y contrase\u00f1a, adem\u00e1s de seleccionar la divisa. La plataforma ofrece 59 opciones de divisas posibles. No podr\u00e1s utilizar criptodivisas;<\/li>\n<li>Despu\u00e9s, confirme que ha le\u00eddo los t\u00e9rminos y condiciones del casino en l\u00ednea e introduzca un c\u00f3digo promocional en el campo gratuito;<\/li>\n<li>A continuaci\u00f3n, recibir\u00e1 un correo electr\u00f3nico con un enlace que activar\u00e1 su perfil de juego.<\/li>\n<\/ol>\n<h3>Registration with social networks<\/h3>\n<ol>\n<li>Vaya a la p\u00e1gina oficial del casino online 1win, en la esquina superior derecha ver\u00e1 un gran bot\u00f3n verde \u00abRegistro\u00bb;<\/li>\n<li>Al hacer clic en \u00e9l, se abrir\u00e1 una nueva ventana en la que tendr\u00e1s que elegir c\u00f3mo registrarte a trav\u00e9s de las redes sociales;<\/li>\n<li>A continuaci\u00f3n, elija la red social que se vincular\u00e1 a su perfil de juego. Puede ser: Telegram o Google;<\/li>\n<li>A continuaci\u00f3n, elija la moneda del juego, introduzca un c\u00f3digo promocional, si lo tiene, y confirme que est\u00e1 familiarizado con las normas de uso de los casinos en l\u00ednea;<\/li>\n<li>M\u00e1s tarde, en su red social elegida vendr\u00e1 una carta o sms, para confirmar el registro. Introduces el c\u00f3digo o sigues el enlace, y ya puedes empezar a jugar a tus tragamonedas favoritas.<\/li>\n<\/ol>\n<h2>Dep\u00f3sito y retirada<\/h2>\n<h3>Dep\u00f3sito<\/h3>\n<p>El proceso de reposici\u00f3n de la cuenta de juego s\u00f3lo est\u00e1 disponible para aquellos usuarios que est\u00e9n autorizados en el sistema del casino online. Para realizar un dep\u00f3sito es necesario:<\/p>\n<ol>\n<li>En la esquina superior derecha, donde estaba el bot\u00f3n \u00abRegistro\u00bb, habr\u00e1 un bot\u00f3n \u00abDepositar en un clic\u00bb;<\/li>\n<li>Haciendo clic en \u00e9l, en una nueva ventana, eliges c\u00f3mo depositar. Puede ser una tarjeta bancaria, n\u00famero de tel\u00e9fono, monedero online y criptomoneda;<\/li>\n<li>Luego rellenas el campo con un c\u00f3digo promocional, si lo tienes;<\/li>\n<li>A continuaci\u00f3n eliges el importe de la recarga. Tenga en cuenta que dependiendo de la opci\u00f3n de dep\u00f3sito que elija, habr\u00e1 sus propios m\u00ednimos y m\u00e1ximos;<\/li>\n<li>Confirma la operaci\u00f3n, tras lo cual el dinero llegar\u00e1 a tu saldo de juego.<\/li>\n<\/ol>\n<h3>Withdrawing funds<\/h3>\n<p>El proceso de retirada es tan r\u00e1pido y sencillo como realizar un dep\u00f3sito. Para retirar dinero necesita<\/p>\n<ol>\n<li>Ir a su gabinete personal;<\/li>\n<li>Hacer clic en el bot\u00f3n \u00abRetirar\u00bb;<\/li>\n<li>Elegir la opci\u00f3n de retirada con la que se sienta c\u00f3modo. Puede ser: tarjeta bancaria, monedero electr\u00f3nico y criptomoneda;<\/li>\n<li>A continuaci\u00f3n, seleccione el importe de la retirada y confirme la operaci\u00f3n.<\/li>\n<\/ol>\n<p>Literalmente en un par de minutos el dinero ganado llegar\u00e1 al m\u00e9todo de retiro seleccionado. Recomendamos utilizar la misma opci\u00f3n de retiro que utiliz\u00f3 para el dep\u00f3sito. De esta manera el proceso de dep\u00f3sito y retiro ser\u00e1 m\u00e1s r\u00e1pido.<\/p>\n<h2>Programa de bonificaci\u00f3n 1win<\/h2>\n<ul>\n<li>\n<h3>Bonificaci\u00f3n de bienvenida<\/h3>\n<p>En el primer dep\u00f3sito, el usuario recibe un bono de bienvenida. Puede ser de hasta el 500% al dep\u00f3sito para apostar en tragamonedas y eventos deportivos o de 70 tiradas gratis en determinadas tragamonedas.<\/li>\n<li>\n<h3>Torneos<\/h3>\n<p>En el casino en l\u00ednea 1win hay torneos regulares. Si los ganas, obtienes todo tipo de fichas como: dinero extra en el saldo de juego y tiradas gratis.<\/li>\n<li>\n<h3>Instalaci\u00f3n de la aplicaci\u00f3n m\u00f3vil<\/h3>\n<p>Todos los usuarios reciben una recompensa en met\u00e1lico al instalar la aplicaci\u00f3n m\u00f3vil de 1win. Para obtener la bonificaci\u00f3n, debes registrarte o iniciar sesi\u00f3n en la app m\u00f3vil, tras lo cual el dinero llegar\u00e1 autom\u00e1ticamente a tu saldo de juego.<\/li>\n<li>\n<h3>Suscribirse a las notificaciones<\/h3>\n<p>Cada cliente de la plataforma de juego recibir\u00e1 una bonificaci\u00f3n adicional por suscribirse a las notificaciones. Para obtener esta bonificaci\u00f3n, solo tiene que iniciar sesi\u00f3n en su cuenta y aparecer\u00e1 una ventana en la pantalla en la que podr\u00e1 confirmar su suscripci\u00f3n a las notificaciones.<\/li>\n<\/ul>\n<h2>Soporte para jugadores<\/h2>\n<p>Si tiene alguna duda, puede pedir ayuda al equipo de soporte t\u00e9cnico de 1win. Un equipo de profesionales le responder\u00e1 en un par de minutos y le ayudar\u00e1 a resolver cualquier problema. Est\u00e1n disponibles 24 horas al d\u00eda, 7 d\u00edas a la semana. Puede ponerse en contacto con el servicio de asistencia t\u00e9cnica a trav\u00e9s del chat en l\u00ednea del casino en l\u00ednea o enviando un correo electr\u00f3nico.<\/p>\n<h2>Aplicaci\u00f3n m\u00f3vil de 1win<\/h2>\n<p>El casino online 1vin empez\u00f3 a darse cuenta con el tiempo de que cada vez m\u00e1s usuarios jugaban a las tragamonedas desde sus dispositivos m\u00f3viles. Por ello, la plataforma ha puesto a disposici\u00f3n su app m\u00f3vil tanto en iOS como en Android. Para poder jugar a tus tragamonedas de v\u00eddeo favoritas, necesitas tener una buena conexi\u00f3n a Internet estable.<\/p>\n<h2>Nuestro veredicto<\/h2>\n<p>Para resumir nuestra rese\u00f1a, podemos decir que el casino online 1win es una gran plataforma de juego para jugar a Funky Time Live shows. \u00bfQuieres jugar a Funky Time? Entonces ve a la p\u00e1gina oficial de 1win usando el enlace de nuestra p\u00e1gina web, reg\u00edstrate, haz un dep\u00f3sito y \u00a1empieza a jugar!<\/p>\n","protected":false},"excerpt":{"rendered":"<p>Juega Funky Time 1win 1win es una casa de apuestas y casino en l\u00ednea, con un gran n\u00famero de jugadores en todo el mundo. El sitio web oficial de la plataforma es de colores oscuros y deleita la vista con su dise\u00f1o moderno y elegante. Para jugar a Funky Time, s\u00f3lo tienes que ir a [&hellip;]<\/p>\n","protected":false},"author":1,"featured_media":720,"parent":0,"menu_order":0,"comment_status":"closed","ping_status":"closed","template":"page-casino-es.php","meta":{"footnotes":""},"categories":[],"tags":[2],"class_list":["post-719","page","type-page","status-publish","has-post-thumbnail","hentry","tag-casino"],"yoast_head":"<!-- This site is optimized with the Yoast SEO plugin v20.10 - https:\/\/yoast.com\/wordpress\/plugins\/seo\/ -->\n<title>Juega Funky Time en 1win: registro de casino en l\u00ednea<\/title>\n<meta name=\"description\" content=\"Elige el casino online 1win para jugar a Funky Time. Obtenga todas las caracter\u00edsticas de la versi\u00f3n oficial del juego de casino. Registro en 1win, acceso al juego en l\u00ednea Funky Time\" \/>\n<meta name=\"robots\" content=\"index, follow, max-snippet:-1, max-image-preview:large, max-video-preview:-1\" \/>\n<link rel=\"canonical\" href=\"https:\/\/funkytime-live.com\/es\/funky-time-1win\/\" \/>\n<meta property=\"og:locale\" content=\"es_ES\" \/>\n<meta property=\"og:type\" content=\"article\" \/>\n<meta property=\"og:title\" content=\"Juega Funky Time en 1win: registro de casino en l\u00ednea\" \/>\n<meta property=\"og:description\" content=\"Elige el casino online 1win para jugar a Funky Time. Obtenga todas las caracter\u00edsticas de la versi\u00f3n oficial del juego de casino. Registro en 1win, acceso al juego en l\u00ednea Funky Time\" \/>\n<meta property=\"og:url\" content=\"https:\/\/funkytime-live.com\/es\/funky-time-1win\/\" \/>\n<meta property=\"og:site_name\" content=\"Juego Funky Time\" \/>\n<meta property=\"article:modified_time\" content=\"2023-07-26T21:52:45+00:00\" \/>\n<meta property=\"og:image\" content=\"https:\/\/funkytime-live.com\/es\/wp-content\/uploads\/sites\/4\/2023\/07\/funky-time-1win-thumb.jpg\" \/>\n\t<meta property=\"og:image:width\" content=\"1024\" \/>\n\t<meta property=\"og:image:height\" content=\"768\" \/>\n\t<meta property=\"og:image:type\" content=\"image\/jpeg\" \/>\n<meta name=\"twitter:card\" content=\"summary_large_image\" \/>\n<script type=\"application\/ld+json\" class=\"yoast-schema-graph\">{\"@context\":\"https:\/\/schema.org\",\"@graph\":[{\"@type\":\"WebPage\",\"@id\":\"https:\/\/funkytime-live.com\/es\/funky-time-1win\/\",\"url\":\"https:\/\/funkytime-live.com\/es\/funky-time-1win\/\",\"name\":\"Juega Funky Time en 1win: registro de casino en l\u00ednea\",\"isPartOf\":{\"@id\":\"https:\/\/funkytime-live.com\/es\/#website\"},\"datePublished\":\"2023-07-07T21:25:20+00:00\",\"dateModified\":\"2023-07-26T21:52:45+00:00\",\"description\":\"Elige el casino online 1win para jugar a Funky Time. Obtenga todas las caracter\u00edsticas de la versi\u00f3n oficial del juego de casino. Registro en 1win, acceso al juego en l\u00ednea Funky Time\",\"breadcrumb\":{\"@id\":\"https:\/\/funkytime-live.com\/es\/funky-time-1win\/#breadcrumb\"},\"inLanguage\":\"es\",\"potentialAction\":[{\"@type\":\"ReadAction\",\"target\":[\"https:\/\/funkytime-live.com\/es\/funky-time-1win\/\"]}]},{\"@type\":\"BreadcrumbList\",\"@id\":\"https:\/\/funkytime-live.com\/es\/funky-time-1win\/#breadcrumb\",\"itemListElement\":[{\"@type\":\"ListItem\",\"position\":1,\"name\":\"\u0413\u043b\u0430\u0432\u043d\u0430\u044f \u0441\u0442\u0440\u0430\u043d\u0438\u0446\u0430\",\"item\":\"https:\/\/funkytime-live.com\/es\/\"},{\"@type\":\"ListItem\",\"position\":2,\"name\":\"Funky Time 1win\"}]},{\"@type\":\"WebSite\",\"@id\":\"https:\/\/funkytime-live.com\/es\/#website\",\"url\":\"https:\/\/funkytime-live.com\/es\/\",\"name\":\"Juego Funky Time\",\"description\":\"\",\"potentialAction\":[{\"@type\":\"SearchAction\",\"target\":{\"@type\":\"EntryPoint\",\"urlTemplate\":\"https:\/\/funkytime-live.com\/es\/?s={search_term_string}\"},\"query-input\":\"required name=search_term_string\"}],\"inLanguage\":\"es\"}]}<\/script>\n<!-- \/ Yoast SEO plugin. -->","yoast_head_json":{"title":"Juega Funky Time en 1win: registro de casino en l\u00ednea","description":"Elige el casino online 1win para jugar a Funky Time. Obtenga todas las caracter\u00edsticas de la versi\u00f3n oficial del juego de casino. Registro en 1win, acceso al juego en l\u00ednea Funky Time","robots":{"index":"index","follow":"follow","max-snippet":"max-snippet:-1","max-image-preview":"max-image-preview:large","max-video-preview":"max-video-preview:-1"},"canonical":"https:\/\/funkytime-live.com\/es\/funky-time-1win\/","og_locale":"es_ES","og_type":"article","og_title":"Juega Funky Time en 1win: registro de casino en l\u00ednea","og_description":"Elige el casino online 1win para jugar a Funky Time. Obtenga todas las caracter\u00edsticas de la versi\u00f3n oficial del juego de casino. Registro en 1win, acceso al juego en l\u00ednea Funky Time","og_url":"https:\/\/funkytime-live.com\/es\/funky-time-1win\/","og_site_name":"Juego Funky Time","article_modified_time":"2023-07-26T21:52:45+00:00","og_image":[{"width":1024,"height":768,"url":"https:\/\/funkytime-live.com\/es\/wp-content\/uploads\/sites\/4\/2023\/07\/funky-time-1win-thumb.jpg","type":"image\/jpeg"}],"twitter_card":"summary_large_image","schema":{"@context":"https:\/\/schema.org","@graph":[{"@type":"WebPage","@id":"https:\/\/funkytime-live.com\/es\/funky-time-1win\/","url":"https:\/\/funkytime-live.com\/es\/funky-time-1win\/","name":"Juega Funky Time en 1win: registro de casino en l\u00ednea","isPartOf":{"@id":"https:\/\/funkytime-live.com\/es\/#website"},"datePublished":"2023-07-07T21:25:20+00:00","dateModified":"2023-07-26T21:52:45+00:00","description":"Elige el casino online 1win para jugar a Funky Time. Obtenga todas las caracter\u00edsticas de la versi\u00f3n oficial del juego de casino. Registro en 1win, acceso al juego en l\u00ednea Funky Time","breadcrumb":{"@id":"https:\/\/funkytime-live.com\/es\/funky-time-1win\/#breadcrumb"},"inLanguage":"es","potentialAction":[{"@type":"ReadAction","target":["https:\/\/funkytime-live.com\/es\/funky-time-1win\/"]}]},{"@type":"BreadcrumbList","@id":"https:\/\/funkytime-live.com\/es\/funky-time-1win\/#breadcrumb","itemListElement":[{"@type":"ListItem","position":1,"name":"\u0413\u043b\u0430\u0432\u043d\u0430\u044f \u0441\u0442\u0440\u0430\u043d\u0438\u0446\u0430","item":"https:\/\/funkytime-live.com\/es\/"},{"@type":"ListItem","position":2,"name":"Funky Time 1win"}]},{"@type":"WebSite","@id":"https:\/\/funkytime-live.com\/es\/#website","url":"https:\/\/funkytime-live.com\/es\/","name":"Juego Funky Time","description":"","potentialAction":[{"@type":"SearchAction","target":{"@type":"EntryPoint","urlTemplate":"https:\/\/funkytime-live.com\/es\/?s={search_term_string}"},"query-input":"required name=search_term_string"}],"inLanguage":"es"}]}},"_links":{"self":[{"href":"https:\/\/funkytime-live.com\/es\/wp-json\/wp\/v2\/pages\/719","targetHints":{"allow":["GET"]}}],"collection":[{"href":"https:\/\/funkytime-live.com\/es\/wp-json\/wp\/v2\/pages"}],"about":[{"href":"https:\/\/funkytime-live.com\/es\/wp-json\/wp\/v2\/types\/page"}],"author":[{"embeddable":true,"href":"https:\/\/funkytime-live.com\/es\/wp-json\/wp\/v2\/users\/1"}],"replies":[{"embeddable":true,"href":"https:\/\/funkytime-live.com\/es\/wp-json\/wp\/v2\/comments?post=719"}],"version-history":[{"count":5,"href":"https:\/\/funkytime-live.com\/es\/wp-json\/wp\/v2\/pages\/719\/revisions"}],"predecessor-version":[{"id":825,"href":"https:\/\/funkytime-live.com\/es\/wp-json\/wp\/v2\/pages\/719\/revisions\/825"}],"wp:featuredmedia":[{"embeddable":true,"href":"https:\/\/funkytime-live.com\/es\/wp-json\/wp\/v2\/media\/720"}],"wp:attachment":[{"href":"https:\/\/funkytime-live.com\/es\/wp-json\/wp\/v2\/media?parent=719"}],"wp:term":[{"taxonomy":"category","embeddable":true,"href":"https:\/\/funkytime-live.com\/es\/wp-json\/wp\/v2\/categories?post=719"},{"taxonomy":"post_tag","embeddable":true,"href":"https:\/\/funkytime-live.com\/es\/wp-json\/wp\/v2\/tags?post=719"}],"curies":[{"name":"wp","href":"https:\/\/api.w.org\/{rel}","templated":true}]}}