{"id":728,"date":"2023-07-08T00:45:37","date_gmt":"2023-07-07T21:45:37","guid":{"rendered":"https:\/\/funkytime-live.com\/?page_id=728"},"modified":"2023-07-27T00:53:29","modified_gmt":"2023-07-26T21:53:29","slug":"funky-time-bc-game","status":"publish","type":"page","link":"https:\/\/funkytime-live.com\/es\/funky-time-bc-game\/","title":{"rendered":"Funky Time BC Game"},"content":{"rendered":"<h2>Juega a Funky Time BC<\/h2>\n<p>BC.GAME es un nuevo casino criptogr\u00e1fico en l\u00ednea. Una vez que entres en la web oficial de la plataforma de juego, en la parte izquierda ver\u00e1s una lista de secciones con tragamonedas, entre las que se encuentra la secci\u00f3n \u00abLive Casino\u00bb. All\u00ed ver\u00e1s una lista completa de juegos con crupier en vivo de diferentes proveedores. Para ahorrarte tiempo, utiliza la barra de b\u00fasqueda situada encima de la lista de juegos; si escribes Funky Time te llevar\u00e1 a un incre\u00edble espect\u00e1culo en vivo al estilo de la m\u00fasica disco de los a\u00f1os 70.<\/p>\n<p>\u00bfCrees que eres el afortunado que va a ganar mucho dinero? Entonces dir\u00edgete al sitio web oficial BC.GAME en el enlace de nuestro sitio web, crea un perfil de juego, realiza un dep\u00f3sito y rompe la pista de baile.<\/p>\n<h2>Registro en el sitio web de BC Game<\/h2>\n<p>Crear una cuenta en el casino online BC.GAME es un proceso muy r\u00e1pido y sencillo que cualquier principiante entender\u00e1. La plataforma de juego ofrece 2 formas de registro:<\/p>\n<h3>Registro por E-mail<\/h3>\n<ol>\n<li>Ve a la p\u00e1gina oficial de BC.GAME, en la esquina superior derecha ver\u00e1s un bot\u00f3n verde \u00abRegistro\u00bb;<\/li>\n<li>Al hacer clic en \u00e9l, se abrir\u00e1 una nueva ventana en la que tendr\u00e1s que rellenar los campos: e-mail, contrase\u00f1a y c\u00f3digo promocional, si lo tienes. La direcci\u00f3n de correo electr\u00f3nico tras el registro se convertir\u00e1 en tu Login;<\/li>\n<li>A continuaci\u00f3n, confirma que ha le\u00eddo las normas y condiciones de la plataforma;<\/li>\n<li>Despu\u00e9s de esto, su perfil se activa y puede empezar a jugar a sus tragamonedas favoritas.<\/li>\n<\/ol>\n<h3>Registro por n\u00famero de tel\u00e9fono m\u00f3vil<\/h3>\n<ol>\n<li>Ir a la p\u00e1gina oficial del casino en l\u00ednea BC.GAME, ver\u00e1 en la esquina superior derecha del bot\u00f3n verde \u00abRegistro\u00bb;<\/li>\n<li>Al hacer clic en \u00e9l, usted debe elegir la opci\u00f3n de registro con su n\u00famero de tel\u00e9fono celular;<\/li>\n<li>A continuaci\u00f3n, introduzca su n\u00famero de tel\u00e9fono, rellene la casilla con la contrase\u00f1a y el c\u00f3digo promocional, si lo tiene;<\/li>\n<li>Despu\u00e9s de eso, usted puede comenzar a jugar sus tragamonedas favoritas.<\/li>\n<\/ol>\n<h2>Dep\u00f3sito y retirada<\/h2>\n<h3>Dep\u00f3sito<\/h3>\n<p>Despu\u00e9s de registrarse, su perfil se activa, y para empezar a jugar necesita hacer un dep\u00f3sito. Para ello:<\/p>\n<ol>\n<li>En la esquina superior derecha, donde antes estaba el bot\u00f3n \u00abRegistro\u00bb, aparecer\u00e1 un bot\u00f3n \u00abDep\u00f3sito\u00bb;<\/li>\n<li>Al hacer clic en \u00e9l, se abrir\u00e1 una nueva ventana en la que podr\u00e1 elegir una de las opciones de dep\u00f3sito: criptomoneda, divisa y compra de criptomoneda;<\/li>\n<li>Despu\u00e9s de seleccionar la opci\u00f3n de dep\u00f3sito, usted elige la cantidad del dep\u00f3sito;<\/li>\n<li>A continuaci\u00f3n, confirme la operaci\u00f3n.<\/li>\n<\/ol>\n<p>En unos minutos, el dinero llegar\u00e1 a tu saldo de juego y podr\u00e1s empezar a jugar con total seguridad.<\/p>\n<h3>Retirar dinero<\/h3>\n<p>El proceso de retirada es tan sencillo y r\u00e1pido como el dep\u00f3sito. Para retirar sus ganancias necesita:<\/p>\n<ol>\n<li>Ve a mi gabinete personal y haz clic en el bot\u00f3n \u00abCartera\u00bb;<\/li>\n<li>Luego vas a \u00abRetirar\u00bb;<\/li>\n<li>A continuaci\u00f3n, elija la opci\u00f3n de retiro que sea conveniente para usted. Puede ser criptomoneda, o tarjetas bancarias;<\/li>\n<li>Elige la cantidad a retirar;<\/li>\n<li>Confirme la operaci\u00f3n.<\/li>\n<\/ol>\n<p>En unos minutos el dinero llegar\u00e1 al m\u00e9todo de retirada que elijas.<\/p>\n<h2>Programa de bonificaci\u00f3n de BC Game<\/h2>\n<ul>\n<li>\n<h3>La Rueda de la Fortuna<\/h3>\n<p>Despu\u00e9s de registrarte ver\u00e1s la Rueda de la Fortuna, en la que puedes caer de diferentes monedas.<\/li>\n<li>\n<h3>Bonificaci\u00f3n de bienvenida<\/h3>\n<p>Despu\u00e9s de crear su perfil de juego, podr\u00e1 obtener una bonificaci\u00f3n por su primer dep\u00f3sito. Si consigues reponer tu saldo en los primeros 5 minutos, la bonificaci\u00f3n alcanzar\u00e1 el 300% del dep\u00f3sito. Para utilizar esta bonificaci\u00f3n, la cantidad m\u00ednima de dep\u00f3sito es de 10 $. Si no tienes tiempo de depositar durante los primeros 5 minutos despu\u00e9s de registrarte, no pasa nada, porque despu\u00e9s en el primer dep\u00f3sito obtendr\u00e1s una bonificaci\u00f3n del 180% a tu dep\u00f3sito.<\/li>\n<li>\n<h3>VIP<\/h3>\n<p>Esta bonificaci\u00f3n se abona autom\u00e1ticamente en su cuenta de bonificaciones despu\u00e9s de aumentar su nivel. Inicialmente, cada usuario obtiene el primer nivel. Aumentando su nivel se convierte en: Bronce, Plata, Oro, Platino 1, Platino 2, Diamante 1, Diamante 2 y Diamante 3. Adem\u00e1s, al alcanzar el nivel 38 el usuario desbloquea un asistente VIP exclusivo.<\/li>\n<li>\n<h3>La lluvia<\/h3>\n<p>Esta bonificaci\u00f3n se concede si el usuario es muy activo en la sala de chat en l\u00ednea.<\/li>\n<li>\n<h3>Ca\u00edda de monedas<\/h3>\n<p>Puedes compartir esta bonificaci\u00f3n con tus amigos en la sala de chat.<\/li>\n<\/ul>\n<h2>BC Game Soporte para jugadores<\/h2>\n<p>BC.GAME dispone de un departamento de soporte que te ayudar\u00e1 con cualquier duda. Para pedir ayuda tienes que hacer clic en el bot\u00f3n verde con auriculares de la esquina inferior derecha. Un equipo de profesionales te responder\u00e1 en un par de minutos y te ayudar\u00e1 a resolver tu problema. El servicio de asistencia t\u00e9cnica est\u00e1 disponible las 24 horas del d\u00eda.<\/p>\n<h2>Versi\u00f3n m\u00f3vil y app del casino BC Game<\/h2>\n<p>El casino online ha desarrollado una aplicaci\u00f3n m\u00f3vil tanto para Android como para iOS. Una vez que el usuario descarga la aplicaci\u00f3n m\u00f3vil, tiene que registrarse o iniciar sesi\u00f3n en su cuenta. La mayor\u00eda de los jugadores eligen la aplicaci\u00f3n m\u00f3vil, ya que no tienen que preocuparse por ninguna fuga de datos.<\/p>\n<h2>Nuestro veredicto<\/h2>\n<p>En resumen, podemos decir que el casino online BC.GAME es una gran plataforma de juego para Funky Time. \u00bfQuieres jugar? Entonces dir\u00edgete r\u00e1pidamente al sitio web oficial BC.Game, utilizando el enlace de nuestro sitio, reg\u00edstrate, haz un dep\u00f3sito y \u00a1comienza el emocionante juego!<\/p>\n","protected":false},"excerpt":{"rendered":"<p>Juega a Funky Time BC BC.GAME es un nuevo casino criptogr\u00e1fico en l\u00ednea. Una vez que entres en la web oficial de la plataforma de juego, en la parte izquierda ver\u00e1s una lista de secciones con tragamonedas, entre las que se encuentra la secci\u00f3n \u00abLive Casino\u00bb. All\u00ed ver\u00e1s una lista completa de juegos con crupier [&hellip;]<\/p>\n","protected":false},"author":1,"featured_media":729,"parent":0,"menu_order":0,"comment_status":"closed","ping_status":"closed","template":"page-casino-es.php","meta":{"footnotes":""},"categories":[],"tags":[2],"class_list":["post-728","page","type-page","status-publish","has-post-thumbnail","hentry","tag-casino"],"yoast_head":"<!-- This site is optimized with the Yoast SEO plugin v20.10 - https:\/\/yoast.com\/wordpress\/plugins\/seo\/ -->\n<title>Juega Funky Time en BC Game: registro de casino en l\u00ednea<\/title>\n<meta name=\"description\" content=\"Elige el casino online BC Game para jugar a Funky Time. Consigue todas las caracter\u00edsticas de la versi\u00f3n oficial del juego de casino. Registro en BC Game, acceso al juego en l\u00ednea Funky Time\" \/>\n<meta name=\"robots\" content=\"index, follow, max-snippet:-1, max-image-preview:large, max-video-preview:-1\" \/>\n<link rel=\"canonical\" href=\"https:\/\/funkytime-live.com\/es\/funky-time-bc-game\/\" \/>\n<meta property=\"og:locale\" content=\"es_ES\" \/>\n<meta property=\"og:type\" content=\"article\" \/>\n<meta property=\"og:title\" content=\"Juega Funky Time en BC Game: registro de casino en l\u00ednea\" \/>\n<meta property=\"og:description\" content=\"Elige el casino online BC Game para jugar a Funky Time. Consigue todas las caracter\u00edsticas de la versi\u00f3n oficial del juego de casino. Registro en BC Game, acceso al juego en l\u00ednea Funky Time\" \/>\n<meta property=\"og:url\" content=\"https:\/\/funkytime-live.com\/es\/funky-time-bc-game\/\" \/>\n<meta property=\"og:site_name\" content=\"Juego Funky Time\" \/>\n<meta property=\"article:modified_time\" content=\"2023-07-26T21:53:29+00:00\" \/>\n<meta property=\"og:image\" content=\"https:\/\/funkytime-live.com\/es\/wp-content\/uploads\/sites\/4\/2023\/07\/funky-time-bcgame-thumb.jpg\" \/>\n\t<meta property=\"og:image:width\" content=\"1024\" \/>\n\t<meta property=\"og:image:height\" content=\"768\" \/>\n\t<meta property=\"og:image:type\" content=\"image\/jpeg\" \/>\n<meta name=\"twitter:card\" content=\"summary_large_image\" \/>\n<script type=\"application\/ld+json\" class=\"yoast-schema-graph\">{\"@context\":\"https:\/\/schema.org\",\"@graph\":[{\"@type\":\"WebPage\",\"@id\":\"https:\/\/funkytime-live.com\/es\/funky-time-bc-game\/\",\"url\":\"https:\/\/funkytime-live.com\/es\/funky-time-bc-game\/\",\"name\":\"Juega Funky Time en BC Game: registro de casino en l\u00ednea\",\"isPartOf\":{\"@id\":\"https:\/\/funkytime-live.com\/es\/#website\"},\"datePublished\":\"2023-07-07T21:45:37+00:00\",\"dateModified\":\"2023-07-26T21:53:29+00:00\",\"description\":\"Elige el casino online BC Game para jugar a Funky Time. Consigue todas las caracter\u00edsticas de la versi\u00f3n oficial del juego de casino. Registro en BC Game, acceso al juego en l\u00ednea Funky Time\",\"breadcrumb\":{\"@id\":\"https:\/\/funkytime-live.com\/es\/funky-time-bc-game\/#breadcrumb\"},\"inLanguage\":\"es\",\"potentialAction\":[{\"@type\":\"ReadAction\",\"target\":[\"https:\/\/funkytime-live.com\/es\/funky-time-bc-game\/\"]}]},{\"@type\":\"BreadcrumbList\",\"@id\":\"https:\/\/funkytime-live.com\/es\/funky-time-bc-game\/#breadcrumb\",\"itemListElement\":[{\"@type\":\"ListItem\",\"position\":1,\"name\":\"\u0413\u043b\u0430\u0432\u043d\u0430\u044f \u0441\u0442\u0440\u0430\u043d\u0438\u0446\u0430\",\"item\":\"https:\/\/funkytime-live.com\/es\/\"},{\"@type\":\"ListItem\",\"position\":2,\"name\":\"Funky Time BC Game\"}]},{\"@type\":\"WebSite\",\"@id\":\"https:\/\/funkytime-live.com\/es\/#website\",\"url\":\"https:\/\/funkytime-live.com\/es\/\",\"name\":\"Juego Funky Time\",\"description\":\"\",\"potentialAction\":[{\"@type\":\"SearchAction\",\"target\":{\"@type\":\"EntryPoint\",\"urlTemplate\":\"https:\/\/funkytime-live.com\/es\/?s={search_term_string}\"},\"query-input\":\"required name=search_term_string\"}],\"inLanguage\":\"es\"}]}<\/script>\n<!-- \/ Yoast SEO plugin. -->","yoast_head_json":{"title":"Juega Funky Time en BC Game: registro de casino en l\u00ednea","description":"Elige el casino online BC Game para jugar a Funky Time. Consigue todas las caracter\u00edsticas de la versi\u00f3n oficial del juego de casino. Registro en BC Game, acceso al juego en l\u00ednea Funky Time","robots":{"index":"index","follow":"follow","max-snippet":"max-snippet:-1","max-image-preview":"max-image-preview:large","max-video-preview":"max-video-preview:-1"},"canonical":"https:\/\/funkytime-live.com\/es\/funky-time-bc-game\/","og_locale":"es_ES","og_type":"article","og_title":"Juega Funky Time en BC Game: registro de casino en l\u00ednea","og_description":"Elige el casino online BC Game para jugar a Funky Time. Consigue todas las caracter\u00edsticas de la versi\u00f3n oficial del juego de casino. Registro en BC Game, acceso al juego en l\u00ednea Funky Time","og_url":"https:\/\/funkytime-live.com\/es\/funky-time-bc-game\/","og_site_name":"Juego Funky Time","article_modified_time":"2023-07-26T21:53:29+00:00","og_image":[{"width":1024,"height":768,"url":"https:\/\/funkytime-live.com\/es\/wp-content\/uploads\/sites\/4\/2023\/07\/funky-time-bcgame-thumb.jpg","type":"image\/jpeg"}],"twitter_card":"summary_large_image","schema":{"@context":"https:\/\/schema.org","@graph":[{"@type":"WebPage","@id":"https:\/\/funkytime-live.com\/es\/funky-time-bc-game\/","url":"https:\/\/funkytime-live.com\/es\/funky-time-bc-game\/","name":"Juega Funky Time en BC Game: registro de casino en l\u00ednea","isPartOf":{"@id":"https:\/\/funkytime-live.com\/es\/#website"},"datePublished":"2023-07-07T21:45:37+00:00","dateModified":"2023-07-26T21:53:29+00:00","description":"Elige el casino online BC Game para jugar a Funky Time. Consigue todas las caracter\u00edsticas de la versi\u00f3n oficial del juego de casino. Registro en BC Game, acceso al juego en l\u00ednea Funky Time","breadcrumb":{"@id":"https:\/\/funkytime-live.com\/es\/funky-time-bc-game\/#breadcrumb"},"inLanguage":"es","potentialAction":[{"@type":"ReadAction","target":["https:\/\/funkytime-live.com\/es\/funky-time-bc-game\/"]}]},{"@type":"BreadcrumbList","@id":"https:\/\/funkytime-live.com\/es\/funky-time-bc-game\/#breadcrumb","itemListElement":[{"@type":"ListItem","position":1,"name":"\u0413\u043b\u0430\u0432\u043d\u0430\u044f \u0441\u0442\u0440\u0430\u043d\u0438\u0446\u0430","item":"https:\/\/funkytime-live.com\/es\/"},{"@type":"ListItem","position":2,"name":"Funky Time BC Game"}]},{"@type":"WebSite","@id":"https:\/\/funkytime-live.com\/es\/#website","url":"https:\/\/funkytime-live.com\/es\/","name":"Juego Funky Time","description":"","potentialAction":[{"@type":"SearchAction","target":{"@type":"EntryPoint","urlTemplate":"https:\/\/funkytime-live.com\/es\/?s={search_term_string}"},"query-input":"required name=search_term_string"}],"inLanguage":"es"}]}},"_links":{"self":[{"href":"https:\/\/funkytime-live.com\/es\/wp-json\/wp\/v2\/pages\/728","targetHints":{"allow":["GET"]}}],"collection":[{"href":"https:\/\/funkytime-live.com\/es\/wp-json\/wp\/v2\/pages"}],"about":[{"href":"https:\/\/funkytime-live.com\/es\/wp-json\/wp\/v2\/types\/page"}],"author":[{"embeddable":true,"href":"https:\/\/funkytime-live.com\/es\/wp-json\/wp\/v2\/users\/1"}],"replies":[{"embeddable":true,"href":"https:\/\/funkytime-live.com\/es\/wp-json\/wp\/v2\/comments?post=728"}],"version-history":[{"count":4,"href":"https:\/\/funkytime-live.com\/es\/wp-json\/wp\/v2\/pages\/728\/revisions"}],"predecessor-version":[{"id":817,"href":"https:\/\/funkytime-live.com\/es\/wp-json\/wp\/v2\/pages\/728\/revisions\/817"}],"wp:featuredmedia":[{"embeddable":true,"href":"https:\/\/funkytime-live.com\/es\/wp-json\/wp\/v2\/media\/729"}],"wp:attachment":[{"href":"https:\/\/funkytime-live.com\/es\/wp-json\/wp\/v2\/media?parent=728"}],"wp:term":[{"taxonomy":"category","embeddable":true,"href":"https:\/\/funkytime-live.com\/es\/wp-json\/wp\/v2\/categories?post=728"},{"taxonomy":"post_tag","embeddable":true,"href":"https:\/\/funkytime-live.com\/es\/wp-json\/wp\/v2\/tags?post=728"}],"curies":[{"name":"wp","href":"https:\/\/api.w.org\/{rel}","templated":true}]}}