{"id":742,"date":"2023-07-08T01:06:53","date_gmt":"2023-07-07T22:06:53","guid":{"rendered":"https:\/\/funkytime-live.com\/?page_id=742"},"modified":"2023-07-27T00:46:02","modified_gmt":"2023-07-26T21:46:02","slug":"contactos","status":"publish","type":"page","link":"https:\/\/funkytime-live.com\/es\/contactos\/","title":{"rendered":"Contacto"},"content":{"rendered":"<p>Si usted tiene alguna pregunta, sugerencia, comentario o cualquier otra cosa, por favor p\u00f3ngase en contacto con nosotros utilizando el formulario de contacto a continuaci\u00f3n. Equipo funkytime-live.com tratar\u00e1 de responder con prontitud a su mensaje para que su interacci\u00f3n con nuestro sitio era c\u00f3moda y conveniente.<\/p>\n","protected":false},"excerpt":{"rendered":"<p>Si usted tiene alguna pregunta, sugerencia, comentario o cualquier otra cosa, por favor p\u00f3ngase en contacto con nosotros utilizando el formulario de contacto a continuaci\u00f3n. Equipo funkytime-live.com tratar\u00e1 de responder con prontitud a su mensaje para que su interacci\u00f3n con nuestro sitio era c\u00f3moda y conveniente.<\/p>\n","protected":false},"author":1,"featured_media":0,"parent":0,"menu_order":0,"comment_status":"closed","ping_status":"closed","template":"page-info-es.php","meta":{"footnotes":""},"categories":[],"tags":[],"class_list":["post-742","page","type-page","status-publish","hentry"],"yoast_head":"<!-- This site is optimized with the Yoast SEO plugin v20.10 - https:\/\/yoast.com\/wordpress\/plugins\/seo\/ -->\n<title>Contacto - Juego Funky Time<\/title>\n<meta name=\"description\" content=\"Si usted tiene alguna pregunta, sugerencia, comentario o cualquier otra cosa, por favor p\u00f3ngase en contacto con nosotros utilizando el formulario de\" \/>\n<meta name=\"robots\" content=\"index, follow, max-snippet:-1, max-image-preview:large, max-video-preview:-1\" \/>\n<link rel=\"canonical\" href=\"https:\/\/funkytime-live.com\/es\/contactos\/\" \/>\n<meta property=\"og:locale\" content=\"es_ES\" \/>\n<meta property=\"og:type\" content=\"article\" \/>\n<meta property=\"og:title\" content=\"Contacto - Juego Funky Time\" \/>\n<meta property=\"og:description\" content=\"Si usted tiene alguna pregunta, sugerencia, comentario o cualquier otra cosa, por favor p\u00f3ngase en contacto con nosotros utilizando el formulario de\" \/>\n<meta property=\"og:url\" content=\"https:\/\/funkytime-live.com\/es\/contactos\/\" \/>\n<meta property=\"og:site_name\" content=\"Juego Funky Time\" \/>\n<meta property=\"article:modified_time\" content=\"2023-07-26T21:46:02+00:00\" \/>\n<meta name=\"twitter:card\" content=\"summary_large_image\" \/>\n<script type=\"application\/ld+json\" class=\"yoast-schema-graph\">{\"@context\":\"https:\/\/schema.org\",\"@graph\":[{\"@type\":\"WebPage\",\"@id\":\"https:\/\/funkytime-live.com\/es\/contactos\/\",\"url\":\"https:\/\/funkytime-live.com\/es\/contactos\/\",\"name\":\"Contacto - Juego Funky Time\",\"isPartOf\":{\"@id\":\"https:\/\/funkytime-live.com\/es\/#website\"},\"datePublished\":\"2023-07-07T22:06:53+00:00\",\"dateModified\":\"2023-07-26T21:46:02+00:00\",\"description\":\"Si usted tiene alguna pregunta, sugerencia, comentario o cualquier otra cosa, por favor p\u00f3ngase en contacto con nosotros utilizando el formulario de\",\"breadcrumb\":{\"@id\":\"https:\/\/funkytime-live.com\/es\/contactos\/#breadcrumb\"},\"inLanguage\":\"es\",\"potentialAction\":[{\"@type\":\"ReadAction\",\"target\":[\"https:\/\/funkytime-live.com\/es\/contactos\/\"]}]},{\"@type\":\"BreadcrumbList\",\"@id\":\"https:\/\/funkytime-live.com\/es\/contactos\/#breadcrumb\",\"itemListElement\":[{\"@type\":\"ListItem\",\"position\":1,\"name\":\"\u0413\u043b\u0430\u0432\u043d\u0430\u044f \u0441\u0442\u0440\u0430\u043d\u0438\u0446\u0430\",\"item\":\"https:\/\/funkytime-live.com\/es\/\"},{\"@type\":\"ListItem\",\"position\":2,\"name\":\"Contacto\"}]},{\"@type\":\"WebSite\",\"@id\":\"https:\/\/funkytime-live.com\/es\/#website\",\"url\":\"https:\/\/funkytime-live.com\/es\/\",\"name\":\"Juego Funky Time\",\"description\":\"\",\"potentialAction\":[{\"@type\":\"SearchAction\",\"target\":{\"@type\":\"EntryPoint\",\"urlTemplate\":\"https:\/\/funkytime-live.com\/es\/?s={search_term_string}\"},\"query-input\":\"required name=search_term_string\"}],\"inLanguage\":\"es\"}]}<\/script>\n<!-- \/ Yoast SEO plugin. -->","yoast_head_json":{"title":"Contacto - Juego Funky Time","description":"Si usted tiene alguna pregunta, sugerencia, comentario o cualquier otra cosa, por favor p\u00f3ngase en contacto con nosotros utilizando el formulario de","robots":{"index":"index","follow":"follow","max-snippet":"max-snippet:-1","max-image-preview":"max-image-preview:large","max-video-preview":"max-video-preview:-1"},"canonical":"https:\/\/funkytime-live.com\/es\/contactos\/","og_locale":"es_ES","og_type":"article","og_title":"Contacto - Juego Funky Time","og_description":"Si usted tiene alguna pregunta, sugerencia, comentario o cualquier otra cosa, por favor p\u00f3ngase en contacto con nosotros utilizando el formulario de","og_url":"https:\/\/funkytime-live.com\/es\/contactos\/","og_site_name":"Juego Funky Time","article_modified_time":"2023-07-26T21:46:02+00:00","twitter_card":"summary_large_image","schema":{"@context":"https:\/\/schema.org","@graph":[{"@type":"WebPage","@id":"https:\/\/funkytime-live.com\/es\/contactos\/","url":"https:\/\/funkytime-live.com\/es\/contactos\/","name":"Contacto - Juego Funky Time","isPartOf":{"@id":"https:\/\/funkytime-live.com\/es\/#website"},"datePublished":"2023-07-07T22:06:53+00:00","dateModified":"2023-07-26T21:46:02+00:00","description":"Si usted tiene alguna pregunta, sugerencia, comentario o cualquier otra cosa, por favor p\u00f3ngase en contacto con nosotros utilizando el formulario de","breadcrumb":{"@id":"https:\/\/funkytime-live.com\/es\/contactos\/#breadcrumb"},"inLanguage":"es","potentialAction":[{"@type":"ReadAction","target":["https:\/\/funkytime-live.com\/es\/contactos\/"]}]},{"@type":"BreadcrumbList","@id":"https:\/\/funkytime-live.com\/es\/contactos\/#breadcrumb","itemListElement":[{"@type":"ListItem","position":1,"name":"\u0413\u043b\u0430\u0432\u043d\u0430\u044f \u0441\u0442\u0440\u0430\u043d\u0438\u0446\u0430","item":"https:\/\/funkytime-live.com\/es\/"},{"@type":"ListItem","position":2,"name":"Contacto"}]},{"@type":"WebSite","@id":"https:\/\/funkytime-live.com\/es\/#website","url":"https:\/\/funkytime-live.com\/es\/","name":"Juego Funky Time","description":"","potentialAction":[{"@type":"SearchAction","target":{"@type":"EntryPoint","urlTemplate":"https:\/\/funkytime-live.com\/es\/?s={search_term_string}"},"query-input":"required name=search_term_string"}],"inLanguage":"es"}]}},"_links":{"self":[{"href":"https:\/\/funkytime-live.com\/es\/wp-json\/wp\/v2\/pages\/742","targetHints":{"allow":["GET"]}}],"collection":[{"href":"https:\/\/funkytime-live.com\/es\/wp-json\/wp\/v2\/pages"}],"about":[{"href":"https:\/\/funkytime-live.com\/es\/wp-json\/wp\/v2\/types\/page"}],"author":[{"embeddable":true,"href":"https:\/\/funkytime-live.com\/es\/wp-json\/wp\/v2\/users\/1"}],"replies":[{"embeddable":true,"href":"https:\/\/funkytime-live.com\/es\/wp-json\/wp\/v2\/comments?post=742"}],"version-history":[{"count":2,"href":"https:\/\/funkytime-live.com\/es\/wp-json\/wp\/v2\/pages\/742\/revisions"}],"predecessor-version":[{"id":851,"href":"https:\/\/funkytime-live.com\/es\/wp-json\/wp\/v2\/pages\/742\/revisions\/851"}],"wp:attachment":[{"href":"https:\/\/funkytime-live.com\/es\/wp-json\/wp\/v2\/media?parent=742"}],"wp:term":[{"taxonomy":"category","embeddable":true,"href":"https:\/\/funkytime-live.com\/es\/wp-json\/wp\/v2\/categories?post=742"},{"taxonomy":"post_tag","embeddable":true,"href":"https:\/\/funkytime-live.com\/es\/wp-json\/wp\/v2\/tags?post=742"}],"curies":[{"name":"wp","href":"https:\/\/api.w.org\/{rel}","templated":true}]}}