{"id":766,"date":"2023-02-05T22:15:05","date_gmt":"2023-02-05T19:15:05","guid":{"rendered":"https:\/\/funkytime-live.com\/?page_id=2"},"modified":"2023-10-04T16:16:50","modified_gmt":"2023-10-04T13:16:50","slug":"funky-time-juego","status":"publish","type":"page","link":"https:\/\/funkytime-live.com\/es\/","title":{"rendered":"Funky Time Live juego Evolution"},"content":{"rendered":"<h2>La esencia de Funky Time<\/h2>\n<p>Funky Time es la nueva versi\u00f3n del juego de Evolution Gaming. El juego se lanz\u00f3 en mayo de 2023. El espect\u00e1culo en vivo se basa en la tecnolog\u00eda DigiWheel, que el proveedor compr\u00f3 en 2021.<\/p>\n<p><img loading=\"lazy\" decoding=\"async\" class=\"alignnone wp-image-750 size-full\" title=\"La esencia de Funky Time\" src=\"https:\/\/funkytime-live.com\/es\/wp-content\/uploads\/sites\/4\/2023\/07\/funky-time-game-screenshot-3.jpg\" alt=\"La esencia de Funky Time\" width=\"1096\" height=\"617\" srcset=\"https:\/\/funkytime-live.com\/es\/wp-content\/uploads\/sites\/4\/2023\/07\/funky-time-game-screenshot-3.jpg 1096w, https:\/\/funkytime-live.com\/es\/wp-content\/uploads\/sites\/4\/2023\/07\/funky-time-game-screenshot-3-300x169.jpg 300w, https:\/\/funkytime-live.com\/es\/wp-content\/uploads\/sites\/4\/2023\/07\/funky-time-game-screenshot-3-1024x576.jpg 1024w, https:\/\/funkytime-live.com\/es\/wp-content\/uploads\/sites\/4\/2023\/07\/funky-time-game-screenshot-3-768x432.jpg 768w, https:\/\/funkytime-live.com\/es\/wp-content\/uploads\/sites\/4\/2023\/07\/funky-time-game-screenshot-3-250x141.jpg 250w\" sizes=\"auto, (max-width: 1096px) 100vw, 1096px\" \/><\/p>\n<p>Al iniciar el juego, se le traslada a un estudio de los a\u00f1os 70 con un crupier en vivo junto a la ruleta. El rodillo contiene 64 sectores, entre ellos:<\/p>\n<ul>\n<li>28 sectores con el n\u00famero 1;<\/li>\n<li>24 sectores con las letras PLAY, FUNK y TIME (cada palabra se repite dos veces en la rueda);<\/li>\n<li>6 segmentos \u00abBAR\u00bb;<\/li>\n<li>2 segmentos \u00abStayin&#8217; Alive\u00bb;<\/li>\n<li>3 segmentos \u00abDisco\u00bb;<\/li>\n<li>1 segmento \u00abVip Disco\u00bb.<\/li>\n<\/ul>\n<p>En comparaci\u00f3n con Crazy Time, los usuarios obtienen un juego a\u00fan m\u00e1s emocionante con una lista ampliada de apuestas y la posibilidad de ganar sumas muy grandes. Para empezar a jugar a Funky Time es necesario unirse al programa en directo, realizar una apuesta, tras lo cual se convertir\u00e1 en participante de una sesi\u00f3n de juego incre\u00edblemente interesante.<\/p>\n<h2>Informaci\u00f3n b\u00e1sica de Funky Time<\/h2>\n<table class=\"table\">\n<tbody>\n<tr>\n<td>\ud83c\udfb0 Nombre del juego<\/td>\n<td>Funky Time<\/td>\n<\/tr>\n<tr>\n<td>\ud83d\udda5\ufe0f Proveedor<\/td>\n<td>Evolution Gaming<\/td>\n<\/tr>\n<tr>\n<td>\ud83d\udcc5 Fecha de publicaci\u00f3n<\/td>\n<td>2023-05-10<\/td>\n<\/tr>\n<tr>\n<td>\ud83d\udcca RTP<\/td>\n<td>95.99%<\/td>\n<\/tr>\n<tr>\n<td>\ud83d\udcc9 Apuesta m\u00ednima<\/td>\n<td>0.10<\/td>\n<\/tr>\n<tr>\n<td>\ud83d\udcc8 Apuesta m\u00e1xima<\/td>\n<td>1000<\/td>\n<\/tr>\n<tr>\n<td>\ud83d\udcb0 M\u00e1xima ganancia<\/td>\n<td>x10000.00<\/td>\n<\/tr>\n<tr>\n<td>\ud83c\udf1f Funciones<\/td>\n<td>DigiWheel, multiplicador extra al principio de la ronda, 4 rondas de bonificaci\u00f3n, apuestas especiales<\/td>\n<\/tr>\n<tr>\n<td>\ud83c\udf81 Juegos de bonificaci\u00f3n<\/td>\n<td>BAR, Stayin&#8217; Alive, Disco, VIP Disco<\/td>\n<\/tr>\n<tr>\n<td>\ud83d\udd25 RTP Juegos de bonificaci\u00f3n<\/td>\n<td>BAR &#8211; 95.98%, Stayin&#8217; Alive &#8211; 95.49%, Disco &#8211; 95.51%, VIP Disco &#8211; 95.38%<\/td>\n<\/tr>\n<tr>\n<td>\ud83c\udfc6 Mec\u00e1nica especial de apuestas<\/td>\n<td>Puede apostar en segmentos con n\u00fameros, letras y rondas de bonificaci\u00f3n. La ruleta contiene 64 segmentos: 28 de ellos est\u00e1n marcados con el n\u00famero 1, 24 est\u00e1n marcados con letras (F, U, N, K, P, L, A, Y, T, I, M, E) y 12 son rondas de bonificaci\u00f3n.<\/td>\n<\/tr>\n<\/tbody>\n<\/table>\n<h2>Pagos en Funky Time<\/h2>\n<p>Si el usuario obtiene un segmento con el n\u00famero \u00ab1\u00bb, obtendr\u00e1 un pago de 1:1. Pero si obtiene las letras \u00abF\u00bb, \u00abU\u00bb, \u00abN\u00bb, \u00abK\u00bb por ejemplo, obtendr\u00e1 un pago que ser\u00e1 25 veces su apuesta. Los sectores de bonificaci\u00f3n pueden multiplicar la apuesta del jugador por 2-10000 veces.<\/p>\n<h2>Las probabilidades de ganar de las distintas apuestas<\/h2>\n<p>Para que los jugadores hagan apuestas consideradas, es necesario entender las probabilidades de ganar en Funky Time. Las probabilidades pueden variar dependiendo del sector seleccionado en la rueda. A continuaci\u00f3n se muestra una tabla con las probabilidades correspondientes a cada uno de los sectores.<\/p>\n<table class=\"table\">\n<tbody>\n<tr>\n<th>Variaci\u00f3n de apuestas<\/th>\n<th>Probabilidades de ganar<\/th>\n<\/tr>\n<tr>\n<td>N\u00famero 1<\/td>\n<td>43.75%<\/td>\n<\/tr>\n<tr>\n<td>Cualquier letra<\/td>\n<td>37.50%<\/td>\n<\/tr>\n<tr>\n<td>BAR<\/td>\n<td>9.38%<\/td>\n<\/tr>\n<tr>\n<td>Disco<\/td>\n<td>4.68%<\/td>\n<\/tr>\n<tr>\n<td>Stayin&#8217; Alive<\/td>\n<td>3.13%<\/td>\n<\/tr>\n<tr>\n<td>VIP Disco<\/td>\n<td>1.56%<\/td>\n<\/tr>\n<\/tbody>\n<\/table>\n<h2>Informaci\u00f3n RTP<\/h2>\n<p>El RTP alcanza el 95,99%, pero cuando los modos de bonificaci\u00f3n el RTP cambia.<\/p>\n<table class=\"table\">\n<tbody>\n<tr>\n<th>S\u00edmbolos<\/th>\n<th>RTP<\/th>\n<\/tr>\n<\/tbody>\n<tbody>\n<tr>\n<td>N\u00famero 1<\/td>\n<td>95,99%<\/td>\n<\/tr>\n<tr>\n<td>Letras P,L,A,Y,F,U,N,K,T,I,M,E<\/td>\n<td>95,49%<\/td>\n<\/tr>\n<tr>\n<td>BAR<\/td>\n<td>95,98%<\/td>\n<\/tr>\n<tr>\n<td>Stayin\u2019 Alive<\/td>\n<td>95,49%<\/td>\n<\/tr>\n<tr>\n<td>Disco<\/td>\n<td>95,51%<\/td>\n<\/tr>\n<tr>\n<td>VIP Disco<\/td>\n<td>95,38%<\/td>\n<\/tr>\n<\/tbody>\n<\/table>\n<h2>Evolution Gaming &#8211; creador de la tragamonedas Funky Time<\/h2>\n<p>Evolution Gaming es el proveedor m\u00e1s popular de tragamonedas en vivo. La empresa se fund\u00f3 en 2006 en Suecia. Hoy en d\u00eda la oficina del estudio se encuentra en pa\u00edses como Suecia, Lituania, EE.UU. y Malta. Con m\u00e1s de 300 tragaperras y 3.000 distribuidores en sus libros, creemos que su cartera seguir\u00e1 creciendo, complaciendo as\u00ed a m\u00e1s y m\u00e1s tragamonedas.<\/p>\n<h2>Reglas de Funky Time Evolution<\/h2>\n<p>Funky Time es un espect\u00e1culo de apuestas en tiempo real, en el que incluso un principiante puede jugar y ganar. El tama\u00f1o de la apuesta oscila entre 0,1 y 1000 euros.<\/p>\n<p><img loading=\"lazy\" decoding=\"async\" class=\"alignnone wp-image-752 size-full\" title=\"Reglas de Funky Time Evolution\" src=\"https:\/\/funkytime-live.com\/es\/wp-content\/uploads\/sites\/4\/2023\/07\/funky-time-game-screenshot-6.jpg\" alt=\"Reglas de Funky Time Evolution\" width=\"1093\" height=\"618\" srcset=\"https:\/\/funkytime-live.com\/es\/wp-content\/uploads\/sites\/4\/2023\/07\/funky-time-game-screenshot-6.jpg 1093w, https:\/\/funkytime-live.com\/es\/wp-content\/uploads\/sites\/4\/2023\/07\/funky-time-game-screenshot-6-300x170.jpg 300w, https:\/\/funkytime-live.com\/es\/wp-content\/uploads\/sites\/4\/2023\/07\/funky-time-game-screenshot-6-1024x579.jpg 1024w, https:\/\/funkytime-live.com\/es\/wp-content\/uploads\/sites\/4\/2023\/07\/funky-time-game-screenshot-6-768x434.jpg 768w, https:\/\/funkytime-live.com\/es\/wp-content\/uploads\/sites\/4\/2023\/07\/funky-time-game-screenshot-6-250x141.jpg 250w\" sizes=\"auto, (max-width: 1093px) 100vw, 1093px\" \/><\/p>\n<blockquote><p>Tenga en cuenta que en diferentes casinos online, el l\u00edmite m\u00e1ximo de apuesta puede ser diferente.<\/p><\/blockquote>\n<p>Al principio de la ronda se selecciona el tama\u00f1o de la apuesta, que se muestra en forma de fichas de juego con valores de 0,1 a 1.000 euros. Se encuentran en la parte inferior de la pantalla, debajo de la mesa de juego. A continuaci\u00f3n, tienes que elegir los segmentos de celdas de la rueda de la Fortuna. S\u00f3lo hay 17 y est\u00e1n situados en el centro, en la parte inferior de la pantalla.<\/p>\n<h2>Interfaz Funky Time<\/h2>\n<p>Cuando empiece a jugar a Funky Time lo primero que le llamar\u00e1 la atenci\u00f3n ser\u00e1 una enorme rueda con un presentador de pie junto a ella. Durante las apuestas habr\u00e1 17 casillas en la parte inferior de la rueda, cada una de las cuales es responsable de un segmento concreto. Debajo de ellas habr\u00e1 dos botones, a trav\u00e9s de los cuales podr\u00e1s poner fichas de una vez, o todas las cartas, o todas las funciones de bonificaci\u00f3n. En la parte inferior de la pantalla ver\u00e1s las fichas, que tienen su propio \u00edndice, que equivale a la cantidad apostada. El \u00edndice m\u00ednimo es 10, el m\u00e1ximo es 1000.<\/p>\n<p><img loading=\"lazy\" decoding=\"async\" class=\"alignnone wp-image-751 size-full\" title=\"Interfaz del juego Funky Time Live\" src=\"https:\/\/funkytime-live.com\/es\/wp-content\/uploads\/sites\/4\/2023\/07\/funky-time-game-screenshot-12.jpg\" alt=\"Interfaz del juego Funky Time Live\" width=\"1095\" height=\"618\" srcset=\"https:\/\/funkytime-live.com\/es\/wp-content\/uploads\/sites\/4\/2023\/07\/funky-time-game-screenshot-12.jpg 1095w, https:\/\/funkytime-live.com\/es\/wp-content\/uploads\/sites\/4\/2023\/07\/funky-time-game-screenshot-12-300x169.jpg 300w, https:\/\/funkytime-live.com\/es\/wp-content\/uploads\/sites\/4\/2023\/07\/funky-time-game-screenshot-12-1024x578.jpg 1024w, https:\/\/funkytime-live.com\/es\/wp-content\/uploads\/sites\/4\/2023\/07\/funky-time-game-screenshot-12-768x433.jpg 768w, https:\/\/funkytime-live.com\/es\/wp-content\/uploads\/sites\/4\/2023\/07\/funky-time-game-screenshot-12-250x141.jpg 250w\" sizes=\"auto, (max-width: 1095px) 100vw, 1095px\" \/><\/p>\n<p>En la parte derecha de la pantalla hay botones auxiliares con informaci\u00f3n. En la parte inferior hay botones con: nueva mesa, estad\u00edsticas, lista ampliada de jugadas recientes y salida al lobby.<\/p>\n<p>En la parte superior derecha hay botones con: chat online, soporte t\u00e9cnico, opciones de sonido, configuraci\u00f3n, repetir la \u00faltima tirada, informaci\u00f3n detallada sobre el juego y ampliaci\u00f3n a pantalla completa.<\/p>\n<p>En la parte inferior izquierda ver\u00e1s tu saldo de juego y cu\u00e1nto has ganado en la ronda anterior. Cuando termine la ronda, encima de tu dep\u00f3sito aparecer\u00e1 informaci\u00f3n sobre los usuarios que ganaron, as\u00ed como cu\u00e1nto ganaron.<\/p>\n<h2>C\u00f3mo jugar a Funky Time Live<\/h2>\n<p>Como hemos dicho antes, esta tragamonedas es sencilla y todo el mundo puede entenderla. Para jugar necesitas:<\/p>\n<ol>\n<li>Reg\u00edstrese en el sitio web de la plataforma de juego donde est\u00e1 disponible Funky Time;<\/li>\n<li>A continuaci\u00f3n, entre en la propia tragamonedas de v\u00eddeo y elija el tama\u00f1o de su apuesta. El juego comienza inmediatamente despu\u00e9s de elegir una de las opciones que aparecen en la parte inferior de la pantalla. Pueden ser n\u00fameros, letras o s\u00edmbolos de bonificaci\u00f3n. En esta tragamonedas tienes 17 oportunidades de apuesta. Cada una de ellas puede darte un enorme bote;<\/li>\n<li>Despu\u00e9s de que todos los jugadores hayan apostado, el crupier har\u00e1 girar la ruleta y si se detiene en el segmento que usted seleccion\u00f3, \u00a1entonces usted gana!<\/li>\n<\/ol>\n<p>Si los sectores elegidos no est\u00e1n se\u00f1alados por una flecha al final de la tirada, no ganas nada. Sin embargo, si cae un juego de bonificaci\u00f3n, entonces te conviertes en espectador, no en participante, y te limitas a observar c\u00f3mo transcurre la funci\u00f3n de bonificaci\u00f3n.<\/p>\n<h2>Juegos de bonificaci\u00f3n en Funky Time<\/h2>\n<p>Si quieres participar en un juego de bonificaci\u00f3n, tienes que seleccionar una casilla determinada, seg\u00fan la bonificaci\u00f3n y hacer tu apuesta. Funky Time tiene cuatro incre\u00edbles modos de bonificaci\u00f3n:<\/p>\n<ol>\n<li>Bar;<\/li>\n<li>Stayin&#8217; Alive;<\/li>\n<li>Disco Bonus;<\/li>\n<li>VIP Disco Bonus.<\/li>\n<\/ol>\n<p>Cada bonificaci\u00f3n contiene sus propias caracter\u00edsticas \u00fanicas y recompensas que no s\u00f3lo entretendr\u00e1n al usuario, sino que tambi\u00e9n dar\u00e1n incre\u00edbles ganancias gracias a los grandes multiplicadores. Mientras hace girar la ruleta no pierda de vista los segmentos de bonificaci\u00f3n, y tal vez sea usted la persona a la que le caiga Max Win. Y ahora te contaremos m\u00e1s sobre cada ronda de bonificaci\u00f3n.<\/p>\n<h3>BAR<\/h3>\n<p><img loading=\"lazy\" decoding=\"async\" class=\"alignnone wp-image-753 size-full\" title=\"Bonificaci\u00f3n Funky Time BAR\" src=\"https:\/\/funkytime-live.com\/es\/wp-content\/uploads\/sites\/4\/2023\/07\/funky-time-game-screenshot-8-1.jpg\" alt=\"Bonificaci\u00f3n Funky Time BAR\" width=\"1096\" height=\"617\" srcset=\"https:\/\/funkytime-live.com\/es\/wp-content\/uploads\/sites\/4\/2023\/07\/funky-time-game-screenshot-8-1.jpg 1096w, https:\/\/funkytime-live.com\/es\/wp-content\/uploads\/sites\/4\/2023\/07\/funky-time-game-screenshot-8-1-300x169.jpg 300w, https:\/\/funkytime-live.com\/es\/wp-content\/uploads\/sites\/4\/2023\/07\/funky-time-game-screenshot-8-1-1024x576.jpg 1024w, https:\/\/funkytime-live.com\/es\/wp-content\/uploads\/sites\/4\/2023\/07\/funky-time-game-screenshot-8-1-768x432.jpg 768w, https:\/\/funkytime-live.com\/es\/wp-content\/uploads\/sites\/4\/2023\/07\/funky-time-game-screenshot-8-1-250x141.jpg 250w\" sizes=\"auto, (max-width: 1096px) 100vw, 1096px\" \/><\/p>\n<p>Si la ruleta se detiene en el sector \u00abBAR\u00bb, el jugador es transportado inmediatamente al bar, donde el robot camarero est\u00e1 al mando. El jugador elige el color del c\u00f3ctel y espera a que el robot se lo prepare. En total, el barman llena tres vasos, cada uno de los cuales tiene sus propios multiplicadores adicionales al pago. Por ejemplo, puedes elegir un multiplicador 10x, 8x o 2x. Adem\u00e1s, el robot puede aumentar el multiplicador espont\u00e1neamente.<\/p>\n<h3>Stayin&#8217; Alive<\/h3>\n<p>El usuario, junto con otros jugadores, es transportado a otra sala en la que deber\u00e1 durar el mayor tiempo posible. Deber\u00e1 elegir uno de los colores de bola: verde, rosa o naranja. El multiplicador aumentar\u00e1 con cada gota de la loter\u00eda del color de bola elegido. As\u00ed, el usuario puede pasar de un multiplicador m\u00ednimo de 5x a un multiplicador m\u00e1ximo de 1000x. Adem\u00e1s, durante esta funci\u00f3n de bonificaci\u00f3n dispondr\u00e1 de 4 vidas, que se reducir\u00e1n si obtiene bolas negras. Durante todo el juego te acompa\u00f1ar\u00e1 la canci\u00f3n \u00abStayin&#8217; Alive\u00bb de los Bee Gees.<\/p>\n<h3>Disco<\/h3>\n<p>En este modo de bonificaci\u00f3n ir\u00e1s a la discoteca. Te encontrar\u00e1s en la pista de baile, en la que habr\u00e1 multiplicadores esparcidos ca\u00f3ticamente. Para conseguir el multiplicador, tienes que llegar hasta \u00e9l. La forma en que te muevas determinar\u00e1 la rueda situada en la parte superior de la pantalla. La ronda termina cuando el usuario abandona la discoteca.<\/p>\n<h3>VIP Disco<\/h3>\n<p>En esta ronda de bonificaci\u00f3n tambi\u00e9n se llega a la discoteca, como en la bonificaci\u00f3n Disco. Sin embargo, esta pista de baile es varias veces m\u00e1s grande y mejor debido a los valores del multiplicador, que son varias veces superiores a los valores est\u00e1ndar. Por ejemplo, si durante una tirada en la funci\u00f3n de bonificaci\u00f3n ca\u00edda no hay ning\u00fan multiplicador adicional, el valor m\u00e1ximo en la Disco cl\u00e1sica ser\u00e1 de 100x, y en la Disco VIP ser\u00e1 de 1000x.<\/p>\n<p>La mec\u00e1nica en el juego de bonificaci\u00f3n VIP Disco no difiere de la bonificaci\u00f3n Disco normal. Tambi\u00e9n hay una rueda en la parte superior de la pantalla, que determina tus movimientos en una pista de baile m\u00e1s amplia.<\/p>\n<h2>Funky Time difiere de otros juegos en vivo de Evolution Gaming<\/h2>\n<p>El predecesor de Funky Time es uno de los juegos en vivo m\u00e1s famosos: Crazy Time. Proponemos comparar estas dos tragamonedas, y entender lo que hay en una y lo que no hay en la otra.<\/p>\n<table>\n<thead>\n<tr>\n<th>Par\u00e1metro<\/th>\n<th>Funky Time<\/th>\n<th>Crazy Time<\/th>\n<\/tr>\n<\/thead>\n<tbody>\n<tr>\n<td>N\u00famero de segmentos de la rueda<\/td>\n<td>64<\/td>\n<td>54<\/td>\n<\/tr>\n<tr>\n<td>N\u00fameros<\/td>\n<td>S\u00f3lo \u00ab1\u00bb<\/td>\n<td>\u201c1\u201d, \u201c2\u201d, \u201c5\u201d, \u201c10\u201d<\/td>\n<\/tr>\n<tr>\n<td>Letras<\/td>\n<td>S\u00ed<\/td>\n<td>No<\/td>\n<\/tr>\n<tr>\n<td>Base RTP<\/td>\n<td>95,99%<\/td>\n<td>95,5%<\/td>\n<\/tr>\n<tr>\n<td>Multiplicadores adicionales disponibles<\/td>\n<td>S\u00ed<\/td>\n<td>No<\/td>\n<\/tr>\n<\/tbody>\n<\/table>\n<h2>Funky Time Demostraci\u00f3n<\/h2>\n<p>Como la mayor\u00eda de los programas en vivo de Evolution Gaming, Funky Time no tiene versi\u00f3n demo. Dado que el juego es en vivo con crupieres en vivo, eso hace imposible crear una versi\u00f3n de prueba. Sin embargo, puedes seguir la acci\u00f3n sin apostar. Gracias a la presencia de la retransmisi\u00f3n en directo, podr\u00e1 ver c\u00f3mo juegan otros usuarios, elegir una estrategia, comprender las reglas y las caracter\u00edsticas del juego.<\/p>\n<h2>Funky Time en el m\u00f3vil<\/h2>\n<p>El juego est\u00e1 perfectamente optimizado para smartphones Android e iOS, para que puedas jugar y ganar f\u00e1cil y c\u00f3modamente donde quieras.<\/p>\n<p>Para ejecutar la tragamonedas en su dispositivo m\u00f3vil, tiene que ir a la p\u00e1gina web oficial de cualquier casino en l\u00ednea, como una aplicaci\u00f3n independiente para el juego en su tel\u00e9fono en Funky Time.<\/p>\n<h2>Nuestro veredicto<\/h2>\n<p>Para resumir lo anterior, podemos decir que Funky Time del proveedor Evolution Gaming es una tragamonedas emocionante en modo Live. Independientemente de si tienes experiencia jugando o no, las tragamonedas de v\u00eddeo te ofrecer\u00e1n incre\u00edbles emociones del juego y la alegr\u00eda de grandes ganancias.<\/p>\n<p>As\u00ed que coge tu equipo de baile y l\u00e1nzate a la pista de baile de los a\u00f1os 70. Mr. Funky te har\u00e1 compa\u00f1\u00eda bailando y te proporcionar\u00e1 enormes ganancias.<\/p>\n","protected":false},"excerpt":{"rendered":"<p>La esencia de Funky Time Funky Time es la nueva versi\u00f3n del juego de Evolution Gaming. El juego se lanz\u00f3 en mayo de 2023. El espect\u00e1culo en vivo se basa en la tecnolog\u00eda DigiWheel, que el proveedor compr\u00f3 en 2021. Al iniciar el juego, se le traslada a un estudio de los a\u00f1os 70 con [&hellip;]<\/p>\n","protected":false},"author":1,"featured_media":597,"parent":0,"menu_order":8,"comment_status":"closed","ping_status":"closed","template":"page-game-es.php","meta":{"footnotes":""},"categories":[],"tags":[],"class_list":["post-766","page","type-page","status-publish","has-post-thumbnail","hentry"],"yoast_head":"<!-- This site is optimized with the Yoast SEO plugin v20.10 - https:\/\/yoast.com\/wordpress\/plugins\/seo\/ -->\n<title>Funky Time juego - jugar por dinero | Sitio oficial<\/title>\n<meta name=\"description\" content=\"Juega Funky Time Evolution por dinero real en el casino online. Rese\u00f1as sobre el juego Funky Time, estrategias, respuestas a preguntas, descarga de la app.\" \/>\n<meta name=\"robots\" content=\"index, follow, max-snippet:-1, max-image-preview:large, max-video-preview:-1\" \/>\n<link rel=\"canonical\" href=\"https:\/\/funkytime-live.com\/es\/\" \/>\n<meta property=\"og:locale\" content=\"es_ES\" \/>\n<meta property=\"og:type\" content=\"article\" \/>\n<meta property=\"og:title\" content=\"Funky Time juego - jugar por dinero | Sitio oficial\" \/>\n<meta property=\"og:description\" content=\"Juega Funky Time Evolution por dinero real en el casino online. Rese\u00f1as sobre el juego Funky Time, estrategias, respuestas a preguntas, descarga de la app.\" \/>\n<meta property=\"og:url\" content=\"https:\/\/funkytime-live.com\/es\/\" \/>\n<meta property=\"og:site_name\" content=\"Juego Funky Time\" \/>\n<meta property=\"article:modified_time\" content=\"2023-10-04T13:16:50+00:00\" \/>\n<meta property=\"og:image\" content=\"https:\/\/funkytime-live.com\/es\/wp-content\/uploads\/sites\/4\/2023\/06\/funky-time-thumb.jpg\" \/>\n\t<meta property=\"og:image:width\" content=\"1024\" \/>\n\t<meta property=\"og:image:height\" content=\"768\" \/>\n\t<meta property=\"og:image:type\" content=\"image\/jpeg\" \/>\n<meta name=\"twitter:card\" content=\"summary_large_image\" \/>\n<script type=\"application\/ld+json\" class=\"yoast-schema-graph\">{\"@context\":\"https:\/\/schema.org\",\"@graph\":[{\"@type\":\"WebPage\",\"@id\":\"https:\/\/funkytime-live.com\/es\/\",\"url\":\"https:\/\/funkytime-live.com\/es\/\",\"name\":\"Funky Time juego - jugar por dinero | Sitio oficial\",\"isPartOf\":{\"@id\":\"https:\/\/funkytime-live.com\/es\/#website\"},\"datePublished\":\"2023-02-05T19:15:05+00:00\",\"dateModified\":\"2023-10-04T13:16:50+00:00\",\"description\":\"Juega Funky Time Evolution por dinero real en el casino online. Rese\u00f1as sobre el juego Funky Time, estrategias, respuestas a preguntas, descarga de la app.\",\"breadcrumb\":{\"@id\":\"https:\/\/funkytime-live.com\/es\/#breadcrumb\"},\"inLanguage\":\"es\",\"potentialAction\":[{\"@type\":\"ReadAction\",\"target\":[\"https:\/\/funkytime-live.com\/es\/\"]}]},{\"@type\":\"BreadcrumbList\",\"@id\":\"https:\/\/funkytime-live.com\/es\/#breadcrumb\",\"itemListElement\":[{\"@type\":\"ListItem\",\"position\":1,\"name\":\"\u0413\u043b\u0430\u0432\u043d\u0430\u044f \u0441\u0442\u0440\u0430\u043d\u0438\u0446\u0430\",\"item\":\"https:\/\/funkytime-live.com\/es\/\"},{\"@type\":\"ListItem\",\"position\":2,\"name\":\"Funky Time Live juego Evolution\"}]},{\"@type\":\"WebSite\",\"@id\":\"https:\/\/funkytime-live.com\/es\/#website\",\"url\":\"https:\/\/funkytime-live.com\/es\/\",\"name\":\"Juego Funky Time\",\"description\":\"\",\"potentialAction\":[{\"@type\":\"SearchAction\",\"target\":{\"@type\":\"EntryPoint\",\"urlTemplate\":\"https:\/\/funkytime-live.com\/es\/?s={search_term_string}\"},\"query-input\":\"required name=search_term_string\"}],\"inLanguage\":\"es\"}]}<\/script>\n<!-- \/ Yoast SEO plugin. -->","yoast_head_json":{"title":"Funky Time juego - jugar por dinero | Sitio oficial","description":"Juega Funky Time Evolution por dinero real en el casino online. Rese\u00f1as sobre el juego Funky Time, estrategias, respuestas a preguntas, descarga de la app.","robots":{"index":"index","follow":"follow","max-snippet":"max-snippet:-1","max-image-preview":"max-image-preview:large","max-video-preview":"max-video-preview:-1"},"canonical":"https:\/\/funkytime-live.com\/es\/","og_locale":"es_ES","og_type":"article","og_title":"Funky Time juego - jugar por dinero | Sitio oficial","og_description":"Juega Funky Time Evolution por dinero real en el casino online. Rese\u00f1as sobre el juego Funky Time, estrategias, respuestas a preguntas, descarga de la app.","og_url":"https:\/\/funkytime-live.com\/es\/","og_site_name":"Juego Funky Time","article_modified_time":"2023-10-04T13:16:50+00:00","og_image":[{"width":1024,"height":768,"url":"https:\/\/funkytime-live.com\/es\/wp-content\/uploads\/sites\/4\/2023\/06\/funky-time-thumb.jpg","type":"image\/jpeg"}],"twitter_card":"summary_large_image","schema":{"@context":"https:\/\/schema.org","@graph":[{"@type":"WebPage","@id":"https:\/\/funkytime-live.com\/es\/","url":"https:\/\/funkytime-live.com\/es\/","name":"Funky Time juego - jugar por dinero | Sitio oficial","isPartOf":{"@id":"https:\/\/funkytime-live.com\/es\/#website"},"datePublished":"2023-02-05T19:15:05+00:00","dateModified":"2023-10-04T13:16:50+00:00","description":"Juega Funky Time Evolution por dinero real en el casino online. Rese\u00f1as sobre el juego Funky Time, estrategias, respuestas a preguntas, descarga de la app.","breadcrumb":{"@id":"https:\/\/funkytime-live.com\/es\/#breadcrumb"},"inLanguage":"es","potentialAction":[{"@type":"ReadAction","target":["https:\/\/funkytime-live.com\/es\/"]}]},{"@type":"BreadcrumbList","@id":"https:\/\/funkytime-live.com\/es\/#breadcrumb","itemListElement":[{"@type":"ListItem","position":1,"name":"\u0413\u043b\u0430\u0432\u043d\u0430\u044f \u0441\u0442\u0440\u0430\u043d\u0438\u0446\u0430","item":"https:\/\/funkytime-live.com\/es\/"},{"@type":"ListItem","position":2,"name":"Funky Time Live juego Evolution"}]},{"@type":"WebSite","@id":"https:\/\/funkytime-live.com\/es\/#website","url":"https:\/\/funkytime-live.com\/es\/","name":"Juego Funky Time","description":"","potentialAction":[{"@type":"SearchAction","target":{"@type":"EntryPoint","urlTemplate":"https:\/\/funkytime-live.com\/es\/?s={search_term_string}"},"query-input":"required name=search_term_string"}],"inLanguage":"es"}]}},"_links":{"self":[{"href":"https:\/\/funkytime-live.com\/es\/wp-json\/wp\/v2\/pages\/766","targetHints":{"allow":["GET"]}}],"collection":[{"href":"https:\/\/funkytime-live.com\/es\/wp-json\/wp\/v2\/pages"}],"about":[{"href":"https:\/\/funkytime-live.com\/es\/wp-json\/wp\/v2\/types\/page"}],"author":[{"embeddable":true,"href":"https:\/\/funkytime-live.com\/es\/wp-json\/wp\/v2\/users\/1"}],"replies":[{"embeddable":true,"href":"https:\/\/funkytime-live.com\/es\/wp-json\/wp\/v2\/comments?post=766"}],"version-history":[{"count":10,"href":"https:\/\/funkytime-live.com\/es\/wp-json\/wp\/v2\/pages\/766\/revisions"}],"predecessor-version":[{"id":852,"href":"https:\/\/funkytime-live.com\/es\/wp-json\/wp\/v2\/pages\/766\/revisions\/852"}],"wp:featuredmedia":[{"embeddable":true,"href":"https:\/\/funkytime-live.com\/es\/wp-json\/wp\/v2\/media\/597"}],"wp:attachment":[{"href":"https:\/\/funkytime-live.com\/es\/wp-json\/wp\/v2\/media?parent=766"}],"wp:term":[{"taxonomy":"category","embeddable":true,"href":"https:\/\/funkytime-live.com\/es\/wp-json\/wp\/v2\/categories?post=766"},{"taxonomy":"post_tag","embeddable":true,"href":"https:\/\/funkytime-live.com\/es\/wp-json\/wp\/v2\/tags?post=766"}],"curies":[{"name":"wp","href":"https:\/\/api.w.org\/{rel}","templated":true}]}}